{"id":19,"date":"2014-09-17T14:56:56","date_gmt":"2014-09-17T14:56:56","guid":{"rendered":"http:\/\/agora.xtec.cat\/instorrasibages\/?page_id=19"},"modified":"2021-02-03T13:35:43","modified_gmt":"2021-02-03T12:35:43","slug":"linstitut","status":"publish","type":"page","link":"https:\/\/agora.xtec.cat\/instorrasibages\/linstitut\/","title":{"rendered":"L&#8217;institut"},"content":{"rendered":"<p>L\u2019Institut Torras i Bages est\u00e0 situat al districte V, en el barri de Can Serra, de L\u2019Hospitalet de Llobregat. Va ser constru\u00eft l\u2019any 1968. Des de llavors, s\u2019ha esfor\u00e7at sempre en adaptar-se a les necessitats reals dels alumnes, tant en les metodologies de l\u2019aprenentatge aut\u00e8ntic com en les noves tecnologies de la informaci\u00f3 i la comunicaci\u00f3 (TIC). El Pla Estrat\u00e8gic, portat a terme entre els anys 2010 i 2014, ha aconseguit una millora dels resultats acad\u00e8mics i de la cohesi\u00f3 social del nostres alumnes. El centre est\u00e0 molt ben integrat al seu entorn: al barri, a la ciutat i al riu Llobregat. Els recursos municipals i auton\u00f2mics del Pla Educatiu d\u2019Entorn (PEE) complementen, de manera efica\u00e7, la nostra tasca educativa, amb assessorament psicol\u00f2gic i social per a totes les necessitats educatives del nostre alumnat. Els equipaments del centre, amplis i diversificats, s\u00f3n presents tant en la qualitat de les classes com en les activitats extraescolars (tallers d\u2019estudi assistit, d\u2019activitats art\u00edstiques i esportives). L\u2019activitat escolar surt al carrer en diverses activitats d\u2019aprenentatge servei (APS). Totes aquestes l\u00ednies de treball, sumades a la nostra dilatada experi\u00e8ncia, ens fan ser un institut de refer\u00e8ncia en la ciutat i en la zona, per la qualitat de la nostra acci\u00f3 educativa.<\/p>\n<div class=\"addtoany_share_save_container addtoany_content addtoany_content_bottom\">\n<div class=\"a2a_kit a2a_kit_size_25 addtoany_list\" data-a2a-url=\"https:\/\/agora.xtec.cat\/instorrasibages\/linstitut\/historia\/\" data-a2a-title=\"Hist\u00f2ria\"><\/div>\n<\/div>\n","protected":false},"excerpt":{"rendered":"<p>L\u2019Institut Torras i Bages est\u00e0 situat al districte V, en el barri de Can Serra, de L\u2019Hospitalet de Llobregat. Va ser constru\u00eft l\u2019any 1968. Des de llavors, s\u2019ha esfor\u00e7at sempre en adaptar-se a les necessitats reals dels alumnes, tant en les metodologies de l\u2019aprenentatge aut\u00e8ntic com en les noves tecnologies de la informaci\u00f3 i la [&hellip;]<\/p>\n","protected":false},"author":1,"featured_media":0,"parent":0,"menu_order":0,"comment_status":"closed","ping_status":"closed","template":"page-templates\/side-menu.php","meta":{"_bbp_topic_count":0,"_bbp_reply_count":0,"_bbp_total_topic_count":0,"_bbp_total_reply_count":0,"_bbp_voice_count":0,"_bbp_anonymous_reply_count":0,"_bbp_topic_count_hidden":0,"_bbp_reply_count_hidden":0,"_bbp_forum_subforum_count":0,"site-sidebar-layout":"default","site-content-layout":"","ast-site-content-layout":"","site-content-style":"default","site-sidebar-style":"default","ast-global-header-display":"","ast-banner-title-visibility":"","ast-main-header-display":"","ast-hfb-above-header-display":"","ast-hfb-below-header-display":"","ast-hfb-mobile-header-display":"","site-post-title":"","ast-breadcrumbs-content":"","ast-featured-img":"","footer-sml-layout":"","theme-transparent-header-meta":"","adv-header-id-meta":"","stick-header-meta":"","header-above-stick-meta":"","header-main-stick-meta":"","header-below-stick-meta":"","astra-migrate-meta-layouts":"default","ast-page-background-enabled":"default","ast-page-background-meta":{"desktop":{"background-color":"var(--ast-global-color-4)","background-image":"","background-repeat":"repeat","background-position":"center center","background-size":"auto","background-attachment":"scroll","background-type":"","background-media":"","overlay-type":"","overlay-color":"","overlay-opacity":"","overlay-gradient":""},"tablet":{"background-color":"","background-image":"","background-repeat":"repeat","background-position":"center center","background-size":"auto","background-attachment":"scroll","background-type":"","background-media":"","overlay-type":"","overlay-color":"","overlay-opacity":"","overlay-gradient":""},"mobile":{"background-color":"","background-image":"","background-repeat":"repeat","background-position":"center center","background-size":"auto","background-attachment":"scroll","background-type":"","background-media":"","overlay-type":"","overlay-color":"","overlay-opacity":"","overlay-gradient":""}},"ast-content-background-meta":{"desktop":{"background-color":"var(--ast-global-color-5)","background-image":"","background-repeat":"repeat","background-position":"center center","background-size":"auto","background-attachment":"scroll","background-type":"","background-media":"","overlay-type":"","overlay-color":"","overlay-opacity":"","overlay-gradient":""},"tablet":{"background-color":"var(--ast-global-color-5)","background-image":"","background-repeat":"repeat","background-position":"center center","background-size":"auto","background-attachment":"scroll","background-type":"","background-media":"","overlay-type":"","overlay-color":"","overlay-opacity":"","overlay-gradient":""},"mobile":{"background-color":"var(--ast-global-color-5)","background-image":"","background-repeat":"repeat","background-position":"center center","background-size":"auto","background-attachment":"scroll","background-type":"","background-media":"","overlay-type":"","overlay-color":"","overlay-opacity":"","overlay-gradient":""}},"footnotes":""},"class_list":["post-19","page","type-page","status-publish","hentry"],"post_mailing_queue_ids":[],"_links":{"self":[{"href":"https:\/\/agora.xtec.cat\/instorrasibages\/wp-json\/wp\/v2\/pages\/19","targetHints":{"allow":["GET"]}}],"collection":[{"href":"https:\/\/agora.xtec.cat\/instorrasibages\/wp-json\/wp\/v2\/pages"}],"about":[{"href":"https:\/\/agora.xtec.cat\/instorrasibages\/wp-json\/wp\/v2\/types\/page"}],"author":[{"embeddable":true,"href":"https:\/\/agora.xtec.cat\/instorrasibages\/wp-json\/wp\/v2\/users\/1"}],"replies":[{"embeddable":true,"href":"https:\/\/agora.xtec.cat\/instorrasibages\/wp-json\/wp\/v2\/comments?post=19"}],"version-history":[{"count":4,"href":"https:\/\/agora.xtec.cat\/instorrasibages\/wp-json\/wp\/v2\/pages\/19\/revisions"}],"predecessor-version":[{"id":2928,"href":"https:\/\/agora.xtec.cat\/instorrasibages\/wp-json\/wp\/v2\/pages\/19\/revisions\/2928"}],"wp:attachment":[{"href":"https:\/\/agora.xtec.cat\/instorrasibages\/wp-json\/wp\/v2\/media?parent=19"}],"curies":[{"name":"wp","href":"https:\/\/api.w.org\/{rel}","templated":true}]}}