{"id":1703,"date":"2020-02-04T13:27:11","date_gmt":"2020-02-04T12:27:11","guid":{"rendered":"http:\/\/agora.xtec.cat\/instorrasibages\/?page_id=1703"},"modified":"2020-02-04T14:35:29","modified_gmt":"2020-02-04T13:35:29","slug":"cicerone-3r-deso","status":"publish","type":"page","link":"https:\/\/agora.xtec.cat\/instorrasibages\/estudis-activitats\/projectesiaps\/cicerone-3r-deso\/","title":{"rendered":"Projecte Cicerone (3r d&#8217;ESO)"},"content":{"rendered":"<p>El Projecte Cicerone \u00e9s un projecte dirigit a l&#8217;alumnat de 3r d&#8217;ESO que t\u00e9 com a objectius la creaci\u00f3 d&#8217;una xarxa de joves que aculli i acompanyi l&#8217;alumnat nouvingut del centre.<\/p>\n<p>Per aconseguir-ho, es formar\u00e0 un grup de voluntaris per tal de treballar valors com els de la solidaritat, l&#8217;empatia, l&#8217;eliminaci\u00f3 dels prejudicis, la resoluci\u00f3 de conflictes i el coneixement del que \u00e9s el dol migratori. Un cop feta la formaci\u00f3, acompanyaran l&#8217;alumnat nouvingut a diferents entitats municipals de la ciutat, com ara la Biblioteca i el Centre Cultural La B\u00f2bila, o l&#8217;Espai Jove, per tal que els nous hospitalencs els coneguin i puguin gaudir dels seus serveis. Al centre faran de parelles ling\u00fc\u00edstiques de llengua catalana amb l&#8217;alumnat que assisteix a l&#8217;aula d&#8217;acollida, ajudant a aprendre per\u00f2 tamb\u00e9 refor\u00e7ant i fomentant l&#8217;\u00fas del catal\u00e0.<\/p>\n<p>Aquest \u00e9s un projecte incl\u00f2s en el Pla educatiu d&#8217;entorn (PEE), dep\u00e8n de l&#8217;\u00c0rea de Benestar i Fam\u00edlia del Pla Educatiu d&#8217;Entorn i tamb\u00e9 hi participen l&#8217;\u00c0rea de Juventut, Normalitzaci\u00f3 Ling\u00fc\u00edstica, Mediaci\u00f3 Comunit\u00e0ria, l\u2019Associaci\u00f3 Joves per la Igualtat i la Solidaritat (JIS) i el Servei d&#8217;Acollida, en el qual tamb\u00e9 hi participen els instituts Pedraforca, Fontser\u00e8 i Rubi\u00f3 i Ors de l&#8217;Hospitalet.\u00a0<b><\/b><\/p>\n<p>&nbsp;<\/p>\n<p>&nbsp;<\/p>\n","protected":false},"excerpt":{"rendered":"<p>El Projecte Cicerone \u00e9s un projecte dirigit a l&#8217;alumnat de 3r d&#8217;ESO que t\u00e9 com a objectius la creaci\u00f3 d&#8217;una xarxa de joves que aculli i acompanyi l&#8217;alumnat nouvingut del centre. Per aconseguir-ho, es formar\u00e0 un grup de voluntaris per tal de treballar valors com els de la solidaritat, l&#8217;empatia, l&#8217;eliminaci\u00f3 dels prejudicis, la resoluci\u00f3 [&hellip;]<\/p>\n","protected":false},"author":1,"featured_media":0,"parent":2184,"menu_order":0,"comment_status":"closed","ping_status":"closed","template":"","meta":{"_bbp_topic_count":0,"_bbp_reply_count":0,"_bbp_total_topic_count":0,"_bbp_total_reply_count":0,"_bbp_voice_count":0,"_bbp_anonymous_reply_count":0,"_bbp_topic_count_hidden":0,"_bbp_reply_count_hidden":0,"_bbp_forum_subforum_count":0,"site-sidebar-layout":"default","site-content-layout":"","ast-site-content-layout":"","site-content-style":"default","site-sidebar-style":"default","ast-global-header-display":"","ast-banner-title-visibility":"","ast-main-header-display":"","ast-hfb-above-header-display":"","ast-hfb-below-header-display":"","ast-hfb-mobile-header-display":"","site-post-title":"","ast-breadcrumbs-content":"","ast-featured-img":"","footer-sml-layout":"","theme-transparent-header-meta":"","adv-header-id-meta":"","stick-header-meta":"","header-above-stick-meta":"","header-main-stick-meta":"","header-below-stick-meta":"","astra-migrate-meta-layouts":"default","ast-page-background-enabled":"default","ast-page-background-meta":{"desktop":{"background-color":"var(--ast-global-color-4)","background-image":"","background-repeat":"repeat","background-position":"center center","background-size":"auto","background-attachment":"scroll","background-type":"","background-media":"","overlay-type":"","overlay-color":"","overlay-opacity":"","overlay-gradient":""},"tablet":{"background-color":"","background-image":"","background-repeat":"repeat","background-position":"center center","background-size":"auto","background-attachment":"scroll","background-type":"","background-media":"","overlay-type":"","overlay-color":"","overlay-opacity":"","overlay-gradient":""},"mobile":{"background-color":"","background-image":"","background-repeat":"repeat","background-position":"center center","background-size":"auto","background-attachment":"scroll","background-type":"","background-media":"","overlay-type":"","overlay-color":"","overlay-opacity":"","overlay-gradient":""}},"ast-content-background-meta":{"desktop":{"background-color":"var(--ast-global-color-5)","background-image":"","background-repeat":"repeat","background-position":"center center","background-size":"auto","background-attachment":"scroll","background-type":"","background-media":"","overlay-type":"","overlay-color":"","overlay-opacity":"","overlay-gradient":""},"tablet":{"background-color":"var(--ast-global-color-5)","background-image":"","background-repeat":"repeat","background-position":"center center","background-size":"auto","background-attachment":"scroll","background-type":"","background-media":"","overlay-type":"","overlay-color":"","overlay-opacity":"","overlay-gradient":""},"mobile":{"background-color":"var(--ast-global-color-5)","background-image":"","background-repeat":"repeat","background-position":"center center","background-size":"auto","background-attachment":"scroll","background-type":"","background-media":"","overlay-type":"","overlay-color":"","overlay-opacity":"","overlay-gradient":""}},"footnotes":""},"class_list":["post-1703","page","type-page","status-publish","hentry"],"post_mailing_queue_ids":[],"_links":{"self":[{"href":"https:\/\/agora.xtec.cat\/instorrasibages\/wp-json\/wp\/v2\/pages\/1703","targetHints":{"allow":["GET"]}}],"collection":[{"href":"https:\/\/agora.xtec.cat\/instorrasibages\/wp-json\/wp\/v2\/pages"}],"about":[{"href":"https:\/\/agora.xtec.cat\/instorrasibages\/wp-json\/wp\/v2\/types\/page"}],"author":[{"embeddable":true,"href":"https:\/\/agora.xtec.cat\/instorrasibages\/wp-json\/wp\/v2\/users\/1"}],"replies":[{"embeddable":true,"href":"https:\/\/agora.xtec.cat\/instorrasibages\/wp-json\/wp\/v2\/comments?post=1703"}],"version-history":[{"count":3,"href":"https:\/\/agora.xtec.cat\/instorrasibages\/wp-json\/wp\/v2\/pages\/1703\/revisions"}],"predecessor-version":[{"id":2203,"href":"https:\/\/agora.xtec.cat\/instorrasibages\/wp-json\/wp\/v2\/pages\/1703\/revisions\/2203"}],"up":[{"embeddable":true,"href":"https:\/\/agora.xtec.cat\/instorrasibages\/wp-json\/wp\/v2\/pages\/2184"}],"wp:attachment":[{"href":"https:\/\/agora.xtec.cat\/instorrasibages\/wp-json\/wp\/v2\/media?parent=1703"}],"curies":[{"name":"wp","href":"https:\/\/api.w.org\/{rel}","templated":true}]}}