{"id":1676,"date":"2019-03-12T20:58:38","date_gmt":"2019-03-12T19:58:38","guid":{"rendered":"http:\/\/agora.xtec.cat\/instorrasibages\/?page_id=1676"},"modified":"2019-03-27T12:24:34","modified_gmt":"2019-03-27T11:24:34","slug":"santjordi","status":"publish","type":"page","link":"https:\/\/agora.xtec.cat\/instorrasibages\/santjordi\/","title":{"rendered":"Sant Jordi"},"content":{"rendered":"<h3><strong>Certamen literari de Sant Jordi<\/strong><\/h3>\n<h3><strong>Institut Torras i Bages &#8211; 26 d\u2019abril de 2019 \u00a0\u00a0<\/strong><\/h3>\n<p>&nbsp;<\/p>\n<p style=\"text-align: justify;\">Els departaments de l\u2019\u00e0mbit ling\u00fc\u00edstic de l\u2019Institut organitzen un certamen literari per celebrar la Diada de Sant Jordi.<\/p>\n<p style=\"text-align: justify;\"><strong>BASES DE LA CONVOCAT\u00d2RIA<\/strong><\/p>\n<p style=\"text-align: justify;\"><strong>Modalitats<\/strong>: PROSA (Extensi\u00f3 m\u00e0xima, 5 folis)<\/p>\n<p style=\"text-align: justify;\">\u00a0\u00a0\u00a0\u00a0\u00a0\u00a0\u00a0\u00a0\u00a0\u00a0\u00a0\u00a0\u00a0\u00a0\u00a0\u00a0\u00a0\u00a0\u00a0\u00a0\u00a0\u00a0\u00a0 \u00a0POESIA: poemes solts o reculls de poemes<\/p>\n<p style=\"text-align: justify;\"><strong>Categories<\/strong>: Hi haur\u00e0 tres nivells de participaci\u00f3:<\/p>\n<ul style=\"text-align: justify;\">\n<li>1r i 2n d\u2019ESO<\/li>\n<li>3r i 4t d\u2019ESO<\/li>\n<li>Batxillerat<\/li>\n<\/ul>\n<p style=\"text-align: justify;\"><em>Els textos de llengua catalana de 1r d\u2019ESO han de ser <strong>poemes<\/strong> i els de 2n d\u2019ESO, <strong>auques<\/strong>.<\/em><\/p>\n<p style=\"text-align: justify;\"><em>En llengua anglesa, a primer cicle d\u2019ESO tamb\u00e9 s\u2019inclour\u00e0 la modalitat \u00a0de <strong>c\u00f2mic<\/strong>.<\/em><\/p>\n<p style=\"text-align: justify;\"><em>En llengua francesa hi haur\u00e0 dos nivells de participaci\u00f3: 3r i 4t d\u2019ESO i 1r i 2n de Batxibac.<\/em><\/p>\n<p>&nbsp;<\/p>\n<p style=\"text-align: justify;\">La <strong>tem\u00e0tica<\/strong> dels textos girar\u00e0 al voltant del lema \u201c<strong>Canviem el m\u00f3n?<\/strong>\u201d.<\/p>\n<p style=\"text-align: justify;\">En llengua anglesa i francesa el <strong>tema<\/strong> ser\u00e0 <strong>lliure<\/strong>.<\/p>\n<p style=\"text-align: justify;\"><strong>Termini<\/strong> de presentaci\u00f3: dilluns 1 d\u2019abril en qualsevol departament de lleng\u00fces.<\/p>\n<p style=\"text-align: justify;\"><strong>Premis<\/strong>: Lots de llibres o vals regal, segons el premi. Una categoria pot quedar deserta.<\/p>\n<p style=\"text-align: justify;\"><strong>Veredicte<\/strong>: Durant l\u2019acte de celebraci\u00f3 de la diada de Sant Jordi, divendres 26 d\u2019abril de 2019.<\/p>\n<table style=\"width: 100%; border-collapse: collapse; border-style: hidden;\" border=\"1\">\n<tbody>\n<tr>\n<td style=\"width: 50%; border-style: hidden;\"><a href=\"https:\/\/agora.xtec.cat\/instorrasibages\/wp-content\/uploads\/usu1556\/2019\/03\/1397570207779.jpg\"><img loading=\"lazy\" decoding=\"async\" class=\"wp-image-1735 alignright\" src=\"https:\/\/agora.xtec.cat\/instorrasibages\/wp-content\/uploads\/usu1556\/2019\/03\/1397570207779-300x150.jpg\" alt=\"\" width=\"402\" height=\"201\" srcset=\"https:\/\/agora.xtec.cat\/instorrasibages\/wp-content\/uploads\/usu1556\/2019\/03\/1397570207779-300x150.jpg 300w, https:\/\/agora.xtec.cat\/instorrasibages\/wp-content\/uploads\/usu1556\/2019\/03\/1397570207779.jpg 400w\" sizes=\"auto, (max-width: 402px) 100vw, 402px\" \/><\/a><\/td>\n<td style=\"width: 50%; border-style: hidden;\"><img loading=\"lazy\" decoding=\"async\" class=\" wp-image-1734 alignleft\" src=\"https:\/\/agora.xtec.cat\/instorrasibages\/wp-content\/uploads\/usu1556\/2019\/03\/linda-rosa-roja-enmedio-de-un-viejo-libro-red-rose-and-book-300x213.jpg\" alt=\"\" width=\"295\" height=\"209\" srcset=\"https:\/\/agora.xtec.cat\/instorrasibages\/wp-content\/uploads\/usu1556\/2019\/03\/linda-rosa-roja-enmedio-de-un-viejo-libro-red-rose-and-book-300x213.jpg 300w, https:\/\/agora.xtec.cat\/instorrasibages\/wp-content\/uploads\/usu1556\/2019\/03\/linda-rosa-roja-enmedio-de-un-viejo-libro-red-rose-and-book.jpg 416w\" sizes=\"auto, (max-width: 295px) 100vw, 295px\" \/><\/td>\n<\/tr>\n<\/tbody>\n<\/table>\n<p style=\"text-align: justify;\">L\u2019Hospitalet de Llobregat, abril de 2019<\/p>\n<p><!--more--><\/p>\n","protected":false},"excerpt":{"rendered":"<p>Certamen literari de Sant Jordi Institut Torras i Bages &#8211; 26 d\u2019abril de 2019 \u00a0\u00a0 &nbsp; Els departaments de l\u2019\u00e0mbit ling\u00fc\u00edstic de l\u2019Institut organitzen un certamen literari per celebrar la Diada de Sant Jordi. BASES DE LA CONVOCAT\u00d2RIA Modalitats: PROSA (Extensi\u00f3 m\u00e0xima, 5 folis) \u00a0\u00a0\u00a0\u00a0\u00a0\u00a0\u00a0\u00a0\u00a0\u00a0\u00a0\u00a0\u00a0\u00a0\u00a0\u00a0\u00a0\u00a0\u00a0\u00a0\u00a0\u00a0\u00a0 \u00a0POESIA: poemes solts o reculls de poemes Categories: Hi haur\u00e0 [&hellip;]<\/p>\n","protected":false},"author":1,"featured_media":0,"parent":0,"menu_order":0,"comment_status":"closed","ping_status":"closed","template":"","meta":{"_bbp_topic_count":0,"_bbp_reply_count":0,"_bbp_total_topic_count":0,"_bbp_total_reply_count":0,"_bbp_voice_count":0,"_bbp_anonymous_reply_count":0,"_bbp_topic_count_hidden":0,"_bbp_reply_count_hidden":0,"_bbp_forum_subforum_count":0,"site-sidebar-layout":"default","site-content-layout":"","ast-site-content-layout":"","site-content-style":"default","site-sidebar-style":"default","ast-global-header-display":"","ast-banner-title-visibility":"","ast-main-header-display":"","ast-hfb-above-header-display":"","ast-hfb-below-header-display":"","ast-hfb-mobile-header-display":"","site-post-title":"","ast-breadcrumbs-content":"","ast-featured-img":"","footer-sml-layout":"","theme-transparent-header-meta":"","adv-header-id-meta":"","stick-header-meta":"","header-above-stick-meta":"","header-main-stick-meta":"","header-below-stick-meta":"","astra-migrate-meta-layouts":"default","ast-page-background-enabled":"default","ast-page-background-meta":{"desktop":{"background-color":"var(--ast-global-color-4)","background-image":"","background-repeat":"repeat","background-position":"center center","background-size":"auto","background-attachment":"scroll","background-type":"","background-media":"","overlay-type":"","overlay-color":"","overlay-opacity":"","overlay-gradient":""},"tablet":{"background-color":"","background-image":"","background-repeat":"repeat","background-position":"center center","background-size":"auto","background-attachment":"scroll","background-type":"","background-media":"","overlay-type":"","overlay-color":"","overlay-opacity":"","overlay-gradient":""},"mobile":{"background-color":"","background-image":"","background-repeat":"repeat","background-position":"center center","background-size":"auto","background-attachment":"scroll","background-type":"","background-media":"","overlay-type":"","overlay-color":"","overlay-opacity":"","overlay-gradient":""}},"ast-content-background-meta":{"desktop":{"background-color":"var(--ast-global-color-5)","background-image":"","background-repeat":"repeat","background-position":"center center","background-size":"auto","background-attachment":"scroll","background-type":"","background-media":"","overlay-type":"","overlay-color":"","overlay-opacity":"","overlay-gradient":""},"tablet":{"background-color":"var(--ast-global-color-5)","background-image":"","background-repeat":"repeat","background-position":"center center","background-size":"auto","background-attachment":"scroll","background-type":"","background-media":"","overlay-type":"","overlay-color":"","overlay-opacity":"","overlay-gradient":""},"mobile":{"background-color":"var(--ast-global-color-5)","background-image":"","background-repeat":"repeat","background-position":"center center","background-size":"auto","background-attachment":"scroll","background-type":"","background-media":"","overlay-type":"","overlay-color":"","overlay-opacity":"","overlay-gradient":""}},"footnotes":""},"class_list":["post-1676","page","type-page","status-publish","hentry"],"post_mailing_queue_ids":[],"_links":{"self":[{"href":"https:\/\/agora.xtec.cat\/instorrasibages\/wp-json\/wp\/v2\/pages\/1676","targetHints":{"allow":["GET"]}}],"collection":[{"href":"https:\/\/agora.xtec.cat\/instorrasibages\/wp-json\/wp\/v2\/pages"}],"about":[{"href":"https:\/\/agora.xtec.cat\/instorrasibages\/wp-json\/wp\/v2\/types\/page"}],"author":[{"embeddable":true,"href":"https:\/\/agora.xtec.cat\/instorrasibages\/wp-json\/wp\/v2\/users\/1"}],"replies":[{"embeddable":true,"href":"https:\/\/agora.xtec.cat\/instorrasibages\/wp-json\/wp\/v2\/comments?post=1676"}],"version-history":[{"count":3,"href":"https:\/\/agora.xtec.cat\/instorrasibages\/wp-json\/wp\/v2\/pages\/1676\/revisions"}],"predecessor-version":[{"id":1739,"href":"https:\/\/agora.xtec.cat\/instorrasibages\/wp-json\/wp\/v2\/pages\/1676\/revisions\/1739"}],"wp:attachment":[{"href":"https:\/\/agora.xtec.cat\/instorrasibages\/wp-json\/wp\/v2\/media?parent=1676"}],"curies":[{"name":"wp","href":"https:\/\/api.w.org\/{rel}","templated":true}]}}