{"id":1608,"date":"2019-02-26T14:27:05","date_gmt":"2019-02-26T13:27:05","guid":{"rendered":"http:\/\/agora.xtec.cat\/instorrasibages\/?page_id=1608"},"modified":"2026-03-18T08:03:35","modified_gmt":"2026-03-18T07:03:35","slug":"preinscripcions-2025-2026","status":"publish","type":"page","link":"https:\/\/agora.xtec.cat\/instorrasibages\/secretaria\/preinscripcions-2025-2026\/","title":{"rendered":"Preinscripcions 2026-2027: dates i terminis"},"content":{"rendered":"<p>El proc\u00e9s de prematr\u00edcula es fa de manera telem\u00e0tica a trav\u00e9s de la web <a href=\"https:\/\/preinscripcio.gencat.cat\/ca\/estudis\/eso\/inici\">https:\/\/preinscripcio.gencat.cat\/ca\/estudis\/eso\/inici<\/a><a href=\"http:\/\/Presentaci\u00f3 de sol\u00b7licituds\">\/<\/a><\/p>\n<h5 id=\"contenido\" style=\"text-align: left;\"><span style=\"text-decoration: underline;\"><a href=\"https:\/\/preinscripcio.gencat.cat\/ca\/estudis\/eso\/preinscriute\/sollicitud\/\"><span style=\"color: #3366ff; text-decoration: underline;\">Presentaci\u00f3 de sol\u00b7licituds<\/span><\/a><\/span><\/h5>\n<h6><span style=\"color: #3366ff;\">ESO: <\/span><strong><span style=\"text-decoration: underline;\"><span style=\"color: #000000; text-decoration: underline;\">del 6 al 18 de mar\u00e7 de 2026<\/span><\/span><\/strong><\/h6>\n<h6><span style=\"color: #3366ff;\">BATXILLERAT: <\/span><strong><span style=\"text-decoration: underline;\"><span style=\"color: #000000; text-decoration: underline;\">del 9 al 16 d&#8217;abril de 2026<\/span><\/span><\/strong><\/h6>\n<h6><span style=\"color: #3366ff;\">BATXIBAC:\u00a0<\/span><span style=\"text-decoration: underline;\"><b style=\"font-family: inherit; font-size: 1em;\">del 20 al 27 de mar\u00e7 de 2026<\/b><\/span><\/h6>\n<h6><span style=\"font-family: inherit; font-size: 1em; font-weight: normal;\">La preinscripci\u00f3 al programa Batxibac es fa de manera presencial, per\u00f2 hauran d\u2019emplenar la <strong><a href=\"https:\/\/documents.espai.educacio.gencat.cat\/FormularisModels\/CentresGestioAdministrativa\/A71.pdf\">sol\u00b7licitud<\/a><\/strong>\u00a0i la <\/span><a href=\"https:\/\/preinscripcio.gencat.cat\/ca\/estudis\/batxillerat\/preinscriute\/sollicitud\/\"><span style=\"font-family: inherit; font-size: 1em;\">documentaci\u00f3 <\/span><\/a><span style=\"font-family: inherit; font-size: 1em; font-weight: normal;\">indicada a la p\u00e0gina de preinscripci\u00f3 oficial.<\/span><\/h6>\n<p>Quan es concretin les dates oficials, es far\u00e0 una <b><u>prova de nivell <\/u><\/b>per a l\u2019alumnat extern al centre que no tingui acreditat el nivell B1. Caldr\u00e0 incriure-s\u2019hi escrivint al correu del centre (<i><u><b>a8019320@xtec.cat<\/b><\/u><\/i>).<\/p>\n<p>La llista d&#8217;admesos a Batxibac: <b><\/b><span style=\"text-decoration: underline;\"><em><b style=\"font-family: inherit; font-size: 1em;\">8 d&#8217;abril de 2026<\/b><\/em><\/span><\/p>\n<p><b>. <\/b><em>Es consultar\u00e0 presencialment al centre<\/em><\/p>\n<div style=\"text-align: center;\" data-removefontsize=\"true\" data-originalcomputedfontsize=\"16\">************************************************<\/div>\n<div data-removefontsize=\"true\" data-originalcomputedfontsize=\"16\">\n<h6><span style=\"text-decoration: underline;\"><span style=\"color: #3366ff; text-decoration: underline;\">DATES DEL PROC\u00c9S DE MATRICULACI\u00d3 A L&#8217;ESO<\/span><\/span><\/h6>\n<\/div>\n<div data-removefontsize=\"true\" data-originalcomputedfontsize=\"16\">\n<h6><span style=\"color: #3366ff;\">Termini per presentar la documentaci\u00f3: <\/span>fins el 19 de mar\u00e7 de 2026<\/h6>\n<\/div>\n<div data-removefontsize=\"true\" data-originalcomputedfontsize=\"16\">\n<h6><span style=\"color: #3366ff;\">Llista de sol\u00b7licituds amb la puntuaci\u00f3 provisional ESO: <\/span><em><b style=\"font-family: inherit; font-size: 1em;\">15 d&#8217;abril de 2026<\/b><\/em><\/h6>\n<h6><span style=\"color: #3366ff;\">Termini per presentar una reclamaci\u00f3 (ESO): <\/span><em><b style=\"font-family: inherit; font-size: 1em;\">del 15 al 20 d&#8217;abril de 2026<\/b><\/em><\/h6>\n<div data-removefontsize=\"true\" data-originalcomputedfontsize=\"16\">\n<h6><span style=\"color: #3366ff;\">Publicaci\u00f3 la llista de sol\u00b7licituds que han demanat el centre i l&#8217;ensenyament en primera petici\u00f3 amb la puntuaci\u00f3 un cop resoltes les reclamacions:\u00a0<\/span><em><b style=\"font-family: inherit; font-size: 1em;\">23 d&#8217;abril de 2026<\/b><\/em><\/h6>\n<div data-removefontsize=\"true\" data-originalcomputedfontsize=\"16\">\n<h6><span style=\"color: #3366ff;\">Sorteig pel n\u00famero de desempat (ESO): <\/span><em><b style=\"font-family: inherit; font-size: 1em;\">28 d&#8217;abril de 2026<\/b><\/em><\/h6>\n<div data-removefontsize=\"true\" data-originalcomputedfontsize=\"16\">\n<h6><span style=\"color: #3366ff;\">Publicaci\u00f3 de la llista ordenada (ESO): <\/span><em><b style=\"font-family: inherit; font-size: 1em;\">29 d&#8217;abril de 2026<\/b><\/em><\/h6>\n<div data-removefontsize=\"true\" data-originalcomputedfontsize=\"16\">\n<h6><span style=\"color: #3366ff;\">Llistes d&#8217;alumnes amb pla\u00e7a assignada: (ESO): <\/span><em><b style=\"font-family: inherit; font-size: 1em;\">10 de juny de 2026<\/b><\/em><\/h6>\n<\/div>\n<h6><\/h6>\n<h6 style=\"text-align: center;\">Durant el per\u00edode de preinscripcions, la secretaria ampliar\u00e0 l&#8217;horari d&#8217;atenci\u00f3 (de 8 a 13 h).<\/h6>\n<\/div>\n<\/div>\n<\/div>\n<\/div>\n<h6 style=\"text-align: center;\">Tel\u00e8fon: 93 437 91 25<\/h6>\n<h6 style=\"text-align: center;\"><span style=\"color: #0000ff;\">Correu electr\u00f2nic: <em>pas.secretaria@instorrasibages.cat<\/em><\/span><\/h6>\n<h5 id=\"contenido\"><span style=\"color: #3366ff;\">Centres adscrits <\/span><\/h5>\n<p>08035945 Escola La Carpa (L&#8217;Hospitalet de Llobregat)<\/p>\n<p>08036366 Escola Lola Anglada (L&#8217;Hospitalet de Llobregat)<\/p>\n<p>08051471 Escola Josep Maria Folch i Torres (L&#8217;Hospitalet de Llobregat)<\/p>\n<h5 id=\"contenido\"><span style=\"color: #3366ff;\">Oferta de places ESO<\/span><\/h5>\n<p><a href=\"https:\/\/agora.xtec.cat\/instorrasibages\/wp-content\/uploads\/usu1556\/2026\/03\/oferta-places.png\"><img loading=\"lazy\" decoding=\"async\" class=\"alignnone size-full wp-image-5038\" src=\"https:\/\/agora.xtec.cat\/instorrasibages\/wp-content\/uploads\/usu1556\/2026\/03\/oferta-places.png\" alt=\"\" width=\"795\" height=\"293\" srcset=\"https:\/\/agora.xtec.cat\/instorrasibages\/wp-content\/uploads\/usu1556\/2026\/03\/oferta-places.png 795w, https:\/\/agora.xtec.cat\/instorrasibages\/wp-content\/uploads\/usu1556\/2026\/03\/oferta-places-300x111.png 300w, https:\/\/agora.xtec.cat\/instorrasibages\/wp-content\/uploads\/usu1556\/2026\/03\/oferta-places-768x283.png 768w\" sizes=\"auto, (max-width: 795px) 100vw, 795px\" \/><\/a><\/p>\n<p>&nbsp;<\/p>\n<h5><span style=\"color: #3366ff;\"><a href=\"https:\/\/preinscripcio.gencat.cat\/ca\/estudis\/eso\/informat\/prepara-documentacio\/\">Documentaci\u00f3 <\/a>que cal adjuntar a la preinscripci\u00f3<\/span><\/h5>\n<p>Cal preparar la seg\u00fcent <a href=\"https:\/\/preinscripcio.gencat.cat\/ca\/estudis\/eso\/informat\/prepara-documentacio\/\">documentaci\u00f3<\/a> i tenir-la escanejada o fotografiada al dispositiu on es far\u00e0 la preinscripci\u00f3:<\/p>\n<ul>\n<li style=\"list-style-type: none;\">\n<ul>\n<li>DNI de l\u2019alumne, pare i mare.<\/li>\n<li>Llibre de fam\u00edlia<\/li>\n<li>Documentaci\u00f3 acreditativa de m\u00e8rits.<\/li>\n<\/ul>\n<\/li>\n<\/ul>\n<h6><span style=\"color: #3366ff;\">Matriculaci\u00f3\u00a0<\/span><\/h6>\n<ul>\n<li>Alumnes d&#8217;ESO: <strong>del 22 al 30 de juny de 2026<\/strong><\/li>\n<li>Alumnat de Batxillerat: <strong>d<\/strong><b style=\"font-family: inherit; font-size: 1em;\">el 18 al 30 de juny de 2026<\/b><\/li>\n<\/ul>\n<p>Tota la informaci\u00f3 oficial poden consultar-la <strong><a href=\"https:\/\/preinscripcio.gencat.cat\/ca\/inici\">aqu\u00ed<\/a>.<\/strong><\/p>\n<p>&nbsp;<\/p>\n<p><strong>NORMATIVA DE PREINSCRIPCI\u00d3<\/strong><\/p>\n<p>\u25cf <strong>DECRET 11\/2021, de 16 de febrer<\/strong>, de la programaci\u00f3 de l&#8217;oferta educativa i del<br \/>\nprocediment d&#8217;admissi\u00f3 en els centres del Servei d&#8217;Educaci\u00f3 de Catalunya.<\/p>\n<p>\u25cf <strong>Resoluci\u00f3 EDF\/319\/2025, de 4 de febrer<\/strong>, per la qual s&#8217;aproven les normes de<br \/>\npreinscripci\u00f3 i matr\u00edcula d&#8217;alumnes als centres del Servei d&#8217;Educaci\u00f3 de Catalunya i<br \/>\naltres centres educatius, en els diversos ensenyaments sostinguts amb fons p\u00fablics,<br \/>\nper al curs 2025-2026.<\/p>\n<p>\u25cf <strong>Resoluci\u00f3 EDU\/506\/2023, de 17 de febrer<\/strong>, per la qual es regula el procediment de<br \/>\nconstituci\u00f3 i funcionament de les taules locals de planificaci\u00f3, el procediment de<br \/>\nconstituci\u00f3 i funcionament de les comissions de participaci\u00f3 en la programaci\u00f3 de<br \/>\nl\u2019oferta educativa i el procediment de constituci\u00f3 i funcionament de les unitats de<br \/>\ndetecci\u00f3.<\/p>\n<p>&nbsp;<\/p>\n","protected":false},"excerpt":{"rendered":"<p>El proc\u00e9s de prematr\u00edcula es fa de manera telem\u00e0tica a trav\u00e9s de la web https:\/\/preinscripcio.gencat.cat\/ca\/estudis\/eso\/inici\/ Presentaci\u00f3 de sol\u00b7licituds ESO: del 6 al 18 de mar\u00e7 de 2026 BATXILLERAT: del 9 al 16 d&#8217;abril de 2026 BATXIBAC:\u00a0del 20 al 27 de mar\u00e7 de 2026 La preinscripci\u00f3 al programa Batxibac es fa de manera presencial, per\u00f2 hauran [&hellip;]<\/p>\n","protected":false},"author":1,"featured_media":0,"parent":81,"menu_order":1,"comment_status":"closed","ping_status":"closed","template":"","meta":{"_bbp_topic_count":0,"_bbp_reply_count":0,"_bbp_total_topic_count":0,"_bbp_total_reply_count":0,"_bbp_voice_count":0,"_bbp_anonymous_reply_count":0,"_bbp_topic_count_hidden":0,"_bbp_reply_count_hidden":0,"_bbp_forum_subforum_count":0,"site-sidebar-layout":"default","site-content-layout":"","ast-site-content-layout":"default","site-content-style":"default","site-sidebar-style":"default","ast-global-header-display":"","ast-banner-title-visibility":"","ast-main-header-display":"","ast-hfb-above-header-display":"","ast-hfb-below-header-display":"","ast-hfb-mobile-header-display":"","site-post-title":"","ast-breadcrumbs-content":"","ast-featured-img":"","footer-sml-layout":"","theme-transparent-header-meta":"default","adv-header-id-meta":"","stick-header-meta":"","header-above-stick-meta":"","header-main-stick-meta":"","header-below-stick-meta":"","astra-migrate-meta-layouts":"set","ast-page-background-enabled":"default","ast-page-background-meta":{"desktop":{"background-color":"var(--ast-global-color-4)","background-image":"","background-repeat":"repeat","background-position":"center center","background-size":"auto","background-attachment":"scroll","background-type":"","background-media":"","overlay-type":"","overlay-color":"","overlay-opacity":"","overlay-gradient":""},"tablet":{"background-color":"","background-image":"","background-repeat":"repeat","background-position":"center center","background-size":"auto","background-attachment":"scroll","background-type":"","background-media":"","overlay-type":"","overlay-color":"","overlay-opacity":"","overlay-gradient":""},"mobile":{"background-color":"","background-image":"","background-repeat":"repeat","background-position":"center center","background-size":"auto","background-attachment":"scroll","background-type":"","background-media":"","overlay-type":"","overlay-color":"","overlay-opacity":"","overlay-gradient":""}},"ast-content-background-meta":{"desktop":{"background-color":"var(--ast-global-color-5)","background-image":"","background-repeat":"repeat","background-position":"center center","background-size":"auto","background-attachment":"scroll","background-type":"","background-media":"","overlay-type":"","overlay-color":"","overlay-opacity":"","overlay-gradient":""},"tablet":{"background-color":"var(--ast-global-color-5)","background-image":"","background-repeat":"repeat","background-position":"center center","background-size":"auto","background-attachment":"scroll","background-type":"","background-media":"","overlay-type":"","overlay-color":"","overlay-opacity":"","overlay-gradient":""},"mobile":{"background-color":"var(--ast-global-color-5)","background-image":"","background-repeat":"repeat","background-position":"center center","background-size":"auto","background-attachment":"scroll","background-type":"","background-media":"","overlay-type":"","overlay-color":"","overlay-opacity":"","overlay-gradient":""}},"footnotes":""},"class_list":["post-1608","page","type-page","status-publish","hentry"],"post_mailing_queue_ids":[],"_links":{"self":[{"href":"https:\/\/agora.xtec.cat\/instorrasibages\/wp-json\/wp\/v2\/pages\/1608","targetHints":{"allow":["GET"]}}],"collection":[{"href":"https:\/\/agora.xtec.cat\/instorrasibages\/wp-json\/wp\/v2\/pages"}],"about":[{"href":"https:\/\/agora.xtec.cat\/instorrasibages\/wp-json\/wp\/v2\/types\/page"}],"author":[{"embeddable":true,"href":"https:\/\/agora.xtec.cat\/instorrasibages\/wp-json\/wp\/v2\/users\/1"}],"replies":[{"embeddable":true,"href":"https:\/\/agora.xtec.cat\/instorrasibages\/wp-json\/wp\/v2\/comments?post=1608"}],"version-history":[{"count":6,"href":"https:\/\/agora.xtec.cat\/instorrasibages\/wp-json\/wp\/v2\/pages\/1608\/revisions"}],"predecessor-version":[{"id":5048,"href":"https:\/\/agora.xtec.cat\/instorrasibages\/wp-json\/wp\/v2\/pages\/1608\/revisions\/5048"}],"up":[{"embeddable":true,"href":"https:\/\/agora.xtec.cat\/instorrasibages\/wp-json\/wp\/v2\/pages\/81"}],"wp:attachment":[{"href":"https:\/\/agora.xtec.cat\/instorrasibages\/wp-json\/wp\/v2\/media?parent=1608"}],"curies":[{"name":"wp","href":"https:\/\/api.w.org\/{rel}","templated":true}]}}