{"id":1396,"date":"2019-02-17T19:18:48","date_gmt":"2019-02-17T18:18:48","guid":{"rendered":"http:\/\/agora.xtec.cat\/instorrasibages\/?page_id=1396"},"modified":"2020-09-17T10:45:31","modified_gmt":"2020-09-17T08:45:31","slug":"serveis-digitals","status":"publish","type":"page","link":"https:\/\/agora.xtec.cat\/instorrasibages\/serveis-digitals\/","title":{"rendered":"Serveis digitals"},"content":{"rendered":"<div class=\"gs\">\n<div id=\":l4\">\n<div class=\"btm\">\n<div class=\"adI\">\n<div class=\"adK\"><\/div>\n<\/div>\n<\/div>\n<\/div>\n<div class=\"\">\n<div class=\"aHl\"><\/div>\n<div id=\":lh\" tabindex=\"-1\"><\/div>\n<div id=\":l6\" class=\"ii gt adO\">\n<div id=\":l5\" class=\"a3s aXjCH \">\n<div dir=\"ltr\">\n<p>Cada membre de la comunitat educativa: alumnat, professorat, PAS, AFA i families tenen una adre\u00e7a de correu pr\u00f2pia amb el seg\u00fcent domini <span style=\"color: #0000ff;\">@instorrasibages.cat<\/span>. Es tracta d\u2019un domini propietat del centre que permet desar, compartir i intercanviar informaci\u00f3 de forma global i segura.<\/p>\n<p>Tamb\u00e9 disposem de la plataforma de gesti\u00f3 de centres educatius <a href=\"https:\/\/web2.alexiaedu.com\/ACWeb\/LogOn.aspx?key=ez3FP09udTE%3d\"><strong>Alexia<\/strong><\/a>, una gran eina de comunicaci\u00f3 amb les fam\u00edlies, ja que permet fer el seguiment diari de l&#8217;alumnat i la publicaci\u00f3 dels butlletins d&#8217;avaluaci\u00f3.<\/p>\n<p>La informaci\u00f3 amb les fam\u00edlies es realitzar\u00e0, puntualment, en format paper (comunicats lliurats a l\u2019alumnat) i majorit\u00e0riament\u00a0 mitjan\u00e7ant els correus electr\u00f2nics <span style=\"color: #0000ff;\">@instorrasibages.cat<\/span>.<\/p>\n<p>El centre disposa de\u00a0<a href=\"http:\/\/www.instorrasibages.cat\">web <\/a>pr\u00f2pia, moodle propi i un lloc a <a href=\"https:\/\/www.instagram.com\/institut.torras.i.bages\/?hl=es\">Instagram<\/a> i a\u00a0<a href=\"https:\/\/twitter.com\/instorrasibages\">Twitter, <\/a><span class=\"HOEnZb\"><span style=\"color: #888888;\"><a style=\"color: #2795b6;\" href=\"https:\/\/www.facebook.com\/Institut-Torras-i-Bages-262899477149855\/\">Facebook<\/a><span style=\"color: #222222;\">\u00a0<\/span><br \/>\n<\/span><\/span><\/p>\n<div class=\"yj6qo ajU\">\n<div id=\":ll\" class=\"ajR\" tabindex=\"0\" role=\"button\" data-tooltip=\"Mostrar contenido reducido\" aria-label=\"Mostrar contenido reducido\" aria-expanded=\"false\"><img decoding=\"async\" class=\"ajT\" src=\"https:\/\/ssl.gstatic.com\/ui\/v1\/icons\/mail\/images\/cleardot.gif\" \/><\/div>\n<\/div>\n<\/div>\n<\/div>\n<\/div>\n<div class=\"hi\"><\/div>\n<\/div>\n<\/div>\n","protected":false},"excerpt":{"rendered":"<p>Cada membre de la comunitat educativa: alumnat, professorat, PAS, AFA i families tenen una adre\u00e7a de correu pr\u00f2pia amb el seg\u00fcent domini @instorrasibages.cat. Es tracta d\u2019un domini propietat del centre que permet desar, compartir i intercanviar informaci\u00f3 de forma global i segura. Tamb\u00e9 disposem de la plataforma de gesti\u00f3 de centres educatius Alexia, una gran [&hellip;]<\/p>\n","protected":false},"author":1,"featured_media":0,"parent":0,"menu_order":0,"comment_status":"closed","ping_status":"closed","template":"page-templates\/side-menu.php","meta":{"_bbp_topic_count":0,"_bbp_reply_count":0,"_bbp_total_topic_count":0,"_bbp_total_reply_count":0,"_bbp_voice_count":0,"_bbp_anonymous_reply_count":0,"_bbp_topic_count_hidden":0,"_bbp_reply_count_hidden":0,"_bbp_forum_subforum_count":0,"site-sidebar-layout":"default","site-content-layout":"","ast-site-content-layout":"","site-content-style":"default","site-sidebar-style":"default","ast-global-header-display":"","ast-banner-title-visibility":"","ast-main-header-display":"","ast-hfb-above-header-display":"","ast-hfb-below-header-display":"","ast-hfb-mobile-header-display":"","site-post-title":"","ast-breadcrumbs-content":"","ast-featured-img":"","footer-sml-layout":"","theme-transparent-header-meta":"","adv-header-id-meta":"","stick-header-meta":"","header-above-stick-meta":"","header-main-stick-meta":"","header-below-stick-meta":"","astra-migrate-meta-layouts":"default","ast-page-background-enabled":"default","ast-page-background-meta":{"desktop":{"background-color":"var(--ast-global-color-4)","background-image":"","background-repeat":"repeat","background-position":"center center","background-size":"auto","background-attachment":"scroll","background-type":"","background-media":"","overlay-type":"","overlay-color":"","overlay-opacity":"","overlay-gradient":""},"tablet":{"background-color":"","background-image":"","background-repeat":"repeat","background-position":"center center","background-size":"auto","background-attachment":"scroll","background-type":"","background-media":"","overlay-type":"","overlay-color":"","overlay-opacity":"","overlay-gradient":""},"mobile":{"background-color":"","background-image":"","background-repeat":"repeat","background-position":"center center","background-size":"auto","background-attachment":"scroll","background-type":"","background-media":"","overlay-type":"","overlay-color":"","overlay-opacity":"","overlay-gradient":""}},"ast-content-background-meta":{"desktop":{"background-color":"var(--ast-global-color-5)","background-image":"","background-repeat":"repeat","background-position":"center center","background-size":"auto","background-attachment":"scroll","background-type":"","background-media":"","overlay-type":"","overlay-color":"","overlay-opacity":"","overlay-gradient":""},"tablet":{"background-color":"var(--ast-global-color-5)","background-image":"","background-repeat":"repeat","background-position":"center center","background-size":"auto","background-attachment":"scroll","background-type":"","background-media":"","overlay-type":"","overlay-color":"","overlay-opacity":"","overlay-gradient":""},"mobile":{"background-color":"var(--ast-global-color-5)","background-image":"","background-repeat":"repeat","background-position":"center center","background-size":"auto","background-attachment":"scroll","background-type":"","background-media":"","overlay-type":"","overlay-color":"","overlay-opacity":"","overlay-gradient":""}},"footnotes":""},"class_list":["post-1396","page","type-page","status-publish","hentry"],"post_mailing_queue_ids":[],"_links":{"self":[{"href":"https:\/\/agora.xtec.cat\/instorrasibages\/wp-json\/wp\/v2\/pages\/1396","targetHints":{"allow":["GET"]}}],"collection":[{"href":"https:\/\/agora.xtec.cat\/instorrasibages\/wp-json\/wp\/v2\/pages"}],"about":[{"href":"https:\/\/agora.xtec.cat\/instorrasibages\/wp-json\/wp\/v2\/types\/page"}],"author":[{"embeddable":true,"href":"https:\/\/agora.xtec.cat\/instorrasibages\/wp-json\/wp\/v2\/users\/1"}],"replies":[{"embeddable":true,"href":"https:\/\/agora.xtec.cat\/instorrasibages\/wp-json\/wp\/v2\/comments?post=1396"}],"version-history":[{"count":3,"href":"https:\/\/agora.xtec.cat\/instorrasibages\/wp-json\/wp\/v2\/pages\/1396\/revisions"}],"predecessor-version":[{"id":2705,"href":"https:\/\/agora.xtec.cat\/instorrasibages\/wp-json\/wp\/v2\/pages\/1396\/revisions\/2705"}],"wp:attachment":[{"href":"https:\/\/agora.xtec.cat\/instorrasibages\/wp-json\/wp\/v2\/media?parent=1396"}],"curies":[{"name":"wp","href":"https:\/\/api.w.org\/{rel}","templated":true}]}}