{"id":838,"date":"2018-06-25T11:26:52","date_gmt":"2018-06-25T09:26:52","guid":{"rendered":"http:\/\/agora.xtec.cat\/instituttorrelles\/?page_id=838"},"modified":"2020-01-20T11:11:22","modified_gmt":"2020-01-20T10:11:22","slug":"llengua-catalana-2n","status":"publish","type":"page","link":"https:\/\/agora.xtec.cat\/instituttorrelles\/eso\/2n-deso\/llengua-catalana-2n\/","title":{"rendered":"Llengua catalana 2n"},"content":{"rendered":"<p>Benvolguts\/des alumnes,<\/p>\n<p><a href=\"https:\/\/agora.xtec.cat\/instituttorrelles\/wp-content\/uploads\/usu1261\/2019\/09\/moulallengua.jpg\"><img loading=\"lazy\" decoding=\"async\" class=\" wp-image-2064 alignright\" src=\"https:\/\/agora.xtec.cat\/instituttorrelles\/wp-content\/uploads\/usu1261\/2019\/09\/moulallengua-300x300.jpg\" sizes=\"auto, (max-width: 218px) 100vw, 218px\" srcset=\"https:\/\/agora.xtec.cat\/instituttorrelles\/wp-content\/uploads\/usu1261\/2019\/09\/moulallengua-300x300.jpg 300w, https:\/\/agora.xtec.cat\/instituttorrelles\/wp-content\/uploads\/usu1261\/2019\/09\/moulallengua-150x150.jpg 150w, https:\/\/agora.xtec.cat\/instituttorrelles\/wp-content\/uploads\/usu1261\/2019\/09\/moulallengua.jpg 400w\" alt=\"\" width=\"218\" height=\"218\" \/><\/a><\/p>\n<p>En aquesta secci\u00f3 de la web penjar\u00e9 materials i documents \u00fatils per a la mat\u00e8ria.<\/p>\n<p>&nbsp;<\/p>\n<h2><strong>Bloc 2.\u00a0<\/strong><\/h2>\n<p>Guia d&#8217;estudi control unitat 2. <a href=\"https:\/\/drive.google.com\/file\/d\/1BaRwVpDJKdqmgE2CXCtoNARU0lVTHUZQ\/view?usp=sharing\">Clica aqu\u00ed<\/a><\/p>\n<p>L&#8217;ap\u00f2strof. <a href=\"http:\/\/www.auladecatala.com\/apostrof\/\">Clica aqu\u00ed<\/a><\/p>\n<p>La contracci\u00f3. <a href=\"http:\/\/www.auladecatala.com\/contraccio\/\">Clica aqu\u00ed<\/a><\/p>\n<p>El guionet. <a href=\"http:\/\/www.auladecatala.com\/el-guionet\/\">Clica aqu\u00ed<\/a><\/p>\n<p><strong>Dictat 3<\/strong><br \/>\nBen aviat, i just despr\u00e9s d\u2019esmorzar, l\u2019Em\u00edlia agafava l\u2019aixada i se n\u2019anava a regar. Aquesta era una de les feines que m\u00e9s li agradava de fer. Setmana a setmana s\u2019entretenia observant com creixien les verdures. Enciams i escaroles s\u2019anaven fent des de dins, amb les fulles quasi blanques, enverdint a poc a poc. Les bajoqueres, que creixien molt de pressa, de seguida s\u2019enfilaven canyes amunt, amb aquells fils com arracades. Creixien cap amunt, cap al cel, al rev\u00e9s dels carabassons o les s\u00edndries, que s\u2019arrossegaven per terra. Quan l\u2019aigua ja havia omplert el rec, l\u2019Em\u00edlia encara la deixava anar una mica m\u00e9s, quasi fins a desbordar-lo perqu\u00e8, molt a prop, les d\u00e0lies i els rosers se\u2019n poguessin aprofitar. Al mas no hi havia jard\u00ed de cap mena i la mare havia aprofitat els extrems dels recs per plantar-hi les \u00faniques flors que hi florien.<\/p>\n<p>Carme Agustench, Pell de pr\u00e9ssec (2008)<\/p>\n<p>&nbsp;<\/p>\n<h2><strong>Bloc 1.\u00a0<\/strong><\/h2>\n<p>Guia d&#8217;estudi del control de la Unitat 7. <a href=\"https:\/\/drive.google.com\/open?id=1A5CX5a-NFSFx3dZTBhE5wPcaOGjU6Ehk\">Clica aqu\u00ed.<\/a><\/p>\n<p>Diapositives Els Trobadors. <a href=\"https:\/\/drive.google.com\/file\/d\/1vlJnkwtVi3FNyHmeF16gmJzJfBhmhF4_\/view?usp=sharing\">Clica aqu\u00ed.<\/a><\/p>\n<p>Fitxa-esquema (sense completar) dels Trobadors. <a href=\"https:\/\/drive.google.com\/file\/d\/1ezJZAbWGBw1xmTqjbCRSbwcu0Nm0KrvR\/view?usp=sharing\">Clica aqu\u00ed. <\/a><\/p>\n<p>Guia d&#8217;estudi del control de la Unitat 1. <a href=\"https:\/\/drive.google.com\/file\/d\/1z6so4fkElDbdR6S_Z-oyqALg2L7aAdF5\/view?usp=sharing\">Clica aqu\u00ed.<\/a><\/p>\n<p>La di\u00e8resi (p\u00e0g.21): <a href=\"https:\/\/www.youtube.com\/watch?v=IRoEyvK35O0\">v\u00eddeo explicatiu<\/a>, resum a <em><a href=\"http:\/\/enxaneta.info\/teoria\/dieresi\/6\">enxaneta<\/a>\u00a0<\/em>i <a href=\"https:\/\/www.uoc.edu\/portal\/ca\/servei-linguistic\/criteris\/ortografia\/dieresi\/index.html\">explicaci\u00f3 UOC<\/a><\/p>\n<p>Accents diacr\u00edtics <span style=\"color: #ff0000;\">(ALERTA! la p\u00e0gina 20 del llibre no est\u00e0 actualitzada a la nova normativa de 2016)<\/span>:\u00a0 <a href=\"https:\/\/drive.google.com\/file\/d\/1Cavr0JyPu0YYIB-8KXv2AukomQFH2x9K\/view?usp=sharing\">Dibuixos<\/a> \/ <a href=\"https:\/\/drive.google.com\/file\/d\/19RvEOgWtA2PinOI0rSn6L8eL81raMBEj\/view?usp=sharing\">llista<\/a><\/p>\n<p>Diftong, triftong i hiat. <a href=\"https:\/\/drive.google.com\/file\/d\/1A_mx5uWXm-XRJoxHJKn7TJPeUlo1sHis\/view?usp=sharing\">Clica aqu\u00ed.<\/a><\/p>\n<p><strong>Dictat 1<\/strong><\/p>\n<ul>\n<li>Llegiu el text i marqueu-vos les paraules complicades (al vostre criteri)<\/li>\n<li>Copieu el text dues vegades o, encara millor, copieu-lo una i que us el dictin una segona.<\/li>\n<li>Porteu la preparaci\u00f3 el dia del dictat.<\/li>\n<\/ul>\n<p>La casa \u00e9s gran, alta i llarga, de dos pisos rematats per una galeria de diminuts arcs. Hi ha un balc\u00f3 extens, de ferro rovellat, amb un escut de pedra que t\u00e9 gravats un bra\u00e7 i uns rotlles. Les persianes s\u00f3n grisoses, despintades. Les parets s\u00f3n de color d&#8217;or obscur, recuit pel sol. El portal \u00e9s g\u00f2tic, de pedra. Hi ha un pou davant, sota un ginjoler immens, al tronc del qual tenen fermat un gos, silenci\u00f3s i gros, que jeu entre excrements de gallina.<\/p>\n<p>El vest\u00edbul \u00e9s s\u00f2rdid, empedrat, les parets pintades de verd. El pag\u00e8s i la seva fam\u00edlia el fan servir com a menjador. Hi tenen una taula envernissada, amb potes que figuren peixos, i un aparador amb miralls. Al costat, es veu la cuina, folgada, amb fogons baixos i un mosaic blavenc i violeta i amb flors dibuixades.<\/p>\n","protected":false},"excerpt":{"rendered":"<p>Benvolguts\/des alumnes,<br \/>\n<a href=\"https:\/\/agora.xtec.cat\/instituttorrelles\/wp-content\/uploads\/usu1261\/2019\/09\/moulallengua.jpg\"><\/a><br \/>\nEn aquesta secci\u00f3 de la web penjar\u00e9 materials i documents \u00fatils per a la mat\u00e8ria.<br \/>\n&nbsp;<br \/>\nBloc 2.\u00a0<br \/>\nGuia d&#8217;estudi control unitat 2. <a href=\"https:\/\/drive.google.com\/file\/d\/1BaRwVpDJKdqmgE2CXCtoNARU0lVTHUZQ\/view?usp=sharing\">Clica aqu\u00ed<\/a><br \/>\nL&#8217;ap\u00f2strof. <a href=\"http:\/\/www.auladecatala.com\/apostrof\/\">Clica aqu\u00ed<\/a><br \/>\nLa contracci\u00f3. <a href=\"http:\/\/www.auladecatala.com\/contraccio\/\">Clica aqu\u00ed<\/a><br \/>\nEl guionet. <a href=\"http:\/\/www.auladecatala.com\/el-guionet\/\">Clica aqu\u00ed<\/a><br \/>\nDictat 3<br \/>\nBen aviat, i just despr\u00e9s d\u2019esmorzar, l\u2019Em\u00edlia agafava l\u2019aixada&hellip;  <a href=\"https:\/\/agora.xtec.cat\/instituttorrelles\/eso\/2n-deso\/llengua-catalana-2n\/\" title=\"Read Llengua catalana 2n\">Llegeix m\u00e9s\u00bb<\/a><\/p>\n","protected":false},"author":1,"featured_media":0,"parent":67,"menu_order":0,"comment_status":"closed","ping_status":"closed","template":"","meta":{"_bbp_topic_count":0,"_bbp_reply_count":0,"_bbp_total_topic_count":0,"_bbp_total_reply_count":0,"_bbp_voice_count":0,"_bbp_anonymous_reply_count":0,"_bbp_topic_count_hidden":0,"_bbp_reply_count_hidden":0,"_bbp_forum_subforum_count":0,"footnotes":""},"class_list":["post-838","page","type-page","status-publish","hentry"],"post_mailing_queue_ids":[],"_links":{"self":[{"href":"https:\/\/agora.xtec.cat\/instituttorrelles\/wp-json\/wp\/v2\/pages\/838","targetHints":{"allow":["GET"]}}],"collection":[{"href":"https:\/\/agora.xtec.cat\/instituttorrelles\/wp-json\/wp\/v2\/pages"}],"about":[{"href":"https:\/\/agora.xtec.cat\/instituttorrelles\/wp-json\/wp\/v2\/types\/page"}],"author":[{"embeddable":true,"href":"https:\/\/agora.xtec.cat\/instituttorrelles\/wp-json\/wp\/v2\/users\/1"}],"replies":[{"embeddable":true,"href":"https:\/\/agora.xtec.cat\/instituttorrelles\/wp-json\/wp\/v2\/comments?post=838"}],"version-history":[{"count":4,"href":"https:\/\/agora.xtec.cat\/instituttorrelles\/wp-json\/wp\/v2\/pages\/838\/revisions"}],"predecessor-version":[{"id":2463,"href":"https:\/\/agora.xtec.cat\/instituttorrelles\/wp-json\/wp\/v2\/pages\/838\/revisions\/2463"}],"up":[{"embeddable":true,"href":"https:\/\/agora.xtec.cat\/instituttorrelles\/wp-json\/wp\/v2\/pages\/67"}],"wp:attachment":[{"href":"https:\/\/agora.xtec.cat\/instituttorrelles\/wp-json\/wp\/v2\/media?parent=838"}],"curies":[{"name":"wp","href":"https:\/\/api.w.org\/{rel}","templated":true}]}}