{"id":798,"date":"2018-06-25T10:41:03","date_gmt":"2018-06-25T08:41:03","guid":{"rendered":"http:\/\/agora.xtec.cat\/instituttorrelles\/?page_id=798"},"modified":"2020-01-16T11:32:57","modified_gmt":"2020-01-16T10:32:57","slug":"llengua-catalana","status":"publish","type":"page","link":"https:\/\/agora.xtec.cat\/instituttorrelles\/eso\/1r-deso\/llengua-catalana\/","title":{"rendered":"Llengua catalana 1r"},"content":{"rendered":"<p>Benvolguts\/des alumnes,<\/p>\n<p><a href=\"https:\/\/agora.xtec.cat\/instituttorrelles\/wp-content\/uploads\/usu1261\/2019\/09\/moulallengua.jpg\"><img loading=\"lazy\" decoding=\"async\" class=\" wp-image-2064 alignright\" src=\"https:\/\/agora.xtec.cat\/instituttorrelles\/wp-content\/uploads\/usu1261\/2019\/09\/moulallengua-300x300.jpg\" alt=\"\" width=\"218\" height=\"218\" srcset=\"https:\/\/agora.xtec.cat\/instituttorrelles\/wp-content\/uploads\/usu1261\/2019\/09\/moulallengua-300x300.jpg 300w, https:\/\/agora.xtec.cat\/instituttorrelles\/wp-content\/uploads\/usu1261\/2019\/09\/moulallengua-150x150.jpg 150w, https:\/\/agora.xtec.cat\/instituttorrelles\/wp-content\/uploads\/usu1261\/2019\/09\/moulallengua.jpg 400w\" sizes=\"auto, (max-width: 218px) 100vw, 218px\" \/><\/a><\/p>\n<p>En aquesta secci\u00f3 de la web penjar\u00e9 materials i documents \u00fatils per a la mat\u00e8ria.<\/p>\n<h2><\/h2>\n<h2><\/h2>\n<h2><strong>Bloc 2.\u00a0<\/strong><\/h2>\n<p>Guia d&#8217;estudi Control. <a href=\"https:\/\/drive.google.com\/file\/d\/1biWFUaXHK0exBUXLAWFsqshJmPP0BSs-\/view?usp=sharing\">Clica aqu\u00ed<\/a><\/p>\n<p>L&#8217;ap\u00f2strof. <a href=\"http:\/\/www.auladecatala.com\/apostrof\/\">Clica aqu\u00ed<\/a><\/p>\n<p>La contracci\u00f3. <a href=\"http:\/\/www.auladecatala.com\/contraccio\/\">Clica aqu\u00ed<\/a><\/p>\n<p><strong>Dictat 2<\/strong><\/p>\n<p style=\"text-align: left;\">Com era costum en aquella \u00e8poca, les mudances de les persones que no podien pagar una camioneta es feien a coll de cam\u00e0lics, sense altres mitjans que la barra, la corda i la cap\u00e7ana. I aguant, molt d\u2019aguant. Per\u00f2 les coses petites no les portaven ells, per aix\u00f2 la meva mare, al llarg d\u2019aquells anys, va haver de fer quil\u00f2metres entre casa i casa, portant al cap cistells i farcells, o carregant-los al maluc quan li anava m\u00e9s b\u00e9. Potser en algun d\u2019aquests moments li va venir a la mem\u00f2ria aquell dia que, al poble, de confusa i torbada que estava pel fet que el meu pare li hagu\u00e9s demanat a la font per festejar, no va recordar que, per entrar a casa amb la gerra al cap, s\u2019havia d\u2019ajupir. No hi va pensar, la gerra va picar contra la llinda i li va caure a terra. Trencadissa, mullader, crits de la meva \u00e0via, potser rialles quan es va saber la causa de l\u2019accident. Es pot dir que la meva vida va comen\u00e7ar all\u00e0, amb una gerra trencada.<\/p>\n<p style=\"text-align: right;\">Jos\u00e9 SARAMAGO, Petites mem\u00f2ries, 2007 (traducci\u00f3)<\/p>\n<h2><strong>Bloc 1.\u00a0<\/strong><\/h2>\n<p>Guia d&#8217;estudi del control de la Unitat 7<a href=\"https:\/\/drive.google.com\/open?id=1lWQsRqGT7MtcjDqNvKPsuyix5InH-LHF\">. Clica aqu\u00ed<\/a><\/p>\n<p>Guia d&#8217;estudi del control de la Unitat 1. <a href=\"https:\/\/drive.google.com\/file\/d\/17_5sFhjpzqTyj5XrOswwIbLhl7XuJXql\/view?usp=sharing\">Clica aqu\u00ed<\/a><\/p>\n<p>La di\u00e8resi: <a href=\"https:\/\/www.youtube.com\/watch?v=IRoEyvK35O0\">v\u00eddeo explicatiu<\/a>, resum a <em><a href=\"http:\/\/enxaneta.info\/teoria\/dieresi\/6\">enxaneta<\/a>\u00a0<\/em>i <a href=\"https:\/\/www.uoc.edu\/portal\/ca\/servei-linguistic\/criteris\/ortografia\/dieresi\/index.html\">explicaci\u00f3 UOC<\/a><\/p>\n<p>Accents diacr\u00edtics:\u00a0 <a href=\"https:\/\/drive.google.com\/file\/d\/1Cavr0JyPu0YYIB-8KXv2AukomQFH2x9K\/view?usp=sharing\">Dibuixos<\/a> \/ <a href=\"https:\/\/drive.google.com\/file\/d\/19RvEOgWtA2PinOI0rSn6L8eL81raMBEj\/view?usp=sharing\">llista<\/a><\/p>\n<p>Diftong, triftong i hiat.\u00a0<a href=\"https:\/\/drive.google.com\/file\/d\/1A_mx5uWXm-XRJoxHJKn7TJPeUlo1sHis\/view?usp=sharing\">Clica aqu\u00ed.<\/a><\/p>\n<p><strong>Dictat 1<\/strong><\/p>\n<ul>\n<li>Llegiu el text i marqueu-vos les paraules complicades (al vostre criteri)<\/li>\n<li>Copieu el text dues vegades o, encara millor, copieu-lo una i que us el dictin una segona.<\/li>\n<li>Porteu la preparaci\u00f3 el dia del dictat.<\/li>\n<\/ul>\n<p>Quan feia bon temps, des de Pasqua Florida fins a principis de tardor, quan el bosc canviava de color, viv\u00edem a les branques dels arbres.<br \/>\nEns hav\u00edem enfilat a tots els arbres de l\u2019hort dels fruiters, prou forts per aguantar-nos a tots tres i prou baixos perqu\u00e8 hi pogu\u00e9ssim pujar sense escala, per\u00f2 despr\u00e9s de provar-los vam triar la prunera vella com a cau definitiu. El pruner vell tenia l\u2019enforcadura del tronc ample, acollidora i fosca com el fons d\u2019una perola, i les tres branques que hi naixien permetien d\u2019instal\u00b7lar-nos-hi amb comoditat, repenjar l\u2019esquena i repartir-nos l\u2019espai amb precisi\u00f3: tocava una branca per a cadasc\u00fa.<\/p>\n","protected":false},"excerpt":{"rendered":"<p>Benvolguts\/des alumnes,<br \/>\n<a href=\"https:\/\/agora.xtec.cat\/instituttorrelles\/wp-content\/uploads\/usu1261\/2019\/09\/moulallengua.jpg\"><\/a><br \/>\nEn aquesta secci\u00f3 de la web penjar\u00e9 materials i documents \u00fatils per a la mat\u00e8ria.<\/p>\n<p>Bloc 2.\u00a0<br \/>\nGuia d&#8217;estudi Control. <a href=\"https:\/\/drive.google.com\/file\/d\/1biWFUaXHK0exBUXLAWFsqshJmPP0BSs-\/view?usp=sharing\">Clica aqu\u00ed<\/a><br \/>\nL&#8217;ap\u00f2strof. <a href=\"http:\/\/www.auladecatala.com\/apostrof\/\">Clica aqu\u00ed<\/a><br \/>\nLa contracci\u00f3. <a href=\"http:\/\/www.auladecatala.com\/contraccio\/\">Clica aqu\u00ed<\/a><br \/>\nDictat 2<br \/>\nCom era costum en aquella \u00e8poca, les mudances de les persones que no podien pagar&hellip;  <a href=\"https:\/\/agora.xtec.cat\/instituttorrelles\/eso\/1r-deso\/llengua-catalana\/\" title=\"Read Llengua catalana 1r\">Llegeix m\u00e9s\u00bb<\/a><\/p>\n","protected":false},"author":1,"featured_media":0,"parent":65,"menu_order":2,"comment_status":"closed","ping_status":"closed","template":"","meta":{"_bbp_topic_count":0,"_bbp_reply_count":0,"_bbp_total_topic_count":0,"_bbp_total_reply_count":0,"_bbp_voice_count":0,"_bbp_anonymous_reply_count":0,"_bbp_topic_count_hidden":0,"_bbp_reply_count_hidden":0,"_bbp_forum_subforum_count":0,"footnotes":""},"class_list":["post-798","page","type-page","status-publish","hentry"],"post_mailing_queue_ids":[],"_links":{"self":[{"href":"https:\/\/agora.xtec.cat\/instituttorrelles\/wp-json\/wp\/v2\/pages\/798","targetHints":{"allow":["GET"]}}],"collection":[{"href":"https:\/\/agora.xtec.cat\/instituttorrelles\/wp-json\/wp\/v2\/pages"}],"about":[{"href":"https:\/\/agora.xtec.cat\/instituttorrelles\/wp-json\/wp\/v2\/types\/page"}],"author":[{"embeddable":true,"href":"https:\/\/agora.xtec.cat\/instituttorrelles\/wp-json\/wp\/v2\/users\/1"}],"replies":[{"embeddable":true,"href":"https:\/\/agora.xtec.cat\/instituttorrelles\/wp-json\/wp\/v2\/comments?post=798"}],"version-history":[{"count":4,"href":"https:\/\/agora.xtec.cat\/instituttorrelles\/wp-json\/wp\/v2\/pages\/798\/revisions"}],"predecessor-version":[{"id":2448,"href":"https:\/\/agora.xtec.cat\/instituttorrelles\/wp-json\/wp\/v2\/pages\/798\/revisions\/2448"}],"up":[{"embeddable":true,"href":"https:\/\/agora.xtec.cat\/instituttorrelles\/wp-json\/wp\/v2\/pages\/65"}],"wp:attachment":[{"href":"https:\/\/agora.xtec.cat\/instituttorrelles\/wp-json\/wp\/v2\/media?parent=798"}],"curies":[{"name":"wp","href":"https:\/\/api.w.org\/{rel}","templated":true}]}}