{"id":27,"date":"2014-09-17T16:24:03","date_gmt":"2014-09-17T16:24:03","guid":{"rendered":"http:\/\/agora.xtec.cat\/instituttorrelles\/?page_id=27"},"modified":"2021-09-11T23:37:07","modified_gmt":"2021-09-11T21:37:07","slug":"historia","status":"publish","type":"page","link":"https:\/\/agora.xtec.cat\/instituttorrelles\/elcentre\/historia\/","title":{"rendered":"Hist\u00f2ria"},"content":{"rendered":"<p>L\u2019Institut de Torrelles de Llobregat \u00e9s un centre d\u2019Educaci\u00f3 Secund\u00e0ria Obligat\u00f2ria situat al Municipi de Torrelles de Llobregat, al Baix Llobregat. Neix com a Secci\u00f3 d\u2019Institut el curs 2011-12 i el curs 2018-19 passa a ser Institut d&#8217;Educaci\u00f3 Secundaria.<\/p>\n<p>Torrelles de Llobregat \u00e9s un municipi amb una poblaci\u00f3 al voltant de 6.000 habitants i amb un nivell s\u00f2cio econ\u00f2mic mig-alt. Es caracteritza per no tenir cap escola ni institut concertat o privat, per la qual cosa tota l\u2019oferta educativa obligat\u00f2ria \u00e9s p\u00fablica.<\/p>\n<p>Actualment, l&#8217;institut comparteix edifici amb l&#8217;escola Can Coll i l&#8217;espai que no disposa en l&#8217;edifici, el troba amb dos m\u00f2duls que es troben al costat del p\u00e0rquing del centre.<\/p>\n<p>&nbsp;<\/p>\n<p>&nbsp;<\/p>\n","protected":false},"excerpt":{"rendered":"<p>L\u2019Institut de Torrelles de Llobregat \u00e9s un centre d\u2019Educaci\u00f3 Secund\u00e0ria Obligat\u00f2ria situat al Municipi de Torrelles de Llobregat, al Baix Llobregat. Neix com a Secci\u00f3 d\u2019Institut el curs 2011-12 i el curs 2018-19 passa a ser Institut d&#8217;Educaci\u00f3 Secundaria.<br \/>\nTorrelles de Llobregat \u00e9s un municipi amb&hellip;  <a href=\"https:\/\/agora.xtec.cat\/instituttorrelles\/elcentre\/historia\/\" title=\"Read Hist\u00f2ria\">Llegeix m\u00e9s\u00bb<\/a><\/p>\n","protected":false},"author":1,"featured_media":0,"parent":19,"menu_order":20,"comment_status":"closed","ping_status":"closed","template":"page-templates\/side-menu.php","meta":{"_bbp_topic_count":0,"_bbp_reply_count":0,"_bbp_total_topic_count":0,"_bbp_total_reply_count":0,"_bbp_voice_count":0,"_bbp_anonymous_reply_count":0,"_bbp_topic_count_hidden":0,"_bbp_reply_count_hidden":0,"_bbp_forum_subforum_count":0,"footnotes":""},"class_list":["post-27","page","type-page","status-publish","hentry"],"post_mailing_queue_ids":[],"_links":{"self":[{"href":"https:\/\/agora.xtec.cat\/instituttorrelles\/wp-json\/wp\/v2\/pages\/27","targetHints":{"allow":["GET"]}}],"collection":[{"href":"https:\/\/agora.xtec.cat\/instituttorrelles\/wp-json\/wp\/v2\/pages"}],"about":[{"href":"https:\/\/agora.xtec.cat\/instituttorrelles\/wp-json\/wp\/v2\/types\/page"}],"author":[{"embeddable":true,"href":"https:\/\/agora.xtec.cat\/instituttorrelles\/wp-json\/wp\/v2\/users\/1"}],"replies":[{"embeddable":true,"href":"https:\/\/agora.xtec.cat\/instituttorrelles\/wp-json\/wp\/v2\/comments?post=27"}],"version-history":[{"count":3,"href":"https:\/\/agora.xtec.cat\/instituttorrelles\/wp-json\/wp\/v2\/pages\/27\/revisions"}],"predecessor-version":[{"id":3420,"href":"https:\/\/agora.xtec.cat\/instituttorrelles\/wp-json\/wp\/v2\/pages\/27\/revisions\/3420"}],"up":[{"embeddable":true,"href":"https:\/\/agora.xtec.cat\/instituttorrelles\/wp-json\/wp\/v2\/pages\/19"}],"wp:attachment":[{"href":"https:\/\/agora.xtec.cat\/instituttorrelles\/wp-json\/wp\/v2\/media?parent=27"}],"curies":[{"name":"wp","href":"https:\/\/api.w.org\/{rel}","templated":true}]}}