{"id":27,"date":"2014-09-17T16:24:03","date_gmt":"2014-09-17T16:24:03","guid":{"rendered":"https:\/\/agora.xtec.cat\/institutsants\/?page_id=27"},"modified":"2016-04-07T09:03:27","modified_gmt":"2016-04-07T08:03:27","slug":"historia","status":"publish","type":"page","link":"https:\/\/agora.xtec.cat\/institutsants\/linstitut\/historia\/","title":{"rendered":"Hist\u00f2ria"},"content":{"rendered":"<p align=\"justify\"><a href=\"https:\/\/agora.xtec.cat\/institutsants\/wp-content\/uploads\/usu118\/2014\/09\/promoinsti2.jpg\"><img loading=\"lazy\" decoding=\"async\" class=\"alignnone size-large wp-image-527\" src=\"https:\/\/agora.xtec.cat\/institutsants\/wp-content\/uploads\/usu118\/2014\/09\/promoinsti2-1024x764.jpg\" alt=\"promoinsti2\" width=\"1024\" height=\"764\" srcset=\"https:\/\/agora.xtec.cat\/institutsants\/wp-content\/uploads\/usu118\/2014\/09\/promoinsti2.jpg 1024w, https:\/\/agora.xtec.cat\/institutsants\/wp-content\/uploads\/usu118\/2014\/09\/promoinsti2-300x224.jpg 300w, https:\/\/agora.xtec.cat\/institutsants\/wp-content\/uploads\/usu118\/2014\/09\/promoinsti2-200x150.jpg 200w\" sizes=\"auto, (max-width: 1024px) 100vw, 1024px\" \/><\/a><\/p>\n<p align=\"justify\"><span class=\"Estilo8\">L\u2019INS Emperador Carles<\/span> est\u00e0 situat en el Districte de Sants, a la frontera amb Les Corts i l\u2019Eixample, just al costat de l\u2019estaci\u00f3 de Sants. Va ser constru\u00eft a finals dels anys 50, i va ser inaugurat definitivament l\u2019any 1962 amb la denominaci\u00f3 d\u2019<em>Ausi\u00e0s March<\/em> fins l\u2019any 1966, moment en qu\u00e8 va rebre el nom d\u2019<em>Emperador Carles<\/em>.<\/p>\n<p align=\"justify\">L\u2019Institut, a m\u00e9s del Batxillerat elemental i superior i el Preuniversitari, oferia diversos serveis addicionals al barri. Per exemple, la capella va funcionar de manera regular fins l\u2019any 1975 i, despr\u00e9s del brot de tuberculosi que va patir Barcelona a principi dels seixanta, es va instal\u00b7lar en el centre un despatx m\u00e8dic. Al teatre de l\u2019Institut es van fer recitals de m\u00fasica de cantautors catalans compromesos, i es feien tamb\u00e9 projeccions de cinema els diumenges, a les quals assistien les persones del barri. Des del primer moment, doncs, l\u2019Institut <em>Emperador Carles<\/em> va mantenir un comprom\u00eds amb les fam\u00edlies i va ser un punt de refer\u00e8ncia al barri de Sants, ja que en aquells anys va ser el centre de moltes activitats culturals, compromeses amb la situaci\u00f3 social i pol\u00edtica d\u2019aquell moment. Tants anys despr\u00e9s, mantenim la voluntat que continu\u00ef essent un referent en el nostre entorn m\u00e9s proper.<\/p>\n<figure class=\"figure wp-caption alignnone\"><a href=\"https:\/\/agora.xtec.cat\/institutsants\/wp-content\/uploads\/usu118\/2014\/09\/fons.jpg\"><img loading=\"lazy\" decoding=\"async\" class=\"wp-image-525 size-full\" src=\"https:\/\/agora.xtec.cat\/institutsants\/wp-content\/uploads\/usu118\/2014\/09\/fons.jpg\" alt=\"\" width=\"594\" height=\"662\" srcset=\"https:\/\/agora.xtec.cat\/institutsants\/wp-content\/uploads\/usu118\/2014\/09\/fons.jpg 594w, https:\/\/agora.xtec.cat\/institutsants\/wp-content\/uploads\/usu118\/2014\/09\/fons-269x300.jpg 269w\" sizes=\"auto, (max-width: 594px) 100vw, 594px\" \/><\/a><figcaption class=\"wp-caption-text\">Imatge cedida per l&#8217;ARXIU HIST\u00d2RIC del barri de SANTS<\/figcaption><\/figure>\n<p>&nbsp;<\/p>\n<p align=\"justify\">Des dels seus or\u00edgens, l\u2019edifici s\u2019ha anat remodelant, ampliant i adaptant a les noves situacions i plantejaments. Una remodelaci\u00f3 important es va fer quan va passar a ser mixt i es van construir els vestidors de noies. La biblioteca fou constru\u00efda l\u2019any 1978 aprofitant una part de l\u2019antiga capella, il\u2019any 1983, quan es va haver desacralitzat, l\u2019altra part es va convertir en sala d\u2019audiovisuals. A poc a poc, es van fer reformes per adaptar el centre a les noves demandes educatives: es va habilitar una aula de projeccions per a les classes d\u2019hist\u00f2ria de l\u2019art, es van fer dues aules de dibuix, i l\u2019any 1991 es va reconvertir l\u2019antiga cuina en aula de m\u00fasica. Les darreres remodelacions importants es van portar a terme amb la implantaci\u00f3 de l\u2019ESO, per tal d\u2019habilitar noves aules per acollir nous alumnes, i es van fer aules d\u2019idiomes, aules de tecnologia i aules d\u2019inform\u00e0tica. En aquests \u00faltims tres anys s\u2019ha fet la connexi\u00f3 a la xarxa internet a tot el centre i s\u2019han instal\u00b7lat canons de llum a totes les\u00a0aules per tal de posar a l\u2019abast de l\u2019alumnat les noves tecnologies, que pensem que s\u00f3n imprescindibles per portar a terme el nostre projecte educatiu.<\/p>\n<p align=\"justify\">Aquestes obres han anat acompanyades de la supressi\u00f3 de barreres arquitect\u00f2niques per fer l\u2019institut accessible i obert a tothom.<\/p>\n<p align=\"justify\">En aquests moments la comunitat educativa de l\u2019INS <em>Emperador Carles<\/em> est\u00e0 formada per 56 professors, uns 600 alumnes, els seus pares i mares i 5 membres del personal d\u2019administraci\u00f3 i serveis amb un projecte en com\u00fa:<\/p>\n<p align=\"justify\">Aconseguir, amb la voluntat i el treball de tots, la formaci\u00f3 integral, tant intel\u00b7lectual com humana i social del nostre alumnat. Volem que els nostres alumnes adquireixin les compet\u00e8ncies b\u00e0siques, els coneixements i els h\u00e0bits de treball intel\u00b7lectual, expressi\u00f3 art\u00edstica i motriu, que els permetin integrar-se plenament i satisfact\u00f2riament en la societat i accedir amb molt bona preparaci\u00f3 a qualsevol tipus d\u2019estudis superiors i al m\u00f3n del treball. Volem que del nostre centre surtin persones amb valors, cultes, cr\u00edtiques, aut\u00f2nomes, solid\u00e0ries i compromeses en la conservaci\u00f3 del medi ambient i amb els problemes del m\u00f3n actual. Creiem que aix\u00f2 nom\u00e9s \u00e9s possible en un ambient de llibertat, responsabilitat, cordialitat i m\u00e0xim respecte cap als altres, i on cap membre del centre es pugui sentir discriminat, i per tant propiciem en tot moment els valors i actituds solidaris i igualitaris.<\/p>\n<p align=\"justify\">Durant els cursos 2002 a 2004 les alumnes IRENE ESCORIHUELA, MIREIA CHAVARRIA i ANNA MIR van comen\u00e7ar una recerca sobre els or\u00edgens del nostre institut. Aquell treball, iniciat com una investigaci\u00f3 preliminar, ha culminat en un Treball de Recerca de final de batxillerat que Irene Escorihuela i Mireia Chavarria han dedicat a la hist\u00f2ria del nostre institut. <a href=\"https:\/\/agora.xtec.cat\/institutsants\/?p=530\" target=\"_blank\"><span style=\"color: #000099;\">Treball de recerca <\/span><\/a>de 2n de batxillerat<\/p>\n<p>&nbsp;<\/p>\n","protected":false},"excerpt":{"rendered":"<p><a href=\"https:\/\/agora.xtec.cat\/institutsants\/wp-content\/uploads\/usu118\/2014\/09\/promoinsti2.jpg\"><\/a><br \/>\nL\u2019INS Emperador Carles est\u00e0 situat en el Districte de Sants, a la frontera amb Les Corts i l\u2019Eixample, just al costat de l\u2019estaci\u00f3 de Sants. Va ser constru\u00eft a finals dels anys 50, i va ser inaugurat definitivament l\u2019any 1962 amb la denominaci\u00f3 d\u2019Ausi\u00e0s&hellip;  <a href=\"https:\/\/agora.xtec.cat\/institutsants\/linstitut\/historia\/\" title=\"Read Hist\u00f2ria\">Llegeix m\u00e9s\u00bb<\/a><\/p>\n","protected":false},"author":1,"featured_media":0,"parent":19,"menu_order":20,"comment_status":"closed","ping_status":"closed","template":"page-templates\/side-menu.php","meta":{"_bbp_topic_count":0,"_bbp_reply_count":0,"_bbp_total_topic_count":0,"_bbp_total_reply_count":0,"_bbp_voice_count":0,"_bbp_anonymous_reply_count":0,"_bbp_topic_count_hidden":0,"_bbp_reply_count_hidden":0,"_bbp_forum_subforum_count":0,"footnotes":""},"class_list":["post-27","page","type-page","status-publish","hentry"],"post_mailing_queue_ids":[],"_links":{"self":[{"href":"https:\/\/agora.xtec.cat\/institutsants\/wp-json\/wp\/v2\/pages\/27","targetHints":{"allow":["GET"]}}],"collection":[{"href":"https:\/\/agora.xtec.cat\/institutsants\/wp-json\/wp\/v2\/pages"}],"about":[{"href":"https:\/\/agora.xtec.cat\/institutsants\/wp-json\/wp\/v2\/types\/page"}],"author":[{"embeddable":true,"href":"https:\/\/agora.xtec.cat\/institutsants\/wp-json\/wp\/v2\/users\/1"}],"replies":[{"embeddable":true,"href":"https:\/\/agora.xtec.cat\/institutsants\/wp-json\/wp\/v2\/comments?post=27"}],"version-history":[{"count":3,"href":"https:\/\/agora.xtec.cat\/institutsants\/wp-json\/wp\/v2\/pages\/27\/revisions"}],"predecessor-version":[{"id":531,"href":"https:\/\/agora.xtec.cat\/institutsants\/wp-json\/wp\/v2\/pages\/27\/revisions\/531"}],"up":[{"embeddable":true,"href":"https:\/\/agora.xtec.cat\/institutsants\/wp-json\/wp\/v2\/pages\/19"}],"wp:attachment":[{"href":"https:\/\/agora.xtec.cat\/institutsants\/wp-json\/wp\/v2\/media?parent=27"}],"curies":[{"name":"wp","href":"https:\/\/api.w.org\/{rel}","templated":true}]}}