{"id":22093,"date":"2023-06-07T12:56:11","date_gmt":"2023-06-07T10:56:11","guid":{"rendered":"https:\/\/agora.xtec.cat\/institutsants\/?page_id=22093"},"modified":"2023-06-07T12:56:49","modified_gmt":"2023-06-07T10:56:49","slug":"normatives","status":"publish","type":"page","link":"https:\/\/agora.xtec.cat\/institutsants\/estrategia-digital-de-centre\/cultura-digital\/normatives\/","title":{"rendered":"Normatives"},"content":{"rendered":"<p dir=\"ltr\">La cultura digital apareix en pr\u00e0cticament tots els documents b\u00e0sics del centre. A continuaci\u00f3 es remarquen els aspectes m\u00e9s importants de cada un d&#8217;ells.<\/p>\n<table style=\"border-collapse: collapse; width: 100%;\">\n<tbody>\n<tr>\n<td style=\"width: 50%;\"><\/td>\n<td style=\"width: 50%;\">\n<h1 dir=\"ltr\">Document PEC del centre<\/h1>\n<p dir=\"ltr\">La comissi\u00f3 digital ha fet una valoraci\u00f3 dels aspectes que mancaven en el Projecte Educatiu de Centre i l\u2019han actualitzat perqu\u00e8 s\u2019integri plenament l\u2019EDC amb aquest. A continuaci\u00f3 es mostren els principals objectius del PEC amb relaci\u00f3 a l\u2019EDC.<\/p>\n<\/td>\n<\/tr>\n<tr>\n<td style=\"width: 50%;\"><\/td>\n<td style=\"width: 50%;\">\n<h1 dir=\"ltr\">Document NOFC del centre<\/h1>\n<p dir=\"ltr\">La comissi\u00f3 digital ha fet una valoraci\u00f3 dels aspectes que mancaven en les NOFC i l\u2019han actualitzat perqu\u00e8 s\u2019integrin plenament. A continuaci\u00f3 es mostren els principals aspectes a tenir en compte.<\/p>\n<\/td>\n<\/tr>\n<\/tbody>\n<\/table>\n","protected":false},"excerpt":{"rendered":"<p>La cultura digital apareix en pr\u00e0cticament tots els documents b\u00e0sics del centre. A continuaci\u00f3 es remarquen els aspectes m\u00e9s importants de cada un d&#8217;ells.<\/p>\n<p>Document PEC del centre<br \/>\nLa comissi\u00f3 digital ha fet una valoraci\u00f3 dels aspectes que mancaven en el Projecte Educatiu de Centre i l\u2019han&hellip;  <a href=\"https:\/\/agora.xtec.cat\/institutsants\/estrategia-digital-de-centre\/cultura-digital\/normatives\/\" title=\"Read Normatives\">Llegeix m\u00e9s\u00bb<\/a><\/p>\n","protected":false},"author":5,"featured_media":0,"parent":21501,"menu_order":0,"comment_status":"closed","ping_status":"closed","template":"","meta":{"_bbp_topic_count":0,"_bbp_reply_count":0,"_bbp_total_topic_count":0,"_bbp_total_reply_count":0,"_bbp_voice_count":0,"_bbp_anonymous_reply_count":0,"_bbp_topic_count_hidden":0,"_bbp_reply_count_hidden":0,"_bbp_forum_subforum_count":0,"footnotes":""},"class_list":["post-22093","page","type-page","status-publish","hentry"],"post_mailing_queue_ids":[],"_links":{"self":[{"href":"https:\/\/agora.xtec.cat\/institutsants\/wp-json\/wp\/v2\/pages\/22093","targetHints":{"allow":["GET"]}}],"collection":[{"href":"https:\/\/agora.xtec.cat\/institutsants\/wp-json\/wp\/v2\/pages"}],"about":[{"href":"https:\/\/agora.xtec.cat\/institutsants\/wp-json\/wp\/v2\/types\/page"}],"author":[{"embeddable":true,"href":"https:\/\/agora.xtec.cat\/institutsants\/wp-json\/wp\/v2\/users\/5"}],"replies":[{"embeddable":true,"href":"https:\/\/agora.xtec.cat\/institutsants\/wp-json\/wp\/v2\/comments?post=22093"}],"version-history":[{"count":1,"href":"https:\/\/agora.xtec.cat\/institutsants\/wp-json\/wp\/v2\/pages\/22093\/revisions"}],"predecessor-version":[{"id":22094,"href":"https:\/\/agora.xtec.cat\/institutsants\/wp-json\/wp\/v2\/pages\/22093\/revisions\/22094"}],"up":[{"embeddable":true,"href":"https:\/\/agora.xtec.cat\/institutsants\/wp-json\/wp\/v2\/pages\/21501"}],"wp:attachment":[{"href":"https:\/\/agora.xtec.cat\/institutsants\/wp-json\/wp\/v2\/media?parent=22093"}],"curies":[{"name":"wp","href":"https:\/\/api.w.org\/{rel}","templated":true}]}}