{"id":22085,"date":"2023-06-07T12:52:41","date_gmt":"2023-06-07T10:52:41","guid":{"rendered":"https:\/\/agora.xtec.cat\/institutsants\/?page_id=22085"},"modified":"2023-06-07T13:14:13","modified_gmt":"2023-06-07T11:14:13","slug":"comunicacio-digital-del-centre","status":"publish","type":"page","link":"https:\/\/agora.xtec.cat\/institutsants\/estrategia-digital-de-centre\/cultura-digital\/comunicacio-digital-del-centre\/","title":{"rendered":"Portals i xarxes"},"content":{"rendered":"<h1>Comunicaci\u00f3 digital del centre<\/h1>\n<table style=\"border-collapse: collapse; width: 100%;\">\n<tbody>\n<tr>\n<td style=\"width: 38.4457%;\"><a href=\"https:\/\/twitter.com\/InstitutSants\" target=\"_blank\" rel=\"noopener\"><img loading=\"lazy\" decoding=\"async\" class=\"alignnone size-full wp-image-22086\" src=\"https:\/\/agora.xtec.cat\/institutsants\/wp-content\/uploads\/usu118\/2023\/06\/twitter.png\" alt=\"\" width=\"225\" height=\"225\" srcset=\"https:\/\/agora.xtec.cat\/institutsants\/wp-content\/uploads\/usu118\/2023\/06\/twitter.png 225w, https:\/\/agora.xtec.cat\/institutsants\/wp-content\/uploads\/usu118\/2023\/06\/twitter-150x150.png 150w\" sizes=\"auto, (max-width: 225px) 100vw, 225px\" \/><\/a><\/td>\n<td style=\"width: 61.5543%;\">\n<h3 dir=\"ltr\">Twitter<\/h3>\n<ul>\n<li dir=\"ltr\" aria-level=\"1\">\n<p dir=\"ltr\" role=\"presentation\">El compte de l&#8217;institut Sants \u00e9s: <a href=\"https:\/\/twitter.com\/EscolaElPolvori\">@<\/a>InstitutSants<\/p>\n<\/li>\n<li dir=\"ltr\" aria-level=\"1\">\n<p dir=\"ltr\" role=\"presentation\">L\u2019\u00fas de Twitter dona sortida i difusi\u00f3 immediata a les activitats di\u00e0ries de l&#8217;escola i \u00e9s molt \u00fatil.<\/p>\n<\/li>\n<li dir=\"ltr\" aria-level=\"1\">\n<p dir=\"ltr\" role=\"presentation\">Les publicacions solen anar acompanyades de fotografies o v\u00eddeos.<\/p>\n<\/li>\n<li dir=\"ltr\" aria-level=\"1\">\n<p dir=\"ltr\" role=\"presentation\">No publiquem primers plans dels alumnes. Tots tenen autoritzacions de drets d&#8217;imatge.<\/p>\n<\/li>\n<\/ul>\n<\/td>\n<\/tr>\n<tr>\n<td style=\"width: 38.4457%;\"><a href=\"https:\/\/www.instagram.com\/p\/BwCMIiKhMde\/\" target=\"_blank\" rel=\"noopener\"><img loading=\"lazy\" decoding=\"async\" class=\"alignnone size-full wp-image-22087\" src=\"https:\/\/agora.xtec.cat\/institutsants\/wp-content\/uploads\/usu118\/2023\/06\/instagram-gf022d8077_640.png\" alt=\"\" width=\"640\" height=\"640\" srcset=\"https:\/\/agora.xtec.cat\/institutsants\/wp-content\/uploads\/usu118\/2023\/06\/instagram-gf022d8077_640.png 640w, https:\/\/agora.xtec.cat\/institutsants\/wp-content\/uploads\/usu118\/2023\/06\/instagram-gf022d8077_640-300x300.png 300w, https:\/\/agora.xtec.cat\/institutsants\/wp-content\/uploads\/usu118\/2023\/06\/instagram-gf022d8077_640-150x150.png 150w\" sizes=\"auto, (max-width: 640px) 100vw, 640px\" \/><\/a><\/td>\n<td style=\"width: 61.5543%;\">\n<h3 dir=\"ltr\">Instagram<\/h3>\n<ul>\n<li dir=\"ltr\" aria-level=\"1\">\n<p dir=\"ltr\" role=\"presentation\">El compte de l&#8217;escola \u00e9s: @institutsants<\/p>\n<\/li>\n<li dir=\"ltr\" aria-level=\"1\">\n<p dir=\"ltr\" role=\"presentation\">Les publicacions s\u00f3n fotografies, foto muntatges o videomuntatges del dia a dia de l&#8217;activitat escolar.<\/p>\n<\/li>\n<\/ul>\n<\/td>\n<\/tr>\n<tr>\n<td style=\"width: 38.4457%;\"><a href=\"https:\/\/agora.xtec.cat\/institutsants\/wp-content\/uploads\/usu118\/2023\/06\/youtube-gab36dbd45_640.png\"><img loading=\"lazy\" decoding=\"async\" class=\"alignnone size-full wp-image-22088\" src=\"https:\/\/agora.xtec.cat\/institutsants\/wp-content\/uploads\/usu118\/2023\/06\/youtube-gab36dbd45_640.png\" alt=\"\" width=\"640\" height=\"640\" srcset=\"https:\/\/agora.xtec.cat\/institutsants\/wp-content\/uploads\/usu118\/2023\/06\/youtube-gab36dbd45_640.png 640w, https:\/\/agora.xtec.cat\/institutsants\/wp-content\/uploads\/usu118\/2023\/06\/youtube-gab36dbd45_640-300x300.png 300w, https:\/\/agora.xtec.cat\/institutsants\/wp-content\/uploads\/usu118\/2023\/06\/youtube-gab36dbd45_640-150x150.png 150w\" sizes=\"auto, (max-width: 640px) 100vw, 640px\" \/><\/a><\/td>\n<td style=\"width: 61.5543%;\">\n<h3 dir=\"ltr\">YouTube<\/h3>\n<ul>\n<li dir=\"ltr\" aria-level=\"1\">\n<p dir=\"ltr\" role=\"presentation\">El compte de l&#8217;Institut \u00e9s: institut@institutsants.cat<\/p>\n<\/li>\n<li dir=\"ltr\" aria-level=\"1\">\n<p dir=\"ltr\" role=\"presentation\">Les publicacions s\u00f3n v\u00eddeos o videomuntatges del dia a dia de l&#8217;activitat escolar.<\/p>\n<\/li>\n<li dir=\"ltr\" aria-level=\"1\">\n<p dir=\"ltr\" role=\"presentation\">No publiquem primers plans dels alumnes. Tots tenen autoritzacions de drets d&#8217;imatge.<\/p>\n<\/li>\n<\/ul>\n<\/td>\n<\/tr>\n<tr>\n<td style=\"width: 38.4457%;\"><a href=\"https:\/\/agora.xtec.cat\/institutsants\/wp-content\/uploads\/usu118\/2023\/06\/gmail-gf9d134286_640.png\"><img loading=\"lazy\" decoding=\"async\" class=\"alignnone size-full wp-image-22089\" src=\"https:\/\/agora.xtec.cat\/institutsants\/wp-content\/uploads\/usu118\/2023\/06\/gmail-gf9d134286_640.png\" alt=\"\" width=\"640\" height=\"486\" srcset=\"https:\/\/agora.xtec.cat\/institutsants\/wp-content\/uploads\/usu118\/2023\/06\/gmail-gf9d134286_640.png 640w, https:\/\/agora.xtec.cat\/institutsants\/wp-content\/uploads\/usu118\/2023\/06\/gmail-gf9d134286_640-300x228.png 300w\" sizes=\"auto, (max-width: 640px) 100vw, 640px\" \/><\/a><\/td>\n<td style=\"width: 61.5543%;\">\n<p dir=\"ltr\">Correu electr\u00f2nic<\/p>\n<ul>\n<li dir=\"ltr\" aria-level=\"1\">\n<p dir=\"ltr\" role=\"presentation\">El correu electr\u00f2nic de les fam\u00edlies es recollir\u00e0 a principi de curs i cada tutor\/a en tindr\u00e0 un llistat per a utilitzar-lo si el necessita nom\u00e9s amb l\u2019usuari del tutor o especialista.<\/p>\n<\/li>\n<li dir=\"ltr\" aria-level=\"1\">\n<p dir=\"ltr\" role=\"presentation\">L&#8217;Institut nom\u00e9s t\u00e9 penjat al web del centre tots els correus dels docents.<\/p>\n<\/li>\n<li dir=\"ltr\" aria-level=\"1\">\n<p dir=\"ltr\" role=\"presentation\">Els alumnes des de 1r ESO fins a 2n BATXILLERAT utilitzaran el correu del domini i les eines Google sempre amb comptes exclusius per al treball del centre pr\u00e8vies autoritzacions a principi de curs.<\/p>\n<\/li>\n<li dir=\"ltr\" aria-level=\"1\">\n<p dir=\"ltr\" role=\"presentation\">Els correus dels alumnes estan gestionats i administrats pel coordinador digital del centre.<\/p>\n<\/li>\n<li dir=\"ltr\" aria-level=\"1\">\n<p dir=\"ltr\" role=\"presentation\"><span style=\"color: #ff0000;\">Les fam\u00edlies han de signar una autoritzaci\u00f3 per l&#8217;\u00fas de serveis i recursos digitals a Internet.\u00a0<\/span><\/p>\n<\/li>\n<li dir=\"ltr\" aria-level=\"1\">\n<p dir=\"ltr\" role=\"presentation\">L&#8217;usuari i la contrasenya s\u00f3n donats des del centre.<\/p>\n<\/li>\n<li dir=\"ltr\" aria-level=\"1\">\n<p dir=\"ltr\" role=\"presentation\">Els correus electr\u00f2nics dels alumnes es poden instal\u00b7lar als m\u00f2bils personals.<\/p>\n<\/li>\n<li dir=\"ltr\" aria-level=\"1\">\n<p dir=\"ltr\" role=\"presentation\">L&#8217;administrador suspendr\u00e0 el correu del domini de qualsevol alumne si en fa un mal \u00fas d&#8217;aquest.<\/p>\n<\/li>\n<li dir=\"ltr\" aria-level=\"1\">\n<p dir=\"ltr\" role=\"presentation\">L&#8217;administrador \u00e9s el coordinador digital, encarregat de generar els correus del centre, tant d&#8217;alumnes com de docents i personal d&#8217;administraci\u00f3.<\/p>\n<\/li>\n<\/ul>\n<\/td>\n<\/tr>\n<tr>\n<td style=\"width: 38.4457%;\"><a href=\"https:\/\/agora.xtec.cat\/institutsants\/wp-content\/uploads\/usu118\/2023\/06\/DHD-GZhX_400x400.png\"><img loading=\"lazy\" decoding=\"async\" class=\"alignnone size-full wp-image-22090\" src=\"https:\/\/agora.xtec.cat\/institutsants\/wp-content\/uploads\/usu118\/2023\/06\/DHD-GZhX_400x400.png\" alt=\"\" width=\"240\" height=\"240\" srcset=\"https:\/\/agora.xtec.cat\/institutsants\/wp-content\/uploads\/usu118\/2023\/06\/DHD-GZhX_400x400.png 240w, https:\/\/agora.xtec.cat\/institutsants\/wp-content\/uploads\/usu118\/2023\/06\/DHD-GZhX_400x400-150x150.png 150w\" sizes=\"auto, (max-width: 240px) 100vw, 240px\" \/><\/a><\/td>\n<td style=\"width: 61.5543%;\">\n<h3 dir=\"ltr\">Web Nodes<\/h3>\n<ul>\n<li dir=\"ltr\" aria-level=\"1\">\n<p dir=\"ltr\" role=\"presentation\">El web Nodes de l&#8217;Institut \u00e9s: https:\/\/agora.xtec.cat\/institutsants\/<\/p>\n<\/li>\n<li dir=\"ltr\" aria-level=\"1\">\n<p dir=\"ltr\" role=\"presentation\">A la portada, a la part superior dreta, hi ha 6 botons d&#8217;acc\u00e9s r\u00e0pid: Assist\u00e8ncia, Moodle, cerca, agenda, nodes i men\u00fa.<\/p>\n<\/li>\n<\/ul>\n<ul>\n<li dir=\"ltr\" aria-level=\"1\">\n<p dir=\"ltr\" role=\"presentation\">Es publiquen articles en relaci\u00f3 amb les activitats m\u00e9s destacades dels alumnes de l&#8217;escola. Els articles poden anar acompanyats per fotografies, carrusels de fotos, i\/o v\u00eddeos.<\/p>\n<\/li>\n<\/ul>\n<\/td>\n<\/tr>\n<\/tbody>\n<\/table>\n","protected":false},"excerpt":{"rendered":"<p>Comunicaci\u00f3 digital del centre<\/p>\n<p><a href=\"https:\/\/twitter.com\/InstitutSants\" target=\"_blank\" rel=\"noopener\"><\/a><\/p>\n<p>Twitter<\/p>\n<ul>\n<li dir=\"ltr\" aria-level=\"1\">\nEl compte de l&#8217;institut Sants \u00e9s: <a href=\"https:\/\/twitter.com\/EscolaElPolvori\">@<\/a>InstitutSants\n<\/li>\n<li dir=\"ltr\" aria-level=\"1\">\nL\u2019\u00fas de Twitter dona sortida i difusi\u00f3 immediata a les activitats di\u00e0ries de l&#8217;escola i \u00e9s molt \u00fatil.\n<\/li>\n<li dir=\"ltr\" aria-level=\"1\">\nLes publicacions solen anar acompanyades de fotografies o v\u00eddeos.\n<\/li>\n<li&hellip;  <a href=\"https:\/\/agora.xtec.cat\/institutsants\/estrategia-digital-de-centre\/cultura-digital\/comunicacio-digital-del-centre\/\" title=\"Read Portals i xarxes\">Llegeix m\u00e9s\u00bb<\/a><br \/>\n","protected":false},"author":5,"featured_media":0,"parent":21501,"menu_order":0,"comment_status":"closed","ping_status":"closed","template":"","meta":{"_bbp_topic_count":0,"_bbp_reply_count":0,"_bbp_total_topic_count":0,"_bbp_total_reply_count":0,"_bbp_voice_count":0,"_bbp_anonymous_reply_count":0,"_bbp_topic_count_hidden":0,"_bbp_reply_count_hidden":0,"_bbp_forum_subforum_count":0,"footnotes":""},"class_list":["post-22085","page","type-page","status-publish","hentry"],"post_mailing_queue_ids":[],"_links":{"self":[{"href":"https:\/\/agora.xtec.cat\/institutsants\/wp-json\/wp\/v2\/pages\/22085","targetHints":{"allow":["GET"]}}],"collection":[{"href":"https:\/\/agora.xtec.cat\/institutsants\/wp-json\/wp\/v2\/pages"}],"about":[{"href":"https:\/\/agora.xtec.cat\/institutsants\/wp-json\/wp\/v2\/types\/page"}],"author":[{"embeddable":true,"href":"https:\/\/agora.xtec.cat\/institutsants\/wp-json\/wp\/v2\/users\/5"}],"replies":[{"embeddable":true,"href":"https:\/\/agora.xtec.cat\/institutsants\/wp-json\/wp\/v2\/comments?post=22085"}],"version-history":[{"count":2,"href":"https:\/\/agora.xtec.cat\/institutsants\/wp-json\/wp\/v2\/pages\/22085\/revisions"}],"predecessor-version":[{"id":22092,"href":"https:\/\/agora.xtec.cat\/institutsants\/wp-json\/wp\/v2\/pages\/22085\/revisions\/22092"}],"up":[{"embeddable":true,"href":"https:\/\/agora.xtec.cat\/institutsants\/wp-json\/wp\/v2\/pages\/21501"}],"wp:attachment":[{"href":"https:\/\/agora.xtec.cat\/institutsants\/wp-json\/wp\/v2\/media?parent=22085"}],"curies":[{"name":"wp","href":"https:\/\/api.w.org\/{rel}","templated":true}]}}