{"id":22083,"date":"2023-06-07T12:32:21","date_gmt":"2023-06-07T10:32:21","guid":{"rendered":"https:\/\/agora.xtec.cat\/institutsants\/?page_id=22083"},"modified":"2023-06-07T12:32:21","modified_gmt":"2023-06-07T10:32:21","slug":"pla-de-comunicacio","status":"publish","type":"page","link":"https:\/\/agora.xtec.cat\/institutsants\/estrategia-digital-de-centre\/cultura-digital\/pla-de-comunicacio\/","title":{"rendered":"Pla de comunicaci\u00f3"},"content":{"rendered":"<ul>\n<li dir=\"ltr\" aria-level=\"1\">\n<p dir=\"ltr\" role=\"presentation\">Aconseguir el seguiment d&#8217;un alt percentatge de les fam\u00edlies a trav\u00e9s de les diferents plataformes de l&#8217;institut el web Nodes, Twitter, Instagram i l&#8217;aplicaci\u00f3 iEduca.<\/p>\n<\/li>\n<li dir=\"ltr\" aria-level=\"1\">\n<p dir=\"ltr\" role=\"presentation\">Estendre el coneixement de tots els espais de NODES a les fam\u00edlies.<\/p>\n<\/li>\n<li dir=\"ltr\" aria-level=\"1\">\n<p dir=\"ltr\" role=\"presentation\">Donar a con\u00e8ixer la majoria de les activitats docents del centre a les fam\u00edlies.<\/p>\n<\/li>\n<li dir=\"ltr\" aria-level=\"1\">\n<p dir=\"ltr\" role=\"presentation\">Fer arribar tots els avisos i informacions a les fam\u00edlies en format digital i tendir a la supressi\u00f3 del format paper.<\/p>\n<\/li>\n<li dir=\"ltr\" aria-level=\"1\">\n<p dir=\"ltr\" role=\"presentation\">Empoderar els alumnes en l\u2019\u00fas del correu electr\u00f2nic i la xarxa docent Moodle.<\/p>\n<\/li>\n<li dir=\"ltr\" aria-level=\"1\">\n<p dir=\"ltr\" role=\"presentation\">Facilitat als alumnes dispositius i connectivitat, dins de les capacitats que t\u00e9 el centre, per a reduir al m\u00e0xim la bretxa digital.<\/p>\n<\/li>\n<\/ul>\n","protected":false},"excerpt":{"rendered":"<ul>\n<li dir=\"ltr\" aria-level=\"1\">\nAconseguir el seguiment d&#8217;un alt percentatge de les fam\u00edlies a trav\u00e9s de les diferents plataformes de l&#8217;institut el web Nodes, Twitter, Instagram i l&#8217;aplicaci\u00f3 iEduca.\n<\/li>\n<li dir=\"ltr\" aria-level=\"1\">\nEstendre el coneixement de tots els espais de NODES a les fam\u00edlies.\n<\/li>\n<li dir=\"ltr\" aria-level=\"1\">\nDonar a con\u00e8ixer la&hellip;  <a href=\"https:\/\/agora.xtec.cat\/institutsants\/estrategia-digital-de-centre\/cultura-digital\/pla-de-comunicacio\/\" title=\"Read Pla de comunicaci\u00f3\">Llegeix m\u00e9s\u00bb<\/a><\/p>\n","protected":false},"author":5,"featured_media":0,"parent":21501,"menu_order":0,"comment_status":"closed","ping_status":"closed","template":"","meta":{"_bbp_topic_count":0,"_bbp_reply_count":0,"_bbp_total_topic_count":0,"_bbp_total_reply_count":0,"_bbp_voice_count":0,"_bbp_anonymous_reply_count":0,"_bbp_topic_count_hidden":0,"_bbp_reply_count_hidden":0,"_bbp_forum_subforum_count":0,"footnotes":""},"class_list":["post-22083","page","type-page","status-publish","hentry"],"post_mailing_queue_ids":[],"_links":{"self":[{"href":"https:\/\/agora.xtec.cat\/institutsants\/wp-json\/wp\/v2\/pages\/22083","targetHints":{"allow":["GET"]}}],"collection":[{"href":"https:\/\/agora.xtec.cat\/institutsants\/wp-json\/wp\/v2\/pages"}],"about":[{"href":"https:\/\/agora.xtec.cat\/institutsants\/wp-json\/wp\/v2\/types\/page"}],"author":[{"embeddable":true,"href":"https:\/\/agora.xtec.cat\/institutsants\/wp-json\/wp\/v2\/users\/5"}],"replies":[{"embeddable":true,"href":"https:\/\/agora.xtec.cat\/institutsants\/wp-json\/wp\/v2\/comments?post=22083"}],"version-history":[{"count":1,"href":"https:\/\/agora.xtec.cat\/institutsants\/wp-json\/wp\/v2\/pages\/22083\/revisions"}],"predecessor-version":[{"id":22084,"href":"https:\/\/agora.xtec.cat\/institutsants\/wp-json\/wp\/v2\/pages\/22083\/revisions\/22084"}],"up":[{"embeddable":true,"href":"https:\/\/agora.xtec.cat\/institutsants\/wp-json\/wp\/v2\/pages\/21501"}],"wp:attachment":[{"href":"https:\/\/agora.xtec.cat\/institutsants\/wp-json\/wp\/v2\/media?parent=22083"}],"curies":[{"name":"wp","href":"https:\/\/api.w.org\/{rel}","templated":true}]}}