{"id":22053,"date":"2023-06-06T09:38:09","date_gmt":"2023-06-06T07:38:09","guid":{"rendered":"https:\/\/agora.xtec.cat\/institutsants\/?page_id=22053"},"modified":"2023-06-06T09:57:15","modified_gmt":"2023-06-06T07:57:15","slug":"competencies","status":"publish","type":"page","link":"https:\/\/agora.xtec.cat\/institutsants\/estrategia-digital-de-centre\/cultura-digital\/competencies\/","title":{"rendered":"Compet\u00e8ncies"},"content":{"rendered":"<p class=\"zfr3Q CDt4Ke \" dir=\"ltr\"><span class=\"C9DxTc \">Les compet\u00e8ncies digitals s\u00f3n d\u2019\u00e0mbit transversal. Poden ser utilitzades per tractar problemes i situacions que afecten qualsevol de les \u00e0rees curriculars i s\u00f3n susceptibles d\u2019evoluci\u00f3 constant pels canvis de qu\u00e8 s\u00f3n objecte els dispositius i les aplicacions en les quals se sustenten. Es tracta de compet\u00e8ncies metodol\u00f2giques que fan refer\u00e8ncia a desenvolupar m\u00e8todes de treball efica\u00e7os i adequats en l\u2019\u00fas de les tecnologies de la informaci\u00f3 i la comunicaci\u00f3 per a la resoluci\u00f3 de problemes que es plantegin en situacions i entorns diferents.<\/span><\/p>\n<p class=\"zfr3Q CDt4Ke \" dir=\"ltr\"><span class=\"C9DxTc \">A la nostra escola:<\/span><\/p>\n<ul class=\"n8H08c UVNKR \">\n<li class=\"zfr3Q TYR86d eD0Rn \" dir=\"ltr\">\n<p class=\"zfr3Q CDt4Ke \" dir=\"ltr\" role=\"presentation\"><span class=\"C9DxTc \">Fem servir Google Workspace per Educaci\u00f3 amb el domini\u00a0<\/span><span class=\"C9DxTc \">@institutsants.cat\u00a0<\/span><span class=\"C9DxTc \">perqu\u00e8 tothom tingui un correu del centre i disposi d&#8217;un espai Drive on crear i compartir arxius.<\/span><\/p>\n<\/li>\n<li class=\"zfr3Q TYR86d eD0Rn \" dir=\"ltr\">\n<p class=\"zfr3Q CDt4Ke \" dir=\"ltr\" role=\"presentation\"><span class=\"C9DxTc \">Utilitzem l&#8217;entorn de treball\u00a0<\/span><span class=\"C9DxTc \">Moodle<\/span><span class=\"C9DxTc \">\u00a0des de 1r d&#8217;ESO a 2n de Batxillerat.<\/span><\/p>\n<\/li>\n<li class=\"zfr3Q TYR86d eD0Rn \" dir=\"ltr\">\n<p class=\"zfr3Q CDt4Ke \" dir=\"ltr\" role=\"presentation\"><span class=\"C9DxTc \">Treballem el pensament computacional i la rob\u00f2tica a tots els nivells.<\/span><\/p>\n<\/li>\n<li class=\"zfr3Q TYR86d eD0Rn \" dir=\"ltr\">\n<p class=\"zfr3Q CDt4Ke \" dir=\"ltr\" role=\"presentation\"><span class=\"C9DxTc \">Hem participat del Pla de Transformaci\u00f3 Digital.<\/span><\/p>\n<\/li>\n<li class=\"zfr3Q TYR86d eD0Rn \" dir=\"ltr\">\n<p class=\"zfr3Q CDt4Ke \" dir=\"ltr\" role=\"presentation\"><span class=\"C9DxTc \">Els alumnes utilitzen dispositius Windows 10 adquirits del<\/span><a class=\"XqQF9c\" href=\"https:\/\/projectes.xtec.cat\/edc\/alumnes\/\" target=\"_blank\" rel=\"noopener\"><span class=\"C9DxTc \">\u00a0<\/span><span class=\"C9DxTc aw5Odc \">Pla de Dotaci\u00f3 Digital<\/span><\/a><span class=\"C9DxTc \">\u00a0del Departament d&#8217;Educaci\u00f3.\u00a0<\/span><\/p>\n<\/li>\n<li class=\"zfr3Q TYR86d eD0Rn \" dir=\"ltr\">\n<p class=\"zfr3Q CDt4Ke \" dir=\"ltr\" role=\"presentation\"><span class=\"C9DxTc \">Es fan xerrades amb els Mossos d&#8217;Esquadra sobre<\/span><a class=\"XqQF9c\" href=\"https:\/\/mossos.gencat.cat\/ca\/detalls\/Article\/Internet-Segura_centres-educatius\" target=\"_blank\" rel=\"noopener\"><span class=\"C9DxTc \">\u00a0<\/span><span class=\"C9DxTc aw5Odc \">Internet Segura<\/span><\/a><span class=\"C9DxTc \">.<\/span><\/p>\n<\/li>\n<\/ul>\n<p><a href=\"https:\/\/docs.google.com\/spreadsheets\/d\/e\/2PACX-1vRrm96sZecMbnfnTciwehFFyqUWJCEjSYHwMZGurjBo21TPsnl2MJJzz-ofMaRr4Gyafm6gE6hDvBi9\/pubhtml\" target=\"_blank\" rel=\"noopener\">Aqu\u00ed tens l&#8217;enlla\u00e7 a la CDA<\/a><\/p>\n","protected":false},"excerpt":{"rendered":"<p>Les compet\u00e8ncies digitals s\u00f3n d\u2019\u00e0mbit transversal. Poden ser utilitzades per tractar problemes i situacions que afecten qualsevol de les \u00e0rees curriculars i s\u00f3n susceptibles d\u2019evoluci\u00f3 constant pels canvis de qu\u00e8 s\u00f3n objecte els dispositius i les aplicacions en les quals se sustenten. Es tracta de&hellip;  <a href=\"https:\/\/agora.xtec.cat\/institutsants\/estrategia-digital-de-centre\/cultura-digital\/competencies\/\" title=\"Read Compet\u00e8ncies\">Llegeix m\u00e9s\u00bb<\/a><\/p>\n","protected":false},"author":5,"featured_media":0,"parent":21501,"menu_order":0,"comment_status":"closed","ping_status":"closed","template":"","meta":{"_bbp_topic_count":0,"_bbp_reply_count":0,"_bbp_total_topic_count":0,"_bbp_total_reply_count":0,"_bbp_voice_count":0,"_bbp_anonymous_reply_count":0,"_bbp_topic_count_hidden":0,"_bbp_reply_count_hidden":0,"_bbp_forum_subforum_count":0,"footnotes":""},"class_list":["post-22053","page","type-page","status-publish","hentry"],"post_mailing_queue_ids":[],"_links":{"self":[{"href":"https:\/\/agora.xtec.cat\/institutsants\/wp-json\/wp\/v2\/pages\/22053","targetHints":{"allow":["GET"]}}],"collection":[{"href":"https:\/\/agora.xtec.cat\/institutsants\/wp-json\/wp\/v2\/pages"}],"about":[{"href":"https:\/\/agora.xtec.cat\/institutsants\/wp-json\/wp\/v2\/types\/page"}],"author":[{"embeddable":true,"href":"https:\/\/agora.xtec.cat\/institutsants\/wp-json\/wp\/v2\/users\/5"}],"replies":[{"embeddable":true,"href":"https:\/\/agora.xtec.cat\/institutsants\/wp-json\/wp\/v2\/comments?post=22053"}],"version-history":[{"count":3,"href":"https:\/\/agora.xtec.cat\/institutsants\/wp-json\/wp\/v2\/pages\/22053\/revisions"}],"predecessor-version":[{"id":22062,"href":"https:\/\/agora.xtec.cat\/institutsants\/wp-json\/wp\/v2\/pages\/22053\/revisions\/22062"}],"up":[{"embeddable":true,"href":"https:\/\/agora.xtec.cat\/institutsants\/wp-json\/wp\/v2\/pages\/21501"}],"wp:attachment":[{"href":"https:\/\/agora.xtec.cat\/institutsants\/wp-json\/wp\/v2\/media?parent=22053"}],"curies":[{"name":"wp","href":"https:\/\/api.w.org\/{rel}","templated":true}]}}