{"id":21728,"date":"2023-03-27T12:31:53","date_gmt":"2023-03-27T10:31:53","guid":{"rendered":"https:\/\/agora.xtec.cat\/institutsants\/?page_id=21728"},"modified":"2023-03-27T12:54:59","modified_gmt":"2023-03-27T10:54:59","slug":"convalidacions-reconeixement-musica-i-dansa","status":"publish","type":"page","link":"https:\/\/agora.xtec.cat\/institutsants\/secretaria\/convalidacions-reconeixement-musica-i-dansa\/","title":{"rendered":"Convalidacions\/Reconeixement M\u00fasica, Dansa i E.F."},"content":{"rendered":"<div class=\"flex_column av_one_full flex_column_div av-zero-column-padding first avia-builder-el-0 el_before_av_hr avia-builder-el-first \">\n<section class=\"av_textblock_section \">\n<div class=\"avia_textblock \">\n<h2><\/h2>\n<p>El 31 d\u2019octubre\u00a0 finalitzar\u00e0 el termini de presentaci\u00f3 a secretaria de les sol\u00b7licituds per a la convalidaci\u00f3 d\u2019optatives\/m\u00fasica\/educaci\u00f3 f\u00edsica per simultane\u00eftat d\u2019ESO o Batxillerat amb estudis de m\u00fasica o dansa.<\/p>\n<p>Convalidaci\u00f3: quan l\u2019alumnat cursa estudis en un conservatori o en un centre professional.<\/p>\n<p class=\"p1\">Els alumnes que cursen ESO i, simult\u00e0niament, estudis de dansa i m\u00fasica en conservatoris, centres professionals o escoles de dansa autoritzades, poden sol\u00b7licitar la convalidaci\u00f3 o el reconeixement de:<\/p>\n<p class=\"p1\">Mat\u00e8ries que es poden convalidar:<\/p>\n<ul>\n<li class=\"p1\">Educaci\u00f3 F\u00edsica<\/li>\n<li class=\"p1\">M\u00fasica (la mat\u00e8ria comuna de primer a tercer curs d\u2019ESO)<\/li>\n<li class=\"p1\">Les mat\u00e8ries optatives de primer a tercer curs d\u2019ESO (2 hores per curs)<\/li>\n<li class=\"p1\">Una mat\u00e8ria optativa de quart curs d\u2019ESO (fins a un m\u00e0xim de 3 hores)<\/li>\n<li class=\"p1\">Mat\u00e8ries de la franja d\u2019espec\u00edfiques (fins a un m\u00e0xim de 4 hores per curs) per a alumnes de batxillerat<\/li>\n<\/ul>\n<p class=\"p1\">No s\u00f3n convalidables les mat\u00e8ries de Cultura i Valors \u00c8tics i de Religi\u00f3, el Treball de S\u00edntesi (de primer a tercer) ni el Projecte de Recerca de quart curs.<\/p>\n<p>Mat\u00e8ries que es poden recon\u00e8ixer: dep\u00e8n del nombre d\u2019hores de dedicaci\u00f3 setmanal (entre 5 i 7,o m\u00e9s de 7 pel que fa a dansa; i entre 3 i 4 hores, o m\u00e9s de 4 pel que fa a m\u00fasica) i s\u00f3n les mateixes que en el cas de la convalidaci\u00f3.<\/p>\n<p class=\"p1\">At\u00e8s que totes aquestes possibilitats es fonamenten en el fet de simultaniejar estudis ordinaris amb els estudis de dansa, la sol\u00b7licitud s\u2019ha de renovar cada curs. Els alumnes que ho vulguin poden sol\u00b7licitar la convalidaci\u00f3 o el reconeixement d\u2019un nombre d\u2019hores inferior a aquell a qu\u00e8 tenen dret.<\/p>\n<p><strong><u>DOCUMENTS QUE CAL PRESENTAR A LA SECRETARIA DE L\u2019 INSTITUT:<\/u><\/strong><\/p>\n<ol>\n<li>Impr\u00e8s de\u00a0<strong>sol\u00b7licitud\u00a0<\/strong>de reducci\u00f3 de mat\u00e8ries de l\u2019educaci\u00f3 secund\u00e0ria obligat\u00f2ria.<\/li>\n<li><strong>Certificaci\u00f3\u00a0<\/strong>expedida per l\u2019escola de m\u00fasica on s\u2019acrediti el nombre d\u2019hores de dedicaci\u00f3 setmanal. (es pot baixar d\u2019internet o demanar-lo a l\u2019escola corresponent)<\/li>\n<li><strong>Autoritzaci\u00f3\u00a0<\/strong>dels pares per entrar m\u00e9s tard o marxar abans a casa, en cas de tenir la reducci\u00f3 hor\u00e0ria a primeres o \u00faltimes hores del mat\u00ed o de la tarda.<\/li>\n<li>A la secretaria es donar\u00e0\u00a0<strong>registre\u00a0<\/strong>d\u2019entrada i es donar\u00e0 una c\u00f2pia a l\u2019alumne\/a.<\/li>\n<li>L\u2019alumne\/a haur\u00e0 de continuar assistint a classe fins que se li faci arribar la\u00a0<strong>resoluci\u00f3<\/strong>per part de la direcci\u00f3 del centre.<\/li>\n<\/ol>\n<p>EL TERMINI DE PRESENTACI\u00d3 DE SOL\u00b7LICITUDS S\u2019ACABA EL\u00a0<strong>31 D\u2019OCTUBRE.<\/strong><\/p>\n<table border=\"1\" width=\"100%\" cellspacing=\"1\" cellpadding=\"5\">\n<tbody>\n<tr>\n<td>Sol\u00b7licitud de reducci\u00f3 de mat\u00e8ries de l\u2019educaci\u00f3 secund\u00e0ria obligat\u00f2ria (ESO) per als alumnes que cursen estudis de dansa en un conservatori o en un centre professional o en una escola de dansa autoritzada. EDA1<\/td>\n<td><a class=\"descargar\" title=\"Obre finestra nova (descarrega el model)\" href=\"https:\/\/documents.espai.educacio.gencat.cat\/FormularisModels\/CentresGestioAdministrativa\/SimultaneitatMusicaDansa\/A504.pdf\" target=\"_blank\" rel=\"noopener\"><img decoding=\"async\" class=\"ms-asset-icon ms-rtePosition-4 entered lazyloaded\" src=\"https:\/\/espai.educacio.gencat.cat\/_layouts\/images\/icpdf.png\" alt=\"\" data-lazy-src=\"https:\/\/espai.educacio.gencat.cat\/_layouts\/images\/icpdf.png\" data-ll-status=\"loaded\" \/>.A504<\/a>\u2013 1255kb<\/td>\n<td><\/td>\n<\/tr>\n<tr>\n<td>Sol\u00b7licitud de reducci\u00f3 de mat\u00e8ries de la franja d\u2019espec\u00edfiques i\/o de l\u2019educaci\u00f3 f\u00edsica de batxillerat basant-se en estudis de dansa en un conservatori o en un centre professional. BDA1<\/td>\n<td><a class=\"descargar\" title=\"Obre finestra nova (descarrega el model)\" href=\"https:\/\/documents.espai.educacio.gencat.cat\/FormularisModels\/CentresGestioAdministrativa\/SimultaneitatMusicaDansa\/APU145.pdf\" target=\"_blank\" rel=\"noopener\"><img decoding=\"async\" class=\"ms-asset-icon ms-rtePosition-4 entered lazyloaded\" src=\"https:\/\/espai.educacio.gencat.cat\/_layouts\/images\/icpdf.png\" alt=\"\" data-lazy-src=\"https:\/\/espai.educacio.gencat.cat\/_layouts\/images\/icpdf.png\" data-ll-status=\"loaded\" \/>.APU145<\/a>\u2013 239kb<\/td>\n<td><\/td>\n<\/tr>\n<tr>\n<td>Sol\u00b7licitud de reducci\u00f3 de mat\u00e8ries de la franja d\u2019espec\u00edfiques i\/o de l\u2019educaci\u00f3 f\u00edsica de batxillerat basant-se en estudis de dansa en una escola de dansa autoritzada. BDA3<\/td>\n<td><a class=\"descargar\" title=\"Obre finestra nova (descarrega el model)\" href=\"https:\/\/documents.espai.educacio.gencat.cat\/FormularisModels\/CentresGestioAdministrativa\/SimultaneitatMusicaDansa\/APU147.pdf\" target=\"_blank\" rel=\"noopener\"><img decoding=\"async\" class=\"ms-asset-icon ms-rtePosition-4 entered lazyloaded\" src=\"https:\/\/espai.educacio.gencat.cat\/_layouts\/images\/icpdf.png\" alt=\"\" data-lazy-src=\"https:\/\/espai.educacio.gencat.cat\/_layouts\/images\/icpdf.png\" data-ll-status=\"loaded\" \/>.APU147<\/a>\u2013 263kb<\/td>\n<td><\/td>\n<\/tr>\n<\/tbody>\n<\/table>\n<table border=\"1\" width=\"100%\" cellspacing=\"1\" cellpadding=\"5\">\n<tbody>\n<tr>\n<td>Sol\u00b7licitud de reducci\u00f3 de mat\u00e8ries de l\u2019educaci\u00f3 secund\u00e0ria obligat\u00f2ria (ESO) per als alumnes que cursen estudis de m\u00fasica en un conservatori o centre professional o en una escola de m\u00fasica autoritzada. EMU1<\/td>\n<td><a class=\"descargar\" title=\"Obre finestra nova (descarrega el model)\" href=\"https:\/\/documents.espai.educacio.gencat.cat\/FormularisModels\/CentresGestioAdministrativa\/SimultaneitatMusicaDansa\/APU154.pdf\" target=\"_blank\" rel=\"noopener\"><img decoding=\"async\" class=\"ms-asset-icon ms-rtePosition-4 entered lazyloaded\" src=\"https:\/\/espai.educacio.gencat.cat\/_layouts\/images\/icpdf.png\" alt=\"\" data-lazy-src=\"https:\/\/espai.educacio.gencat.cat\/_layouts\/images\/icpdf.png\" data-ll-status=\"loaded\" \/>.APU154<\/a>\u2013 225kb<\/td>\n<td><\/td>\n<\/tr>\n<tr>\n<td>Sol\u00b7licitud de reducci\u00f3 de mat\u00e8ries de la franja d\u2019espec\u00edfiques de batxillerat basant-se en estudis de m\u00fasica en un conservatori o en un centre professional. BMU1<\/td>\n<td>\u00a0<a class=\"descargar\" title=\"Obre finestra nova (descarrega el model)\" href=\"https:\/\/documents.espai.educacio.gencat.cat\/FormularisModels\/CentresGestioAdministrativa\/SimultaneitatMusicaDansa\/APU138.pdf\" target=\"_blank\" rel=\"noopener\"><img decoding=\"async\" class=\"ms-asset-icon ms-rtePosition-4 entered lazyloaded\" src=\"https:\/\/espai.educacio.gencat.cat\/_layouts\/images\/icpdf.png\" alt=\"\" data-lazy-src=\"https:\/\/espai.educacio.gencat.cat\/_layouts\/images\/icpdf.png\" data-ll-status=\"loaded\" \/>.APU138<\/a>\u2013 226kb<\/td>\n<td><\/td>\n<\/tr>\n<tr>\n<td>Sol\u00b7licitud de reducci\u00f3 de mat\u00e8ries de batxillerat basant-se en estudis de m\u00fasica en una escola de m\u00fasica autoritzada. BMU3<\/td>\n<td>\u00a0<a class=\"descargar\" title=\"Obre finestra nova (descarrega el model)\" href=\"https:\/\/documents.espai.educacio.gencat.cat\/FormularisModels\/CentresGestioAdministrativa\/SimultaneitatMusicaDansa\/APU140.pdf\" target=\"_blank\" rel=\"noopener\"><img decoding=\"async\" class=\"ms-asset-icon ms-rtePosition-4 entered lazyloaded\" src=\"https:\/\/espai.educacio.gencat.cat\/_layouts\/images\/icpdf.png\" alt=\"\" data-lazy-src=\"https:\/\/espai.educacio.gencat.cat\/_layouts\/images\/icpdf.png\" data-ll-status=\"loaded\" \/>.APU140<\/a>\u2013 232kb<\/td>\n<td><\/td>\n<\/tr>\n<\/tbody>\n<\/table>\n<\/div>\n<\/section>\n<\/div>\n<div class=\"hr hr-default avia-builder-el-2 el_after_av_one_full el_before_av_one_full \"><\/div>\n<div class=\"flex_column av_one_full flex_column_div av-zero-column-padding first avia-builder-el-3 el_after_av_hr avia-builder-el-last \">\n<section class=\"av_textblock_section \">\n<div class=\"avia_textblock \">\n<h2>SIMULTANE\u00cfTAT D\u2019ESTUDIS AMB PR\u00c0CTICA INTENSIVA D\u2019ESPORT<\/h2>\n<p>Els alumnes d\u2019ESO i batxillerat amb dedicaci\u00f3 significativa a l\u2019esport avalada pel Consell Catal\u00e0 de l\u2019Esport, poden sol\u00b7licitar que se\u2019ls apliqui un\u00a0<strong>pla individualitzat<\/strong>\u00a0que inclogui el\u00a0<strong>reconeixement de la mat\u00e8ria d\u2019educaci\u00f3 f\u00edsica.<\/strong><\/p>\n<p>Pels alumnes que fan ESO i Batxillerat i en casos excepcionals en qu\u00e8 les circumst\u00e0ncies individuals de l\u2019alumne i la seva dedicaci\u00f3 intensiva a l\u2019esport aix\u00ed ho justifiquin, amb\u00a0<strong>una dedicaci\u00f3 hor\u00e0ria de m\u00e9s de 9 hores setmanals d\u2019entrenament<\/strong>\u00a0, l\u2019alumne pot sol\u00b7licitar un pla individualitzat que comporti el\u00a0<strong>reconeixement de la mat\u00e8ria d\u2019educaci\u00f3 f\u00edsica<\/strong>.<\/p>\n<p><strong><u>DOCUMENTS QUE CAL PRESENTAR A LA SECRETARIA DE L\u2019INSTITUT:<\/u><\/strong><\/p>\n<ol>\n<li>Impr\u00e8s de\u00a0<strong>sol\u00b7licitud<\/strong>\u00a0de Pla Individualitzat per al reconeixement de l\u2019Educaci\u00f3 f\u00edsica (model SEFESO).<\/li>\n<li><strong>Certificaci\u00f3<\/strong>\u00a0<strong>expedida\u00a0<\/strong><strong>Certificat del Consell Catal\u00e0 de l\u2019Esport<\/strong>\u00a0(els alumnes poden obtenir aquest certificat quan siguin esportistes que figuren en el programa de tecnificaci\u00f3 ARC de la federaci\u00f3 catalana corresponent), o b\u00e9\u00a0<strong>certificat del Club o Federaci\u00f3 en el qual hi consti el nombre d\u2019hores setmanals d\u2019entrenament.<\/strong><\/li>\n<li><strong>Autoritzaci\u00f3<\/strong>\u00a0dels pares per entrar m\u00e9s tard o marxar abans a casa, en cas de tenir la reducci\u00f3 hor\u00e0ria a primeres o \u00faltimes hores del mat\u00ed o de la tarda.<\/li>\n<li>Quan es presenti la documentaci\u00f3 a la secretaria del centre es far\u00e0\u00a0<strong>registre<\/strong>\u00a0d\u2019entrada i se\u2019n lliurar\u00e0 una c\u00f2pia a l\u2019alumne\/a.<\/li>\n<li>L\u2019alumne\/a haur\u00e0 de continuar assistint a classe fins que se li faci arribar la\u00a0<strong>resoluci\u00f3<\/strong>\u00a0per part de la direcci\u00f3 del centre.<\/li>\n<\/ol>\n<p>EL TERMINI DE PRESENTACI\u00d3 DE SOL\u00b7LICITUDS DE REDUCCI\u00d3 DE MAT\u00c8RIES OPTATIVES S\u2019ACABA EL\u00a0<strong>31 D\u2019OCTUBRE.<\/strong><\/p>\n<p><strong><a href=\"https:\/\/documents.espai.educacio.gencat.cat\/FormularisModels\/CentresDocumentacioAcademica\/APR545.pdf\" target=\"_blank\" rel=\"noopener\">Sol\u00b7licitud ESO<\/a><\/strong><\/p>\n<p><strong><a href=\"https:\/\/www.alzina.cat\/wp-content\/uploads\/2018\/09\/Convalidacio_educacio_fisica_BTX.pdf\" target=\"_blank\" rel=\"noopener\">Sol\u00b7licitud Batxillerat<\/a><\/strong><\/p>\n<h2><strong>ALUMNAT BATXILLERAT<\/strong><\/h2>\n<h2 id=\"h21\">CONVALIDACIONS DE MAT\u00c8RIES DE BATXILLERAT PER ALS ALUMNES QUE COMPAGINEN ELS ESTUDIS DE BATXILLERAT AMB LA PR\u00c0CTICA INTENSIVA DE L\u2019ESPORT<\/h2>\n<p><strong>Alumnes amb dedicaci\u00f3 significativa a l\u2019esport matriculats en altres centres<\/strong><\/p>\n<p>Els i les alumnes amb\u00a0<strong>dedicaci\u00f3 significativa a l\u2019esport, avalada pel Consell Catal\u00e0 de l\u2019Esport<\/strong>\u00a0i matriculats en centres que no pertanyen als centres educatius d\u2019especial atenci\u00f3 a la pr\u00e0ctica esportiva, poden sol\u00b7licitar al director o directora del centre educatiu, durant el primer trimestre del curs, que se\u2019ls apliqui un PI que inclogui el reconeixement de la mat\u00e8ria d\u2019Educaci\u00f3 F\u00edsica i de les mat\u00e8ries espec\u00edfiques tant de primer com de segon de batxillerat. En aquest PI, cal adjuntar-hi la documentaci\u00f3 seg\u00fcent:<\/p>\n<ul>\n<li>Sol\u00b7licitud signada per l\u2019alumne o alumna, o pel pare, la mare o el tutor o tutora legal de l\u2019alumne si \u00e9s menor d\u2019edat.<\/li>\n<li>Certificat del\u00a0<a href=\"http:\/\/sac.gencat.cat\/sacgencat\/AppJava\/organisme_fitxa.jsp?codi=2570\">Consell Catal\u00e0 de l\u2019Esport<\/a>. Els alumnes han d\u2019obtenir aquest certificat quan figurin en el programa de tecnificaci\u00f3 (ARC) de la federaci\u00f3 catalana corresponent.\u00a0<strong><a href=\"https:\/\/web.gencat.cat\/ca\/tramits\/tramits-temes\/Sollicitud-del-certificat-desportista-dAlt-Rendiment-o-de-Tecnificacio?moda=1\" target=\"_blank\" rel=\"noopener\">SOL\u00b7LICITUD<\/a><\/strong><\/li>\n<\/ul>\n<p>El director o directora del centre educatiu aprova el PI, que comporta la convalidaci\u00f3 de la mat\u00e8ria d\u2019Educaci\u00f3 F\u00edsica i de la franja de mat\u00e8ries espec\u00edfiques de primer o b\u00e9 de la franja de mat\u00e8ries espec\u00edfiques de segon curs. El pla s\u2019ha de renovar cada curs.<\/p>\n<p>A l\u2019efecte de la convalidaci\u00f3 de la franja de mat\u00e8ries espec\u00edfiques, cal tenir en compte que es consideren espec\u00edfiques tamb\u00e9 les mat\u00e8ries de modalitat que excedeixin de les mat\u00e8ries de modalitat que l\u2019alumne o alumna ha de cursar en cada curs de batxillerat.<\/p>\n<p><strong><a href=\"https:\/\/drive.google.com\/file\/d\/1HcMlWq5H29F5p_nslHBrC2wdvmoH5aWi\/view?usp=sharing\" target=\"_blank\" rel=\"noopener\">DESCARREGAR LA SOL\u00b7LICITUD<\/a><\/strong><\/p>\n<\/div>\n<\/section>\n<\/div>\n","protected":false},"excerpt":{"rendered":"<p>El 31 d\u2019octubre\u00a0 finalitzar\u00e0 el termini de presentaci\u00f3 a secretaria de les sol\u00b7licituds per a la convalidaci\u00f3 d\u2019optatives\/m\u00fasica\/educaci\u00f3 f\u00edsica per simultane\u00eftat d\u2019ESO o Batxillerat amb estudis de m\u00fasica o dansa.<br \/>\nConvalidaci\u00f3: quan l\u2019alumnat cursa estudis en un conservatori o en un centre professional.<br \/>\nEls alumnes que cursen&hellip;  <a href=\"https:\/\/agora.xtec.cat\/institutsants\/secretaria\/convalidacions-reconeixement-musica-i-dansa\/\" title=\"Read Convalidacions\/Reconeixement M\u00fasica, Dansa i E.F.\">Llegeix m\u00e9s\u00bb<\/a><\/p>\n","protected":false},"author":5,"featured_media":0,"parent":81,"menu_order":0,"comment_status":"closed","ping_status":"closed","template":"","meta":{"_bbp_topic_count":0,"_bbp_reply_count":0,"_bbp_total_topic_count":0,"_bbp_total_reply_count":0,"_bbp_voice_count":0,"_bbp_anonymous_reply_count":0,"_bbp_topic_count_hidden":0,"_bbp_reply_count_hidden":0,"_bbp_forum_subforum_count":0,"footnotes":""},"class_list":["post-21728","page","type-page","status-publish","hentry"],"post_mailing_queue_ids":[],"_links":{"self":[{"href":"https:\/\/agora.xtec.cat\/institutsants\/wp-json\/wp\/v2\/pages\/21728","targetHints":{"allow":["GET"]}}],"collection":[{"href":"https:\/\/agora.xtec.cat\/institutsants\/wp-json\/wp\/v2\/pages"}],"about":[{"href":"https:\/\/agora.xtec.cat\/institutsants\/wp-json\/wp\/v2\/types\/page"}],"author":[{"embeddable":true,"href":"https:\/\/agora.xtec.cat\/institutsants\/wp-json\/wp\/v2\/users\/5"}],"replies":[{"embeddable":true,"href":"https:\/\/agora.xtec.cat\/institutsants\/wp-json\/wp\/v2\/comments?post=21728"}],"version-history":[{"count":3,"href":"https:\/\/agora.xtec.cat\/institutsants\/wp-json\/wp\/v2\/pages\/21728\/revisions"}],"predecessor-version":[{"id":21737,"href":"https:\/\/agora.xtec.cat\/institutsants\/wp-json\/wp\/v2\/pages\/21728\/revisions\/21737"}],"up":[{"embeddable":true,"href":"https:\/\/agora.xtec.cat\/institutsants\/wp-json\/wp\/v2\/pages\/81"}],"wp:attachment":[{"href":"https:\/\/agora.xtec.cat\/institutsants\/wp-json\/wp\/v2\/media?parent=21728"}],"curies":[{"name":"wp","href":"https:\/\/api.w.org\/{rel}","templated":true}]}}