{"id":21721,"date":"2023-03-27T12:25:11","date_gmt":"2023-03-27T10:25:11","guid":{"rendered":"https:\/\/agora.xtec.cat\/institutsants\/?page_id=21721"},"modified":"2026-04-07T17:18:32","modified_gmt":"2026-04-07T15:18:32","slug":"beques","status":"publish","type":"page","link":"https:\/\/agora.xtec.cat\/institutsants\/secretaria\/beques\/","title":{"rendered":"Ajuts i Beques"},"content":{"rendered":"<p>A dia d\u2019avui teniu al vostre abast les seg\u00fcents beques:<\/p>\n<h2><strong>AJUTS MENJADOR<\/strong><\/h2>\n<p>&nbsp;<\/p>\n<h4>Termini de presentaci\u00f3 de les sol\u00b7licituds<\/h4>\n<h5><strong>Primer per\u00edode obert: entre el 8 i el 24 de setembre de 2025<\/strong><\/h5>\n<h5><strong>Segon per\u00edode obert: entre el 25 de setembre al 30 de novembre de 2025<\/strong><\/h5>\n<h5><strong>Tercer per\u00edode obert: entre l&#8217;1 de desembre de 2025 a l&#8217;1 de mar\u00e7 de 2026<\/strong><\/h5>\n<p>M\u00e9s informaci\u00f3\u00a0<a href=\"https:\/\/www.edubcn.cat\/ca\/alumnat_i_familia\/ajuts_beques_i_subvencions\/ajuts_de_menjador_escolar\" target=\"_blank\" rel=\"noopener\"><strong>https:\/\/www.edubcn.cat\/ca\/alumnat_i_familia\/ajuts_beques_i_subvencions\/ajuts_de_menjador_escolar<\/strong><\/a><\/p>\n<p><strong><a href=\"https:\/\/agora.xtec.cat\/institutsants\/wp-content\/uploads\/usu118\/2025\/10\/251028-Ajuts-de-menjador-25_26-Llistat-dadmesos-i-denegats-periode-inicial-obert-Taulell-Llista-definitiva.pdf\" target=\"_blank\" rel=\"noopener\">Llistat definitiva d&#8217;admesos i denegats del per\u00edode inicial dels ajuts de menjador<\/a><\/strong><\/p>\n<p><strong><a href=\"https:\/\/agora.xtec.cat\/institutsants\/wp-content\/uploads\/usu118\/2025\/11\/251124-Ajuts-de-menjador-25_26-Admesos_denegats.pdf\" target=\"_blank\" rel=\"noopener\">Llista definitiva d&#8217;admesos i denegats del primer per\u00edode obert dels ajuts de menjador<\/a><\/strong><\/p>\n<p><strong><a href=\"https:\/\/agora.xtec.cat\/institutsants\/wp-content\/uploads\/usu118\/2026\/02\/260209-Ajuts-de-menjador-25_26-Llistat-dadmesos-i-denegats-segon-periode-obert-taullell-Llista-definitiva.pdf\" target=\"_blank\" rel=\"noopener\">Llista definitiva d&#8217;admesos i denegats del segon per\u00edode obert dels ajuts de menjador<\/a><\/strong><\/p>\n<p><a href=\"https:\/\/agora.xtec.cat\/institutsants\/wp-content\/uploads\/usu118\/2026\/04\/08013147.pdf\" target=\"_blank\" rel=\"noopener\">Llista definitiva d&#8217;admesos i denegats del tercer per\u00edode obert dels ajuts de menjador<\/a><\/p>\n<p>&nbsp;<\/p>\n<hr \/>\n<p><a href=\"https:\/\/agora.xtec.cat\/institutsants\/wp-content\/uploads\/usu118\/2023\/05\/02_ajuts_menjador_2024.jpg\"><img loading=\"lazy\" decoding=\"async\" class=\"alignnone size-full wp-image-21961\" src=\"https:\/\/agora.xtec.cat\/institutsants\/wp-content\/uploads\/usu118\/2023\/05\/02_ajuts_menjador_2024.jpg\" alt=\"Ajuts menjador 2023-2024\" width=\"746\" height=\"376\" srcset=\"https:\/\/agora.xtec.cat\/institutsants\/wp-content\/uploads\/usu118\/2023\/05\/02_ajuts_menjador_2024.jpg 746w, https:\/\/agora.xtec.cat\/institutsants\/wp-content\/uploads\/usu118\/2023\/05\/02_ajuts_menjador_2024-300x151.jpg 300w\" sizes=\"auto, (max-width: 746px) 100vw, 746px\" \/><\/a><\/p>\n<p>&nbsp;<\/p>\n<p>&nbsp;<\/p>\n<h2><\/h2>\n<h2><strong>BEQUES DE BATXILLERAT MINISTERI D\u2019EDUCACI\u00d3 (MEC)<\/strong><\/h2>\n<p><strong>Termini de la sol\u00b7licitud: 24 de mar\u00e7 al 14 de maig de 2025<\/strong><\/p>\n<h3><a href=\"https:\/\/agora.xtec.cat\/institutsants\/wp-content\/uploads\/usu118\/2025\/04\/Full_info_beques_postobligatoris_25-26-1.pdf\" target=\"_blank\" rel=\"noopener\"><strong>INFORMACI\u00d3 BEQUES ESTUDIS POSTOBLIGATORIS<\/strong><\/a><\/h3>\n<p><a href=\"https:\/\/www.edubcn.cat\/ca\/alumnat_i_familia\/ajuts_beques_i_subvencions\/beques_post\" target=\"_blank\" rel=\"noopener\">Beques estudis postobligatoris<\/a><\/p>\n<p>Proposta provisional pr\u00e8via a la resoluci\u00f3 definitiva:<\/p>\n<p><a href=\"https:\/\/agora.xtec.cat\/institutsants\/wp-content\/uploads\/usu118\/2025\/11\/251104-Proposta-provisional-concessio-beques-Batxillerat-taulell.pdf\" target=\"_blank\" rel=\"noopener\">Llista provisional concessi\u00f3 beques Batxillerat<\/a> novembre 2025<\/p>\n<p><a href=\"https:\/\/agora.xtec.cat\/institutsants\/wp-content\/uploads\/usu118\/2025\/11\/251104-Proposta-provisional-denegacio-beques-Batxillerat-taulell.pdf\" target=\"_blank\" rel=\"noopener\">Llista provisional denegades beques Batxillerat<\/a> novembre 2025<\/p>\n<p><a href=\"https:\/\/agora.xtec.cat\/institutsants\/wp-content\/uploads\/usu118\/2025\/11\/251111-Proposta-provisional-concessio-beques-Batx-taulell.pdf\" target=\"_blank\" rel=\"noopener\">Llista provisional concessi\u00f3 beques Batxillerat<\/a> 12.11.2025<\/p>\n<p><a href=\"https:\/\/agora.xtec.cat\/institutsants\/wp-content\/uploads\/usu118\/2025\/11\/251111-Proposta-provisional-de-denegacio-beques-Batx-taulell.pdf\" target=\"_blank\" rel=\"noopener\">Llista provisional denegades beques Batxillerat<\/a> 12.11.2025<\/p>\n<p><a href=\"https:\/\/agora.xtec.cat\/institutsants\/wp-content\/uploads\/usu118\/2026\/01\/260112-Proposta-provisional-concessio-beques-Batx-taulell.pdf\" target=\"_blank\" rel=\"noopener\">Llista provisional concessi\u00f3 beques Batxillerat<\/a> 12.01.2026<\/p>\n<p><a href=\"https:\/\/agora.xtec.cat\/institutsants\/wp-content\/uploads\/usu118\/2026\/01\/260112-Proposta-provisional-de-denegacio-beques-Batx-taulell.pdf\" target=\"_blank\" rel=\"noopener\">Llista provisional denegades beques Batxillerat<\/a> 12.01.2026<\/p>\n<p><a href=\"https:\/\/agora.xtec.cat\/institutsants\/wp-content\/uploads\/usu118\/2026\/03\/260305_08013147_2025_Proposta36_AP_Tauler_concessio.pdf\" target=\"_blank\" rel=\"noopener\">Llista provisional concessi\u00f3 beques Batxillerat<\/a> 05.03.2026<\/p>\n<p><a href=\"https:\/\/agora.xtec.cat\/institutsants\/wp-content\/uploads\/usu118\/2026\/03\/260305_08013147_2025_Proposta35_DN_Tauler.pdf\" target=\"_blank\" rel=\"noopener\">Llistat provisional denegades beques Batxillerat<\/a> 05.03.2026<\/p>\n<p>&nbsp;<\/p>\n<p>&nbsp;<\/p>\n<p>&nbsp;<\/p>\n<p>&nbsp;<\/p>\n<h5><strong>Contra aquesta proposta els interessats poden formular al\u00b7legacions fins al 23 de gener de 2025.<\/strong><\/h5>\n<p>&nbsp;<\/p>\n<h4>A qui va dirigit<\/h4>\n<p>A estudiants dels seg\u00fcents\u00a0<strong>ensenyaments postobligatoris i superiors no universitaris<\/strong>:<\/p>\n<ul>\n<li>Primer i segon curs de batxillerat<\/li>\n<li>Formaci\u00f3 professional de grau mitj\u00e0 i de grau superior<\/li>\n<li>Ensenyaments art\u00edstics professionals<\/li>\n<li>Ensenyaments esportius<\/li>\n<li>Ensenyaments art\u00edstics superiors<\/li>\n<li>Estudis religiosos superiors<\/li>\n<li>Estudis militars superiors<\/li>\n<li>Estudis d\u2019idiomes en escoles oficials (inclosa la modalitat de dist\u00e0ncia)<\/li>\n<li>Cursos d\u2019acc\u00e9s i cursos de preparaci\u00f3 per a les proves d\u2019acc\u00e9s a la formaci\u00f3 professional i cursos de formaci\u00f3 espec\u00edfics per a l\u2019acc\u00e9s als cicles de grau mitj\u00e0 i de grau superior impartits en centres p\u00fablics i en centres privats.<\/li>\n<li>Formaci\u00f3 professional b\u00e0sica<\/li>\n<\/ul>\n<h2><strong>BEQUES MEC DE NECESSITAT ESPEC\u00cdFICA DE SUPORT EDUCATIU<\/strong><\/h2>\n<p><a href=\"https:\/\/agora.xtec.cat\/institutsants\/wp-content\/uploads\/usu118\/2026\/01\/08013147_2024_Proposta3_AP_Tauler.pdf\" target=\"_blank\" rel=\"noopener\">Llistat provisional concessi\u00f3 beques NESE curs 2024-2025<\/a><\/p>\n<p><a href=\"https:\/\/agora.xtec.cat\/institutsants\/wp-content\/uploads\/usu118\/2026\/01\/08013147_2024_Proposta3_DN_Tauler.pdf\" target=\"_blank\" rel=\"noopener\">Llistat provisional denegat beques NESE curs 2024-2025<\/a><\/p>\n<p><a href=\"https:\/\/agora.xtec.cat\/institutsants\/wp-content\/uploads\/usu118\/2026\/01\/08013147_2025_Proposta4_AP_Tauler.pdf\" target=\"_blank\" rel=\"noopener\">Llistat provisional concessi\u00f3 beques NESE curs 2025-2026<\/a><\/p>\n<p><a href=\"https:\/\/agora.xtec.cat\/institutsants\/wp-content\/uploads\/usu118\/2026\/01\/08013147_2025_Proposta5_AP_Tauler.pdf\" target=\"_blank\" rel=\"noopener\">Llistat provisional concessi\u00f3 beques NESE curs 2025-2026<\/a><\/p>\n<p><a href=\"https:\/\/agora.xtec.cat\/institutsants\/wp-content\/uploads\/usu118\/2026\/01\/08013147_2025_Proposta4_DN_Tauler.pdf\" target=\"_blank\" rel=\"noopener\">Llistat provisional denegat beques NESE curs 2025-2026<\/a><\/p>\n<p><a href=\"https:\/\/agora.xtec.cat\/institutsants\/wp-content\/uploads\/usu118\/2026\/02\/08013147_2025_Proposta6_AP_Tauler.pdf\" target=\"_blank\" rel=\"noopener\">Llista provisional concessi\u00f3 beques NESE curs 2025-2026<\/a><\/p>\n<p><a href=\"https:\/\/agora.xtec.cat\/institutsants\/wp-content\/uploads\/usu118\/2026\/03\/08013147_2025_Proposta7_AP_Tauler.pdf\" target=\"_blank\" rel=\"noopener\">Llistat provisional concessi\u00f3 beques NESE curs 2025-2026<\/a> 13.03.2026<\/p>\n<p>&nbsp;<\/p>\n<p><strong>A qui va dirigit<\/strong><\/p>\n<p>Alumnes escolaritzats en centres educatius espanyols que acreditin la necessitat espec\u00edfica de rebre suport educatiu i reuneixin els requisits establerts.<\/p>\n<p>Ajuts individualitzats convocats pel Ministeri d&#8217;Educaci\u00f3 i Formaci\u00f3 Professional per a alumnes amb necessitat espec\u00edfica de suport educatiu.<\/p>\n<div class=\"wrapper_list_needToKnow-group\">\n<div class=\"warning\">\n<p><img decoding=\"async\" style=\"font-family: inherit; font-size: 1em;\" src=\"https:\/\/web.gencat.cat\/web\/resources\/fwkResponsive\/fpca_tramit\/img\/imatge-alerta.svg\" \/><span style=\"font-family: inherit; font-size: 1em;\">Termini per presentar la sol\u00b7licitud: del 38 d&#8217;abril al 13 de setembre de 2024<\/span><\/p>\n<div class=\"link-dotted warning-content\">\n<p><img decoding=\"async\" src=\"https:\/\/web.gencat.cat\/web\/resources\/fwkResponsive\/fpca_tramit\/img\/imatge-alerta.svg\" \/>Tot el proc\u00e9s de sol\u00b7licitud de la beca es fa a trav\u00e9s de la seu electr\u00f2nica del Ministeri d&#8217;Educaci\u00f3 i Formaci\u00f3 Professional.<\/p>\n<p style=\"text-align: center;\"><strong>Fes clic en aquest <a href=\"https:\/\/www.educacionfpydeportes.gob.es\/servicios-al-ciudadano\/catalogo\/general\/05\/050140\/ficha\/050140-2024.html\" target=\"_blank\" rel=\"noopener\">enlla\u00e7<\/a> per comen\u00e7ar a sol\u00b7licitar-la<\/strong><\/p>\n<p>Si no es disposa de certificat electr\u00f2nic, claus electr\u00f2niques d&#8217;administracions p\u00fabliques o certificat electr\u00f2nic, un cop emplenat el formulari de sol\u00b7licitud s&#8217;haur\u00e0 d&#8217;imprimir (en format PDF) i presentar-lo al centre educatiu, on s&#8217;estudiar\u00e0.<\/p>\n<\/div>\n<div class=\"square square-bottom\"><\/div>\n<\/div>\n<div class=\"warning\">\n<p><img decoding=\"async\" src=\"\/web\/resources\/fwkResponsive\/fpca_tramit\/img\/imatge-alerta.svg\" alt=\"\" \/><strong style=\"font-family: inherit; font-size: 1em;\">Organisme responsable<\/strong><\/p>\n<\/div>\n<\/div>\n<ul>\n<li><a href=\"http:\/\/sac.gencat.cat\/sacgencat\/AppJava\/organisme_fitxa.jsp?codi=1599\">Departament d\u2019Ensenyament<\/a><\/li>\n<li><a href=\"http:\/\/sac.gencat.cat\/sacgencat\/AppJava\/organisme_fitxa.jsp?codi=15704\">Direcci\u00f3 General d\u2019Atenci\u00f3 a la Fam\u00edlia i Comunitat Educativa<\/a><\/li>\n<\/ul>\n<p>Per tenir m\u00e9s informaci\u00f3 dels terminis de presentaci\u00f3 visita aquesta <a href=\"http:\/\/web.gencat.cat\/ca\/tramits\/tramits-temes\/358-ajuts-ministerio-NEE?category=bd1b6d64-ca6f-11e5-8c48-005056924a59\">p\u00e0gina web<\/a><\/p>\n<h2><\/h2>\n<p>&nbsp;<\/p>\n","protected":false},"excerpt":{"rendered":"<p>A dia d\u2019avui teniu al vostre abast les seg\u00fcents beques:<br \/>\nAJUTS MENJADOR<br \/>\n&nbsp;<br \/>\nTermini de presentaci\u00f3 de les sol\u00b7licituds<br \/>\nPrimer per\u00edode obert: entre el 8 i el 24 de setembre de 2025<br \/>\nSegon per\u00edode obert: entre el 25 de setembre al 30 de novembre de 2025<br \/>\nTercer per\u00edode obert: entre l&#8217;1&hellip;  <a href=\"https:\/\/agora.xtec.cat\/institutsants\/secretaria\/beques\/\" title=\"Read Ajuts i Beques\">Llegeix m\u00e9s\u00bb<\/a><\/p>\n","protected":false},"author":5,"featured_media":0,"parent":81,"menu_order":0,"comment_status":"closed","ping_status":"closed","template":"","meta":{"_bbp_topic_count":0,"_bbp_reply_count":0,"_bbp_total_topic_count":0,"_bbp_total_reply_count":0,"_bbp_voice_count":0,"_bbp_anonymous_reply_count":0,"_bbp_topic_count_hidden":0,"_bbp_reply_count_hidden":0,"_bbp_forum_subforum_count":0,"footnotes":""},"class_list":["post-21721","page","type-page","status-publish","hentry"],"post_mailing_queue_ids":[],"_links":{"self":[{"href":"https:\/\/agora.xtec.cat\/institutsants\/wp-json\/wp\/v2\/pages\/21721","targetHints":{"allow":["GET"]}}],"collection":[{"href":"https:\/\/agora.xtec.cat\/institutsants\/wp-json\/wp\/v2\/pages"}],"about":[{"href":"https:\/\/agora.xtec.cat\/institutsants\/wp-json\/wp\/v2\/types\/page"}],"author":[{"embeddable":true,"href":"https:\/\/agora.xtec.cat\/institutsants\/wp-json\/wp\/v2\/users\/5"}],"replies":[{"embeddable":true,"href":"https:\/\/agora.xtec.cat\/institutsants\/wp-json\/wp\/v2\/comments?post=21721"}],"version-history":[{"count":8,"href":"https:\/\/agora.xtec.cat\/institutsants\/wp-json\/wp\/v2\/pages\/21721\/revisions"}],"predecessor-version":[{"id":24741,"href":"https:\/\/agora.xtec.cat\/institutsants\/wp-json\/wp\/v2\/pages\/21721\/revisions\/24741"}],"up":[{"embeddable":true,"href":"https:\/\/agora.xtec.cat\/institutsants\/wp-json\/wp\/v2\/pages\/81"}],"wp:attachment":[{"href":"https:\/\/agora.xtec.cat\/institutsants\/wp-json\/wp\/v2\/media?parent=21721"}],"curies":[{"name":"wp","href":"https:\/\/api.w.org\/{rel}","templated":true}]}}