{"id":21554,"date":"2023-03-17T20:28:16","date_gmt":"2023-03-17T19:28:16","guid":{"rendered":"https:\/\/agora.xtec.cat\/institutsants\/?page_id=21554"},"modified":"2023-03-20T12:27:12","modified_gmt":"2023-03-20T11:27:12","slug":"etwinning","status":"publish","type":"page","link":"https:\/\/agora.xtec.cat\/institutsants\/etwinning\/","title":{"rendered":"eTwinning"},"content":{"rendered":"<p>&nbsp;<\/p>\n<p><a href=\"https:\/\/etwinning.es\/ca\/\"><img loading=\"lazy\" decoding=\"async\" class=\"alignnone\" src=\"https:\/\/www.schooleducationgateway.eu\/files\/png4\/etwinning_logo_656x369.png\" alt=\"eTwinning: la comunidad de centros escolares de Europa\" width=\"491\" height=\"276\" \/><\/a><\/p>\n<p>El projecte <strong>eTwinning<\/strong> ha estat un \u00e8xit per als nostres professors <strong>Carlos Izcara<\/strong> i <strong>Nuria Serichol<\/strong>! Amb la seva dedicaci\u00f3 i esfor\u00e7, han aconseguit un <strong>segell de qualitat<\/strong> per al projecte que han liderat.<\/p>\n<p>L&#8217;eTwinning \u00e9s un programa europeu que promou la col\u00b7laboraci\u00f3 escolar a trav\u00e9s de les tecnologies de la informaci\u00f3 i la comunicaci\u00f3. Aquesta iniciativa busca fomentar l&#8217;aprenentatge intercultural i la millora de les compet\u00e8ncies digitals dels alumnes i professors. I el nostre institut Sants ha estat part d&#8217;aquesta gran aventura.<\/p>\n<p>Carlos i Nuria han liderat un projecte que ha estat ben valorat per la comunitat educativa. Els alumnes han apr\u00e8s a treballar en equip amb companys d&#8217;altres pa\u00efsos, han millorat el seu nivell d&#8217;angl\u00e8s i han apr\u00e8s sobre altres cultures. Els professors, per la seva banda, han apr\u00e8s a integrar noves tecnologies a les seves classes i han millorat la seva capacitaci\u00f3 professional.<\/p>\n<p>Aquest segell de qualitat \u00e9s un reconeixement al treball ben fet i a la dedicaci\u00f3 de tots els implicats. Enhorabona a Carlos i Nuria per aquesta gran gesta i a tots els alumnes i professors que han participat en aquest projecte. Esperem que aquesta iniciativa continui aportant valor al nostre institut i a la comunitat educativa en general.<\/p>\n<p>&nbsp;<\/p>\n<p>&nbsp;<\/p>\n","protected":false},"excerpt":{"rendered":"<p>&nbsp;<br \/>\n<a href=\"https:\/\/etwinning.es\/ca\/\"><\/a><br \/>\nEl projecte eTwinning ha estat un \u00e8xit per als nostres professors Carlos Izcara i Nuria Serichol! Amb la seva dedicaci\u00f3 i esfor\u00e7, han aconseguit un segell de qualitat per al projecte que han liderat.<br \/>\nL&#8217;eTwinning \u00e9s un programa europeu que promou la col\u00b7laboraci\u00f3 escolar a&hellip;  <a href=\"https:\/\/agora.xtec.cat\/institutsants\/etwinning\/\" title=\"Read eTwinning\">Llegeix m\u00e9s\u00bb<\/a><\/p>\n","protected":false},"author":5,"featured_media":0,"parent":0,"menu_order":0,"comment_status":"closed","ping_status":"closed","template":"","meta":{"_bbp_topic_count":0,"_bbp_reply_count":0,"_bbp_total_topic_count":0,"_bbp_total_reply_count":0,"_bbp_voice_count":0,"_bbp_anonymous_reply_count":0,"_bbp_topic_count_hidden":0,"_bbp_reply_count_hidden":0,"_bbp_forum_subforum_count":0,"footnotes":""},"class_list":["post-21554","page","type-page","status-publish","hentry"],"post_mailing_queue_ids":[],"_links":{"self":[{"href":"https:\/\/agora.xtec.cat\/institutsants\/wp-json\/wp\/v2\/pages\/21554","targetHints":{"allow":["GET"]}}],"collection":[{"href":"https:\/\/agora.xtec.cat\/institutsants\/wp-json\/wp\/v2\/pages"}],"about":[{"href":"https:\/\/agora.xtec.cat\/institutsants\/wp-json\/wp\/v2\/types\/page"}],"author":[{"embeddable":true,"href":"https:\/\/agora.xtec.cat\/institutsants\/wp-json\/wp\/v2\/users\/5"}],"replies":[{"embeddable":true,"href":"https:\/\/agora.xtec.cat\/institutsants\/wp-json\/wp\/v2\/comments?post=21554"}],"version-history":[{"count":3,"href":"https:\/\/agora.xtec.cat\/institutsants\/wp-json\/wp\/v2\/pages\/21554\/revisions"}],"predecessor-version":[{"id":21602,"href":"https:\/\/agora.xtec.cat\/institutsants\/wp-json\/wp\/v2\/pages\/21554\/revisions\/21602"}],"wp:attachment":[{"href":"https:\/\/agora.xtec.cat\/institutsants\/wp-json\/wp\/v2\/media?parent=21554"}],"curies":[{"name":"wp","href":"https:\/\/api.w.org\/{rel}","templated":true}]}}