{"id":21422,"date":"2023-03-16T14:32:33","date_gmt":"2023-03-16T13:32:33","guid":{"rendered":"https:\/\/agora.xtec.cat\/institutsants\/?page_id=21422"},"modified":"2024-10-02T11:38:00","modified_gmt":"2024-10-02T09:38:00","slug":"certificat-nivell-de-catala","status":"publish","type":"page","link":"https:\/\/agora.xtec.cat\/institutsants\/secretaria\/certificat-nivell-de-catala\/","title":{"rendered":"Certificat nivell de Catal\u00e0"},"content":{"rendered":"<h4><strong>Requeriments<\/strong><\/h4>\n<ul>\n<li><strong>Escolaritzaci\u00f3 complerta a Catalunya (des de l\u2019EGB o Prim\u00e0ria).<\/strong><\/li>\n<li>No haver estat exempt de catal\u00e0.<\/li>\n<li>Inici de l\u2019escolaritzaci\u00f3 a partir del curs 1978-79 (incl\u00f2s). Acompleix aquest requisit la gent nascuda a partir de 1972.<\/li>\n<li>Si has nascut abans del 1972 i vols obtenir el certificat de catal\u00e0 has de dirigir-te al Departament d\u2019Educaci\u00f3 (per normativa els instituts no els podeu certificar).<\/li>\n<\/ul>\n<h4><strong>Com es sol\u00b7licita?<\/strong><\/h4>\n<p>Si no viviu a Barcelona o no sou exalumnes us recomanem que el demaneu a l\u2019institut p\u00fablic m\u00e9s proper al vostre domicili. Gr\u00e0cies per la vostra comprensi\u00f3.<\/p>\n<p>PRESENCIALMENT: Portar a la Secretaria del centre la sol\u00b7licitud complimentada (pots descarregar-la\u00a0<strong><a href=\"https:\/\/documents.espai.educacio.gencat.cat\/FormularisModels\/CentresGestioAdministrativa\/A816.pdf\" target=\"_blank\" rel=\"noopener\">aqu\u00ed<\/a><\/strong>) i la documentaci\u00f3 que s\u2019indica a la taula d\u2019equival\u00e8ncies amb el DNI de la persona que sol\u00b7licita el certificat. No cal que vingui el titular personalment. El certificat es lliurar\u00e0 en paper.<\/p>\n<p><a href=\"https:\/\/agora.xtec.cat\/institutsants\/wp-content\/uploads\/usu118\/bp-attachments\/21826\/Sol.licitud-de-reconeixement-catala-B2.pdf\" target=\"_blank\" rel=\"noopener\"><strong>DESCARREGA LA SOL\u00b7LICITUD<\/strong><\/a><\/p>\n<h4><strong>Documentaci\u00f3 a aportar i Taula d\u2019equival\u00e8ncies<\/strong><\/h4>\n<p>Nom\u00e9s es poden sol\u00b7licitar els nivells que s\u2019indiquen.<\/p>\n<h4><strong><b>Requisits<\/b><\/strong><strong><b>\u00a0<\/b><\/strong><strong><b>per<\/b><\/strong><strong><b>\u00a0<\/b><\/strong><strong><b>poder<\/b><\/strong><strong><b>\u00a0<\/b><\/strong><strong><b>acreditar<\/b><\/strong><strong><b>\u00a0<\/b><\/strong><strong><b>el<\/b><\/strong><strong><b>\u00a0<\/b><\/strong><strong><b>nivell<\/b><\/strong><strong><b>\u00a0<\/b><\/strong><strong><b>de<\/b><\/strong><strong><b>\u00a0<\/b><\/strong><strong><b>catal\u00e0 B2 i C1<\/b><\/strong><\/h4>\n<p><strong>\u00a0<\/strong><a href=\"https:\/\/agora.xtec.cat\/institutsants\/wp-content\/uploads\/usu118\/2024\/03\/nivellB2-C1-1.jpg\"><img loading=\"lazy\" decoding=\"async\" class=\"alignnone wp-image-22886 size-full\" src=\"https:\/\/agora.xtec.cat\/institutsants\/wp-content\/uploads\/usu118\/2024\/03\/nivellB2-C1-1.jpg\" alt=\"\" width=\"710\" height=\"858\" srcset=\"https:\/\/agora.xtec.cat\/institutsants\/wp-content\/uploads\/usu118\/2024\/03\/nivellB2-C1-1.jpg 710w, https:\/\/agora.xtec.cat\/institutsants\/wp-content\/uploads\/usu118\/2024\/03\/nivellB2-C1-1-248x300.jpg 248w\" sizes=\"auto, (max-width: 710px) 100vw, 710px\" \/><\/a><\/p>\n<p>*certificat acreditatiu: en cas de no tenir el llibre d\u2019escolaritat, heu d\u2019anar a l\u2019escola o institut on vau estudiar la prim\u00e0ria\/secund\u00e0ria\/batxillerat\/FPI\/FP2\/BUP, per demanar un certificat que indiqui els anys i els cursos d\u2019escolaritat i la frase\u00a0<em>\u201cl\u2019alumne ha cursat i aprovat la mat\u00e8ria de llengua catalana\u201d.<\/em><\/p>\n<p>Aquelles persones que\u00a0<strong>NO ACOMPLEIXIN ELS REQUISITS<\/strong>\u00a0s\u2019han d\u2019adre\u00e7ar a:<\/p>\n<p><a href=\"https:\/\/educacio.gencat.cat\/ca\/tramits\/tramits-temes\/reconeixement-b2-c1-catala?category=bd1b6d64-ca6f-11e5-8c48-005056924a59\" target=\"_blank\" rel=\"noopener\">https:\/\/educacio.gencat.cat\/ca\/tramits\/tramits-temes\/reconeixement-b2-c1-catala?category=bd1b6d64-ca6f-11e5-8c48-005056924a59<\/a><\/p>\n<p><i>Departament d\u2019Ensenyament<br \/>\nVia Augusta, 202-226 | Barcelona<br \/>\nTel\u00e8fon: 934 006 900<\/i><\/p>\n<p>Aqu\u00ed podeu consultar la\u00a0<strong><a href=\"https:\/\/portaljuridic.gencat.cat\/ca\/pjur_ocults\/pjur_resultats_fitxa\/?action=fitxa&amp;mode=single&amp;documentId=501140&amp;language=ca_ES\" target=\"_blank\" rel=\"noopener\">ORDRE VCP\/491\/2009, de 12 de novembre, per la qual es refonen i s\u2019actualitzen els t\u00edtols, diplomes i certificats equivalents als certificats de coneixements de catal\u00e0 de la Secretaria de Pol\u00edtica Ling\u00fc\u00edstica<\/a><\/strong>\u00a0i la web d\u2019<strong>\u00a0<a href=\"http:\/\/llengua.gencat.cat\/ca\/serveis\/acreditacio_coneixements\/certificats_de_catala\/equivalencies_i_acreditacio_de_coneixements_de_catala\/\">Equival\u00e8ncies i acreditaci\u00f3 de coneixements de catal\u00e0.<\/a><\/strong><\/p>\n<p><a href=\"https:\/\/web.gencat.cat\/ca\/tramits\/tramits-temes\/22046-reconeixement-b2-c1-catala?category=742b7874-a82c-11e3-a972-000c29052e2c\" target=\"_blank\" rel=\"noopener\"><strong>https:\/\/web.gencat.cat\/ca\/tramits\/tramits-temes\/22046-reconeixement-b2-c1-catala?category=742b7874-a82c-11e3-a972-000c29052e2c<\/strong><\/a><\/p>\n<p><a href=\"https:\/\/llengua.gencat.cat\/ca\/serveis\/acreditacio_coneixements\/certificats_de_catala\">Informaci\u00f3 del Departament d&#8217;Educaci\u00f3<\/a><\/p>\n<h4><strong>Termini de lliurament del certificat?<\/strong><\/h4>\n<p>\u00c9<em>s d\u2019aproximadament\u00a0 10-15 dies h\u00e0bils des de la sol\u00b7licitud.<\/em><\/p>\n<h4><strong>Validesa<\/strong><\/h4>\n<p>El certificats de catal\u00e0 de la Direcci\u00f3 General de Pol\u00edtica Ling\u00fc\u00edstica s\u00f3n t\u00edtols oficials amb reconeixement internacional i validesa indefinida.<\/p>\n","protected":false},"excerpt":{"rendered":"<p>Requeriments<\/p>\n<ul>\n<li>Escolaritzaci\u00f3 complerta a Catalunya (des de l\u2019EGB o Prim\u00e0ria).<\/li>\n<li>No haver estat exempt de catal\u00e0.<\/li>\n<li>Inici de l\u2019escolaritzaci\u00f3 a partir del curs 1978-79 (incl\u00f2s). Acompleix aquest requisit la gent nascuda a partir de 1972.<\/li>\n<li>Si has nascut abans del 1972 i vols obtenir el certificat de catal\u00e0 has&hellip;  <a href=\"https:\/\/agora.xtec.cat\/institutsants\/secretaria\/certificat-nivell-de-catala\/\" title=\"Read Certificat nivell de Catal\u00e0\">Llegeix m\u00e9s\u00bb<\/a><br \/>\n","protected":false},"author":5,"featured_media":0,"parent":81,"menu_order":9,"comment_status":"closed","ping_status":"closed","template":"","meta":{"_bbp_topic_count":0,"_bbp_reply_count":0,"_bbp_total_topic_count":0,"_bbp_total_reply_count":0,"_bbp_voice_count":0,"_bbp_anonymous_reply_count":0,"_bbp_topic_count_hidden":0,"_bbp_reply_count_hidden":0,"_bbp_forum_subforum_count":0,"footnotes":""},"class_list":["post-21422","page","type-page","status-publish","hentry"],"post_mailing_queue_ids":[],"_links":{"self":[{"href":"https:\/\/agora.xtec.cat\/institutsants\/wp-json\/wp\/v2\/pages\/21422","targetHints":{"allow":["GET"]}}],"collection":[{"href":"https:\/\/agora.xtec.cat\/institutsants\/wp-json\/wp\/v2\/pages"}],"about":[{"href":"https:\/\/agora.xtec.cat\/institutsants\/wp-json\/wp\/v2\/types\/page"}],"author":[{"embeddable":true,"href":"https:\/\/agora.xtec.cat\/institutsants\/wp-json\/wp\/v2\/users\/5"}],"replies":[{"embeddable":true,"href":"https:\/\/agora.xtec.cat\/institutsants\/wp-json\/wp\/v2\/comments?post=21422"}],"version-history":[{"count":7,"href":"https:\/\/agora.xtec.cat\/institutsants\/wp-json\/wp\/v2\/pages\/21422\/revisions"}],"predecessor-version":[{"id":23599,"href":"https:\/\/agora.xtec.cat\/institutsants\/wp-json\/wp\/v2\/pages\/21422\/revisions\/23599"}],"up":[{"embeddable":true,"href":"https:\/\/agora.xtec.cat\/institutsants\/wp-json\/wp\/v2\/pages\/81"}],"wp:attachment":[{"href":"https:\/\/agora.xtec.cat\/institutsants\/wp-json\/wp\/v2\/media?parent=21422"}],"curies":[{"name":"wp","href":"https:\/\/api.w.org\/{rel}","templated":true}]}}