{"id":21399,"date":"2023-03-15T14:08:10","date_gmt":"2023-03-15T13:08:10","guid":{"rendered":"https:\/\/agora.xtec.cat\/institutsants\/?page_id=21399"},"modified":"2026-04-08T10:20:03","modified_gmt":"2026-04-08T08:20:03","slug":"preinscripcio-batxillerat-2023-2024","status":"publish","type":"page","link":"https:\/\/agora.xtec.cat\/institutsants\/preinscripcio-batxillerat-2023-2024\/","title":{"rendered":"Preinscripci\u00f3 Batxillerat 2026-2027"},"content":{"rendered":"<header class=\"entry-header\">\n<h1 class=\"entry-title\"><\/h1>\n<\/header>\n<div class=\"entry-content\">\n<p>&nbsp;<\/p>\n<p>A la web del\u00a0<u><a href=\"https:\/\/www.edubcn.cat\/ca\/alumnat_i_familia\/informacio_general_matriculacio\/preinscripcio#\/5\" target=\"_blank\" rel=\"noopener\">Consorci<\/a><\/u>\u00a0i del\u00a0<a href=\"https:\/\/preinscripcio.gencat.cat\/ca\/inici\/\" target=\"_blank\" rel=\"noopener\"><u>Departament d\u2019Ensenyament<\/u><\/a>\u00a0teniu tota\u00a0la informaci\u00f3\u00a0actualitzada.<\/p>\n<div class=\"main_color container_wrap_first container_wrap fullsize\">\n<div class=\"container\">\n<div class=\"post-entry post-entry-type-page post-entry-8428\">\n<div class=\"entry-content-wrapper clearfix\">\n<div class=\"flex_column av_two_fifth flex_column_div av-zero-column-padding avia-builder-el-2 el_after_av_three_fifth el_before_av_section avia-builder-el-last \">\n<section class=\"av_textblock_section \">\n<div class=\"avia_textblock \">\n<p><strong>CONTACTE\u00a0\u00a0<\/strong>\u00a0 a8013147@xtec.cat\u00a0 |\u00a0 \u00a0 93 4902466<\/p>\n<p><strong>CODI CENTRE:<\/strong>\u00a008013147 INSTITUT SANTS<\/p>\n<p>&nbsp;<\/p>\n<h5 class=\"entry-title\">Preinscripci\u00f3 de Batxillerat: <strong>del 9 al 16 d&#8217;abril de 2026<\/strong><\/h5>\n<\/div>\n<\/section>\n<section class=\"av_textblock_section \">\n<div class=\"avia_textblock \">\n<p><strong><a href=\"https:\/\/preinscripcio.gencat.cat\/ca\/estudis\/batxillerat\/inici\/\" target=\"_blank\" rel=\"noopener\">http:\/\/preinscripcio.gencat.cat\/ca\/estudis\/batxillerat\/inici\/<\/a><\/strong><\/p>\n<\/div>\n<\/section>\n<\/div>\n<\/div>\n<\/div>\n<\/div>\n<\/div>\n<h4><\/h4>\n<h3><strong><a href=\"https:\/\/agora.xtec.cat\/institutsants\/wp-content\/uploads\/usu118\/2026\/04\/2026_2027_Oferta-inicial_Batxillerat.pdf\" target=\"_blank\" rel=\"noopener\">OFERTA INICIAL DE PLACES DE BATXILLERAT CURS 2026-2027 <\/a><\/strong><\/h3>\n<div id=\"av_section_1\" class=\"avia-section main_color avia-section-default avia-no-border-styling avia-bg-style-scroll avia-builder-el-5 el_after_av_two_fifth el_before_av_one_full container_wrap fullsize\">\n<div class=\"container\">\n<div class=\"template-page content av-content-full alpha units\">\n<h5 class=\"entry-title\"><\/h5>\n<div class=\"post-entry post-entry-type-page post-entry-8428\">\n<div class=\"entry-content-wrapper clearfix\">\n<section class=\"av_textblock_section \">\n<div class=\"avia_textblock \">\n<h3><\/h3>\n<h3><strong><a href=\"https:\/\/preinscripcio.gencat.cat\/ca\/estudis\/batxillerat\/inici\/\">Coneix les teves dates clau<\/a><\/strong><\/h3>\n<\/div>\n<div class=\"avia_textblock \">\n<p><span style=\"font-size: 2.3125em; font-weight: bold;\">1. Abans de la preinscripci\u00f3<\/span><\/p>\n<\/div>\n<\/section>\n<div id=\"after_section_1\" class=\"main_color av_default_container_wrap container_wrap fullsize\">\n<div class=\"container\">\n<div class=\"template-page content av-content-full alpha units\">\n<div class=\"post-entry post-entry-type-page post-entry-8428\">\n<div class=\"entry-content-wrapper clearfix\">\n<div class=\"flex_column av_one_full flex_column_div av-zero-column-padding first avia-builder-el-8 el_after_av_section el_before_av_one_full avia-builder-el-first \">\n<section class=\"av_textblock_section \">\n<div class=\"avia_textblock \">\n<div class=\"NG-menu__wrapper_title\">\n<div class=\"list-item-wrapper\">\n<div class=\"col icon-col\">\n<div class=\"icon\"><img decoding=\"async\" class=\"entered lazyloaded\" src=\"https:\/\/preinscripcio.gencat.cat\/web\/.content\/icones\/calendari-off.png_2044584825.png\" alt=\"\" data-lazy-src=\"https:\/\/preinscripcio.gencat.cat\/web\/.content\/icones\/calendari-off.png_2044584825.png\" data-ll-status=\"loaded\" \/>\u00a0<a class=\"\" title=\"Coneix les dates clau del calendari i les accions associades\" href=\"https:\/\/preinscripcio.gencat.cat\/ca\/estudis\/batxillerat\/informat\/calendari\/\" target=\"_self\" rel=\"noopener\">Coneix les dates clau del calendari i les accions associades<\/a><\/div>\n<\/div>\n<\/div>\n<div class=\"list-item-wrapper\">\n<div class=\"col icon-col\">\n<div class=\"icon\"><img decoding=\"async\" class=\"entered lazyloaded\" src=\"https:\/\/preinscripcio.gencat.cat\/web\/.content\/icones\/criteris-off.png_2044584825.png\" alt=\"\" data-lazy-src=\"https:\/\/preinscripcio.gencat.cat\/web\/.content\/icones\/criteris-off.png_2044584825.png\" data-ll-status=\"loaded\" \/>\u00a0<a class=\"\" title=\"Ent\u00e9n els criteris de selecci\u00f3, prioritzaci\u00f3 i desempat\" href=\"https:\/\/preinscripcio.gencat.cat\/ca\/estudis\/batxillerat\/informat\/criteris-assignacio\/\" target=\"_self\" rel=\"noopener\">Ent\u00e9n els criteris de selecci\u00f3, prioritzaci\u00f3 i desempat<\/a><\/div>\n<\/div>\n<\/div>\n<div class=\"list-item-wrapper\">\n<div class=\"col icon-col\">\n<div class=\"icon\"><img decoding=\"async\" class=\"entered lazyloaded\" src=\"https:\/\/preinscripcio.gencat.cat\/web\/.content\/icones\/cerca-off.png_2044584825.png\" alt=\"\" data-lazy-src=\"https:\/\/preinscripcio.gencat.cat\/web\/.content\/icones\/cerca-off.png_2044584825.png\" data-ll-status=\"loaded\" \/>\u00a0<a class=\"\" title=\"Busca l'escola o centre educatiu\" href=\"https:\/\/preinscripcio.gencat.cat\/ca\/estudis\/batxillerat\/informat\/busca-centre\/\" target=\"_self\" rel=\"noopener\">Busca l\u2019escola o centre educatiu<\/a><\/div>\n<\/div>\n<\/div>\n<div class=\"list-item-wrapper\">\n<div class=\"col icon-col\">\n<div class=\"icon\"><img decoding=\"async\" class=\"entered lazyloaded\" src=\"https:\/\/preinscripcio.gencat.cat\/web\/.content\/icones\/doc-off.png_2044584825.png\" alt=\"\" data-lazy-src=\"https:\/\/preinscripcio.gencat.cat\/web\/.content\/icones\/doc-off.png_2044584825.png\" data-ll-status=\"loaded\" \/>\u00a0<a class=\"\" title=\"Prepara la documentaci\u00f3 que, si escau, haur\u00e0s d'adjuntar a la sol\u00b7licitud\" href=\"https:\/\/preinscripcio.gencat.cat\/ca\/estudis\/batxillerat\/informat\/prepara-documentacio\/\" target=\"_self\" rel=\"noopener\">Prepara la documentaci\u00f3 que, si escau, haur\u00e0s d\u2019adjuntar a la sol\u00b7licitud<\/a><\/div>\n<\/div>\n<\/div>\n<div class=\"list-item-wrapper\">\n<div class=\"col icon-col\"><\/div>\n<\/div>\n<div class=\"list-item-wrapper\">\n<div class=\"col icon-col\">\n<div class=\"list-item-wrapper\">\n<div class=\"col icon-col\"><\/div>\n<\/div>\n<div><\/div>\n<\/div>\n<\/div>\n<\/div>\n<div class=\"NG-menu__wrapper_title2\"><\/div>\n<\/div>\n<\/section>\n<\/div>\n<div class=\"flex_column av_one_full flex_column_div av-zero-column-padding first avia-builder-el-10 el_after_av_one_full el_before_av_one_full column-top-margin\">\n<section class=\"av_textblock_section \">\n<div class=\"avia_textblock \">\n<div class=\"NG-menu__wrapper_title\">\n<div class=\"list-item-wrapper\">\n<div class=\"col icon-col\">\n<div>\n<h2 class=\"header2 pd-15 pd-30\">2. Presenta la sol\u00b7licitud de preinscripci\u00f3 i fes-ne el seguiment<\/h2>\n<div class=\"list-item-wrapper\">\n<div class=\"col icon-col\">\n<div class=\"icon\"><img decoding=\"async\" class=\"entered lazyloaded\" src=\"https:\/\/preinscripcio.gencat.cat\/web\/.content\/icones\/sollicitud-off.png_2044584825.png\" alt=\"\" data-lazy-src=\"https:\/\/preinscripcio.gencat.cat\/web\/.content\/icones\/sollicitud-off.png_2044584825.png\" data-ll-status=\"loaded\" \/>\u00a0<a class=\"\" title=\"Fes la sol\u00b7licitud de preinscripci\u00f3 i presenta-la\" href=\"https:\/\/preinscripcio.gencat.cat\/ca\/estudis\/batxillerat\/preinscriute\/sollicitud\/\" target=\"_self\" rel=\"noopener\">Fes la sol\u00b7licitud de preinscripci\u00f3 i presenta-la<\/a><\/div>\n<\/div>\n<\/div>\n<div class=\"list-item-wrapper\">\n<div class=\"col icon-col\">\n<div class=\"icon\"><img decoding=\"async\" class=\"entered lazyloaded\" src=\"https:\/\/preinscripcio.gencat.cat\/web\/.content\/icones\/consulta-revisa1-off.png_2044584825.png\" alt=\"\" data-lazy-src=\"https:\/\/preinscripcio.gencat.cat\/web\/.content\/icones\/consulta-revisa1-off.png_2044584825.png\" data-ll-status=\"loaded\" \/>\u00a0<a class=\"\" title=\"Fes el seguiment de la teva sol\u00b7licitud\" href=\"https:\/\/preinscripcio.gencat.cat\/ca\/estudis\/batxillerat\/preinscriute\/seguiment-sollicitud\/\" target=\"_self\" rel=\"noopener\">Fes el seguiment de la teva sol\u00b7licitud<\/a><\/div>\n<\/div>\n<\/div>\n<div class=\"list-item-wrapper\">\n<div class=\"col icon-col\">\n<div class=\"icon\"><img decoding=\"async\" class=\"entered lazyloaded\" src=\"https:\/\/preinscripcio.gencat.cat\/web\/.content\/icones\/persona-off.png_2044584825.png\" alt=\"\" data-lazy-src=\"https:\/\/preinscripcio.gencat.cat\/web\/.content\/icones\/persona-off.png_2044584825.png\" data-ll-status=\"loaded\" \/>\u00a0<a class=\"\" title=\"Consulta la teva pla\u00e7a\" href=\"https:\/\/preinscripcio.gencat.cat\/ca\/estudis\/batxillerat\/preinscriute\/consulta\/\" target=\"_self\" rel=\"noopener\">Consulta la teva pla\u00e7a<\/a><\/div>\n<\/div>\n<\/div>\n<\/div>\n<div>\n<div class=\"list-item-wrapper\">\n<div class=\"col icon-col\">\n<div class=\"icon\">\n<div class=\"col icon-col\">\n<div class=\"icon\">\n<div class=\"list-item-wrapper\">\n<div class=\"col icon-col\">\n<div class=\"icon\">\n<div class=\"col icon-col\"><\/div>\n<\/div>\n<\/div>\n<\/div>\n<\/div>\n<\/div>\n<\/div>\n<\/div>\n<\/div>\n<div class=\"list-item-wrapper\">\n<div class=\"col content-col\"><\/div>\n<\/div>\n<\/div>\n<\/div>\n<\/div>\n<h1 class=\"NG-menu__title\"><\/h1>\n<\/div>\n<div class=\"NG-menu__wrapper_title2\"><\/div>\n<\/div>\n<\/section>\n<\/div>\n<div class=\"flex_column av_one_full flex_column_div av-zero-column-padding first avia-builder-el-12 el_after_av_one_full el_before_av_one_full column-top-margin\">\n<section class=\"av_textblock_section \">\n<div class=\"avia_textblock \">\n<div class=\"NG-menu__wrapper_title\">\n<div class=\"list-item-wrapper\">\n<div class=\"col icon-col\">\n<div>\n<h2 class=\"header2 pd-15 pd-30\">3. Ja pots formalitzar la matr\u00edcula!<\/h2>\n<div class=\"list-item-wrapper\">\n<div class=\"col icon-col\">\n<div class=\"icon\"><img decoding=\"async\" class=\"entered lazyloaded\" src=\"https:\/\/preinscripcio.gencat.cat\/web\/.content\/icones\/matricula-off.png_2044584825.png\" alt=\"\" data-lazy-src=\"https:\/\/preinscripcio.gencat.cat\/web\/.content\/icones\/matricula-off.png_2044584825.png\" data-ll-status=\"loaded\" \/>\u00a0<a class=\"\" title=\"Formalitza la matr\u00edcula al centre educatiu assignat\" href=\"https:\/\/preinscripcio.gencat.cat\/ca\/estudis\/batxillerat\/matriculat\/formalitzacio\/\" target=\"_self\" rel=\"noopener\">Formalitza la matr\u00edcula al centre educatiu assignat<\/a><\/div>\n<\/div>\n<\/div>\n<div class=\"list-item-wrapper\">\n<div class=\"col icon-col\"><\/div>\n<\/div>\n<\/div>\n<\/div>\n<\/div>\n<h1 class=\"NG-menu__title\"><\/h1>\n<\/div>\n<div class=\"NG-menu__wrapper_title2\"><\/div>\n<\/div>\n<\/section>\n<\/div>\n<div class=\"flex_column av_one_full flex_column_div av-zero-column-padding first avia-builder-el-14 el_after_av_one_full avia-builder-el-last column-top-margin\"><\/div>\n<\/div>\n<\/div>\n<\/div>\n<\/div>\n<\/div>\n<\/div>\n<\/div>\n<\/div>\n<\/div>\n<\/div>\n<div class=\"addtoany_share_save_container addtoany_content addtoany_content_bottom\">\n<div class=\"a2a_kit a2a_kit_size_25 addtoany_list\" data-a2a-url=\"https:\/\/agora.xtec.cat\/institutsants\/preinscripcio-eso-2023_2024\/\" data-a2a-title=\"Preinscripci\u00f3 ESO 2023-2024\"><\/div>\n<\/div>\n<\/div>\n","protected":false},"excerpt":{"rendered":"<p>&nbsp;<br \/>\nA la web del\u00a0<a href=\"https:\/\/www.edubcn.cat\/ca\/alumnat_i_familia\/informacio_general_matriculacio\/preinscripcio#\/5\" target=\"_blank\" rel=\"noopener\">Consorci<\/a>\u00a0i del\u00a0<a href=\"https:\/\/preinscripcio.gencat.cat\/ca\/inici\/\" target=\"_blank\" rel=\"noopener\">Departament d\u2019Ensenyament<\/a>\u00a0teniu tota\u00a0la informaci\u00f3\u00a0actualitzada.<\/p>\n<p>CONTACTE\u00a0\u00a0\u00a0 a8013147@xtec.cat\u00a0 |\u00a0 \u00a0 93 4902466<br \/>\nCODI CENTRE:\u00a008013147 INSTITUT SANTS<br \/>\n&nbsp;<br \/>\nPreinscripci\u00f3 de Batxillerat: del 9 al 16 d&#8217;abril de 2026<\/p>\n<p><a href=\"https:\/\/preinscripcio.gencat.cat\/ca\/estudis\/batxillerat\/inici\/\" target=\"_blank\" rel=\"noopener\">http:\/\/preinscripcio.gencat.cat\/ca\/estudis\/batxillerat\/inici\/<\/a><\/p>\n<p><a href=\"https:\/\/agora.xtec.cat\/institutsants\/wp-content\/uploads\/usu118\/2026\/04\/2026_2027_Oferta-inicial_Batxillerat.pdf\" target=\"_blank\" rel=\"noopener\">OFERTA INICIAL DE PLACES DE BATXILLERAT CURS 2026-2027 <\/a><\/p>\n<p><a&hellip;  <a href=\"https:\/\/agora.xtec.cat\/institutsants\/preinscripcio-batxillerat-2023-2024\/\" title=\"Read Preinscripci\u00f3 Batxillerat 2026-2027\">Llegeix m\u00e9s\u00bb<\/a><\/p>\n","protected":false},"author":5,"featured_media":0,"parent":0,"menu_order":0,"comment_status":"closed","ping_status":"closed","template":"","meta":{"_bbp_topic_count":0,"_bbp_reply_count":0,"_bbp_total_topic_count":0,"_bbp_total_reply_count":0,"_bbp_voice_count":0,"_bbp_anonymous_reply_count":0,"_bbp_topic_count_hidden":0,"_bbp_reply_count_hidden":0,"_bbp_forum_subforum_count":0,"footnotes":""},"class_list":["post-21399","page","type-page","status-publish","hentry"],"post_mailing_queue_ids":[],"_links":{"self":[{"href":"https:\/\/agora.xtec.cat\/institutsants\/wp-json\/wp\/v2\/pages\/21399","targetHints":{"allow":["GET"]}}],"collection":[{"href":"https:\/\/agora.xtec.cat\/institutsants\/wp-json\/wp\/v2\/pages"}],"about":[{"href":"https:\/\/agora.xtec.cat\/institutsants\/wp-json\/wp\/v2\/types\/page"}],"author":[{"embeddable":true,"href":"https:\/\/agora.xtec.cat\/institutsants\/wp-json\/wp\/v2\/users\/5"}],"replies":[{"embeddable":true,"href":"https:\/\/agora.xtec.cat\/institutsants\/wp-json\/wp\/v2\/comments?post=21399"}],"version-history":[{"count":6,"href":"https:\/\/agora.xtec.cat\/institutsants\/wp-json\/wp\/v2\/pages\/21399\/revisions"}],"predecessor-version":[{"id":24748,"href":"https:\/\/agora.xtec.cat\/institutsants\/wp-json\/wp\/v2\/pages\/21399\/revisions\/24748"}],"wp:attachment":[{"href":"https:\/\/agora.xtec.cat\/institutsants\/wp-json\/wp\/v2\/media?parent=21399"}],"curies":[{"name":"wp","href":"https:\/\/api.w.org\/{rel}","templated":true}]}}