{"id":21277,"date":"2023-03-02T13:28:47","date_gmt":"2023-03-02T12:28:47","guid":{"rendered":"https:\/\/agora.xtec.cat\/institutsants\/?page_id=21277"},"modified":"2026-03-03T11:41:44","modified_gmt":"2026-03-03T10:41:44","slug":"preinscripcio-eso-2023_2024","status":"publish","type":"page","link":"https:\/\/agora.xtec.cat\/institutsants\/preinscripcio-eso-2023_2024\/","title":{"rendered":"Matr\u00edcula ESO 2026-2027"},"content":{"rendered":"<div class=\"main_color container_wrap_first container_wrap fullsize\">\n<div class=\"container\">\n<div class=\"post-entry post-entry-type-page post-entry-8428\">\n<div class=\"entry-content-wrapper clearfix\">\n<div class=\"flex_column av_two_fifth flex_column_div av-zero-column-padding avia-builder-el-2 el_after_av_three_fifth el_before_av_section avia-builder-el-last \">\n<section class=\"av_textblock_section \">\n<p style=\"text-align: center;\">\n<\/section>\n<\/div>\n<\/div>\n<\/div>\n<\/div>\n<h2 class=\"header2 pd-15 pd-30\">Matr\u00edcula curs 2025-2026<\/h2>\n<div class=\"list-item-wrapper\">\n<div class=\"col icon-col\">\n<h4><strong>Documentaci\u00f3 matr\u00edcula d&#8217;ESO curs 2025-2026<\/strong><\/h4>\n<\/div>\n<h3><a href=\"https:\/\/docs.google.com\/forms\/d\/161ydmIdvustXsIApjiPQDfR40sWf1MbD1q1xBDq0Eo8\/edit\" target=\"_blank\" rel=\"noopener\"><strong>ENLLA\u00c7 PER FORMALITZAR LA MATR\u00cdCULA<\/strong><\/a><\/h3>\n<div class=\"col icon-col\">\n<p><img decoding=\"async\" class=\"entered lazyloaded\" src=\"https:\/\/preinscripcio.gencat.cat\/web\/.content\/icones\/doc-off.png_2044584825.png\" alt=\"\" data-lazy-src=\"https:\/\/preinscripcio.gencat.cat\/web\/.content\/icones\/doc-off.png_2044584825.png\" data-ll-status=\"loaded\" \/> <strong>Autoritzacions<\/strong>:<\/p>\n<\/div>\n<\/div>\n<div class=\"list-item-wrapper\">\n<div class=\"col icon-col\">\n<div><\/div>\n<div>\u00a0 \u00a0&#8211; <a href=\"https:\/\/agora.xtec.cat\/institutsants\/wp-content\/uploads\/usu118\/2025\/05\/3.-drets-imatge.docx-ACTUALITZAT-.pdf\" target=\"_blank\" rel=\"noopener\">\u00das d&#8217;imatges, publicaci\u00f3 de dades de car\u00e0cter personal i de material.<\/a><\/div>\n<div><\/div>\n<\/div>\n<\/div>\n<div>\u00a0 \u00a0&#8211; <a href=\"https:\/\/agora.xtec.cat\/institutsants\/wp-content\/uploads\/usu118\/2025\/05\/7.-Carta-compromis-25-26.pdf\" target=\"_blank\" rel=\"noopener\">Carta de comprom\u00eds.<\/a><\/div>\n<div class=\"list-item-wrapper\">\n<div class=\"col icon-col\">\n<div><\/div>\n<div>\u00a0 \u00a0&#8211; <a href=\"https:\/\/agora.xtec.cat\/institutsants\/wp-content\/uploads\/usu118\/2025\/05\/5.-Autoritzacio-sortides.pdf\" target=\"_blank\" rel=\"noopener\">Autoritzaci\u00f3 de sortides.<\/a><\/div>\n<div><\/div>\n<div>\u00a0 \u00a0&#8211; <a href=\"https:\/\/agora.xtec.cat\/institutsants\/wp-content\/uploads\/usu118\/2025\/05\/4.-Autoritzacio-relativa-als-alumnes-de-menys-de-14-anys_-us-de-serveis.pdf\" target=\"_blank\" rel=\"noopener\">Autoritzaci\u00f3 Digitals.<\/a><\/div>\n<div><\/div>\n<div>\u00a0 \u00a0&#8211; <a href=\"https:\/\/agora.xtec.cat\/institutsants\/wp-content\/uploads\/usu118\/2025\/05\/10.-Allergies.pdf\" target=\"_blank\" rel=\"noopener\">Full d&#8217;al\u00b7l\u00e8rgies.<\/a><\/div>\n<div><\/div>\n<div>\u00a0 \u00a0&#8211; <a href=\"https:\/\/agora.xtec.cat\/institutsants\/wp-content\/uploads\/usu118\/2025\/05\/Normativa-us-comptes-digitals.pdf\" target=\"_blank\" rel=\"noopener\">Normativa d&#8217;\u00fas de Comptes Digitals.<\/a><\/div>\n<\/div>\n<\/div>\n<\/div>\n<div><\/div>\n<div><\/div>\n<p>&nbsp;<\/p>\n<div class=\"main_color container_wrap_first container_wrap fullsize\">\n<div class=\"list-item-wrapper\">\n<div class=\"col icon-col\">\n<div><\/div>\n<div><\/div>\n<\/div>\n<\/div>\n<\/div>\n<div id=\"av_section_1\" class=\"avia-section main_color avia-section-default avia-no-border-styling avia-bg-style-scroll avia-builder-el-5 el_after_av_two_fifth el_before_av_one_full container_wrap fullsize\">\n<div class=\"container\">\n<div class=\"template-page content av-content-full alpha units\">\n<div class=\"post-entry post-entry-type-page post-entry-8428\">\n<div class=\"entry-content-wrapper clearfix\">\n<section class=\"av_textblock_section \">\n<div class=\"avia_textblock \">\n<h3><\/h3>\n<h3><\/h3>\n<\/div>\n<\/section>\n<section class=\"av_textblock_section \">\n<div class=\"avia_textblock \">\n<p>&nbsp;<\/p>\n<\/div>\n<\/section>\n<div id=\"after_section_1\" class=\"main_color av_default_container_wrap container_wrap fullsize\">\n<div class=\"container\">\n<div class=\"template-page content av-content-full alpha units\">\n<div class=\"post-entry post-entry-type-page post-entry-8428\">\n<div class=\"entry-content-wrapper clearfix\">\n<div class=\"flex_column av_one_full flex_column_div av-zero-column-padding first avia-builder-el-8 el_after_av_section el_before_av_one_full avia-builder-el-first \">\n<section class=\"av_textblock_section \">\n<div class=\"avia_textblock \">\n<p>&nbsp;<\/p>\n<div id=\"after_section_1\" class=\"main_color av_default_container_wrap container_wrap fullsize\">\n<div class=\"container\">\n<div class=\"template-page content av-content-full alpha units\">\n<div class=\"post-entry post-entry-type-page post-entry-8428\">\n<div class=\"entry-content-wrapper clearfix\">\n<div class=\"flex_column av_one_full flex_column_div av-zero-column-padding first avia-builder-el-8 el_after_av_section el_before_av_one_full avia-builder-el-first \">\n<section class=\"av_textblock_section \">\n<div class=\"avia_textblock \">\n<p>&nbsp;<\/p>\n<\/div>\n<\/section>\n<\/div>\n<\/div>\n<\/div>\n<\/div>\n<\/div>\n<\/div>\n<div class=\"NG-menu__wrapper_title\">\n<div class=\"list-item-wrapper\">\n<div class=\"col icon-col\">\n<div>\n<h3><\/h3>\n<section class=\"av_textblock_section \">\n<div class=\"avia_textblock \"><\/div>\n<\/section>\n<div id=\"after_section_1\" class=\"main_color av_default_container_wrap container_wrap fullsize\">\n<div class=\"container\">\n<div class=\"template-page content av-content-full alpha units\">\n<div class=\"post-entry post-entry-type-page post-entry-8428\">\n<div class=\"entry-content-wrapper clearfix\">\n<div class=\"flex_column av_one_full flex_column_div av-zero-column-padding first avia-builder-el-8 el_after_av_section el_before_av_one_full avia-builder-el-first \">\n<section class=\"av_textblock_section \">\n<div class=\"avia_textblock \"><\/div>\n<\/section>\n<\/div>\n<\/div>\n<\/div>\n<\/div>\n<\/div>\n<\/div>\n<\/div>\n<\/div>\n<\/div>\n<\/div>\n<\/div>\n<\/section>\n<\/div>\n<div class=\"flex_column av_one_full flex_column_div av-zero-column-padding first avia-builder-el-10 el_after_av_one_full el_before_av_one_full column-top-margin\">\n<section class=\"av_textblock_section \">\n<div class=\"avia_textblock \">\n<div class=\"NG-menu__wrapper_title\">\n<div class=\"list-item-wrapper\">\n<div class=\"col icon-col\">\n<div>\n<div class=\"list-item-wrapper\">\n<div class=\"col icon-col\">\n<div class=\"icon\">\n<div class=\"col icon-col\">\n<div class=\"icon\">\n<div class=\"list-item-wrapper\">\n<div class=\"col icon-col\">\n<div class=\"icon\">\n<div class=\"col icon-col\"><\/div>\n<\/div>\n<\/div>\n<\/div>\n<\/div>\n<\/div>\n<\/div>\n<\/div>\n<\/div>\n<div class=\"list-item-wrapper\">\n<div class=\"col content-col\"><\/div>\n<\/div>\n<\/div>\n<\/div>\n<\/div>\n<h1 class=\"NG-menu__title\"><\/h1>\n<\/div>\n<div class=\"NG-menu__wrapper_title2\"><\/div>\n<\/div>\n<\/section>\n<\/div>\n<div class=\"flex_column av_one_full flex_column_div av-zero-column-padding first avia-builder-el-12 el_after_av_one_full el_before_av_one_full column-top-margin\">\n<section class=\"av_textblock_section \">\n<div class=\"avia_textblock \">\n<div class=\"NG-menu__wrapper_title\">\n<div class=\"list-item-wrapper\">\n<div class=\"col icon-col\">\n<div>\n<div class=\"list-item-wrapper\">\n<div class=\"col icon-col\">\n<div><\/div>\n<\/div>\n<\/div>\n<div class=\"list-item-wrapper\">\n<div class=\"col icon-col\"><\/div>\n<\/div>\n<div class=\"list-item-wrapper\">\n<div class=\"col icon-col\"><\/div>\n<\/div>\n<\/div>\n<div>\n<div class=\"list-item-wrapper\">\n<div class=\"col icon-col\">\n<div class=\"icon\">\n<div class=\"col icon-col\">\n<div class=\"icon\">\n<div class=\"list-item-wrapper\">\n<div class=\"col icon-col\"><\/div>\n<\/div>\n<\/div>\n<\/div>\n<\/div>\n<\/div>\n<\/div>\n<div class=\"list-item-wrapper\">\n<div class=\"col content-col\"><\/div>\n<\/div>\n<\/div>\n<\/div>\n<\/div>\n<h1 class=\"NG-menu__title\"><\/h1>\n<\/div>\n<div class=\"NG-menu__wrapper_title2\"><\/div>\n<\/div>\n<\/section>\n<\/div>\n<div class=\"flex_column av_one_full flex_column_div av-zero-column-padding first avia-builder-el-14 el_after_av_one_full avia-builder-el-last column-top-margin\"><\/div>\n<\/div>\n<\/div>\n<\/div>\n<\/div>\n<\/div>\n<\/div>\n<\/div>\n<\/div>\n<\/div>\n<\/div>\n","protected":false},"excerpt":{"rendered":"<p>Matr\u00edcula curs 2025-2026<\/p>\n<p>Documentaci\u00f3 matr\u00edcula d&#8217;ESO curs 2025-2026<\/p>\n<p><a href=\"https:\/\/docs.google.com\/forms\/d\/161ydmIdvustXsIApjiPQDfR40sWf1MbD1q1xBDq0Eo8\/edit\" target=\"_blank\" rel=\"noopener\">ENLLA\u00c7 PER FORMALITZAR LA MATR\u00cdCULA<\/a><\/p>\n<p> Autoritzacions:<\/p>\n<p>\u00a0 \u00a0&#8211; <a href=\"https:\/\/agora.xtec.cat\/institutsants\/wp-content\/uploads\/usu118\/2025\/05\/3.-drets-imatge.docx-ACTUALITZAT-.pdf\" target=\"_blank\" rel=\"noopener\">\u00das d&#8217;imatges, publicaci\u00f3 de dades de car\u00e0cter personal i de material.<\/a><\/p>\n<p>\u00a0 \u00a0&#8211; <a href=\"https:\/\/agora.xtec.cat\/institutsants\/wp-content\/uploads\/usu118\/2025\/05\/7.-Carta-compromis-25-26.pdf\" target=\"_blank\" rel=\"noopener\">Carta de comprom\u00eds.<\/a><\/p>\n<p>\u00a0 \u00a0&#8211; <a href=\"https:\/\/agora.xtec.cat\/institutsants\/wp-content\/uploads\/usu118\/2025\/05\/5.-Autoritzacio-sortides.pdf\" target=\"_blank\" rel=\"noopener\">Autoritzaci\u00f3 de sortides.<\/a><\/p>\n<p>\u00a0 \u00a0&#8211;&hellip;  <a href=\"https:\/\/agora.xtec.cat\/institutsants\/preinscripcio-eso-2023_2024\/\" title=\"Read Matr\u00edcula ESO 2026-2027\">Llegeix m\u00e9s\u00bb<\/a><\/p>\n","protected":false},"author":261,"featured_media":0,"parent":0,"menu_order":0,"comment_status":"closed","ping_status":"closed","template":"","meta":{"_bbp_topic_count":0,"_bbp_reply_count":0,"_bbp_total_topic_count":0,"_bbp_total_reply_count":0,"_bbp_voice_count":0,"_bbp_anonymous_reply_count":0,"_bbp_topic_count_hidden":0,"_bbp_reply_count_hidden":0,"_bbp_forum_subforum_count":0,"footnotes":""},"class_list":["post-21277","page","type-page","status-publish","hentry"],"post_mailing_queue_ids":[],"_links":{"self":[{"href":"https:\/\/agora.xtec.cat\/institutsants\/wp-json\/wp\/v2\/pages\/21277","targetHints":{"allow":["GET"]}}],"collection":[{"href":"https:\/\/agora.xtec.cat\/institutsants\/wp-json\/wp\/v2\/pages"}],"about":[{"href":"https:\/\/agora.xtec.cat\/institutsants\/wp-json\/wp\/v2\/types\/page"}],"author":[{"embeddable":true,"href":"https:\/\/agora.xtec.cat\/institutsants\/wp-json\/wp\/v2\/users\/261"}],"replies":[{"embeddable":true,"href":"https:\/\/agora.xtec.cat\/institutsants\/wp-json\/wp\/v2\/comments?post=21277"}],"version-history":[{"count":7,"href":"https:\/\/agora.xtec.cat\/institutsants\/wp-json\/wp\/v2\/pages\/21277\/revisions"}],"predecessor-version":[{"id":24668,"href":"https:\/\/agora.xtec.cat\/institutsants\/wp-json\/wp\/v2\/pages\/21277\/revisions\/24668"}],"wp:attachment":[{"href":"https:\/\/agora.xtec.cat\/institutsants\/wp-json\/wp\/v2\/media?parent=21277"}],"curies":[{"name":"wp","href":"https:\/\/api.w.org\/{rel}","templated":true}]}}