{"id":27,"date":"2014-09-17T16:24:03","date_gmt":"2014-09-17T16:24:03","guid":{"rendered":"http:\/\/agora.xtec.cat\/institutsantpol\/\/?page_id=27"},"modified":"2021-03-12T12:50:08","modified_gmt":"2021-03-12T11:50:08","slug":"historia","status":"publish","type":"page","link":"https:\/\/agora.xtec.cat\/institutsantpol\/institut\/historia\/","title":{"rendered":"Projecte educatiu"},"content":{"rendered":"<h5>&#8211; Atenci\u00f3 personalitzada de l&#8217;alumne<\/h5>\n<h5>&#8211; <a href=\"http:\/\/agora.xtec.cat\/institutsantpol\/projectes\/\">Tractament integrat de les llegues i pluriling\u00fcisme.<\/a><\/h5>\n<h5>&#8211; <strong>Projectes<\/strong>: enfocament transversal, cooperatiu i vivencial<\/h5>\n<h5>&#8211; <strong>Codoc\u00e8ncia<\/strong><\/h5>\n<h5>&#8211; Valors \u00e8tics, socials i sostenibles; conviv\u00e8ncia<\/h5>\n<h5>&#8211; Noves tecnologies<\/h5>\n<h5>&#8211; Innovaci\u00f3, formaci\u00f3 i programes de millora cont\u00ednua<\/h5>\n","protected":false},"excerpt":{"rendered":"<p>&#8211; Atenci\u00f3 personalitzada de l&#8217;alumne<br \/>\n&#8211; <a href=\"http:\/\/agora.xtec.cat\/institutsantpol\/projectes\/\">Tractament integrat de les llegues i pluriling\u00fcisme.<\/a><br \/>\n&#8211; Projectes: enfocament transversal, cooperatiu i vivencial<br \/>\n&#8211; Codoc\u00e8ncia<br \/>\n&#8211; Valors \u00e8tics, socials i sostenibles; conviv\u00e8ncia<br \/>\n&#8211; Noves tecnologies<br \/>\n&#8211; Innovaci\u00f3, formaci\u00f3 i programes de millora cont\u00ednua<\/p>\n","protected":false},"author":1,"featured_media":0,"parent":19,"menu_order":20,"comment_status":"closed","ping_status":"closed","template":"page-templates\/side-menu.php","meta":{"_bbp_topic_count":0,"_bbp_reply_count":0,"_bbp_total_topic_count":0,"_bbp_total_reply_count":0,"_bbp_voice_count":0,"_bbp_anonymous_reply_count":0,"_bbp_topic_count_hidden":0,"_bbp_reply_count_hidden":0,"_bbp_forum_subforum_count":0,"footnotes":""},"class_list":["post-27","page","type-page","status-publish","hentry"],"post_mailing_queue_ids":[],"_links":{"self":[{"href":"https:\/\/agora.xtec.cat\/institutsantpol\/wp-json\/wp\/v2\/pages\/27","targetHints":{"allow":["GET"]}}],"collection":[{"href":"https:\/\/agora.xtec.cat\/institutsantpol\/wp-json\/wp\/v2\/pages"}],"about":[{"href":"https:\/\/agora.xtec.cat\/institutsantpol\/wp-json\/wp\/v2\/types\/page"}],"author":[{"embeddable":true,"href":"https:\/\/agora.xtec.cat\/institutsantpol\/wp-json\/wp\/v2\/users\/1"}],"replies":[{"embeddable":true,"href":"https:\/\/agora.xtec.cat\/institutsantpol\/wp-json\/wp\/v2\/comments?post=27"}],"version-history":[{"count":4,"href":"https:\/\/agora.xtec.cat\/institutsantpol\/wp-json\/wp\/v2\/pages\/27\/revisions"}],"predecessor-version":[{"id":18072,"href":"https:\/\/agora.xtec.cat\/institutsantpol\/wp-json\/wp\/v2\/pages\/27\/revisions\/18072"}],"up":[{"embeddable":true,"href":"https:\/\/agora.xtec.cat\/institutsantpol\/wp-json\/wp\/v2\/pages\/19"}],"wp:attachment":[{"href":"https:\/\/agora.xtec.cat\/institutsantpol\/wp-json\/wp\/v2\/media?parent=27"}],"curies":[{"name":"wp","href":"https:\/\/api.w.org\/{rel}","templated":true}]}}