{"id":17644,"date":"2020-09-08T17:00:48","date_gmt":"2020-09-08T15:00:48","guid":{"rendered":"http:\/\/agora.xtec.cat\/institutsantpol\/?page_id=17644"},"modified":"2024-02-15T10:36:09","modified_gmt":"2024-02-15T09:36:09","slug":"secretaria","status":"publish","type":"page","link":"https:\/\/agora.xtec.cat\/institutsantpol\/institut\/secretaria\/","title":{"rendered":"Secretaria"},"content":{"rendered":"<p>&nbsp;<\/p>\n<h3>Horari<\/h3>\n<h6>De Dilluns a Divendres de 9:00h a 13:00h<\/h6>\n<p>&nbsp;<\/p>\n<h4>Documentaci\u00f3 d&#8217;inter\u00e8s (descarregable en format <em>.pdf<\/em>)<\/h4>\n<ul>\n<li><a href=\"https:\/\/docs.google.com\/document\/d\/1eF3q-5bWK3xr0pwHy6g0ceutvK8BYL6zNCCQXSMFXUI\/edit?usp=sharing\" target=\"_blank\" rel=\"noopener noreferrer\">Autoritzaci\u00f3 de sortides<\/a><\/li>\n<li><a href=\"https:\/\/agora.xtec.cat\/institutsantpol\/wp-content\/uploads\/usu293\/2020\/09\/Autoritzaci\u00f3-per-al-lliurament-dun-t\u00edtol.pdf\" target=\"_blank\" rel=\"noopener noreferrer\">Autoritzaci\u00f3 per al lliurament d&#8217;un t\u00edtol<\/a><\/li>\n<li><a href=\"https:\/\/agora.xtec.cat\/institutsantpol\/wp-content\/uploads\/usu293\/2020\/09\/Sol.licitud-de-baixa-del-centre-menors-dedat.pdf\" target=\"_blank\" rel=\"noopener noreferrer\">Sol\u00b7licitud de baixa del centre menors d&#8217;edat<\/a><\/li>\n<li><a href=\"https:\/\/agora.xtec.cat\/institutsantpol\/wp-content\/uploads\/usu293\/2020\/09\/Sol.licitud-de-baixa-del-centre-majors-dedat.pdf\" target=\"_blank\" rel=\"noopener noreferrer\">Sol\u00b7licitud de baixa del centre majors d&#8217;edat<\/a><\/li>\n<li><a href=\"https:\/\/agora.xtec.cat\/institutsantpol\/wp-content\/uploads\/usu293\/2020\/09\/Sol.licitud-de-certificaci\u00f3.pdf\" target=\"_blank\" rel=\"noopener noreferrer\">Sol\u00b7licitud de certificaci\u00f3<\/a><\/li>\n<li><a href=\"https:\/\/agora.xtec.cat\/institutsantpol\/wp-content\/uploads\/usu293\/2021\/01\/Sol.licitud-de-certificat-dequivale\u0300ncia-nivell-B2_C1-de-llengua-catalana.pdf\" target=\"_blank\" rel=\"noopener noreferrer\">Sol\u00b7licitud de certificat d&#8217;equivale\u0300ncia nivell B2_C1 de llengua catalana<\/a><\/li>\n<li><a href=\"https:\/\/drive.google.com\/file\/d\/16lkkCbmLNxvaizKdvuzEt_vY--Px8xiY\/view?usp=sharing\" target=\"_blank\" rel=\"noopener noreferrer\">Autoritzaci\u00f3 relativa als alumnes menors de 14 anys: \u00fas d&#8217;imatges, publicaci\u00f3 de dades de car\u00e0cter personal i de material que elaboren<\/a><\/li>\n<li><a href=\"https:\/\/drive.google.com\/file\/d\/17wGNKgecKECcv1MbM5aS5YnqvsMJvewi\/view?usp=sharing\" target=\"_blank\" rel=\"noopener noreferrer\">Autoritzaci\u00f3 relativa als alumnes majors de 14 anys: \u00fas d&#8217;imatges, publicaci\u00f3 de dades de car\u00e0cter personal i de material que elaboren<\/a><\/li>\n<li><a href=\"https:\/\/agora.xtec.cat\/institutsantpol\/wp-content\/uploads\/usu293\/2020\/09\/A253-V03-18-Autoritzaci\u00f3-relativa-als-alumnes-de-menys-de-14-anys-\u00fas-de-serveis-i-recursos-digitals-a-Internet-per-a-treballar-a-laula..pdf\" target=\"_blank\" rel=\"noopener noreferrer\">Autoritzaci\u00f3 relativa als alumnes de menys de 14 anys: \u00fas de serveis i recursos digitals a Internet per a treballar a l&#8217;aula.<\/a><\/li>\n<li><a href=\"https:\/\/agora.xtec.cat\/institutsantpol\/wp-content\/uploads\/usu293\/2020\/09\/A252-V03-18-Comunicaci\u00f3-relativa-als-alumnes-de-m\u00e9s-de-14-anys-per\u00f2-menors-d\u2019edat_-\u00fas-de-serveis-i-recursos-digitals-a-Internet-per-treballar-a-l\u2019aula..pdf\" target=\"_blank\" rel=\"noopener noreferrer\">Comunicaci\u00f3 relativa als alumnes de m\u00e9s de 14 anys per\u00f2 menors d\u2019edat: \u00fas de serveis i recursos digitals a Internet per treballar a l\u2019aula.<\/a><\/li>\n<li><a href=\"https:\/\/agora.xtec.cat\/institutsantpol\/wp-content\/uploads\/usu293\/2020\/09\/Y332_188.-Autoritzaci\u00f3-per-a-ladministraci\u00f3-de-paracetamolpdf.pdf\" target=\"_blank\" rel=\"noopener noreferrer\">Autoritzaci\u00f3 per a l&#8217;administraci\u00f3 de paracetamol.<\/a><\/li>\n<li><a href=\"https:\/\/drive.google.com\/file\/d\/1yinOMrdCubD8CqgVEDiUb4ZvxpcR4oi1\/view?usp=sharing\" target=\"_blank\" rel=\"noopener noreferrer\">Sol\u00b7licitud registre entrada (inst\u00e0ncia)<\/a><\/li>\n<\/ul>\n<p>&nbsp;<\/p>\n<h3>T\u00edtol de Graduat en ESO<\/h3>\n<div>\n<ul>\n<li>A final de curs, la Secretaria inicia tots els tr\u00e0mits necessaris per a la sol\u00b7licitud del t\u00edtol a tots els alumnes que han obtingut el Graduat de l\u2019ESO. \u00c9s un tr\u00e0mit que es fa d\u2019ofici i no comporta el pagament de cap mena de taxa.<\/li>\n<li>L\u2019alumne, pares o tutors, han de venir a Secretaria a recollir el resguard del t\u00edtol (al juliol o setembre segons sigui el cas). Aquest resguard far\u00e0 les funcions de t\u00edtol fins que el Departament d\u2019Educaci\u00f3 faci la tramesa al centre.<\/li>\n<li>Una vegada el centre disposa d\u2019aquest document, es comunica a les fam\u00edlies que poden passar a recollir-lo amb el resguard (molt important no perdre&#8217;l). Normalment passen dos anys des de la seva tramitaci\u00f3.<\/li>\n<\/ul>\n<div class=\"gmail_quote\">\n<div dir=\"ltr\">\n<div><\/div>\n<\/div>\n<div><\/div>\n<div dir=\"ltr\">\n<div>\n<h3><\/h3>\n<p>&nbsp;<\/p>\n<h3>T\u00edtol d&#8217;estudis postobligatoris (Batxillerat)<\/h3>\n<\/div>\n<div>\n<div>\n<p>1. La persona interessada ha <span class=\"il\">de<\/span> sol\u00b7licitar l\u2019expedici\u00f3 <span class=\"il\">del<\/span> <span class=\"il\">t\u00edtol<\/span> davant la Secretaria <span class=\"il\">de<\/span> l&#8217;Institut <span class=\"il\">de<\/span> Sant Pol <span class=\"il\">de<\/span> Mar. El document per fer la sol\u00b7licitud se li entregar\u00e0 a Secretaria<\/p>\n<p>2. La taxa corresponent als drets d\u2019expedici\u00f3 <span class=\"il\">del<\/span> <span class=\"il\">t\u00edtol<\/span> \u00e9s <span class=\"il\">de<\/span> 69,65 \u20ac (<a href=\"http:\/\/educacio.gencat.cat\/ca\/departament\/normativa\/taxes-preus-publics\/taxes\/\" target=\"_blank\" rel=\"noopener noreferrer\" data-saferedirecturl=\"https:\/\/www.google.com\/url?q=http:\/\/educacio.gencat.cat\/ca\/departament\/normativa\/taxes-preus-publics\/taxes\/&amp;source=gmail&amp;ust=1625816580032000&amp;usg=AFQjCNG1cxsLJ9f4i9XkR1uL9TYcWO43vA\">http:\/\/educacio.gencat.cat\/<wbr \/>ca\/departament\/normativa\/<wbr \/>taxes-preus-publics\/taxes\/<\/a>)\u00a0pe<wbr \/>r al <span class=\"il\">de<\/span> <span class=\"il\">Batxillerat<\/span>. La seva liquidaci\u00f3 es porta a terme mitjan\u00e7ant ingr\u00e9s a l\u2019entitat banc\u00e0ria corresponent, fent servir el resguard <span class=\"il\">de<\/span> sol\u00b7licitud <span class=\"il\">del<\/span> <span class=\"il\">t\u00edtol<\/span> acad\u00e8mic i professional. (Aquest tr\u00e0mit es pot fer a qualsevol caixer <span class=\"il\">de<\/span> La Caixa, o via telem\u00e0tica a trav\u00e9s d\u2019aquest enlla\u00e7:\u00a0<a href=\"https:\/\/www4.caixabank.es\/apl\/pagos\/index_ca.html?CODCPR=90INI001#\" target=\"_blank\" rel=\"noopener noreferrer\" data-saferedirecturl=\"https:\/\/www.google.com\/url?q=https:\/\/www4.caixabank.es\/apl\/pagos\/index_ca.html?CODCPR%3D90INI001%23&amp;source=gmail&amp;ust=1625816580032000&amp;usg=AFQjCNE7yM-4m4TW9gfLNhPAh6VjxGc25w\">https:\/\/www4.<wbr \/>caixabank.es\/apl\/pagos\/index_<wbr \/>ca.html?CODCPR=90INI001#<\/a><\/p>\n<p>Per gaudir dels beneficis i exempcions que estableix la legislaci\u00f3 aplicable, cal la justificaci\u00f3 documental que acrediti els requisits. La tarifa per les fam\u00edlies nombroses i monoparentals exigeix la presentaci\u00f3 pr\u00e8via a la Secretaria <span class=\"il\">del<\/span> carnet en vigor, per tal <span class=\"il\">de<\/span> fer un nou full amb la tarifa correcta.<\/p>\n<p>Alumnes amb bonificaci\u00f3 <span class=\"il\">de<\/span> taxa:<\/p>\n<p><span style=\"color: #444444; font-family: arial, sans-serif;\">Bonificaci\u00f3 <span class=\"il\">del<\/span> 50%\u00a0<span class=\"il\">de<\/span> l&#8217;import\u00a0per a:<\/span><\/p>\n<ul>\n<li><span style=\"color: #444444; font-family: arial, sans-serif;\">Membres <span class=\"il\">de<\/span> fam\u00edlia nombrosa <span class=\"il\">de<\/span> categoria general<\/span><\/li>\n<li><span style=\"color: #444444; font-family: arial, sans-serif;\">Membres <span class=\"il\">de<\/span> fam\u00edlies monoparentals<\/span><\/li>\n<\/ul>\n<p><span style=\"color: #444444; font-family: arial, sans-serif;\">Exempci\u00f3 <span class=\"il\">del<\/span> 100%\u00a0<span class=\"il\">del<\/span> pagament per a:<\/span><\/p>\n<ul>\n<li><span style=\"color: #444444; font-family: arial, sans-serif;\">Membres <span class=\"il\">de<\/span> fam\u00edlia nombrosa <span class=\"il\">de<\/span> categoria especial<\/span><\/li>\n<li><span style=\"color: #444444; font-family: arial, sans-serif;\">V\u00edctimes <span class=\"il\">del<\/span> terrorisme (i els seus c\u00f2njuges i els seus fills i filles)<\/span><\/li>\n<li><span style=\"color: #444444; font-family: arial, sans-serif;\">Persones amb discapacitat igual o superior al 33%<\/span><\/li>\n<li><span style=\"color: #444444; font-family: arial, sans-serif;\">Infants o adolescents en acolliment familiar.<\/span><span style=\"color: #444444; font-family: arial, sans-serif;\"><br \/>\n<\/span><\/li>\n<\/ul>\n<p>3. Una vegada fet el pagament <span class=\"il\">de<\/span> la taxa, el document s\u2019ha <span class=\"il\">de<\/span> portar omplert a Secretaria, acompanyat <span class=\"il\">de<\/span> la seg\u00fcent documentaci\u00f3:<\/p>\n<ul>\n<li>Fotoc\u00f2pia i original <span class=\"il\">del<\/span> comprovant <span class=\"il\">de<\/span> pagament.<\/li>\n<li>Fotoc\u00f2pia DNI.<\/li>\n<\/ul>\n<p>A l\u2019alumne se li entregar\u00e0 un resguard <span class=\"il\">del<\/span> <span class=\"il\">t\u00edtol<\/span>. En el moment d\u2019anar a recollir el <span class=\"il\">t\u00edtol<\/span> ha <span class=\"il\">de<\/span> portar el resguard. Aquest resguard t\u00e9 la mateixa validesa que el propi <span class=\"il\">t\u00edtol<\/span> mentre aquest no sigui expedit. El termini <span class=\"il\">de<\/span> lliurament <span class=\"il\">de<\/span> l\u2019original \u00e9s d\u2019aproximadament dos anys des <span class=\"il\">del<\/span> moment <span class=\"il\">de<\/span> la seva sol\u00b7licitud. El centre es comunicar\u00e0 amb les fam\u00edlies en el moment que el tinguem disponible per la seva recollida.<\/p>\n<p>4. El Resguard <span class=\"il\">de<\/span> sol\u00b7licitud <span class=\"il\">de<\/span> <span class=\"il\">t\u00edtol<\/span> acad\u00e8mic i professional i liquidaci\u00f3 <span class=\"il\">de<\/span> taxa no s\u2019ha <span class=\"il\">de<\/span> fotocopiar ni manipular o esmenar manualment, ja que s\u00f3n impresos individualitzats pel n\u00famero <span class=\"il\">de<\/span> refer\u00e8ncia i tenen els mateixos efectes legals que el <span class=\"il\">t\u00edtol<\/span> acad\u00e8mic.<\/p>\n<\/div>\n<\/div>\n<\/div>\n<\/div>\n<\/div>\n","protected":false},"excerpt":{"rendered":"<p>&nbsp;<br \/>\nHorari<br \/>\nDe Dilluns a Divendres de 9:00h a 13:00h<br \/>\n&nbsp;<br \/>\nDocumentaci\u00f3 d&#8217;inter\u00e8s (descarregable en format .pdf)<\/p>\n<ul>\n<li><a href=\"https:\/\/docs.google.com\/document\/d\/1eF3q-5bWK3xr0pwHy6g0ceutvK8BYL6zNCCQXSMFXUI\/edit?usp=sharing\" target=\"_blank\" rel=\"noopener noreferrer\">Autoritzaci\u00f3 de sortides<\/a><\/li>\n<li><a href=\"https:\/\/agora.xtec.cat\/institutsantpol\/wp-content\/uploads\/usu293\/2020\/09\/Autoritzaci\u00f3-per-al-lliurament-dun-t\u00edtol.pdf\" target=\"_blank\" rel=\"noopener noreferrer\">Autoritzaci\u00f3 per al lliurament d&#8217;un t\u00edtol<\/a><\/li>\n<li><a href=\"https:\/\/agora.xtec.cat\/institutsantpol\/wp-content\/uploads\/usu293\/2020\/09\/Sol.licitud-de-baixa-del-centre-menors-dedat.pdf\" target=\"_blank\" rel=\"noopener noreferrer\">Sol\u00b7licitud de baixa del centre menors d&#8217;edat<\/a><\/li>\n<li><a href=\"https:\/\/agora.xtec.cat\/institutsantpol\/wp-content\/uploads\/usu293\/2020\/09\/Sol.licitud-de-baixa-del-centre-majors-dedat.pdf\" target=\"_blank\" rel=\"noopener noreferrer\">Sol\u00b7licitud de baixa del&hellip;  <a href=\"https:\/\/agora.xtec.cat\/institutsantpol\/institut\/secretaria\/\" title=\"Read Secretaria\">Llegeix m\u00e9s\u00bb<\/a><br \/>\n","protected":false},"author":1,"featured_media":0,"parent":19,"menu_order":0,"comment_status":"closed","ping_status":"closed","template":"page-templates\/side-menu.php","meta":{"_bbp_topic_count":0,"_bbp_reply_count":0,"_bbp_total_topic_count":0,"_bbp_total_reply_count":0,"_bbp_voice_count":0,"_bbp_anonymous_reply_count":0,"_bbp_topic_count_hidden":0,"_bbp_reply_count_hidden":0,"_bbp_forum_subforum_count":0,"footnotes":""},"class_list":["post-17644","page","type-page","status-publish","hentry"],"post_mailing_queue_ids":[],"_links":{"self":[{"href":"https:\/\/agora.xtec.cat\/institutsantpol\/wp-json\/wp\/v2\/pages\/17644","targetHints":{"allow":["GET"]}}],"collection":[{"href":"https:\/\/agora.xtec.cat\/institutsantpol\/wp-json\/wp\/v2\/pages"}],"about":[{"href":"https:\/\/agora.xtec.cat\/institutsantpol\/wp-json\/wp\/v2\/types\/page"}],"author":[{"embeddable":true,"href":"https:\/\/agora.xtec.cat\/institutsantpol\/wp-json\/wp\/v2\/users\/1"}],"replies":[{"embeddable":true,"href":"https:\/\/agora.xtec.cat\/institutsantpol\/wp-json\/wp\/v2\/comments?post=17644"}],"version-history":[{"count":4,"href":"https:\/\/agora.xtec.cat\/institutsantpol\/wp-json\/wp\/v2\/pages\/17644\/revisions"}],"predecessor-version":[{"id":20169,"href":"https:\/\/agora.xtec.cat\/institutsantpol\/wp-json\/wp\/v2\/pages\/17644\/revisions\/20169"}],"up":[{"embeddable":true,"href":"https:\/\/agora.xtec.cat\/institutsantpol\/wp-json\/wp\/v2\/pages\/19"}],"wp:attachment":[{"href":"https:\/\/agora.xtec.cat\/institutsantpol\/wp-json\/wp\/v2\/media?parent=17644"}],"curies":[{"name":"wp","href":"https:\/\/api.w.org\/{rel}","templated":true}]}}