{"id":15961,"date":"2018-10-26T11:02:19","date_gmt":"2018-10-26T09:02:19","guid":{"rendered":"http:\/\/agora.xtec.cat\/institutsantpol\/?page_id=15961"},"modified":"2020-05-10T12:09:21","modified_gmt":"2020-05-10T10:09:21","slug":"curs-de-lscratch","status":"publish","type":"page","link":"https:\/\/agora.xtec.cat\/institutsantpol\/curs-de-lscratch\/","title":{"rendered":"Scratch"},"content":{"rendered":"<p style=\"text-align: right;\"><span style=\"color: #808080;\">Aquest curs \u00e9s una iniciativa<\/span> <a href=\"http:\/\/mschools.mobileworldcapital.com\/\"><img decoding=\"async\" src=\"http:\/\/mschools.mobileworldcapital.com\/wp-content\/themes\/mschools\/images\/logo.png\" width=\"150px\" \/><\/a><br \/>\n<a href=\"http:\/\/agora.xtec.cat\/demoinstitut\/wp-content\/uploads\/usu314\/2016\/06\/ScratchBlogLogo.jpg\" rel=\"attachment wp-att-1253\"><img loading=\"lazy\" decoding=\"async\" class=\"wp-image-1253 aligncenter\" src=\"http:\/\/agora.xtec.cat\/demoinstitut\/wp-content\/uploads\/usu314\/2016\/06\/ScratchBlogLogo.jpg\" alt=\"ScratchBlogLogo\" width=\"691\" height=\"199\" \/><\/a><\/p>\n<h3>DESCRIPCI\u00d3<\/h3>\n<p>Curs basat en materials modulars dirigits a l\u2019alumnat de 1r i 2n d\u2019ESO, inclou programaci\u00f3. Cada m\u00f2dul correspon a un repte a solucionar amb una previsi\u00f3 de 12 hores de desenvolupament a l\u2019aula.<\/p>\n<p>El m\u00f2duls tenen una estructura seq\u00fcencial, de forma que la seva complexitat es va incrementant. Els centres, en funci\u00f3 de la seva experi\u00e8ncia pr\u00e8via, poden decidir a partir de quin m\u00f2dul comencen a treballar i fins a quin m\u00f2dul pretenen arribar.<\/p>\n<h2>OBJECTIUS<\/h2>\n<p>Introduir la programaci\u00f3 als nivells de prim\u00e0ria (cicle superior) i secund\u00e0ria (1r i 2n)<br \/>\nFomentar el pensament computacional i l\u2019assoliment de les compet\u00e8ncies digitals.<\/p>\n<h2>GUIA DOCENT<\/h2>\n<p><a class=\"button button-info\" href=\"https:\/\/docs.google.com\/document\/d\/1Ta9zj72sOJ_obbcsrNkoahPLSz-Q_4LSnSo3XlOsgn0\/edit?usp=sharing\" target=\"_blank\" rel=\"noopener noreferrer\">GUIA DOCENT<\/a><\/p>\n<h2>COMPTE DE DOCENT DE L&#8217;SCRATCH<\/h2>\n<p>Com a educador pots sol\u00b7licitar un compte de docent de l&#8217;Scratch, que facilita la creaci\u00f3 de comptes per a grups d\u2019alumnes i l\u2019administraci\u00f3 dels seus projectes i comentaris. Per saber-ne m\u00e9s accedeix a la p\u00e0gina de <a href=\"https:\/\/scratch.mit.edu\/educators\/faq\" target=\"_blank\" rel=\"noopener noreferrer\">Preguntes Freq\u00fcents del compte docent.<\/a><\/p>\n<ul>\n<li style=\"list-style-type: none;\">\n<ul>\n<li><strong>Primer pas<\/strong>: al final de la p\u00e0gina hi trobar\u00e0s el link per crear el compte.<\/li>\n<li><strong>Segon pas<\/strong>: llegeix perqu\u00e8 et servir\u00e0 el compte i els recursos de que disposes.<\/li>\n<li><strong>Tercer pas<\/strong>: sol\u00b7licitar el compte de docent. De vegades pot tardar 24 h en donar-te l\u2019acc\u00e9s.<\/li>\n<li><strong>Quart pas:<\/strong> crea les teves classes i puja el teu alumnat.<\/li>\n<\/ul>\n<\/li>\n<\/ul>\n","protected":false},"excerpt":{"rendered":"<p>Aquest curs \u00e9s una iniciativa <a href=\"http:\/\/mschools.mobileworldcapital.com\/\"><\/a><br \/>\n<a href=\"http:\/\/agora.xtec.cat\/demoinstitut\/wp-content\/uploads\/usu314\/2016\/06\/ScratchBlogLogo.jpg\" rel=\"attachment wp-att-1253\"><\/a><br \/>\nDESCRIPCI\u00d3<br \/>\nCurs basat en materials modulars dirigits a l\u2019alumnat de 1r i 2n d\u2019ESO, inclou programaci\u00f3. Cada m\u00f2dul correspon a un repte a solucionar amb una previsi\u00f3 de 12 hores de desenvolupament a l\u2019aula.<br \/>\nEl m\u00f2duls tenen una&hellip;  <a href=\"https:\/\/agora.xtec.cat\/institutsantpol\/curs-de-lscratch\/\" title=\"Read Scratch\">Llegeix m\u00e9s\u00bb<\/a><\/p>\n","protected":false},"author":1,"featured_media":0,"parent":0,"menu_order":0,"comment_status":"closed","ping_status":"closed","template":"page-templates\/side-menu.php","meta":{"_bbp_topic_count":0,"_bbp_reply_count":0,"_bbp_total_topic_count":0,"_bbp_total_reply_count":0,"_bbp_voice_count":0,"_bbp_anonymous_reply_count":0,"_bbp_topic_count_hidden":0,"_bbp_reply_count_hidden":0,"_bbp_forum_subforum_count":0,"footnotes":""},"class_list":["post-15961","page","type-page","status-publish","hentry"],"post_mailing_queue_ids":[],"_links":{"self":[{"href":"https:\/\/agora.xtec.cat\/institutsantpol\/wp-json\/wp\/v2\/pages\/15961","targetHints":{"allow":["GET"]}}],"collection":[{"href":"https:\/\/agora.xtec.cat\/institutsantpol\/wp-json\/wp\/v2\/pages"}],"about":[{"href":"https:\/\/agora.xtec.cat\/institutsantpol\/wp-json\/wp\/v2\/types\/page"}],"author":[{"embeddable":true,"href":"https:\/\/agora.xtec.cat\/institutsantpol\/wp-json\/wp\/v2\/users\/1"}],"replies":[{"embeddable":true,"href":"https:\/\/agora.xtec.cat\/institutsantpol\/wp-json\/wp\/v2\/comments?post=15961"}],"version-history":[{"count":3,"href":"https:\/\/agora.xtec.cat\/institutsantpol\/wp-json\/wp\/v2\/pages\/15961\/revisions"}],"predecessor-version":[{"id":17246,"href":"https:\/\/agora.xtec.cat\/institutsantpol\/wp-json\/wp\/v2\/pages\/15961\/revisions\/17246"}],"wp:attachment":[{"href":"https:\/\/agora.xtec.cat\/institutsantpol\/wp-json\/wp\/v2\/media?parent=15961"}],"curies":[{"name":"wp","href":"https:\/\/api.w.org\/{rel}","templated":true}]}}