{"id":99001,"date":"2025-03-26T11:06:53","date_gmt":"2025-03-26T10:06:53","guid":{"rendered":"https:\/\/agora.xtec.cat\/institutraspall\/?page_id=99001"},"modified":"2025-11-16T21:03:49","modified_gmt":"2025-11-16T20:03:49","slug":"premis-i-mencions","status":"publish","type":"page","link":"https:\/\/agora.xtec.cat\/institutraspall\/documents-dinstitut\/projectes-de-centre-2\/premis-i-mencions\/","title":{"rendered":"Premis"},"content":{"rendered":"\n<figure class=\"wp-block-image alignleft size-full is-resized\"><a href=\"https:\/\/agora.xtec.cat\/institutraspall\/wp-content\/uploads\/usu277\/2025\/09\/image-4.png\"><img loading=\"lazy\" decoding=\"async\" width=\"457\" height=\"602\" src=\"https:\/\/agora.xtec.cat\/institutraspall\/wp-content\/uploads\/usu277\/2025\/09\/image-4.png\" alt=\"\" class=\"wp-image-99511\" style=\"width:207px;height:auto\" srcset=\"https:\/\/agora.xtec.cat\/institutraspall\/wp-content\/uploads\/usu277\/2025\/09\/image-4.png 457w, https:\/\/agora.xtec.cat\/institutraspall\/wp-content\/uploads\/usu277\/2025\/09\/image-4-228x300.png 228w\" sizes=\"auto, (max-width: 457px) 100vw, 457px\" \/><\/a><\/figure>\n\n\n\n<p><strong>Els engranatges de la intel\u00b7lig\u00e8ncia artificial, per Guillem Cabr\u00e9 Farr\u00e9 [2020-22]<\/strong><\/p>\n\n\n\n<p>En <strong>Guillem Cabr\u00e9 Farr\u00e9 <\/strong>rep una <strong>menci\u00f3 d&#8217;honor<\/strong> als premis de batxillerat del <strong>Mercat de Tecnologia de Granollers<\/strong> (MTG).<\/p>\n\n\n\n<div data-wp-interactive=\"core\/file\" class=\"wp-block-file\"><object data-wp-bind--hidden=\"!state.hasPdfPreview\" hidden class=\"wp-block-file__embed\" data=\"https:\/\/agora.xtec.cat\/institutraspall\/wp-content\/uploads\/usu277\/2025\/09\/GCabre_TR.pdf\" type=\"application\/pdf\" style=\"width:100%;height:310px\" aria-label=\"Incrustaci\u00f3 del fitxer GCabr\u00e9_TR.\"><\/object><a id=\"wp-block-file--media-df64c7c3-078a-47f1-92e3-a899e8749f43\" href=\"https:\/\/agora.xtec.cat\/institutraspall\/wp-content\/uploads\/usu277\/2025\/09\/GCabre_TR.pdf\">GCabr\u00e9_TR<\/a><a href=\"https:\/\/agora.xtec.cat\/institutraspall\/wp-content\/uploads\/usu277\/2025\/09\/GCabre_TR.pdf\" class=\"wp-block-file__button wp-element-button\" download aria-describedby=\"wp-block-file--media-df64c7c3-078a-47f1-92e3-a899e8749f43\">Baixa<\/a><\/div>\n\n\n\n<div data-wp-interactive=\"core\/file\" class=\"wp-block-file\"><object data-wp-bind--hidden=\"!state.hasPdfPreview\" hidden class=\"wp-block-file__embed\" data=\"https:\/\/agora.xtec.cat\/institutraspall\/wp-content\/uploads\/usu277\/2025\/09\/GCabre_Annex_TR.pdf\" type=\"application\/pdf\" style=\"width:100%;height:220px\" aria-label=\"Incrustaci\u00f3 del fitxer GCabr\u00e9_Annex_TR.\"><\/object><a id=\"wp-block-file--media-93ba48dd-6321-43cd-a4e8-67ebe3f593cf\" href=\"https:\/\/agora.xtec.cat\/institutraspall\/wp-content\/uploads\/usu277\/2025\/09\/GCabre_Annex_TR.pdf\">GCabr\u00e9_Annex_TR<\/a><a href=\"https:\/\/agora.xtec.cat\/institutraspall\/wp-content\/uploads\/usu277\/2025\/09\/GCabre_Annex_TR.pdf\" class=\"wp-block-file__button wp-element-button\" download aria-describedby=\"wp-block-file--media-93ba48dd-6321-43cd-a4e8-67ebe3f593cf\">Baixa<\/a><\/div>\n\n\n\n<hr class=\"wp-block-separator has-alpha-channel-opacity\"\/>\n\n\n\n<figure class=\"wp-block-image alignleft size-full is-resized\"><a href=\"https:\/\/agora.xtec.cat\/institutraspall\/wp-content\/uploads\/usu277\/2025\/09\/image.png\"><img loading=\"lazy\" decoding=\"async\" width=\"220\" height=\"287\" src=\"https:\/\/agora.xtec.cat\/institutraspall\/wp-content\/uploads\/usu277\/2025\/09\/image.png\" alt=\"\" class=\"wp-image-99486\" style=\"width:231px;height:auto\"\/><\/a><\/figure>\n\n\n\n<p><strong>Determinaci\u00f3 de la massa d&#8217;un exoplaneta per efecte Doppler, per Lluc Escribano Bresol\u00ed [2019-21]<\/strong><\/p>\n\n\n\n<p>En <strong>Lluc Escribano Bresol\u00ed<\/strong> queda 2n classificat a la 18a convocat\u00f2ria del Premi Arg\u00f3 2021. <strong>Segon classificat<\/strong><\/p>\n\n\n\n<div data-wp-interactive=\"core\/file\" class=\"wp-block-file\"><object data-wp-bind--hidden=\"!state.hasPdfPreview\" hidden class=\"wp-block-file__embed\" data=\"https:\/\/agora.xtec.cat\/institutraspall\/wp-content\/uploads\/usu277\/2025\/09\/Determinaci__de_la_massa_d_un_exoplaneta_per_l_efecte_Doppler-3.pdf\" type=\"application\/pdf\" style=\"width:100%;height:330px\" aria-label=\"Incrustaci\u00f3 del fitxer Determinaci__de_la_massa_d_un_exoplaneta_per_l_efecte_Doppler-3.\"><\/object><a id=\"wp-block-file--media-ce639788-8ccf-446d-8958-6916ab26288b\" href=\"https:\/\/agora.xtec.cat\/institutraspall\/wp-content\/uploads\/usu277\/2025\/09\/Determinaci__de_la_massa_d_un_exoplaneta_per_l_efecte_Doppler-3.pdf\">Determinaci__de_la_massa_d_un_exoplaneta_per_l_efecte_Doppler-3<\/a><a href=\"https:\/\/agora.xtec.cat\/institutraspall\/wp-content\/uploads\/usu277\/2025\/09\/Determinaci__de_la_massa_d_un_exoplaneta_per_l_efecte_Doppler-3.pdf\" class=\"wp-block-file__button wp-element-button\" download aria-describedby=\"wp-block-file--media-ce639788-8ccf-446d-8958-6916ab26288b\">Baixa<\/a><\/div>\n\n\n\n<hr class=\"wp-block-separator has-alpha-channel-opacity\"\/>\n\n\n\n<figure class=\"wp-block-image alignleft size-large is-resized\"><a href=\"https:\/\/agora.xtec.cat\/institutraspall\/wp-content\/uploads\/usu277\/2025\/09\/image-2.png\"><img loading=\"lazy\" decoding=\"async\" width=\"886\" height=\"1024\" src=\"https:\/\/agora.xtec.cat\/institutraspall\/wp-content\/uploads\/usu277\/2025\/09\/image-2-886x1024.png\" alt=\"\" class=\"wp-image-99492\" style=\"width:236px;height:auto\" srcset=\"https:\/\/agora.xtec.cat\/institutraspall\/wp-content\/uploads\/usu277\/2025\/09\/image-2-886x1024.png 886w, https:\/\/agora.xtec.cat\/institutraspall\/wp-content\/uploads\/usu277\/2025\/09\/image-2-259x300.png 259w, https:\/\/agora.xtec.cat\/institutraspall\/wp-content\/uploads\/usu277\/2025\/09\/image-2-768x888.png 768w, https:\/\/agora.xtec.cat\/institutraspall\/wp-content\/uploads\/usu277\/2025\/09\/image-2.png 1024w\" sizes=\"auto, (max-width: 886px) 100vw, 886px\" \/><\/a><\/figure>\n\n\n\n<p><strong>Les part\u00edcules fonamentals i la radiaci\u00f3, per V\u00edctor Sender [2021-23]<\/strong><\/p>\n\n\n\n<p>En <strong>V\u00edctor Sender Rodr\u00edguez<\/strong> queda 1r al certamen de premis de l&#8217;UB-Santander, de la Facultat de Matem\u00e0tiques, de Treballs de Recerca. <strong>Primer classificat<\/strong><\/p>\n\n\n\n<div data-wp-interactive=\"core\/file\" class=\"wp-block-file\"><object data-wp-bind--hidden=\"!state.hasPdfPreview\" hidden class=\"wp-block-file__embed\" data=\"https:\/\/agora.xtec.cat\/institutraspall\/wp-content\/uploads\/usu277\/2025\/09\/TR-VICTOR-SENDER.-LES-PARTICULES-FONAMENTALS-I-LA-RADIACIO-1-1.pdf\" type=\"application\/pdf\" style=\"width:100%;height:390px\" aria-label=\"Incrustaci\u00f3 del fitxer TR VICTOR SENDER. LES PART\u00cdCULES FONAMENTALS I LA RADIACI\u00d3 (1) (1).\"><\/object><a id=\"wp-block-file--media-5f57e3cf-c5cf-495e-a2ca-213b506cd444\" href=\"https:\/\/agora.xtec.cat\/institutraspall\/wp-content\/uploads\/usu277\/2025\/09\/TR-VICTOR-SENDER.-LES-PARTICULES-FONAMENTALS-I-LA-RADIACIO-1-1.pdf\">TR VICTOR SENDER. LES PART\u00cdCULES FONAMENTALS I LA RADIACI\u00d3 (1) (1)<\/a><a href=\"https:\/\/agora.xtec.cat\/institutraspall\/wp-content\/uploads\/usu277\/2025\/09\/TR-VICTOR-SENDER.-LES-PARTICULES-FONAMENTALS-I-LA-RADIACIO-1-1.pdf\" class=\"wp-block-file__button wp-element-button\" download aria-describedby=\"wp-block-file--media-5f57e3cf-c5cf-495e-a2ca-213b506cd444\">Baixa<\/a><\/div>\n\n\n\n<hr class=\"wp-block-separator has-alpha-channel-opacity\"\/>\n\n\n\n<figure class=\"wp-block-image alignleft size-full is-resized\"><a href=\"https:\/\/agora.xtec.cat\/institutraspall\/wp-content\/uploads\/usu277\/2025\/09\/image-3.png\"><img loading=\"lazy\" decoding=\"async\" width=\"1000\" height=\"1000\" src=\"https:\/\/agora.xtec.cat\/institutraspall\/wp-content\/uploads\/usu277\/2025\/09\/image-3.png\" alt=\"\" class=\"wp-image-99497\" style=\"width:235px;height:auto\" srcset=\"https:\/\/agora.xtec.cat\/institutraspall\/wp-content\/uploads\/usu277\/2025\/09\/image-3.png 1000w, https:\/\/agora.xtec.cat\/institutraspall\/wp-content\/uploads\/usu277\/2025\/09\/image-3-300x300.png 300w, https:\/\/agora.xtec.cat\/institutraspall\/wp-content\/uploads\/usu277\/2025\/09\/image-3-150x150.png 150w, https:\/\/agora.xtec.cat\/institutraspall\/wp-content\/uploads\/usu277\/2025\/09\/image-3-768x768.png 768w\" sizes=\"auto, (max-width: 1000px) 100vw, 1000px\" \/><\/a><\/figure>\n\n\n\n<p><strong>AparCar: Aplicaci\u00f3 per a la zona vermella de Cardedeu, per <strong>Mart\u00ed Alonso Garcia<\/strong> [2018-20]<\/strong><\/p>\n\n\n\n<p>En <strong>Mart\u00ed Alonso Garcia<\/strong> queda 4t al certamen de premis de l&#8217;UB-Santander, de la Facultat de Matem\u00e0tiques, de Treballs de Recerca. <strong>Primer Premi Ex-Aequos<\/strong><\/p>\n\n\n\n<div data-wp-interactive=\"core\/file\" class=\"wp-block-file\"><object data-wp-bind--hidden=\"!state.hasPdfPreview\" hidden class=\"wp-block-file__embed\" data=\"https:\/\/agora.xtec.cat\/institutraspall\/wp-content\/uploads\/usu277\/2025\/09\/AparCar-Marti-Alonso-Garcia.pdf\" type=\"application\/pdf\" style=\"width:100%;height:430px\" aria-label=\"Incrustaci\u00f3 del fitxer AparCar - Mart\u00ed Alonso Garcia.\"><\/object><a id=\"wp-block-file--media-6f1bba6f-c1bb-4504-8122-608c3bed1ef0\" href=\"https:\/\/agora.xtec.cat\/institutraspall\/wp-content\/uploads\/usu277\/2025\/09\/AparCar-Marti-Alonso-Garcia.pdf\">AparCar &#8211; Mart\u00ed Alonso Garcia<\/a><a href=\"https:\/\/agora.xtec.cat\/institutraspall\/wp-content\/uploads\/usu277\/2025\/09\/AparCar-Marti-Alonso-Garcia.pdf\" class=\"wp-block-file__button wp-element-button\" download aria-describedby=\"wp-block-file--media-6f1bba6f-c1bb-4504-8122-608c3bed1ef0\">Baixa<\/a><\/div>\n\n\n\n<hr class=\"wp-block-separator has-alpha-channel-opacity\"\/>\n","protected":false},"excerpt":{"rendered":"<p>Els engranatges de la intel\u00b7lig\u00e8ncia artificial, per Guillem Cabr\u00e9 Farr\u00e9 [2020-22] En Guillem Cabr\u00e9 Farr\u00e9 rep una menci\u00f3 d&#8217;honor als premis de batxillerat del Mercat de Tecnologia de Granollers (MTG). Determinaci\u00f3 de la massa d&#8217;un exoplaneta per efecte Doppler, per Lluc Escribano Bresol\u00ed [2019-21] En Lluc Escribano Bresol\u00ed queda 2n classificat a la 18a convocat\u00f2ria [&hellip;]<\/p>\n","protected":false},"author":1,"featured_media":0,"parent":2619,"menu_order":11,"comment_status":"closed","ping_status":"closed","template":"","meta":{"_bbp_topic_count":0,"_bbp_reply_count":0,"_bbp_total_topic_count":0,"_bbp_total_reply_count":0,"_bbp_voice_count":0,"_bbp_anonymous_reply_count":0,"_bbp_topic_count_hidden":0,"_bbp_reply_count_hidden":0,"_bbp_forum_subforum_count":0,"site-sidebar-layout":"default","site-content-layout":"","ast-site-content-layout":"default","site-content-style":"default","site-sidebar-style":"default","ast-global-header-display":"","ast-banner-title-visibility":"","ast-main-header-display":"","ast-hfb-above-header-display":"","ast-hfb-below-header-display":"","ast-hfb-mobile-header-display":"","site-post-title":"","ast-breadcrumbs-content":"","ast-featured-img":"","footer-sml-layout":"","theme-transparent-header-meta":"","adv-header-id-meta":"","stick-header-meta":"","header-above-stick-meta":"","header-main-stick-meta":"","header-below-stick-meta":"","astra-migrate-meta-layouts":"set","ast-page-background-enabled":"default","ast-page-background-meta":{"desktop":{"background-color":"var(--ast-global-color-4)","background-image":"","background-repeat":"repeat","background-position":"center center","background-size":"auto","background-attachment":"scroll","background-type":"","background-media":"","overlay-type":"","overlay-color":"","overlay-opacity":"","overlay-gradient":""},"tablet":{"background-color":"","background-image":"","background-repeat":"repeat","background-position":"center center","background-size":"auto","background-attachment":"scroll","background-type":"","background-media":"","overlay-type":"","overlay-color":"","overlay-opacity":"","overlay-gradient":""},"mobile":{"background-color":"","background-image":"","background-repeat":"repeat","background-position":"center center","background-size":"auto","background-attachment":"scroll","background-type":"","background-media":"","overlay-type":"","overlay-color":"","overlay-opacity":"","overlay-gradient":""}},"ast-content-background-meta":{"desktop":{"background-color":"var(--ast-global-color-5)","background-image":"","background-repeat":"repeat","background-position":"center center","background-size":"auto","background-attachment":"scroll","background-type":"","background-media":"","overlay-type":"","overlay-color":"","overlay-opacity":"","overlay-gradient":""},"tablet":{"background-color":"var(--ast-global-color-5)","background-image":"","background-repeat":"repeat","background-position":"center center","background-size":"auto","background-attachment":"scroll","background-type":"","background-media":"","overlay-type":"","overlay-color":"","overlay-opacity":"","overlay-gradient":""},"mobile":{"background-color":"var(--ast-global-color-5)","background-image":"","background-repeat":"repeat","background-position":"center center","background-size":"auto","background-attachment":"scroll","background-type":"","background-media":"","overlay-type":"","overlay-color":"","overlay-opacity":"","overlay-gradient":""}},"footnotes":""},"class_list":["post-99001","page","type-page","status-publish","hentry"],"post_mailing_queue_ids":[],"_links":{"self":[{"href":"https:\/\/agora.xtec.cat\/institutraspall\/wp-json\/wp\/v2\/pages\/99001","targetHints":{"allow":["GET"]}}],"collection":[{"href":"https:\/\/agora.xtec.cat\/institutraspall\/wp-json\/wp\/v2\/pages"}],"about":[{"href":"https:\/\/agora.xtec.cat\/institutraspall\/wp-json\/wp\/v2\/types\/page"}],"author":[{"embeddable":true,"href":"https:\/\/agora.xtec.cat\/institutraspall\/wp-json\/wp\/v2\/users\/1"}],"replies":[{"embeddable":true,"href":"https:\/\/agora.xtec.cat\/institutraspall\/wp-json\/wp\/v2\/comments?post=99001"}],"version-history":[{"count":6,"href":"https:\/\/agora.xtec.cat\/institutraspall\/wp-json\/wp\/v2\/pages\/99001\/revisions"}],"predecessor-version":[{"id":99692,"href":"https:\/\/agora.xtec.cat\/institutraspall\/wp-json\/wp\/v2\/pages\/99001\/revisions\/99692"}],"up":[{"embeddable":true,"href":"https:\/\/agora.xtec.cat\/institutraspall\/wp-json\/wp\/v2\/pages\/2619"}],"wp:attachment":[{"href":"https:\/\/agora.xtec.cat\/institutraspall\/wp-json\/wp\/v2\/media?parent=99001"}],"curies":[{"name":"wp","href":"https:\/\/api.w.org\/{rel}","templated":true}]}}