{"id":98806,"date":"2024-11-06T19:58:42","date_gmt":"2024-11-06T18:58:42","guid":{"rendered":"https:\/\/agora.xtec.cat\/institutraspall\/?page_id=98806"},"modified":"2024-11-12T17:27:29","modified_gmt":"2024-11-12T16:27:29","slug":"la-setmana-de-la-ciencia","status":"publish","type":"page","link":"https:\/\/agora.xtec.cat\/institutraspall\/documents-dinstitut\/projectes-de-centre-2\/la-setmana-de-la-ciencia\/","title":{"rendered":"La Setmana de la Ci\u00e8ncia 2024"},"content":{"rendered":"<p>Aquest any 24-25 tornem a celebrar la setmana de la ci\u00e8ncia! Ho farem del 11 al 15 de novembre. Els cursos del Raspall seguiran uns experiments, faran unes lectures cient\u00edfiques, rebran xerrades&#8230; Scientia potentia est!<\/p>\n<p><a href=\"https:\/\/agora.xtec.cat\/institutraspall\/documents-dinstitut\/projectes-de-centre-2\/la-setmana-de-la-ciencia\/attachment\/cartell_canva_setmana-de-la-ciencia_page-0002\/\" rel=\"attachment wp-att-98807\"><img loading=\"lazy\" decoding=\"async\" class=\"aligncenter size-medium wp-image-98807\" src=\"https:\/\/agora.xtec.cat\/institutraspall\/wp-content\/uploads\/usu277\/2024\/11\/cartell_canva_Setmana-de-la-Ciencia_page-0002-212x300.jpg\" alt=\"\" width=\"212\" height=\"300\" srcset=\"https:\/\/agora.xtec.cat\/institutraspall\/wp-content\/uploads\/usu277\/2024\/11\/cartell_canva_Setmana-de-la-Ciencia_page-0002-212x300.jpg 212w, https:\/\/agora.xtec.cat\/institutraspall\/wp-content\/uploads\/usu277\/2024\/11\/cartell_canva_Setmana-de-la-Ciencia_page-0002-724x1024.jpg 724w, https:\/\/agora.xtec.cat\/institutraspall\/wp-content\/uploads\/usu277\/2024\/11\/cartell_canva_Setmana-de-la-Ciencia_page-0002-768x1086.jpg 768w, https:\/\/agora.xtec.cat\/institutraspall\/wp-content\/uploads\/usu277\/2024\/11\/cartell_canva_Setmana-de-la-Ciencia_page-0002-1086x1536.jpg 1086w, https:\/\/agora.xtec.cat\/institutraspall\/wp-content\/uploads\/usu277\/2024\/11\/cartell_canva_Setmana-de-la-Ciencia_page-0002.jpg 1241w\" sizes=\"auto, (max-width: 212px) 100vw, 212px\" \/><br \/>\n<\/a>Aqu\u00ed hi tens totes les activitats detallades per aquests dies. A m\u00e9s, pensa que tamb\u00e9 hi ha el concurs de fotografia cient\u00edfica! Molta sort a tots els qui decidiu participar-hi!<\/p>\n<p><a href=\"https:\/\/agora.xtec.cat\/institutraspall\/documents-dinstitut\/projectes-de-centre-2\/la-setmana-de-la-ciencia\/attachment\/planificacio_setmana_ciencia_2024\/\" rel=\"attachment wp-att-98813\">planificaci\u00f3_Setmana_Ci\u00e8ncia_2024<\/a><\/p>\n<p><a href=\"https:\/\/agora.xtec.cat\/institutraspall\/documents-dinstitut\/projectes-de-centre-2\/la-setmana-de-la-ciencia\/attachment\/concurs_fotografia_cientifica-1\/\" rel=\"attachment wp-att-98814\">concurs_fotografia_cient\u00edfica<\/a><\/p>\n<p>___________________________________________________________________________________<\/p>\n<p>Els alumnes gaudeixen de les xerrades sobre materials, el tema estrella d&#8217;aquesta Setmana de la Ci\u00e8ncia.<\/p>\n<p>Primer, 2n de Batxillerat ha estat a la xerrada dels <em>Materials de Cine:<\/em><\/p>\n<table style=\"border-collapse: collapse; width: 100%;\">\n<tbody>\n<tr>\n<td style=\"width: 50%;\"><a href=\"https:\/\/agora.xtec.cat\/institutraspall\/documents-dinstitut\/projectes-de-centre-2\/la-setmana-de-la-ciencia\/attachment\/materials_cine_1-min\/\" rel=\"attachment wp-att-98821\"><img loading=\"lazy\" decoding=\"async\" class=\"aligncenter size-medium wp-image-98821\" src=\"https:\/\/agora.xtec.cat\/institutraspall\/wp-content\/uploads\/usu277\/2024\/11\/Materials_Cine_1-min-300x226.jpg\" alt=\"\" width=\"300\" height=\"226\" srcset=\"https:\/\/agora.xtec.cat\/institutraspall\/wp-content\/uploads\/usu277\/2024\/11\/Materials_Cine_1-min-300x226.jpg 300w, https:\/\/agora.xtec.cat\/institutraspall\/wp-content\/uploads\/usu277\/2024\/11\/Materials_Cine_1-min-1024x771.jpg 1024w, https:\/\/agora.xtec.cat\/institutraspall\/wp-content\/uploads\/usu277\/2024\/11\/Materials_Cine_1-min-768x578.jpg 768w, https:\/\/agora.xtec.cat\/institutraspall\/wp-content\/uploads\/usu277\/2024\/11\/Materials_Cine_1-min-1536x1157.jpg 1536w, https:\/\/agora.xtec.cat\/institutraspall\/wp-content\/uploads\/usu277\/2024\/11\/Materials_Cine_1-min-2048x1542.jpg 2048w, https:\/\/agora.xtec.cat\/institutraspall\/wp-content\/uploads\/usu277\/2024\/11\/Materials_Cine_1-min-200x150.jpg 200w\" sizes=\"auto, (max-width: 300px) 100vw, 300px\" \/><\/a><\/td>\n<td style=\"width: 50%;\"><a href=\"https:\/\/agora.xtec.cat\/institutraspall\/documents-dinstitut\/projectes-de-centre-2\/la-setmana-de-la-ciencia\/attachment\/materials_cine_2-min\/\" rel=\"attachment wp-att-98822\"><img loading=\"lazy\" decoding=\"async\" class=\"aligncenter  wp-image-98822\" src=\"https:\/\/agora.xtec.cat\/institutraspall\/wp-content\/uploads\/usu277\/2024\/11\/Materials_Cine_2-min-226x300.jpg\" alt=\"\" width=\"144\" height=\"191\" srcset=\"https:\/\/agora.xtec.cat\/institutraspall\/wp-content\/uploads\/usu277\/2024\/11\/Materials_Cine_2-min-226x300.jpg 226w, https:\/\/agora.xtec.cat\/institutraspall\/wp-content\/uploads\/usu277\/2024\/11\/Materials_Cine_2-min-771x1024.jpg 771w, https:\/\/agora.xtec.cat\/institutraspall\/wp-content\/uploads\/usu277\/2024\/11\/Materials_Cine_2-min-768x1020.jpg 768w, https:\/\/agora.xtec.cat\/institutraspall\/wp-content\/uploads\/usu277\/2024\/11\/Materials_Cine_2-min-1157x1536.jpg 1157w, https:\/\/agora.xtec.cat\/institutraspall\/wp-content\/uploads\/usu277\/2024\/11\/Materials_Cine_2-min-1542x2048.jpg 1542w, https:\/\/agora.xtec.cat\/institutraspall\/wp-content\/uploads\/usu277\/2024\/11\/Materials_Cine_2-min-scaled.jpg 1928w\" sizes=\"auto, (max-width: 144px) 100vw, 144px\" \/><\/a><\/td>\n<\/tr>\n<\/tbody>\n<\/table>\n<p>D&#8217;altra banda, els alumnes de 4t d&#8217;ESO han assistit a la xerrada de <em>El futur est\u00e0 fet de materials:<\/em><\/p>\n<table style=\"border-collapse: collapse; width: 100%;\">\n<tbody>\n<tr>\n<td style=\"width: 50%;\"><a href=\"https:\/\/agora.xtec.cat\/institutraspall\/documents-dinstitut\/projectes-de-centre-2\/la-setmana-de-la-ciencia\/attachment\/el_mon_esta_fet_de_materials-1-min\/\" rel=\"attachment wp-att-98823\"><img loading=\"lazy\" decoding=\"async\" class=\"aligncenter size-medium wp-image-98823\" src=\"https:\/\/agora.xtec.cat\/institutraspall\/wp-content\/uploads\/usu277\/2024\/11\/El_mon_esta_fet_de_materials-1-min-300x226.jpg\" alt=\"\" width=\"300\" height=\"226\" srcset=\"https:\/\/agora.xtec.cat\/institutraspall\/wp-content\/uploads\/usu277\/2024\/11\/El_mon_esta_fet_de_materials-1-min-300x226.jpg 300w, https:\/\/agora.xtec.cat\/institutraspall\/wp-content\/uploads\/usu277\/2024\/11\/El_mon_esta_fet_de_materials-1-min-1024x771.jpg 1024w, https:\/\/agora.xtec.cat\/institutraspall\/wp-content\/uploads\/usu277\/2024\/11\/El_mon_esta_fet_de_materials-1-min-768x578.jpg 768w, https:\/\/agora.xtec.cat\/institutraspall\/wp-content\/uploads\/usu277\/2024\/11\/El_mon_esta_fet_de_materials-1-min-1536x1157.jpg 1536w, https:\/\/agora.xtec.cat\/institutraspall\/wp-content\/uploads\/usu277\/2024\/11\/El_mon_esta_fet_de_materials-1-min-2048x1542.jpg 2048w, https:\/\/agora.xtec.cat\/institutraspall\/wp-content\/uploads\/usu277\/2024\/11\/El_mon_esta_fet_de_materials-1-min-200x150.jpg 200w\" sizes=\"auto, (max-width: 300px) 100vw, 300px\" \/><\/a><\/td>\n<td style=\"width: 50%;\"><a href=\"https:\/\/agora.xtec.cat\/institutraspall\/documents-dinstitut\/projectes-de-centre-2\/la-setmana-de-la-ciencia\/attachment\/el_mon_esta_fet_de_materials-2-min\/\" rel=\"attachment wp-att-98824\"><img loading=\"lazy\" decoding=\"async\" class=\"aligncenter size-medium wp-image-98824\" src=\"https:\/\/agora.xtec.cat\/institutraspall\/wp-content\/uploads\/usu277\/2024\/11\/El_mon_esta_fet_de_materials-2-min-300x226.jpg\" alt=\"\" width=\"300\" height=\"226\" srcset=\"https:\/\/agora.xtec.cat\/institutraspall\/wp-content\/uploads\/usu277\/2024\/11\/El_mon_esta_fet_de_materials-2-min-300x226.jpg 300w, https:\/\/agora.xtec.cat\/institutraspall\/wp-content\/uploads\/usu277\/2024\/11\/El_mon_esta_fet_de_materials-2-min-1024x771.jpg 1024w, https:\/\/agora.xtec.cat\/institutraspall\/wp-content\/uploads\/usu277\/2024\/11\/El_mon_esta_fet_de_materials-2-min-768x578.jpg 768w, https:\/\/agora.xtec.cat\/institutraspall\/wp-content\/uploads\/usu277\/2024\/11\/El_mon_esta_fet_de_materials-2-min-1536x1157.jpg 1536w, https:\/\/agora.xtec.cat\/institutraspall\/wp-content\/uploads\/usu277\/2024\/11\/El_mon_esta_fet_de_materials-2-min-2048x1542.jpg 2048w, https:\/\/agora.xtec.cat\/institutraspall\/wp-content\/uploads\/usu277\/2024\/11\/El_mon_esta_fet_de_materials-2-min-200x150.jpg 200w\" sizes=\"auto, (max-width: 300px) 100vw, 300px\" \/><\/a><\/td>\n<\/tr>\n<\/tbody>\n<\/table>\n<p>Gr\u00e0cies a la N\u00faria Sal\u00e1n per les fotografies!<\/p>\n<p>&nbsp;<\/p>\n","protected":false},"excerpt":{"rendered":"<p>Aquest any 24-25 tornem a celebrar la setmana de la ci\u00e8ncia! Ho farem del 11 al 15 de novembre. Els cursos del Raspall seguiran uns experiments, faran unes lectures cient\u00edfiques, rebran xerrades&#8230; Scientia potentia est! Aqu\u00ed hi tens totes les activitats detallades per aquests dies. A m\u00e9s, pensa que tamb\u00e9 hi ha el concurs de [&hellip;]<\/p>\n","protected":false},"author":1,"featured_media":0,"parent":2619,"menu_order":0,"comment_status":"closed","ping_status":"closed","template":"","meta":{"_bbp_topic_count":0,"_bbp_reply_count":0,"_bbp_total_topic_count":0,"_bbp_total_reply_count":0,"_bbp_voice_count":0,"_bbp_anonymous_reply_count":0,"_bbp_topic_count_hidden":0,"_bbp_reply_count_hidden":0,"_bbp_forum_subforum_count":0,"site-sidebar-layout":"default","site-content-layout":"","ast-site-content-layout":"","site-content-style":"default","site-sidebar-style":"default","ast-global-header-display":"","ast-banner-title-visibility":"","ast-main-header-display":"","ast-hfb-above-header-display":"","ast-hfb-below-header-display":"","ast-hfb-mobile-header-display":"","site-post-title":"","ast-breadcrumbs-content":"","ast-featured-img":"","footer-sml-layout":"","theme-transparent-header-meta":"","adv-header-id-meta":"","stick-header-meta":"","header-above-stick-meta":"","header-main-stick-meta":"","header-below-stick-meta":"","astra-migrate-meta-layouts":"default","ast-page-background-enabled":"default","ast-page-background-meta":{"desktop":{"background-color":"var(--ast-global-color-4)","background-image":"","background-repeat":"repeat","background-position":"center center","background-size":"auto","background-attachment":"scroll","background-type":"","background-media":"","overlay-type":"","overlay-color":"","overlay-opacity":"","overlay-gradient":""},"tablet":{"background-color":"","background-image":"","background-repeat":"repeat","background-position":"center center","background-size":"auto","background-attachment":"scroll","background-type":"","background-media":"","overlay-type":"","overlay-color":"","overlay-opacity":"","overlay-gradient":""},"mobile":{"background-color":"","background-image":"","background-repeat":"repeat","background-position":"center center","background-size":"auto","background-attachment":"scroll","background-type":"","background-media":"","overlay-type":"","overlay-color":"","overlay-opacity":"","overlay-gradient":""}},"ast-content-background-meta":{"desktop":{"background-color":"var(--ast-global-color-5)","background-image":"","background-repeat":"repeat","background-position":"center center","background-size":"auto","background-attachment":"scroll","background-type":"","background-media":"","overlay-type":"","overlay-color":"","overlay-opacity":"","overlay-gradient":""},"tablet":{"background-color":"var(--ast-global-color-5)","background-image":"","background-repeat":"repeat","background-position":"center center","background-size":"auto","background-attachment":"scroll","background-type":"","background-media":"","overlay-type":"","overlay-color":"","overlay-opacity":"","overlay-gradient":""},"mobile":{"background-color":"var(--ast-global-color-5)","background-image":"","background-repeat":"repeat","background-position":"center center","background-size":"auto","background-attachment":"scroll","background-type":"","background-media":"","overlay-type":"","overlay-color":"","overlay-opacity":"","overlay-gradient":""}},"footnotes":""},"class_list":["post-98806","page","type-page","status-publish","hentry"],"post_mailing_queue_ids":[],"_links":{"self":[{"href":"https:\/\/agora.xtec.cat\/institutraspall\/wp-json\/wp\/v2\/pages\/98806","targetHints":{"allow":["GET"]}}],"collection":[{"href":"https:\/\/agora.xtec.cat\/institutraspall\/wp-json\/wp\/v2\/pages"}],"about":[{"href":"https:\/\/agora.xtec.cat\/institutraspall\/wp-json\/wp\/v2\/types\/page"}],"author":[{"embeddable":true,"href":"https:\/\/agora.xtec.cat\/institutraspall\/wp-json\/wp\/v2\/users\/1"}],"replies":[{"embeddable":true,"href":"https:\/\/agora.xtec.cat\/institutraspall\/wp-json\/wp\/v2\/comments?post=98806"}],"version-history":[{"count":5,"href":"https:\/\/agora.xtec.cat\/institutraspall\/wp-json\/wp\/v2\/pages\/98806\/revisions"}],"predecessor-version":[{"id":98825,"href":"https:\/\/agora.xtec.cat\/institutraspall\/wp-json\/wp\/v2\/pages\/98806\/revisions\/98825"}],"up":[{"embeddable":true,"href":"https:\/\/agora.xtec.cat\/institutraspall\/wp-json\/wp\/v2\/pages\/2619"}],"wp:attachment":[{"href":"https:\/\/agora.xtec.cat\/institutraspall\/wp-json\/wp\/v2\/media?parent=98806"}],"curies":[{"name":"wp","href":"https:\/\/api.w.org\/{rel}","templated":true}]}}