{"id":98527,"date":"2024-07-23T02:22:59","date_gmt":"2024-07-23T00:22:59","guid":{"rendered":"https:\/\/agora.xtec.cat\/institutraspall\/?page_id=98527"},"modified":"2025-07-29T17:26:27","modified_gmt":"2025-07-29T15:26:27","slug":"ieduca","status":"publish","type":"page","link":"https:\/\/agora.xtec.cat\/institutraspall\/serveis\/ieduca\/","title":{"rendered":"Ieduca"},"content":{"rendered":"<h5 style=\"text-align: center;\">Aplicaci\u00f3 de gesti\u00f3 web<a href=\"https:\/\/login.ieduca.com\/?error=login.no_token&amp;lang=ca&amp;centre=insraspall&amp;modul=base&amp;urlback=Lw%3D%3D\" target=\"_blank\" rel=\"noopener\"><img loading=\"lazy\" decoding=\"async\" class=\"wp-image-3414 aligncenter\" src=\"https:\/\/agora.xtec.cat\/institutraspall\/wp-content\/uploads\/usu277\/2024\/07\/logo-ieduca-768x218-1.png\" alt=\"\" width=\"247\" height=\"70\" srcset=\"https:\/\/agora.xtec.cat\/institutraspall\/wp-content\/uploads\/usu277\/2024\/07\/logo-ieduca-768x218-1.png 768w, https:\/\/agora.xtec.cat\/institutraspall\/wp-content\/uploads\/usu277\/2024\/07\/logo-ieduca-768x218-1-300x85.png 300w\" sizes=\"auto, (max-width: 247px) 100vw, 247px\" \/><\/a><\/h5>\n<table style=\"border-collapse: collapse; width: 100%;\">\n<tbody>\n<tr>\n<td style=\"width: 33.3333%;\" colspan=\"3\">\n<h5 style=\"text-align: center;\">Descarrega&#8217;t l&#8217;aplicaci\u00f3<\/h5>\n<p><img loading=\"lazy\" decoding=\"async\" class=\"wp-image-3415 aligncenter\" src=\"https:\/\/agora.xtec.cat\/institutraspall\/wp-content\/uploads\/usu277\/2024\/07\/logo-tokapp-768x196-1.png\" alt=\"\" width=\"274\" height=\"70\" srcset=\"https:\/\/agora.xtec.cat\/institutraspall\/wp-content\/uploads\/usu277\/2024\/07\/logo-tokapp-768x196-1.png 768w, https:\/\/agora.xtec.cat\/institutraspall\/wp-content\/uploads\/usu277\/2024\/07\/logo-tokapp-768x196-1-300x77.png 300w\" sizes=\"auto, (max-width: 274px) 100vw, 274px\" \/><\/td>\n<\/tr>\n<tr>\n<td style=\"width: 33.3333%;\"><a href=\"https:\/\/play.google.com\/store\/apps\/details?id=com.MultiExpo.tokappschool&amp;hl=es\" target=\"_blank\" rel=\"noopener\"><img loading=\"lazy\" decoding=\"async\" class=\"size-full wp-image-98528 aligncenter\" src=\"https:\/\/agora.xtec.cat\/institutraspall\/wp-content\/uploads\/usu277\/2024\/07\/Captura-de-Pantalla-2024-07-23-a-las-2.16.47.png\" alt=\"\" width=\"168\" height=\"49\" \/><\/a><\/td>\n<td style=\"width: 33.3333%;\"><a href=\"https:\/\/apps.apple.com\/es\/app\/tokapp-school\/id731900359\" target=\"_blank\" rel=\"noopener\"><img loading=\"lazy\" decoding=\"async\" class=\"size-full wp-image-98530 aligncenter\" src=\"https:\/\/agora.xtec.cat\/institutraspall\/wp-content\/uploads\/usu277\/2024\/07\/Captura-de-Pantalla-2024-07-23-a-las-2.16.55.png\" alt=\"\" width=\"164\" height=\"48\" \/><\/a><\/td>\n<td style=\"width: 33.3333%;\"><a href=\"https:\/\/appgallery.huawei.com\/app\/C100072747?sharePrepath=ag&amp;channelId=tokapp.com&amp;id=d552aacc880a4cfea45e37c17faff36e&amp;s=937473CF21BD844516A8C834BD9D7BDC5B58A409B9C59CE802AB32F56D06B00B&amp;detailType=0&amp;v=\" target=\"_blank\" rel=\"noopener\"><img loading=\"lazy\" decoding=\"async\" class=\"size-full wp-image-98529 aligncenter\" src=\"https:\/\/agora.xtec.cat\/institutraspall\/wp-content\/uploads\/usu277\/2024\/07\/Captura-de-Pantalla-2024-07-23-a-las-2.17.02.png\" alt=\"\" width=\"161\" height=\"46\" \/><\/a><\/td>\n<\/tr>\n<\/tbody>\n<\/table>\n<p>&nbsp;<\/p>\n","protected":false},"excerpt":{"rendered":"<p>Aplicaci\u00f3 de gesti\u00f3 web Descarrega&#8217;t l&#8217;aplicaci\u00f3 &nbsp;<\/p>\n","protected":false},"author":1,"featured_media":0,"parent":3067,"menu_order":5,"comment_status":"closed","ping_status":"closed","template":"","meta":{"_bbp_topic_count":0,"_bbp_reply_count":0,"_bbp_total_topic_count":0,"_bbp_total_reply_count":0,"_bbp_voice_count":0,"_bbp_anonymous_reply_count":0,"_bbp_topic_count_hidden":0,"_bbp_reply_count_hidden":0,"_bbp_forum_subforum_count":0,"site-sidebar-layout":"default","site-content-layout":"","ast-site-content-layout":"","site-content-style":"default","site-sidebar-style":"default","ast-global-header-display":"","ast-banner-title-visibility":"","ast-main-header-display":"","ast-hfb-above-header-display":"","ast-hfb-below-header-display":"","ast-hfb-mobile-header-display":"","site-post-title":"","ast-breadcrumbs-content":"","ast-featured-img":"","footer-sml-layout":"","theme-transparent-header-meta":"","adv-header-id-meta":"","stick-header-meta":"","header-above-stick-meta":"","header-main-stick-meta":"","header-below-stick-meta":"","astra-migrate-meta-layouts":"default","ast-page-background-enabled":"default","ast-page-background-meta":{"desktop":{"background-color":"var(--ast-global-color-4)","background-image":"","background-repeat":"repeat","background-position":"center center","background-size":"auto","background-attachment":"scroll","background-type":"","background-media":"","overlay-type":"","overlay-color":"","overlay-opacity":"","overlay-gradient":""},"tablet":{"background-color":"","background-image":"","background-repeat":"repeat","background-position":"center center","background-size":"auto","background-attachment":"scroll","background-type":"","background-media":"","overlay-type":"","overlay-color":"","overlay-opacity":"","overlay-gradient":""},"mobile":{"background-color":"","background-image":"","background-repeat":"repeat","background-position":"center center","background-size":"auto","background-attachment":"scroll","background-type":"","background-media":"","overlay-type":"","overlay-color":"","overlay-opacity":"","overlay-gradient":""}},"ast-content-background-meta":{"desktop":{"background-color":"var(--ast-global-color-5)","background-image":"","background-repeat":"repeat","background-position":"center center","background-size":"auto","background-attachment":"scroll","background-type":"","background-media":"","overlay-type":"","overlay-color":"","overlay-opacity":"","overlay-gradient":""},"tablet":{"background-color":"var(--ast-global-color-5)","background-image":"","background-repeat":"repeat","background-position":"center center","background-size":"auto","background-attachment":"scroll","background-type":"","background-media":"","overlay-type":"","overlay-color":"","overlay-opacity":"","overlay-gradient":""},"mobile":{"background-color":"var(--ast-global-color-5)","background-image":"","background-repeat":"repeat","background-position":"center center","background-size":"auto","background-attachment":"scroll","background-type":"","background-media":"","overlay-type":"","overlay-color":"","overlay-opacity":"","overlay-gradient":""}},"footnotes":""},"class_list":["post-98527","page","type-page","status-publish","hentry"],"post_mailing_queue_ids":[],"_links":{"self":[{"href":"https:\/\/agora.xtec.cat\/institutraspall\/wp-json\/wp\/v2\/pages\/98527","targetHints":{"allow":["GET"]}}],"collection":[{"href":"https:\/\/agora.xtec.cat\/institutraspall\/wp-json\/wp\/v2\/pages"}],"about":[{"href":"https:\/\/agora.xtec.cat\/institutraspall\/wp-json\/wp\/v2\/types\/page"}],"author":[{"embeddable":true,"href":"https:\/\/agora.xtec.cat\/institutraspall\/wp-json\/wp\/v2\/users\/1"}],"replies":[{"embeddable":true,"href":"https:\/\/agora.xtec.cat\/institutraspall\/wp-json\/wp\/v2\/comments?post=98527"}],"version-history":[{"count":1,"href":"https:\/\/agora.xtec.cat\/institutraspall\/wp-json\/wp\/v2\/pages\/98527\/revisions"}],"predecessor-version":[{"id":98531,"href":"https:\/\/agora.xtec.cat\/institutraspall\/wp-json\/wp\/v2\/pages\/98527\/revisions\/98531"}],"up":[{"embeddable":true,"href":"https:\/\/agora.xtec.cat\/institutraspall\/wp-json\/wp\/v2\/pages\/3067"}],"wp:attachment":[{"href":"https:\/\/agora.xtec.cat\/institutraspall\/wp-json\/wp\/v2\/media?parent=98527"}],"curies":[{"name":"wp","href":"https:\/\/api.w.org\/{rel}","templated":true}]}}