{"id":3221,"date":"2024-07-15T21:21:41","date_gmt":"2024-07-15T19:21:41","guid":{"rendered":"https:\/\/agora.xtec.cat\/institutraspall\/?page_id=3221"},"modified":"2024-07-23T02:33:25","modified_gmt":"2024-07-23T00:33:25","slug":"menjador-escolar","status":"publish","type":"page","link":"https:\/\/agora.xtec.cat\/institutraspall\/serveis\/menjador-escolar\/","title":{"rendered":"Menjador escolar"},"content":{"rendered":"<p><img loading=\"lazy\" decoding=\"async\" class=\"size-full wp-image-98463 alignright\" src=\"https:\/\/agora.xtec.cat\/institutraspall\/wp-content\/uploads\/usu277\/2024\/07\/MENJADOR-ESCOLAR_candelich.jpg\" alt=\"\" width=\"250\" height=\"150\" \/><\/p>\n<p>L\u2019empresa que gestiona el servei \u00e9s Can Candelich de Samal\u00fas, amb la contractaci\u00f3 per part del centre i l\u2019acord del Consell escolar.<\/p>\n<p>Aquest curs el menjador escolar donar\u00e0 servei d&#8217;\u00e0pats de dilluns a divendres, excepte dies festius.<\/p>\n<p><!--more--><\/p>\n<h3><a href=\"https:\/\/agora.xtec.cat\/institutraspall\/categoria\/menjador\/\" target=\"_blank\" rel=\"noopener\"><strong>Darreres publicacions<\/strong><\/a><\/h3>\n","protected":false},"excerpt":{"rendered":"<p>L\u2019empresa que gestiona el servei \u00e9s Can Candelich de Samal\u00fas, amb la contractaci\u00f3 per part del centre i l\u2019acord del Consell escolar. Aquest curs el menjador escolar donar\u00e0 servei d&#8217;\u00e0pats de dilluns a divendres, excepte dies festius.<\/p>\n","protected":false},"author":1,"featured_media":0,"parent":3067,"menu_order":10,"comment_status":"closed","ping_status":"closed","template":"page-templates\/side-menu.php","meta":{"_bbp_topic_count":0,"_bbp_reply_count":0,"_bbp_total_topic_count":0,"_bbp_total_reply_count":0,"_bbp_voice_count":0,"_bbp_anonymous_reply_count":0,"_bbp_topic_count_hidden":0,"_bbp_reply_count_hidden":0,"_bbp_forum_subforum_count":0,"site-sidebar-layout":"default","site-content-layout":"","ast-site-content-layout":"","site-content-style":"default","site-sidebar-style":"default","ast-global-header-display":"","ast-banner-title-visibility":"","ast-main-header-display":"","ast-hfb-above-header-display":"","ast-hfb-below-header-display":"","ast-hfb-mobile-header-display":"","site-post-title":"","ast-breadcrumbs-content":"","ast-featured-img":"","footer-sml-layout":"","theme-transparent-header-meta":"","adv-header-id-meta":"","stick-header-meta":"","header-above-stick-meta":"","header-main-stick-meta":"","header-below-stick-meta":"","astra-migrate-meta-layouts":"default","ast-page-background-enabled":"default","ast-page-background-meta":{"desktop":{"background-color":"var(--ast-global-color-4)","background-image":"","background-repeat":"repeat","background-position":"center center","background-size":"auto","background-attachment":"scroll","background-type":"","background-media":"","overlay-type":"","overlay-color":"","overlay-opacity":"","overlay-gradient":""},"tablet":{"background-color":"","background-image":"","background-repeat":"repeat","background-position":"center center","background-size":"auto","background-attachment":"scroll","background-type":"","background-media":"","overlay-type":"","overlay-color":"","overlay-opacity":"","overlay-gradient":""},"mobile":{"background-color":"","background-image":"","background-repeat":"repeat","background-position":"center center","background-size":"auto","background-attachment":"scroll","background-type":"","background-media":"","overlay-type":"","overlay-color":"","overlay-opacity":"","overlay-gradient":""}},"ast-content-background-meta":{"desktop":{"background-color":"var(--ast-global-color-5)","background-image":"","background-repeat":"repeat","background-position":"center center","background-size":"auto","background-attachment":"scroll","background-type":"","background-media":"","overlay-type":"","overlay-color":"","overlay-opacity":"","overlay-gradient":""},"tablet":{"background-color":"var(--ast-global-color-5)","background-image":"","background-repeat":"repeat","background-position":"center center","background-size":"auto","background-attachment":"scroll","background-type":"","background-media":"","overlay-type":"","overlay-color":"","overlay-opacity":"","overlay-gradient":""},"mobile":{"background-color":"var(--ast-global-color-5)","background-image":"","background-repeat":"repeat","background-position":"center center","background-size":"auto","background-attachment":"scroll","background-type":"","background-media":"","overlay-type":"","overlay-color":"","overlay-opacity":"","overlay-gradient":""}},"footnotes":""},"class_list":["post-3221","page","type-page","status-publish","hentry"],"post_mailing_queue_ids":[],"_links":{"self":[{"href":"https:\/\/agora.xtec.cat\/institutraspall\/wp-json\/wp\/v2\/pages\/3221","targetHints":{"allow":["GET"]}}],"collection":[{"href":"https:\/\/agora.xtec.cat\/institutraspall\/wp-json\/wp\/v2\/pages"}],"about":[{"href":"https:\/\/agora.xtec.cat\/institutraspall\/wp-json\/wp\/v2\/types\/page"}],"author":[{"embeddable":true,"href":"https:\/\/agora.xtec.cat\/institutraspall\/wp-json\/wp\/v2\/users\/1"}],"replies":[{"embeddable":true,"href":"https:\/\/agora.xtec.cat\/institutraspall\/wp-json\/wp\/v2\/comments?post=3221"}],"version-history":[{"count":6,"href":"https:\/\/agora.xtec.cat\/institutraspall\/wp-json\/wp\/v2\/pages\/3221\/revisions"}],"predecessor-version":[{"id":98539,"href":"https:\/\/agora.xtec.cat\/institutraspall\/wp-json\/wp\/v2\/pages\/3221\/revisions\/98539"}],"up":[{"embeddable":true,"href":"https:\/\/agora.xtec.cat\/institutraspall\/wp-json\/wp\/v2\/pages\/3067"}],"wp:attachment":[{"href":"https:\/\/agora.xtec.cat\/institutraspall\/wp-json\/wp\/v2\/media?parent=3221"}],"curies":[{"name":"wp","href":"https:\/\/api.w.org\/{rel}","templated":true}]}}