{"id":3210,"date":"2024-07-15T21:18:00","date_gmt":"2024-07-15T19:18:00","guid":{"rendered":"https:\/\/agora.xtec.cat\/institutraspall\/?page_id=3210"},"modified":"2024-07-22T16:21:31","modified_gmt":"2024-07-22T14:21:31","slug":"batxibac","status":"publish","type":"page","link":"https:\/\/agora.xtec.cat\/institutraspall\/oferta-educativa\/batxibac\/","title":{"rendered":"Batxibac"},"content":{"rendered":"<p>El programa batxibac permet als alumnes de batxillerat obtenir la doble titulaci\u00f3 batxillerat \u2013 Baccalaur\u00e9at\u00a0 si cursen un ter\u00e7 de l\u2019horari en llengua francesa, incorporen al seu curr\u00edculum les mat\u00e8ries Llengua i literatura francesa i Hist\u00f2ria de Fran\u00e7a, i superen una prova externa.<\/p>\n<h5 style=\"text-align: center;\"><a href=\"https:\/\/sites.google.com\/raspall.cat\/batxibacraspall\/batxibac\"><span style=\"color: #0000ff;\">INFORMACI\u00d3 BATXIBAC RASPAL<\/span><\/a><a href=\"https:\/\/sites.google.com\/raspall.cat\/batxibacraspall\/batxibac\"><img loading=\"lazy\" decoding=\"async\" class=\"wp-image-98440 aligncenter\" src=\"https:\/\/agora.xtec.cat\/institutraspall\/wp-content\/uploads\/usu277\/2024\/07\/Captura-de-Pantalla-2024-07-22-a-las-15.09.12.png\" alt=\"\" width=\"247\" height=\"169\" srcset=\"https:\/\/agora.xtec.cat\/institutraspall\/wp-content\/uploads\/usu277\/2024\/07\/Captura-de-Pantalla-2024-07-22-a-las-15.09.12.png 846w, https:\/\/agora.xtec.cat\/institutraspall\/wp-content\/uploads\/usu277\/2024\/07\/Captura-de-Pantalla-2024-07-22-a-las-15.09.12-300x206.png 300w, https:\/\/agora.xtec.cat\/institutraspall\/wp-content\/uploads\/usu277\/2024\/07\/Captura-de-Pantalla-2024-07-22-a-las-15.09.12-768x527.png 768w\" sizes=\"auto, (max-width: 247px) 100vw, 247px\" \/><\/a><\/h5>\n<p>Podeu trobar <a href=\"https:\/\/xtec.gencat.cat\/ca\/curriculum\/batxillerat\/baccalaureat\/\">informaci\u00f3 oficial de la Generalitat aqu\u00ed<\/a><\/p>\n<p><!--more--><\/p>\n","protected":false},"excerpt":{"rendered":"<p>El programa batxibac permet als alumnes de batxillerat obtenir la doble titulaci\u00f3 batxillerat \u2013 Baccalaur\u00e9at\u00a0 si cursen un ter\u00e7 de l\u2019horari en llengua francesa, incorporen al seu curr\u00edculum les mat\u00e8ries Llengua i literatura francesa i Hist\u00f2ria de Fran\u00e7a, i superen una prova externa. INFORMACI\u00d3 BATXIBAC RASPAL Podeu trobar informaci\u00f3 oficial de la Generalitat aqu\u00ed<\/p>\n","protected":false},"author":1,"featured_media":0,"parent":3065,"menu_order":70,"comment_status":"closed","ping_status":"closed","template":"page-templates\/side-menu.php","meta":{"_bbp_topic_count":0,"_bbp_reply_count":0,"_bbp_total_topic_count":0,"_bbp_total_reply_count":0,"_bbp_voice_count":0,"_bbp_anonymous_reply_count":0,"_bbp_topic_count_hidden":0,"_bbp_reply_count_hidden":0,"_bbp_forum_subforum_count":0,"site-sidebar-layout":"default","site-content-layout":"","ast-site-content-layout":"","site-content-style":"default","site-sidebar-style":"default","ast-global-header-display":"","ast-banner-title-visibility":"","ast-main-header-display":"","ast-hfb-above-header-display":"","ast-hfb-below-header-display":"","ast-hfb-mobile-header-display":"","site-post-title":"","ast-breadcrumbs-content":"","ast-featured-img":"","footer-sml-layout":"","theme-transparent-header-meta":"","adv-header-id-meta":"","stick-header-meta":"","header-above-stick-meta":"","header-main-stick-meta":"","header-below-stick-meta":"","astra-migrate-meta-layouts":"default","ast-page-background-enabled":"default","ast-page-background-meta":{"desktop":{"background-color":"var(--ast-global-color-4)","background-image":"","background-repeat":"repeat","background-position":"center center","background-size":"auto","background-attachment":"scroll","background-type":"","background-media":"","overlay-type":"","overlay-color":"","overlay-opacity":"","overlay-gradient":""},"tablet":{"background-color":"","background-image":"","background-repeat":"repeat","background-position":"center center","background-size":"auto","background-attachment":"scroll","background-type":"","background-media":"","overlay-type":"","overlay-color":"","overlay-opacity":"","overlay-gradient":""},"mobile":{"background-color":"","background-image":"","background-repeat":"repeat","background-position":"center center","background-size":"auto","background-attachment":"scroll","background-type":"","background-media":"","overlay-type":"","overlay-color":"","overlay-opacity":"","overlay-gradient":""}},"ast-content-background-meta":{"desktop":{"background-color":"var(--ast-global-color-5)","background-image":"","background-repeat":"repeat","background-position":"center center","background-size":"auto","background-attachment":"scroll","background-type":"","background-media":"","overlay-type":"","overlay-color":"","overlay-opacity":"","overlay-gradient":""},"tablet":{"background-color":"var(--ast-global-color-5)","background-image":"","background-repeat":"repeat","background-position":"center center","background-size":"auto","background-attachment":"scroll","background-type":"","background-media":"","overlay-type":"","overlay-color":"","overlay-opacity":"","overlay-gradient":""},"mobile":{"background-color":"var(--ast-global-color-5)","background-image":"","background-repeat":"repeat","background-position":"center center","background-size":"auto","background-attachment":"scroll","background-type":"","background-media":"","overlay-type":"","overlay-color":"","overlay-opacity":"","overlay-gradient":""}},"footnotes":""},"class_list":["post-3210","page","type-page","status-publish","hentry"],"post_mailing_queue_ids":[],"_links":{"self":[{"href":"https:\/\/agora.xtec.cat\/institutraspall\/wp-json\/wp\/v2\/pages\/3210","targetHints":{"allow":["GET"]}}],"collection":[{"href":"https:\/\/agora.xtec.cat\/institutraspall\/wp-json\/wp\/v2\/pages"}],"about":[{"href":"https:\/\/agora.xtec.cat\/institutraspall\/wp-json\/wp\/v2\/types\/page"}],"author":[{"embeddable":true,"href":"https:\/\/agora.xtec.cat\/institutraspall\/wp-json\/wp\/v2\/users\/1"}],"replies":[{"embeddable":true,"href":"https:\/\/agora.xtec.cat\/institutraspall\/wp-json\/wp\/v2\/comments?post=3210"}],"version-history":[{"count":2,"href":"https:\/\/agora.xtec.cat\/institutraspall\/wp-json\/wp\/v2\/pages\/3210\/revisions"}],"predecessor-version":[{"id":98442,"href":"https:\/\/agora.xtec.cat\/institutraspall\/wp-json\/wp\/v2\/pages\/3210\/revisions\/98442"}],"up":[{"embeddable":true,"href":"https:\/\/agora.xtec.cat\/institutraspall\/wp-json\/wp\/v2\/pages\/3065"}],"wp:attachment":[{"href":"https:\/\/agora.xtec.cat\/institutraspall\/wp-json\/wp\/v2\/media?parent=3210"}],"curies":[{"name":"wp","href":"https:\/\/api.w.org\/{rel}","templated":true}]}}