{"id":3181,"date":"2024-07-15T21:12:54","date_gmt":"2024-07-15T19:12:54","guid":{"rendered":"https:\/\/agora.xtec.cat\/institutraspall\/?page_id=3181"},"modified":"2025-08-28T11:36:14","modified_gmt":"2025-08-28T09:36:14","slug":"estrategia-digital-de-centre","status":"publish","type":"page","link":"https:\/\/agora.xtec.cat\/institutraspall\/documents-dinstitut\/documentacio-estrategica\/estrategia-digital-de-centre\/","title":{"rendered":"Estrat\u00e8gia digital de centre"},"content":{"rendered":"<p>El curs 2022-23 es va redactar l&#8217;estrat\u00e8gia<a href=\"https:\/\/projectes.xtec.cat\/edc-suport\/\" target=\"_blank\" rel=\"attachment noopener wp-att-98564\"><img loading=\"lazy\" decoding=\"async\" class=\"wp-image-98564 alignleft\" src=\"https:\/\/agora.xtec.cat\/institutraspall\/wp-content\/uploads\/usu277\/2024\/07\/PEDC-EDC.png\" alt=\"\" width=\"260\" height=\"183\" \/><\/a> digital de centre (EDC), seguint les indicacions del Departament d&#8217;Educaci\u00f3 es van definir les l\u00ednies d&#8217;actuaci\u00f3 del centre que fan possible que docents, alumnat i centre assoleixin la compet\u00e8ncia digital.<img loading=\"lazy\" decoding=\"async\" class=\"wp-image-98562 alignright\" src=\"https:\/\/agora.xtec.cat\/institutraspall\/wp-content\/uploads\/usu277\/2024\/07\/Captura-de-Pantalla-2024-07-23-a-las-15.30.49.png\" alt=\"\" width=\"438\" height=\"180\" srcset=\"https:\/\/agora.xtec.cat\/institutraspall\/wp-content\/uploads\/usu277\/2024\/07\/Captura-de-Pantalla-2024-07-23-a-las-15.30.49.png 1430w, https:\/\/agora.xtec.cat\/institutraspall\/wp-content\/uploads\/usu277\/2024\/07\/Captura-de-Pantalla-2024-07-23-a-las-15.30.49-300x123.png 300w, https:\/\/agora.xtec.cat\/institutraspall\/wp-content\/uploads\/usu277\/2024\/07\/Captura-de-Pantalla-2024-07-23-a-las-15.30.49-1024x421.png 1024w, https:\/\/agora.xtec.cat\/institutraspall\/wp-content\/uploads\/usu277\/2024\/07\/Captura-de-Pantalla-2024-07-23-a-las-15.30.49-768x316.png 768w\" sizes=\"auto, (max-width: 438px) 100vw, 438px\" \/><\/p>\n<p><span style=\"font-family: inherit; font-size: 1em;\">El Pla d&#8217;Educaci\u00f3 Digital de Catalunya va iniciar el desplegament del projecte d&#8217;acceleraci\u00f3 digital, cedint ordinadors a l&#8217;alumnat i professorat.<\/span><\/p>\n<p><span style=\"font-family: inherit; font-size: 1em;\">La normativa referida a l&#8217;\u00fas dels dispositius digitals es recull en les Normes d&#8217;Organitzaci\u00f3 i Funcionament del Centre.<\/span><\/p>\n<p>Totes les fam\u00edlies han de signar el document de comprom\u00eds de bon \u00fas i cura del dispositiu digital cedit temporalment.<\/p>\n<p><span style=\"font-family: inherit; font-size: 1em;\">Documentaci\u00f3 d&#8217;inter\u00e8s:<\/span><\/p>\n<ul>\n<li>Normativa d&#8217;\u00fas dels dispositius digital de centre. Consulteu: <a href=\"https:\/\/agora.xtec.cat\/institutraspall\/documents-dinstitut\/documentacio-estrategica\/nofc\/\">NOFC<\/a><\/li>\n<li>Document de comprom\u00eds de bon \u00fas i cura del dispositiu digital cedit temporalment.<code><\/code><\/li>\n<\/ul>\n<p>&lt;\/p<iframe loading=\"lazy\" src=\"https:\/\/drive.google.com\/file\/d\/18Pgvpi06EoaafyLE4V1199Y3GM5-6r1p\/preview\" width=\"640\" height=\"480\"><\/iframe><\/p>\n","protected":false},"excerpt":{"rendered":"<p>El curs 2022-23 es va redactar l&#8217;estrat\u00e8gia digital de centre (EDC), seguint les indicacions del Departament d&#8217;Educaci\u00f3 es van definir les l\u00ednies d&#8217;actuaci\u00f3 del centre que fan possible que docents, alumnat i centre assoleixin la compet\u00e8ncia digital. El Pla d&#8217;Educaci\u00f3 Digital de Catalunya va iniciar el desplegament del projecte d&#8217;acceleraci\u00f3 digital, cedint ordinadors a l&#8217;alumnat [&hellip;]<\/p>\n","protected":false},"author":1,"featured_media":0,"parent":3363,"menu_order":50,"comment_status":"closed","ping_status":"closed","template":"","meta":{"_bbp_topic_count":0,"_bbp_reply_count":0,"_bbp_total_topic_count":0,"_bbp_total_reply_count":0,"_bbp_voice_count":0,"_bbp_anonymous_reply_count":0,"_bbp_topic_count_hidden":0,"_bbp_reply_count_hidden":0,"_bbp_forum_subforum_count":0,"site-sidebar-layout":"default","site-content-layout":"","ast-site-content-layout":"default","site-content-style":"default","site-sidebar-style":"default","ast-global-header-display":"","ast-banner-title-visibility":"","ast-main-header-display":"","ast-hfb-above-header-display":"","ast-hfb-below-header-display":"","ast-hfb-mobile-header-display":"","site-post-title":"","ast-breadcrumbs-content":"","ast-featured-img":"","footer-sml-layout":"","theme-transparent-header-meta":"","adv-header-id-meta":"","stick-header-meta":"","header-above-stick-meta":"","header-main-stick-meta":"","header-below-stick-meta":"","astra-migrate-meta-layouts":"set","ast-page-background-enabled":"default","ast-page-background-meta":{"desktop":{"background-color":"var(--ast-global-color-4)","background-image":"","background-repeat":"repeat","background-position":"center center","background-size":"auto","background-attachment":"scroll","background-type":"","background-media":"","overlay-type":"","overlay-color":"","overlay-opacity":"","overlay-gradient":""},"tablet":{"background-color":"","background-image":"","background-repeat":"repeat","background-position":"center center","background-size":"auto","background-attachment":"scroll","background-type":"","background-media":"","overlay-type":"","overlay-color":"","overlay-opacity":"","overlay-gradient":""},"mobile":{"background-color":"","background-image":"","background-repeat":"repeat","background-position":"center center","background-size":"auto","background-attachment":"scroll","background-type":"","background-media":"","overlay-type":"","overlay-color":"","overlay-opacity":"","overlay-gradient":""}},"ast-content-background-meta":{"desktop":{"background-color":"var(--ast-global-color-5)","background-image":"","background-repeat":"repeat","background-position":"center center","background-size":"auto","background-attachment":"scroll","background-type":"","background-media":"","overlay-type":"","overlay-color":"","overlay-opacity":"","overlay-gradient":""},"tablet":{"background-color":"var(--ast-global-color-5)","background-image":"","background-repeat":"repeat","background-position":"center center","background-size":"auto","background-attachment":"scroll","background-type":"","background-media":"","overlay-type":"","overlay-color":"","overlay-opacity":"","overlay-gradient":""},"mobile":{"background-color":"var(--ast-global-color-5)","background-image":"","background-repeat":"repeat","background-position":"center center","background-size":"auto","background-attachment":"scroll","background-type":"","background-media":"","overlay-type":"","overlay-color":"","overlay-opacity":"","overlay-gradient":""}},"footnotes":""},"class_list":["post-3181","page","type-page","status-publish","hentry"],"post_mailing_queue_ids":[],"_links":{"self":[{"href":"https:\/\/agora.xtec.cat\/institutraspall\/wp-json\/wp\/v2\/pages\/3181","targetHints":{"allow":["GET"]}}],"collection":[{"href":"https:\/\/agora.xtec.cat\/institutraspall\/wp-json\/wp\/v2\/pages"}],"about":[{"href":"https:\/\/agora.xtec.cat\/institutraspall\/wp-json\/wp\/v2\/types\/page"}],"author":[{"embeddable":true,"href":"https:\/\/agora.xtec.cat\/institutraspall\/wp-json\/wp\/v2\/users\/1"}],"replies":[{"embeddable":true,"href":"https:\/\/agora.xtec.cat\/institutraspall\/wp-json\/wp\/v2\/comments?post=3181"}],"version-history":[{"count":6,"href":"https:\/\/agora.xtec.cat\/institutraspall\/wp-json\/wp\/v2\/pages\/3181\/revisions"}],"predecessor-version":[{"id":99413,"href":"https:\/\/agora.xtec.cat\/institutraspall\/wp-json\/wp\/v2\/pages\/3181\/revisions\/99413"}],"up":[{"embeddable":true,"href":"https:\/\/agora.xtec.cat\/institutraspall\/wp-json\/wp\/v2\/pages\/3363"}],"wp:attachment":[{"href":"https:\/\/agora.xtec.cat\/institutraspall\/wp-json\/wp\/v2\/media?parent=3181"}],"curies":[{"name":"wp","href":"https:\/\/api.w.org\/{rel}","templated":true}]}}