{"id":3162,"date":"2024-07-15T21:08:50","date_gmt":"2024-07-15T19:08:50","guid":{"rendered":"https:\/\/agora.xtec.cat\/institutraspall\/?page_id=3162"},"modified":"2026-02-17T12:21:46","modified_gmt":"2026-02-17T11:21:46","slug":"consell-escolar","status":"publish","type":"page","link":"https:\/\/agora.xtec.cat\/institutraspall\/linstitut-2\/consell-escolar\/","title":{"rendered":"Consell Escolar"},"content":{"rendered":"<h4 style=\"text-align: justify;\"><strong>Composici\u00f3<\/strong><\/h4>\n<p dir=\"ltr\"><strong>Representants de l\u2019Alumnat<\/strong><\/p>\n<ul>\n<li dir=\"ltr\">Arlet Serra<\/li>\n<li dir=\"ltr\">Alex Busquets<\/li>\n<li dir=\"ltr\">Charlotte Soler<\/li>\n<\/ul>\n<p dir=\"ltr\"><strong>Representant PAS<\/strong><\/p>\n<ul>\n<li dir=\"ltr\">Carme Pumareta<\/li>\n<\/ul>\n<p dir=\"ltr\"><strong>Representant de Pares, pares i tutors legals<\/strong><\/p>\n<ul>\n<li dir=\"ltr\">Clara M. Rojas<\/li>\n<li dir=\"ltr\">Gemma Rusca<\/li>\n<\/ul>\n<p dir=\"ltr\"><strong>Representant AMPA<\/strong><\/p>\n<ul>\n<li dir=\"ltr\">Maite Leiva<\/li>\n<\/ul>\n<p dir=\"ltr\"><strong>Representant Ajuntament<\/strong><\/p>\n<ul>\n<li dir=\"ltr\">Xavier Orozco<\/li>\n<\/ul>\n<p dir=\"ltr\"><strong>Representants del Professorat<\/strong><\/p>\n<ul>\n<li dir=\"ltr\">Lluis Celr\u00e0<\/li>\n<li dir=\"ltr\">Jes\u00fas Pedregal<\/li>\n<li dir=\"ltr\">Fina Sanglas<\/li>\n<li dir=\"ltr\">Ovidi F\u00e0bregues<\/li>\n<li dir=\"ltr\">Albert Llimargas<\/li>\n<li dir=\"ltr\">Clara Alegre<\/li>\n<\/ul>\n<p dir=\"ltr\"><strong>Equip directiu<\/strong><\/p>\n<ul>\n<li dir=\"ltr\">Vanessa Garc\u00eda<\/li>\n<li dir=\"ltr\">Susana Martinez<\/li>\n<\/ul>\n<p dir=\"ltr\"><b>Secretari<\/b><\/p>\n<ul>\n<li dir=\"ltr\">Oriol Gonz\u00e1lez<\/li>\n<\/ul>\n<p dir=\"ltr\"><strong>Responsable de coeducaci\u00f3:<\/strong> Clara M. Rojas<\/p>\n<p dir=\"ltr\"><strong>Permanent del Consell Escolar:<\/strong> Pendent de nomenar representat professorat, Vanessa Garcia Nu\u00f1ez i Oriol Gonz\u00e1lez.<\/p>\n<p dir=\"ltr\"><strong>Comissi\u00f3 econ\u00f2mica:<\/strong> Vanessa Garc\u00eda, Oriol Gonz\u00e1lez, Fina Sangl\u00e0s, pendent de nomenar: representant fam\u00edlies i alumnes.<\/p>\n<h5><a href=\"https:\/\/docs.google.com\/document\/d\/1dBqUcZpdFzVFk39zyPOc2H3smS1ASlmwHxzmJsNQvwU\/edit?usp=sharing\">Acords del consell escolar\u00a0<\/a><\/h5>\n<p>Els imports que ha acordat el consell escolar sobre les aportacions volunt\u00e0ries de les fam\u00edlies per material escolar del curs 2024-2025 s\u00f3n de 90\u20ac.<\/p>\n<p><a href=\"https:\/\/drive.google.com\/drive\/folders\/1HQAcRX97PlkO6XoCQFClI_BcMRLbA5Qv?usp=drive_link\">Pressupost i retiment de comptes\u00a0<\/a><\/p>\n","protected":false},"excerpt":{"rendered":"<p>Composici\u00f3 Representants de l\u2019Alumnat Arlet Serra Alex Busquets Charlotte Soler Representant PAS Carme Pumareta Representant de Pares, pares i tutors legals Clara M. Rojas Gemma Rusca Representant AMPA Maite Leiva Representant Ajuntament Xavier Orozco Representants del Professorat Lluis Celr\u00e0 Jes\u00fas Pedregal Fina Sanglas Ovidi F\u00e0bregues Albert Llimargas Clara Alegre Equip directiu Vanessa Garc\u00eda Susana Martinez [&hellip;]<\/p>\n","protected":false},"author":1,"featured_media":0,"parent":2615,"menu_order":80,"comment_status":"closed","ping_status":"closed","template":"","meta":{"_bbp_topic_count":0,"_bbp_reply_count":0,"_bbp_total_topic_count":0,"_bbp_total_reply_count":0,"_bbp_voice_count":0,"_bbp_anonymous_reply_count":0,"_bbp_topic_count_hidden":0,"_bbp_reply_count_hidden":0,"_bbp_forum_subforum_count":0,"site-sidebar-layout":"default","site-content-layout":"","ast-site-content-layout":"default","site-content-style":"default","site-sidebar-style":"default","ast-global-header-display":"","ast-banner-title-visibility":"","ast-main-header-display":"","ast-hfb-above-header-display":"","ast-hfb-below-header-display":"","ast-hfb-mobile-header-display":"","site-post-title":"","ast-breadcrumbs-content":"","ast-featured-img":"","footer-sml-layout":"","theme-transparent-header-meta":"","adv-header-id-meta":"","stick-header-meta":"","header-above-stick-meta":"","header-main-stick-meta":"","header-below-stick-meta":"","astra-migrate-meta-layouts":"set","ast-page-background-enabled":"default","ast-page-background-meta":{"desktop":{"background-color":"var(--ast-global-color-4)","background-image":"","background-repeat":"repeat","background-position":"center center","background-size":"auto","background-attachment":"scroll","background-type":"","background-media":"","overlay-type":"","overlay-color":"","overlay-opacity":"","overlay-gradient":""},"tablet":{"background-color":"","background-image":"","background-repeat":"repeat","background-position":"center center","background-size":"auto","background-attachment":"scroll","background-type":"","background-media":"","overlay-type":"","overlay-color":"","overlay-opacity":"","overlay-gradient":""},"mobile":{"background-color":"","background-image":"","background-repeat":"repeat","background-position":"center center","background-size":"auto","background-attachment":"scroll","background-type":"","background-media":"","overlay-type":"","overlay-color":"","overlay-opacity":"","overlay-gradient":""}},"ast-content-background-meta":{"desktop":{"background-color":"var(--ast-global-color-5)","background-image":"","background-repeat":"repeat","background-position":"center center","background-size":"auto","background-attachment":"scroll","background-type":"","background-media":"","overlay-type":"","overlay-color":"","overlay-opacity":"","overlay-gradient":""},"tablet":{"background-color":"var(--ast-global-color-5)","background-image":"","background-repeat":"repeat","background-position":"center center","background-size":"auto","background-attachment":"scroll","background-type":"","background-media":"","overlay-type":"","overlay-color":"","overlay-opacity":"","overlay-gradient":""},"mobile":{"background-color":"var(--ast-global-color-5)","background-image":"","background-repeat":"repeat","background-position":"center center","background-size":"auto","background-attachment":"scroll","background-type":"","background-media":"","overlay-type":"","overlay-color":"","overlay-opacity":"","overlay-gradient":""}},"footnotes":""},"class_list":["post-3162","page","type-page","status-publish","hentry"],"post_mailing_queue_ids":[],"_links":{"self":[{"href":"https:\/\/agora.xtec.cat\/institutraspall\/wp-json\/wp\/v2\/pages\/3162","targetHints":{"allow":["GET"]}}],"collection":[{"href":"https:\/\/agora.xtec.cat\/institutraspall\/wp-json\/wp\/v2\/pages"}],"about":[{"href":"https:\/\/agora.xtec.cat\/institutraspall\/wp-json\/wp\/v2\/types\/page"}],"author":[{"embeddable":true,"href":"https:\/\/agora.xtec.cat\/institutraspall\/wp-json\/wp\/v2\/users\/1"}],"replies":[{"embeddable":true,"href":"https:\/\/agora.xtec.cat\/institutraspall\/wp-json\/wp\/v2\/comments?post=3162"}],"version-history":[{"count":5,"href":"https:\/\/agora.xtec.cat\/institutraspall\/wp-json\/wp\/v2\/pages\/3162\/revisions"}],"predecessor-version":[{"id":99769,"href":"https:\/\/agora.xtec.cat\/institutraspall\/wp-json\/wp\/v2\/pages\/3162\/revisions\/99769"}],"up":[{"embeddable":true,"href":"https:\/\/agora.xtec.cat\/institutraspall\/wp-json\/wp\/v2\/pages\/2615"}],"wp:attachment":[{"href":"https:\/\/agora.xtec.cat\/institutraspall\/wp-json\/wp\/v2\/media?parent=3162"}],"curies":[{"name":"wp","href":"https:\/\/api.w.org\/{rel}","templated":true}]}}