{"id":3158,"date":"2024-07-15T21:08:26","date_gmt":"2024-07-15T19:08:26","guid":{"rendered":"https:\/\/agora.xtec.cat\/institutraspall\/?page_id=3158"},"modified":"2025-07-29T17:01:34","modified_gmt":"2025-07-29T15:01:34","slug":"equip-directiu","status":"publish","type":"page","link":"https:\/\/agora.xtec.cat\/institutraspall\/linstitut-2\/equip-directiu\/","title":{"rendered":"Equip directiu"},"content":{"rendered":"<p><span style=\"font-size: 18px;\"><strong>Directora<\/strong>: Vanessa Garc\u00eda N\u00fa\u00f1ez &#8211; <span style=\"color: #3366ff;\">vanessagarcia@raspall.cat<\/span><\/span><\/p>\n<p><span style=\"font-size: 18px;\"><strong>Cap d&#8217;Estudis<\/strong>: Susana Mart\u00ednez Alzina &#8211; <span style=\"color: #3366ff;\">susanamartinez@raspall.cat<\/span><\/span><\/p>\n<p><span style=\"font-size: 18px;\"><strong>Coordinadora Pedag\u00f2gica<\/strong>: Elisabet Ram\u00edrez Aguilera &#8211; <span style=\"color: #3366ff;\">elisabetramirez@raspall.cat<\/span><\/span><\/p>\n<p><span style=\"font-size: 18px;\"><strong>Secretari<\/strong>: Oriol Gonz\u00e1lez Moragas\u00a0 &#8211;\u00a0 <span style=\"color: #3366ff;\">oriolgonzalez@raspall.cat<\/span><\/span><\/p>\n<h3><\/h3>\n<h3>Presentaci\u00f3<\/h3>\n<p><strong>Directora\u00a0 \u00a0 \u00a0 \u00a0 \u00a0 \u00a0 \u00a0 \u00a0 \u00a0 \u00a0 \u00a0 \u00a0 \u00a0 \u00a0 \u00a0<\/strong>Vanessa Garcia N\u00fa\u00f1ez<\/p>\n<div class=\"gs\">\n<div class=\"\">\n<div id=\":os\" class=\"ii gt\">\n<div id=\":nz\" class=\"a3s aiL \">\n<div>\n<p>Llicenciada en Ci\u00e8ncies de l&#8217;Activitat F\u00edsica i l&#8217;Esport i amb una Diplomatura en Magisteri d&#8217;Educaci\u00f3 F\u00edsica, ha estat vinculada al Departament d&#8217;Educaci\u00f3 des del 2004, contribuint activament en diferents etapes educatives. Ha profunditzat els seus coneixements en \u00e0mbits com la did\u00e0ctica, l&#8217;atenci\u00f3 a la diversitat,\u00a0\u00a0l\u2019\u00e0mbit digital i la metodologia de treball per projectes. Tamb\u00e9 ha adquirit formaci\u00f3 de postgrau en gesti\u00f3 de centres educatius, aix\u00ed com en comunicaci\u00f3 i lideratge d&#8217;equips. La seva dedicaci\u00f3 pel camp de l&#8217;educaci\u00f3 i l&#8217;esport l&#8217;han portat a realitzar estudis de doctorat, complementant aix\u00ed la seva preparaci\u00f3 acad\u00e8mica. \u00c9s reconeguda pel seu car\u00e0cter proactiu, resolutiu i conciliador.<\/p>\n<\/div>\n<\/div>\n<\/div>\n<\/div>\n<\/div>\n<p><strong>Cap d\u2019estudis\u00a0\u00a0\u00a0\u00a0\u00a0\u00a0\u00a0\u00a0\u00a0\u00a0\u00a0\u00a0\u00a0\u00a0\u00a0 \u00a0\u00a0\u00a0\u00a0\u00a0\u00a0<\/strong> Susana Mart\u00ednez Alsina<\/p>\n<p>Llicenciada en Filologia Cl\u00e0ssica per la UB al 2010, amb diferents formacions complement\u00e0ries: treball competencial a l&#8217;aula, treball per projectes, teatre aplicat a l&#8217;ensenyament de les lleng\u00fces cl\u00e0ssiques, programaci\u00f3 de les lleng\u00fces cl\u00e0ssiques, EAS, gesti\u00f3 de conflictes, educaci\u00f3 emocional, coaching per docents, entre d&#8217;altres. Ha treballat a l&#8217;ensenyament des del 2012 en diversos centres concertats i a l&#8217;INS Lli\u00e7\u00e0, INS Marina i a l&#8217;INS Arquitecte Manuel Raspall des del 2016, on ha estat coordinadora de 4t d&#8217;ESO i Cap d&#8217;Estudis.<\/p>\n<p><strong>Coordinadora Pedag\u00f2gica\u00a0 \u00a0 \u00a0 \u00a0 \u00a0 \u00a0<\/strong>\u00a0 Elisabet Ram\u00edrez Aguilera<\/p>\n<p>Llicenciada en Hist\u00f2ria per la UAB al 2007 amb formacions complement\u00e0ries com el treball per projectes. T\u00e9 reconegut el perfil AICLE\/CLIL aix\u00ed com el de metodologies globalitzades. Va iniciar el seu cam\u00ed a l&#8217;ensenyament concertat al 2008. Des del 2020 est\u00e0 vinculada al Raspall, on ha estat tutora, coordinadora de nivell i ara coordinadora pedag\u00f2gica.<\/p>\n<p><strong>Secretari\u00a0 \u00a0 \u00a0 \u00a0 \u00a0 \u00a0 \u00a0 \u00a0 \u00a0<\/strong>\u00a0 \u00a0 \u00a0 \u00a0 \u00a0 \u00a0 \u00a0 \u00a0 \u00a0 \u00a0 \u00a0 \u00a0 Oriol Gonz\u00e1lez Moragas<\/p>\n<p>Enginyer de Telecomunicacions per la UPC, exerceix com a professor de matem\u00e0tiques. Treballa a l&#8217;ensenyament p\u00fablic des del 2015 i a l&#8217;Institut Arquitecte Manuel Raspall des del curs 2017 &#8211; 2018. T\u00e9 formacions complement\u00e0ries en treball competencial, en l&#8217;\u00e0mbit digital (tenint acreditada la compet\u00e8ncia digital docent) i t\u00e9 el perfil de diversitat. Pel que fa a les lleng\u00fces, t\u00e9 el C2 de catal\u00e0 i un nivell C1 d&#8217;angl\u00e8s. Ha exercit diferents c\u00e0rrecs dins del centre: cap de l&#8217;\u00e0mbit matem\u00e0tic, coordinador (tant de 4t d&#8217;ESO com de Batxillerat) i tamb\u00e9 ha estat tutor (tant d&#8217;ESO com de Batxillerat).<\/p>\n","protected":false},"excerpt":{"rendered":"<p>Directora: Vanessa Garc\u00eda N\u00fa\u00f1ez &#8211; vanessagarcia@raspall.cat Cap d&#8217;Estudis: Susana Mart\u00ednez Alzina &#8211; susanamartinez@raspall.cat Coordinadora Pedag\u00f2gica: Elisabet Ram\u00edrez Aguilera &#8211; elisabetramirez@raspall.cat Secretari: Oriol Gonz\u00e1lez Moragas\u00a0 &#8211;\u00a0 oriolgonzalez@raspall.cat Presentaci\u00f3 Directora\u00a0 \u00a0 \u00a0 \u00a0 \u00a0 \u00a0 \u00a0 \u00a0 \u00a0 \u00a0 \u00a0 \u00a0 \u00a0 \u00a0 \u00a0Vanessa Garcia N\u00fa\u00f1ez Llicenciada en Ci\u00e8ncies de l&#8217;Activitat F\u00edsica i l&#8217;Esport i amb una [&hellip;]<\/p>\n","protected":false},"author":1,"featured_media":0,"parent":2615,"menu_order":40,"comment_status":"closed","ping_status":"closed","template":"","meta":{"_bbp_topic_count":0,"_bbp_reply_count":0,"_bbp_total_topic_count":0,"_bbp_total_reply_count":0,"_bbp_voice_count":0,"_bbp_anonymous_reply_count":0,"_bbp_topic_count_hidden":0,"_bbp_reply_count_hidden":0,"_bbp_forum_subforum_count":0,"site-sidebar-layout":"default","site-content-layout":"","ast-site-content-layout":"default","site-content-style":"default","site-sidebar-style":"default","ast-global-header-display":"","ast-banner-title-visibility":"","ast-main-header-display":"","ast-hfb-above-header-display":"","ast-hfb-below-header-display":"","ast-hfb-mobile-header-display":"","site-post-title":"","ast-breadcrumbs-content":"","ast-featured-img":"","footer-sml-layout":"","theme-transparent-header-meta":"","adv-header-id-meta":"","stick-header-meta":"","header-above-stick-meta":"","header-main-stick-meta":"","header-below-stick-meta":"","astra-migrate-meta-layouts":"set","ast-page-background-enabled":"default","ast-page-background-meta":{"desktop":{"background-color":"var(--ast-global-color-4)","background-image":"","background-repeat":"repeat","background-position":"center center","background-size":"auto","background-attachment":"scroll","background-type":"","background-media":"","overlay-type":"","overlay-color":"","overlay-opacity":"","overlay-gradient":""},"tablet":{"background-color":"","background-image":"","background-repeat":"repeat","background-position":"center center","background-size":"auto","background-attachment":"scroll","background-type":"","background-media":"","overlay-type":"","overlay-color":"","overlay-opacity":"","overlay-gradient":""},"mobile":{"background-color":"","background-image":"","background-repeat":"repeat","background-position":"center center","background-size":"auto","background-attachment":"scroll","background-type":"","background-media":"","overlay-type":"","overlay-color":"","overlay-opacity":"","overlay-gradient":""}},"ast-content-background-meta":{"desktop":{"background-color":"var(--ast-global-color-5)","background-image":"","background-repeat":"repeat","background-position":"center center","background-size":"auto","background-attachment":"scroll","background-type":"","background-media":"","overlay-type":"","overlay-color":"","overlay-opacity":"","overlay-gradient":""},"tablet":{"background-color":"var(--ast-global-color-5)","background-image":"","background-repeat":"repeat","background-position":"center center","background-size":"auto","background-attachment":"scroll","background-type":"","background-media":"","overlay-type":"","overlay-color":"","overlay-opacity":"","overlay-gradient":""},"mobile":{"background-color":"var(--ast-global-color-5)","background-image":"","background-repeat":"repeat","background-position":"center center","background-size":"auto","background-attachment":"scroll","background-type":"","background-media":"","overlay-type":"","overlay-color":"","overlay-opacity":"","overlay-gradient":""}},"footnotes":""},"class_list":["post-3158","page","type-page","status-publish","hentry"],"post_mailing_queue_ids":[],"_links":{"self":[{"href":"https:\/\/agora.xtec.cat\/institutraspall\/wp-json\/wp\/v2\/pages\/3158","targetHints":{"allow":["GET"]}}],"collection":[{"href":"https:\/\/agora.xtec.cat\/institutraspall\/wp-json\/wp\/v2\/pages"}],"about":[{"href":"https:\/\/agora.xtec.cat\/institutraspall\/wp-json\/wp\/v2\/types\/page"}],"author":[{"embeddable":true,"href":"https:\/\/agora.xtec.cat\/institutraspall\/wp-json\/wp\/v2\/users\/1"}],"replies":[{"embeddable":true,"href":"https:\/\/agora.xtec.cat\/institutraspall\/wp-json\/wp\/v2\/comments?post=3158"}],"version-history":[{"count":6,"href":"https:\/\/agora.xtec.cat\/institutraspall\/wp-json\/wp\/v2\/pages\/3158\/revisions"}],"predecessor-version":[{"id":99367,"href":"https:\/\/agora.xtec.cat\/institutraspall\/wp-json\/wp\/v2\/pages\/3158\/revisions\/99367"}],"up":[{"embeddable":true,"href":"https:\/\/agora.xtec.cat\/institutraspall\/wp-json\/wp\/v2\/pages\/2615"}],"wp:attachment":[{"href":"https:\/\/agora.xtec.cat\/institutraspall\/wp-json\/wp\/v2\/media?parent=3158"}],"curies":[{"name":"wp","href":"https:\/\/api.w.org\/{rel}","templated":true}]}}