{"id":3104,"date":"2024-07-12T14:37:30","date_gmt":"2024-07-12T12:37:30","guid":{"rendered":"https:\/\/agora.xtec.cat\/institutraspall\/?page_id=3104"},"modified":"2024-11-25T09:46:12","modified_gmt":"2024-11-25T08:46:12","slug":"erasmus","status":"publish","type":"page","link":"https:\/\/agora.xtec.cat\/institutraspall\/documents-dinstitut\/projectes-de-centre-2\/erasmus\/","title":{"rendered":"Erasmus+"},"content":{"rendered":"<p style=\"text-align: justify;\"><a href=\"https:\/\/sites.google.com\/raspall.cat\/erasmusraspall\/inici\"><img loading=\"lazy\" decoding=\"async\" class=\"size-large wp-image-98847\" src=\"https:\/\/agora.xtec.cat\/institutraspall\/wp-content\/uploads\/usu277\/2024\/11\/Captura-de-Pantalla-2024-11-25-a-las-9.30.22-1024x241.png\" alt=\"\" width=\"1024\" height=\"241\" srcset=\"https:\/\/agora.xtec.cat\/institutraspall\/wp-content\/uploads\/usu277\/2024\/11\/Captura-de-Pantalla-2024-11-25-a-las-9.30.22-1024x241.png 1024w, https:\/\/agora.xtec.cat\/institutraspall\/wp-content\/uploads\/usu277\/2024\/11\/Captura-de-Pantalla-2024-11-25-a-las-9.30.22-300x71.png 300w, https:\/\/agora.xtec.cat\/institutraspall\/wp-content\/uploads\/usu277\/2024\/11\/Captura-de-Pantalla-2024-11-25-a-las-9.30.22-768x181.png 768w, https:\/\/agora.xtec.cat\/institutraspall\/wp-content\/uploads\/usu277\/2024\/11\/Captura-de-Pantalla-2024-11-25-a-las-9.30.22.png 1359w\" sizes=\"auto, (max-width: 1024px) 100vw, 1024px\" \/><\/a><\/p>\n<p><a href=\"https:\/\/agora.xtec.cat\/institutraspall\/documents-dinstitut\/projectes-de-centre-2\/erasmus\/attachment\/erasmus_izquierda\/\" rel=\"attachment wp-att-98744\"><img loading=\"lazy\" decoding=\"async\" class=\"wp-image-98744 alignleft\" src=\"https:\/\/agora.xtec.cat\/institutraspall\/wp-content\/uploads\/usu277\/2024\/10\/erasmus_izquierda-300x79.png\" alt=\"\" width=\"205\" height=\"54\" srcset=\"https:\/\/agora.xtec.cat\/institutraspall\/wp-content\/uploads\/usu277\/2024\/10\/erasmus_izquierda-300x79.png 300w, https:\/\/agora.xtec.cat\/institutraspall\/wp-content\/uploads\/usu277\/2024\/10\/erasmus_izquierda-768x203.png 768w, https:\/\/agora.xtec.cat\/institutraspall\/wp-content\/uploads\/usu277\/2024\/10\/erasmus_izquierda.png 1000w\" sizes=\"auto, (max-width: 205px) 100vw, 205px\" \/><\/a><a href=\"https:\/\/agora.xtec.cat\/institutraspall\/es_cofinanciado_por_la_union_europea_pos\/\"><img loading=\"lazy\" decoding=\"async\" class=\"wp-image-98747 alignleft\" src=\"https:\/\/agora.xtec.cat\/institutraspall\/wp-content\/uploads\/usu277\/2024\/10\/es_cofinanciado_por_la_union_europea_pos-300x63.png\" alt=\"\" width=\"210\" height=\"44\" srcset=\"https:\/\/agora.xtec.cat\/institutraspall\/wp-content\/uploads\/usu277\/2024\/10\/es_cofinanciado_por_la_union_europea_pos-300x63.png 300w, https:\/\/agora.xtec.cat\/institutraspall\/wp-content\/uploads\/usu277\/2024\/10\/es_cofinanciado_por_la_union_europea_pos-1024x215.png 1024w, https:\/\/agora.xtec.cat\/institutraspall\/wp-content\/uploads\/usu277\/2024\/10\/es_cofinanciado_por_la_union_europea_pos-768x161.png 768w, https:\/\/agora.xtec.cat\/institutraspall\/wp-content\/uploads\/usu277\/2024\/10\/es_cofinanciado_por_la_union_europea_pos-1536x322.png 1536w, https:\/\/agora.xtec.cat\/institutraspall\/wp-content\/uploads\/usu277\/2024\/10\/es_cofinanciado_por_la_union_europea_pos-2048x429.png 2048w\" sizes=\"auto, (max-width: 210px) 100vw, 210px\" \/><\/a><a href=\"http:\/\/www.sepie.es\/\"><img loading=\"lazy\" decoding=\"async\" class=\"wp-image-98739 alignleft\" src=\"https:\/\/agora.xtec.cat\/institutraspall\/wp-content\/uploads\/usu277\/2024\/10\/SEPIE_erasmus_plus-300x111.gif\" alt=\"\" width=\"222\" height=\"82\" \/><\/a><\/p>\n<p>&nbsp;<\/p>\n<p>&nbsp;<\/p>\n<p><img loading=\"lazy\" decoding=\"async\" class=\"wp-image-98759 alignleft\" src=\"https:\/\/agora.xtec.cat\/institutraspall\/wp-content\/uploads\/usu277\/2024\/10\/IMG-20241003-WA0001-300x225.jpg\" alt=\"\" width=\"292\" height=\"219\" srcset=\"https:\/\/agora.xtec.cat\/institutraspall\/wp-content\/uploads\/usu277\/2024\/10\/IMG-20241003-WA0001-300x225.jpg 300w, https:\/\/agora.xtec.cat\/institutraspall\/wp-content\/uploads\/usu277\/2024\/10\/IMG-20241003-WA0001-1024x768.jpg 1024w, https:\/\/agora.xtec.cat\/institutraspall\/wp-content\/uploads\/usu277\/2024\/10\/IMG-20241003-WA0001-768x576.jpg 768w, https:\/\/agora.xtec.cat\/institutraspall\/wp-content\/uploads\/usu277\/2024\/10\/IMG-20241003-WA0001-1536x1152.jpg 1536w, https:\/\/agora.xtec.cat\/institutraspall\/wp-content\/uploads\/usu277\/2024\/10\/IMG-20241003-WA0001-200x150.jpg 200w, https:\/\/agora.xtec.cat\/institutraspall\/wp-content\/uploads\/usu277\/2024\/10\/IMG-20241003-WA0001.jpg 1600w\" sizes=\"auto, (max-width: 292px) 100vw, 292px\" \/><a href=\"https:\/\/agora.xtec.cat\/institutraspall\/documents-dinstitut\/projectes-de-centre-2\/erasmus\/attachment\/img-20241003-wa0010\/\" rel=\"attachment wp-att-98757\"><img loading=\"lazy\" decoding=\"async\" class=\"wp-image-98757 alignleft\" src=\"https:\/\/agora.xtec.cat\/institutraspall\/wp-content\/uploads\/usu277\/2024\/10\/IMG-20241003-WA0010-300x225.jpg\" alt=\"\" width=\"286\" height=\"214\" data-wp-editing=\"1\" srcset=\"https:\/\/agora.xtec.cat\/institutraspall\/wp-content\/uploads\/usu277\/2024\/10\/IMG-20241003-WA0010-300x225.jpg 300w, https:\/\/agora.xtec.cat\/institutraspall\/wp-content\/uploads\/usu277\/2024\/10\/IMG-20241003-WA0010-1024x768.jpg 1024w, https:\/\/agora.xtec.cat\/institutraspall\/wp-content\/uploads\/usu277\/2024\/10\/IMG-20241003-WA0010-768x576.jpg 768w, https:\/\/agora.xtec.cat\/institutraspall\/wp-content\/uploads\/usu277\/2024\/10\/IMG-20241003-WA0010-1536x1152.jpg 1536w, https:\/\/agora.xtec.cat\/institutraspall\/wp-content\/uploads\/usu277\/2024\/10\/IMG-20241003-WA0010-200x150.jpg 200w, https:\/\/agora.xtec.cat\/institutraspall\/wp-content\/uploads\/usu277\/2024\/10\/IMG-20241003-WA0010.jpg 1600w\" sizes=\"auto, (max-width: 286px) 100vw, 286px\" \/><\/a><\/p>\n<p>&nbsp;<\/p>\n<p>&nbsp;<\/p>\n<p>&nbsp;<\/p>\n<p>&nbsp;<\/p>\n<p>&nbsp;<\/p>\n<p>&nbsp;<\/p>\n<p>&nbsp;<\/p>\n<p><em style=\"font-family: inherit; font-size: 1em; text-align: justify;\"><span style=\"color: #000000;\">El present projecte ha estat finan\u00e7at amb el suport de la Comissi\u00f3 Europea. Aquesta publicaci\u00f3 (comunicaci\u00f3) \u00e9s responsabilitat exclusiva del vostre autor. La Comissi\u00f3 no \u00e9s responsable de l&#8217;\u00fas que es pugui fer de la informaci\u00f3 aqu\u00ed difosa.<\/span><\/em><\/p>\n<p style=\"text-align: justify;\"><span style=\"color: #3366ff;\">El presente proyecto ha sido financiado con el apoyo de la Comisi\u00f3n Europea. <em>Esta publicaci\u00f3n (comunicaci\u00f3n) es responsabilidad exclusiva de su autor. La Comisi\u00f3n no es responsable del uso que pueda hacerse de la informaci\u00f3n aqu\u00ed difundida.<\/em><\/span><\/p>\n<p>&nbsp;<\/p>\n","protected":false},"excerpt":{"rendered":"<p>&nbsp; &nbsp; &nbsp; &nbsp; &nbsp; &nbsp; &nbsp; &nbsp; &nbsp; El present projecte ha estat finan\u00e7at amb el suport de la Comissi\u00f3 Europea. Aquesta publicaci\u00f3 (comunicaci\u00f3) \u00e9s responsabilitat exclusiva del vostre autor. La Comissi\u00f3 no \u00e9s responsable de l&#8217;\u00fas que es pugui fer de la informaci\u00f3 aqu\u00ed difosa. El presente proyecto ha sido financiado con el [&hellip;]<\/p>\n","protected":false},"author":1,"featured_media":0,"parent":2619,"menu_order":1,"comment_status":"closed","ping_status":"closed","template":"page-templates\/side-menu.php","meta":{"_bbp_topic_count":0,"_bbp_reply_count":0,"_bbp_total_topic_count":0,"_bbp_total_reply_count":0,"_bbp_voice_count":0,"_bbp_anonymous_reply_count":0,"_bbp_topic_count_hidden":0,"_bbp_reply_count_hidden":0,"_bbp_forum_subforum_count":0,"site-sidebar-layout":"default","site-content-layout":"","ast-site-content-layout":"","site-content-style":"default","site-sidebar-style":"default","ast-global-header-display":"","ast-banner-title-visibility":"","ast-main-header-display":"","ast-hfb-above-header-display":"","ast-hfb-below-header-display":"","ast-hfb-mobile-header-display":"","site-post-title":"","ast-breadcrumbs-content":"","ast-featured-img":"","footer-sml-layout":"","theme-transparent-header-meta":"","adv-header-id-meta":"","stick-header-meta":"","header-above-stick-meta":"","header-main-stick-meta":"","header-below-stick-meta":"","astra-migrate-meta-layouts":"default","ast-page-background-enabled":"default","ast-page-background-meta":{"desktop":{"background-color":"var(--ast-global-color-4)","background-image":"","background-repeat":"repeat","background-position":"center center","background-size":"auto","background-attachment":"scroll","background-type":"","background-media":"","overlay-type":"","overlay-color":"","overlay-opacity":"","overlay-gradient":""},"tablet":{"background-color":"","background-image":"","background-repeat":"repeat","background-position":"center center","background-size":"auto","background-attachment":"scroll","background-type":"","background-media":"","overlay-type":"","overlay-color":"","overlay-opacity":"","overlay-gradient":""},"mobile":{"background-color":"","background-image":"","background-repeat":"repeat","background-position":"center center","background-size":"auto","background-attachment":"scroll","background-type":"","background-media":"","overlay-type":"","overlay-color":"","overlay-opacity":"","overlay-gradient":""}},"ast-content-background-meta":{"desktop":{"background-color":"var(--ast-global-color-5)","background-image":"","background-repeat":"repeat","background-position":"center center","background-size":"auto","background-attachment":"scroll","background-type":"","background-media":"","overlay-type":"","overlay-color":"","overlay-opacity":"","overlay-gradient":""},"tablet":{"background-color":"var(--ast-global-color-5)","background-image":"","background-repeat":"repeat","background-position":"center center","background-size":"auto","background-attachment":"scroll","background-type":"","background-media":"","overlay-type":"","overlay-color":"","overlay-opacity":"","overlay-gradient":""},"mobile":{"background-color":"var(--ast-global-color-5)","background-image":"","background-repeat":"repeat","background-position":"center center","background-size":"auto","background-attachment":"scroll","background-type":"","background-media":"","overlay-type":"","overlay-color":"","overlay-opacity":"","overlay-gradient":""}},"footnotes":""},"class_list":["post-3104","page","type-page","status-publish","hentry"],"post_mailing_queue_ids":[],"_links":{"self":[{"href":"https:\/\/agora.xtec.cat\/institutraspall\/wp-json\/wp\/v2\/pages\/3104","targetHints":{"allow":["GET"]}}],"collection":[{"href":"https:\/\/agora.xtec.cat\/institutraspall\/wp-json\/wp\/v2\/pages"}],"about":[{"href":"https:\/\/agora.xtec.cat\/institutraspall\/wp-json\/wp\/v2\/types\/page"}],"author":[{"embeddable":true,"href":"https:\/\/agora.xtec.cat\/institutraspall\/wp-json\/wp\/v2\/users\/1"}],"replies":[{"embeddable":true,"href":"https:\/\/agora.xtec.cat\/institutraspall\/wp-json\/wp\/v2\/comments?post=3104"}],"version-history":[{"count":7,"href":"https:\/\/agora.xtec.cat\/institutraspall\/wp-json\/wp\/v2\/pages\/3104\/revisions"}],"predecessor-version":[{"id":98853,"href":"https:\/\/agora.xtec.cat\/institutraspall\/wp-json\/wp\/v2\/pages\/3104\/revisions\/98853"}],"up":[{"embeddable":true,"href":"https:\/\/agora.xtec.cat\/institutraspall\/wp-json\/wp\/v2\/pages\/2619"}],"wp:attachment":[{"href":"https:\/\/agora.xtec.cat\/institutraspall\/wp-json\/wp\/v2\/media?parent=3104"}],"curies":[{"name":"wp","href":"https:\/\/api.w.org\/{rel}","templated":true}]}}