{"id":3100,"date":"2024-07-12T14:36:50","date_gmt":"2024-07-12T12:36:50","guid":{"rendered":"https:\/\/agora.xtec.cat\/institutraspall\/?page_id=3100"},"modified":"2024-10-21T13:17:22","modified_gmt":"2024-10-21T11:17:22","slug":"projectes-internacionals","status":"publish","type":"page","link":"https:\/\/agora.xtec.cat\/institutraspall\/documents-dinstitut\/projectes-de-centre-2\/projectes-internacionals\/","title":{"rendered":"Projectes Internacionals"},"content":{"rendered":"<p>&nbsp;<\/p>\n<p><a href=\"https:\/\/agora.xtec.cat\/institutraspall\/logo-projectes-europeus\/\"><img loading=\"lazy\" decoding=\"async\" class=\"alignleft size-thumbnail wp-image-21012\" src=\"https:\/\/agora.xtec.cat\/institutraspall\/wp-content\/uploads\/usu277\/2019\/03\/Logo-projectes-europeus-150x150.jpg\" alt=\"\" width=\"150\" height=\"150\" \/><\/a>L\u2019Institut Arquitecte Manuel Raspall ha estat un dels centres pioners en la pr\u00e0ctica d\u2019intercanvis pedag\u00f2gics amb altres centres de la Uni\u00f3 Europea. Ha participat en diversos projectes comunitaris, alguns de circumscrits a professors i d\u2019altres a professors i a alumnes. Durant la hist\u00f2ria de l\u2019Institut, hi ha hagut intercanvis escolars amb Fran\u00e7a, Alemanya, Holanda, Anglaterra i Su\u00e8cia, amb uns resultats molt positius. la import\u00e0ncia, sobretot socialitzadora, did\u00e0ctica i ling\u00fc\u00edstica dels intercanvis, el centre en facilita la continu\u00eftat.<br \/>\nTradicionalment es fan diferents estades multiculturals i intercanvis.<\/p>\n<p>Concretament, les actuacions relacionades amb les segones lleng\u00fces estrangeres i pluriling\u00fcisme del nostre centre s\u00f3n les seg\u00fcents:<\/p>\n<ul>\n<li><a href=\"https:\/\/raspall.cat\/erasmus\/\">Projecte Europeu Erasmus+<\/a>\u00a0amb Centres Europeus.<\/li>\n<li>Intercanvi anual amb Maasluis (Holanda).<\/li>\n<li>Intercanvi bianual amb R\u00f6demarck (Alemanya).<\/li>\n<li>Intercanvi bianual amb uns altres centres alemanys.<\/li>\n<li>Facilitar a l\u2019alumnat intercanvi amb el Quebec.<\/li>\n<li>Estada ling\u00fc\u00edstica a Montpellier pels alumnes de batxibac de 1r Batx i 4t d\u2019ESO que estudien o opten pel franc\u00e8s com a segona llengua estrangera.<\/li>\n<li>Facilitar a l\u2019alumnat intercanvi amb Montpellier.<\/li>\n<li>Estades de 3 dies a Toulouse, fem l\u2019intercanvi amb els alumnes de Montech, treballant al llarg de l\u2019any a dist\u00e0ncia (cartes, v\u00eddeos\u2026) i fem dues trobades f\u00edsiques.<\/li>\n<li>Visita de 2n d\u2019ESO d\u2019un dia sencer a Perpiny\u00e0 i Cotlliure (Fran\u00e7a) com a contacte inicial com a llengua d\u2019\u00fas.<\/li>\n<\/ul>\n","protected":false},"excerpt":{"rendered":"<p>&nbsp; L\u2019Institut Arquitecte Manuel Raspall ha estat un dels centres pioners en la pr\u00e0ctica d\u2019intercanvis pedag\u00f2gics amb altres centres de la Uni\u00f3 Europea. Ha participat en diversos projectes comunitaris, alguns de circumscrits a professors i d\u2019altres a professors i a alumnes. Durant la hist\u00f2ria de l\u2019Institut, hi ha hagut intercanvis escolars amb Fran\u00e7a, Alemanya, Holanda, [&hellip;]<\/p>\n","protected":false},"author":1,"featured_media":0,"parent":2619,"menu_order":2,"comment_status":"closed","ping_status":"closed","template":"page-templates\/side-menu.php","meta":{"_bbp_topic_count":0,"_bbp_reply_count":0,"_bbp_total_topic_count":0,"_bbp_total_reply_count":0,"_bbp_voice_count":0,"_bbp_anonymous_reply_count":0,"_bbp_topic_count_hidden":0,"_bbp_reply_count_hidden":0,"_bbp_forum_subforum_count":0,"site-sidebar-layout":"default","site-content-layout":"","ast-site-content-layout":"","site-content-style":"default","site-sidebar-style":"default","ast-global-header-display":"","ast-banner-title-visibility":"","ast-main-header-display":"","ast-hfb-above-header-display":"","ast-hfb-below-header-display":"","ast-hfb-mobile-header-display":"","site-post-title":"","ast-breadcrumbs-content":"","ast-featured-img":"","footer-sml-layout":"","theme-transparent-header-meta":"","adv-header-id-meta":"","stick-header-meta":"","header-above-stick-meta":"","header-main-stick-meta":"","header-below-stick-meta":"","astra-migrate-meta-layouts":"default","ast-page-background-enabled":"default","ast-page-background-meta":{"desktop":{"background-color":"var(--ast-global-color-4)","background-image":"","background-repeat":"repeat","background-position":"center center","background-size":"auto","background-attachment":"scroll","background-type":"","background-media":"","overlay-type":"","overlay-color":"","overlay-opacity":"","overlay-gradient":""},"tablet":{"background-color":"","background-image":"","background-repeat":"repeat","background-position":"center center","background-size":"auto","background-attachment":"scroll","background-type":"","background-media":"","overlay-type":"","overlay-color":"","overlay-opacity":"","overlay-gradient":""},"mobile":{"background-color":"","background-image":"","background-repeat":"repeat","background-position":"center center","background-size":"auto","background-attachment":"scroll","background-type":"","background-media":"","overlay-type":"","overlay-color":"","overlay-opacity":"","overlay-gradient":""}},"ast-content-background-meta":{"desktop":{"background-color":"var(--ast-global-color-5)","background-image":"","background-repeat":"repeat","background-position":"center center","background-size":"auto","background-attachment":"scroll","background-type":"","background-media":"","overlay-type":"","overlay-color":"","overlay-opacity":"","overlay-gradient":""},"tablet":{"background-color":"var(--ast-global-color-5)","background-image":"","background-repeat":"repeat","background-position":"center center","background-size":"auto","background-attachment":"scroll","background-type":"","background-media":"","overlay-type":"","overlay-color":"","overlay-opacity":"","overlay-gradient":""},"mobile":{"background-color":"var(--ast-global-color-5)","background-image":"","background-repeat":"repeat","background-position":"center center","background-size":"auto","background-attachment":"scroll","background-type":"","background-media":"","overlay-type":"","overlay-color":"","overlay-opacity":"","overlay-gradient":""}},"footnotes":""},"class_list":["post-3100","page","type-page","status-publish","hentry"],"post_mailing_queue_ids":[],"_links":{"self":[{"href":"https:\/\/agora.xtec.cat\/institutraspall\/wp-json\/wp\/v2\/pages\/3100","targetHints":{"allow":["GET"]}}],"collection":[{"href":"https:\/\/agora.xtec.cat\/institutraspall\/wp-json\/wp\/v2\/pages"}],"about":[{"href":"https:\/\/agora.xtec.cat\/institutraspall\/wp-json\/wp\/v2\/types\/page"}],"author":[{"embeddable":true,"href":"https:\/\/agora.xtec.cat\/institutraspall\/wp-json\/wp\/v2\/users\/1"}],"replies":[{"embeddable":true,"href":"https:\/\/agora.xtec.cat\/institutraspall\/wp-json\/wp\/v2\/comments?post=3100"}],"version-history":[{"count":3,"href":"https:\/\/agora.xtec.cat\/institutraspall\/wp-json\/wp\/v2\/pages\/3100\/revisions"}],"predecessor-version":[{"id":98653,"href":"https:\/\/agora.xtec.cat\/institutraspall\/wp-json\/wp\/v2\/pages\/3100\/revisions\/98653"}],"up":[{"embeddable":true,"href":"https:\/\/agora.xtec.cat\/institutraspall\/wp-json\/wp\/v2\/pages\/2619"}],"wp:attachment":[{"href":"https:\/\/agora.xtec.cat\/institutraspall\/wp-json\/wp\/v2\/media?parent=3100"}],"curies":[{"name":"wp","href":"https:\/\/api.w.org\/{rel}","templated":true}]}}