{"id":3076,"date":"2024-07-12T14:33:02","date_gmt":"2024-07-12T12:33:02","guid":{"rendered":"https:\/\/agora.xtec.cat\/institutraspall\/?page_id=3076"},"modified":"2024-07-18T13:15:39","modified_gmt":"2024-07-18T11:15:39","slug":"historia-2","status":"publish","type":"page","link":"https:\/\/agora.xtec.cat\/institutraspall\/linstitut-2\/historia-2\/","title":{"rendered":"Hist\u00f2ria"},"content":{"rendered":"<div align=\"center\"><\/div>\n<div align=\"left\"><a href=\"https:\/\/agora.xtec.cat\/institutraspall\/wp-content\/uploads\/usu277\/2024\/07\/raspall-historia.jpg\"><img loading=\"lazy\" decoding=\"async\" class=\"size-full wp-image-3435 alignright\" src=\"https:\/\/agora.xtec.cat\/institutraspall\/wp-content\/uploads\/usu277\/2024\/07\/raspall-historia.jpg\" alt=\"\" width=\"512\" height=\"260\" srcset=\"https:\/\/agora.xtec.cat\/institutraspall\/wp-content\/uploads\/usu277\/2024\/07\/raspall-historia.jpg 512w, https:\/\/agora.xtec.cat\/institutraspall\/wp-content\/uploads\/usu277\/2024\/07\/raspall-historia-300x152.jpg 300w\" sizes=\"auto, (max-width: 512px) 100vw, 512px\" \/><\/a><\/div>\n<div style=\"text-align: left;\" align=\"right\"><strong style=\"text-align: left;\">Origen<\/strong><\/div>\n<div align=\"center\">\n<p style=\"text-align: left;\">L\u2019Institut Arquitecte Manuel Raspall t\u00e9 els or\u00edgens el juny de 1967 per l\u2019inter\u00e8s de l\u2019Ajuntament de Cardedeu d\u2019oferir estudis secundaris a nois i noies de Cardedeu i voltants. En aquell moment tenia la denominaci\u00f3 de centre lliure adoptat (CLA) i depenia de l\u2019Institut de Granollers, avui Institut Antoni Cumella. La inspectora Roser Pujades va ser la impulsora del centre, que s\u2019ubicava a l\u2019actual Casal de la Gent Gran.<\/p>\n<p style=\"text-align: left;\">El 1972 el CLA va passar a ser centre municipal homologat de batxillerat que continuava la seva depend\u00e8ncia de l\u2019Institut de Granollers. Aquest institut, despr\u00e9s de\u00a0 la mort de Roser Pujadas va rebre el seu nom fins al canvi definitiu per Antoni Cumella, destacat ceramista granoller\u00ed.<\/p>\n<p style=\"text-align: left;\">Aviat, l\u2019espai del centre de batxillerat de Cardedeu es va fer petit i es trasllad\u00e0 a l\u2019edifici de l\u2019actual Escola Dolors Gran\u00e9s.<\/p>\n<\/div>\n<p><strong style=\"font-family: inherit; font-size: 1em;\">Naixement oficial<\/strong><\/p>\n<div align=\"center\">\n<p style=\"text-align: left;\">L&#8217;Institut de Batxillerat es crea oficialment el 13 de juny del 1980, quan surt publicat al BOE (Butllet\u00ed Oficial de l\u2019Estat). El 17 de setembre del mateix any el BOE publica la posada en funcionament de 36 instituts, entre ells el nostre, que comen\u00e7\u00e0 el curs 1980-1981 en la seva seu provisional .<\/p>\n<p style=\"text-align: left;\">El 19 d&#8217;octubre del 1982 el president de la Generalitat de Catalunya, Jordi Pujol, inaugura la nova seu de l&#8217;Institut de Batxillerat de Cardedeu a l\u2019edifici dels dominics.<\/p>\n<p><img loading=\"lazy\" decoding=\"async\" class=\"aligncenter size-full wp-image-101\" src=\"https:\/\/raspall.cat\/wp-content\/uploads\/2013\/02\/raspallantic.jpg\" alt=\"\" width=\"985\" height=\"173\" srcset=\"https:\/\/agora.xtec.cat\/institutraspall\/wp-content\/uploads\/usu277\/2013\/02\/raspallantic.jpg 985w, https:\/\/agora.xtec.cat\/institutraspall\/wp-content\/uploads\/usu277\/2013\/02\/raspallantic-300x53.jpg 300w, https:\/\/agora.xtec.cat\/institutraspall\/wp-content\/uploads\/usu277\/2013\/02\/raspallantic-768x135.jpg 768w\" sizes=\"auto, (max-width: 985px) 100vw, 985px\" \/><\/p>\n<p style=\"text-align: left;\"><strong>Seu<\/strong><\/p>\n<p style=\"text-align: left;\">Els dominics escolliren la poblaci\u00f3 de Cardedeu per construir-hi una Casa Noviciat i un Estudi General de Filosofia del seu orde els anys 50. Davant la baixada important de les vocacions, els dominics van tancar el seminari, el van traslladar a Val\u00e8ncia i van cedir l&#8217;edifici a l&#8217;Ajuntament a canvi dels drets d&#8217;urbanitzaci\u00f3 dels terrenys que l&#8217;envoltaven. L&#8217;Ajuntament, el 1979, \u00a0\u00a0va cedir a l\u2019Estat\u00a0 una bona part de l\u2019antic edifici del convent dels dominics per fer-hi el centre de BUP (Batxillerat Unificat Polivalent). El 9 d&#8217;octubre del 1981 l&#8217;Ajuntament de Cardedeu ratifica l\u2019acord que ja havia pres el maig del 1979 i cedeix al Ministeri d\u2019Educaci\u00f3 i Ci\u00e8ncia l&#8217;antic seminari dels dominics.<\/p>\n<p><img loading=\"lazy\" decoding=\"async\" class=\"aligncenter size-full wp-image-183\" style=\"text-align: left;\" src=\"https:\/\/raspall.cat\/wp-content\/uploads\/2013\/02\/historia_jane.jpg\" alt=\"\" width=\"400\" height=\"266\" srcset=\"https:\/\/agora.xtec.cat\/institutraspall\/wp-content\/uploads\/usu277\/2013\/02\/historia_jane.jpg 400w, https:\/\/agora.xtec.cat\/institutraspall\/wp-content\/uploads\/usu277\/2013\/02\/historia_jane-300x200.jpg 300w\" sizes=\"auto, (max-width: 400px) 100vw, 400px\" \/><\/p>\n<\/div>\n<div align=\"center\">\n<p><img loading=\"lazy\" decoding=\"async\" class=\"aligncenter size-full wp-image-20855\" src=\"https:\/\/agora.xtec.cat\/institutraspall\/wp-content\/uploads\/usu277\/2019\/02\/ins-raspall.png\" alt=\"\" width=\"631\" height=\"254\" srcset=\"https:\/\/agora.xtec.cat\/institutraspall\/wp-content\/uploads\/usu277\/2019\/02\/ins-raspall.png 631w, https:\/\/agora.xtec.cat\/institutraspall\/wp-content\/uploads\/usu277\/2019\/02\/ins-raspall-300x121.png 300w\" sizes=\"auto, (max-width: 631px) 100vw, 631px\" \/><\/p>\n<p>&nbsp;<\/p>\n<p style=\"text-align: left;\"><strong>Centre pioner<\/strong><\/p>\n<p style=\"text-align: left;\">Va ser el 1981 quan es traspassen els serveis d&#8217;educaci\u00f3 del Ministeri d\u2019Educaci\u00f3 i Ci\u00e8ncia al Departament d&#8217;Ensenyament de la Generalitat de Catalunya. Aquest Departament reforma i equipa l&#8217;antic seminari dels dominics com a seu de l&#8217;Institut de Batxillerat de Cardedeu. \u00c9s el primer institut que habilita la Generalitat.<\/p>\n<figure id=\"attachment_20854\" aria-describedby=\"caption-attachment-20854\" style=\"width: 300px\" class=\"wp-caption alignright\"><img loading=\"lazy\" decoding=\"async\" class=\"size-full wp-image-20854\" src=\"https:\/\/agora.xtec.cat\/institutraspall\/wp-content\/uploads\/usu277\/2019\/02\/foties1b.jpg\" alt=\"\" width=\"300\" height=\"151\" \/><figcaption id=\"caption-attachment-20854\" class=\"wp-caption-text\">L&#8217;institut el curs 1980-81<\/figcaption><\/figure>\n<p style=\"text-align: left;\">L&#8217;Institut creix molt de pressa durant les d\u00e8cades dels anys 80 i 90 per l\u2019augment demogr\u00e0fic de la zona. El centre acull alumnat dels pobles ve\u00efns que no disposaven d\u2019institut al seu municipi per cursar el BUP i COU (Curs d\u2019Orientaci\u00f3 Universit\u00e0ria).<\/p>\n<p style=\"text-align: left;\">El curs 1996-1997 l&#8217;Institut de Batxillerat de Cardedeu es converteix en l&#8217;IES de Cardedeu, \u00e9s a dir, en Institut d&#8217;Ensenyament Secundari. El canvi obeeix a la implantaci\u00f3 de la LOGSE i comen\u00e7a l&#8217;ESO, l\u2019Ensenyament Secundari Obligatori.<\/p>\n<p style=\"text-align: left;\">Malgrat que s\u2019han constru\u00eft nous instituts en els pobles ve\u00efns i disminueix molt el nombre d\u2019alumnes de fora de Cardedeu, la quantitat d\u2019estudiants segueix augmentant i l\u2019edifici es torna a fer petit. L&#8217;Ajuntament cedeix provisionalment l\u2019edifici del costat, la Mongia, i el Departament d&#8217;Ensenyament aprova ampliar el centre per la part de darrere i instal\u00b7la m\u00f2duls prefabricats al pati mentre es fan les obres. Finalment el Departament d\u2019Ensenyament decideix fer dos instituts en el mateix espai.<\/p>\n<p style=\"text-align: left;\">L\u2019any 2000 el Departament d&#8217;Ensenyament crea el segon institut de Cardedeu, el Sui, i\u00a0 entra en funcionament aquell mateix any.<\/p>\n<p style=\"text-align: left;\"><strong>Conviv\u00e8ncia amb un segon institut<\/strong><\/p>\n<p style=\"text-align: left;\">El nou institut sorgeix de la divisi\u00f3 del seminari dels dominics per la meitat, on s\u2019hi afegeix una ala nord-oest. Aquesta circumst\u00e0ncia va significar inicialment un focus de problemes pel fet de compartir espais i pressupostos, i va generar algunes p\u00e8rdues, entre de les quals destaquen la sala d\u2019actes i la magn\u00edfica biblioteca.<\/p>\n<p style=\"text-align: left;\">Arran d\u2019aquest fet hi ha la voluntat que el nostre centre mantingui la pres\u00e8ncia i imatge i marqui difer\u00e8ncies, tot partint d\u2019un projecte educatiu propi. Una manera de materialitzar aquesta identificaci\u00f3 va ser buscar un nom propi, Arquitecte Manuel Raspall. L&#8217;1 de mar\u00e7 del 2000 surt publicat al Diari Oficial de la Generalitat de Catalunya (DOGC) el canvi de nom de l&#8217;Institut. A partir d\u2019aquest moment es dir\u00e0 IES Arquitecte Manuel Raspall, denominaci\u00f3 acordada al Consell Escolar del centre amb el vistiplau de l\u2019Ajuntament.<\/p>\n<p style=\"text-align: left;\"><strong>L\u2019institut, avui<\/strong><\/p>\n<p style=\"text-align: left;\">Els anys han anat passant i els diferents equips de professionals i entorn han anat confegint una manera de ser i fer que fan del Raspall un centre que combina, com diu el nostre lema, \u201ctradici\u00f3 i innovaci\u00f3\u201d.<\/p>\n<p style=\"text-align: left;\">Bona mostra del nostre projecte s\u00f3n les iniciatives seg\u00fcents: opci\u00f3 d\u2019estudiar tres lleng\u00fces estrangeres (angl\u00e8s, franc\u00e8s i alemany), possibilitat d\u2019obtenir el t\u00edtol del batxillerat franc\u00e8s (Baccalaur\u00e9at), formaci\u00f3 en educaci\u00f3 emocional i servei de mediaci\u00f3. \u00a0Un punt fort destacable \u00e9s l\u2019oportunitat que donem als alumnes de con\u00e8ixer de primera m\u00e0 Alemanya, Fran\u00e7a i Holanda mitjan\u00e7ant intercanvis i visites.<\/p>\n<\/div>\n<div align=\"center\">\n<hr \/>\n<\/div>\n<p><a href=\"https:\/\/agora.xtec.cat\/institutraspall\/wp-content\/uploads\/usu277\/2024\/07\/Raspall-imatge-scaled.jpg\"><img loading=\"lazy\" decoding=\"async\" class=\"alignnone size-large wp-image-3249\" src=\"https:\/\/agora.xtec.cat\/institutraspall\/wp-content\/uploads\/usu277\/2024\/07\/Raspall-imatge-1024x543.jpg\" alt=\"\" width=\"1024\" height=\"543\" srcset=\"https:\/\/agora.xtec.cat\/institutraspall\/wp-content\/uploads\/usu277\/2024\/07\/Raspall-imatge-1024x543.jpg 1024w, https:\/\/agora.xtec.cat\/institutraspall\/wp-content\/uploads\/usu277\/2024\/07\/Raspall-imatge-300x159.jpg 300w, https:\/\/agora.xtec.cat\/institutraspall\/wp-content\/uploads\/usu277\/2024\/07\/Raspall-imatge-768x407.jpg 768w, https:\/\/agora.xtec.cat\/institutraspall\/wp-content\/uploads\/usu277\/2024\/07\/Raspall-imatge-1536x814.jpg 1536w, https:\/\/agora.xtec.cat\/institutraspall\/wp-content\/uploads\/usu277\/2024\/07\/Raspall-imatge-2048x1085.jpg 2048w\" sizes=\"auto, (max-width: 1024px) 100vw, 1024px\" \/><\/a><span style=\"font-family: inherit; font-size: 1em;\">Fotografia curs 2023-24<\/span><\/p>\n<p>&nbsp;<\/p>\n","protected":false},"excerpt":{"rendered":"<p>Origen L\u2019Institut Arquitecte Manuel Raspall t\u00e9 els or\u00edgens el juny de 1967 per l\u2019inter\u00e8s de l\u2019Ajuntament de Cardedeu d\u2019oferir estudis secundaris a nois i noies de Cardedeu i voltants. En aquell moment tenia la denominaci\u00f3 de centre lliure adoptat (CLA) i depenia de l\u2019Institut de Granollers, avui Institut Antoni Cumella. La inspectora Roser Pujades va [&hellip;]<\/p>\n","protected":false},"author":1,"featured_media":0,"parent":2615,"menu_order":20,"comment_status":"closed","ping_status":"closed","template":"page-templates\/side-menu.php","meta":{"_bbp_topic_count":0,"_bbp_reply_count":0,"_bbp_total_topic_count":0,"_bbp_total_reply_count":0,"_bbp_voice_count":0,"_bbp_anonymous_reply_count":0,"_bbp_topic_count_hidden":0,"_bbp_reply_count_hidden":0,"_bbp_forum_subforum_count":0,"site-sidebar-layout":"default","site-content-layout":"","ast-site-content-layout":"","site-content-style":"default","site-sidebar-style":"default","ast-global-header-display":"","ast-banner-title-visibility":"","ast-main-header-display":"","ast-hfb-above-header-display":"","ast-hfb-below-header-display":"","ast-hfb-mobile-header-display":"","site-post-title":"","ast-breadcrumbs-content":"","ast-featured-img":"","footer-sml-layout":"","theme-transparent-header-meta":"","adv-header-id-meta":"","stick-header-meta":"","header-above-stick-meta":"","header-main-stick-meta":"","header-below-stick-meta":"","astra-migrate-meta-layouts":"default","ast-page-background-enabled":"default","ast-page-background-meta":{"desktop":{"background-color":"var(--ast-global-color-4)","background-image":"","background-repeat":"repeat","background-position":"center center","background-size":"auto","background-attachment":"scroll","background-type":"","background-media":"","overlay-type":"","overlay-color":"","overlay-opacity":"","overlay-gradient":""},"tablet":{"background-color":"","background-image":"","background-repeat":"repeat","background-position":"center center","background-size":"auto","background-attachment":"scroll","background-type":"","background-media":"","overlay-type":"","overlay-color":"","overlay-opacity":"","overlay-gradient":""},"mobile":{"background-color":"","background-image":"","background-repeat":"repeat","background-position":"center center","background-size":"auto","background-attachment":"scroll","background-type":"","background-media":"","overlay-type":"","overlay-color":"","overlay-opacity":"","overlay-gradient":""}},"ast-content-background-meta":{"desktop":{"background-color":"var(--ast-global-color-5)","background-image":"","background-repeat":"repeat","background-position":"center center","background-size":"auto","background-attachment":"scroll","background-type":"","background-media":"","overlay-type":"","overlay-color":"","overlay-opacity":"","overlay-gradient":""},"tablet":{"background-color":"var(--ast-global-color-5)","background-image":"","background-repeat":"repeat","background-position":"center center","background-size":"auto","background-attachment":"scroll","background-type":"","background-media":"","overlay-type":"","overlay-color":"","overlay-opacity":"","overlay-gradient":""},"mobile":{"background-color":"var(--ast-global-color-5)","background-image":"","background-repeat":"repeat","background-position":"center center","background-size":"auto","background-attachment":"scroll","background-type":"","background-media":"","overlay-type":"","overlay-color":"","overlay-opacity":"","overlay-gradient":""}},"footnotes":""},"class_list":["post-3076","page","type-page","status-publish","hentry"],"post_mailing_queue_ids":[],"_links":{"self":[{"href":"https:\/\/agora.xtec.cat\/institutraspall\/wp-json\/wp\/v2\/pages\/3076","targetHints":{"allow":["GET"]}}],"collection":[{"href":"https:\/\/agora.xtec.cat\/institutraspall\/wp-json\/wp\/v2\/pages"}],"about":[{"href":"https:\/\/agora.xtec.cat\/institutraspall\/wp-json\/wp\/v2\/types\/page"}],"author":[{"embeddable":true,"href":"https:\/\/agora.xtec.cat\/institutraspall\/wp-json\/wp\/v2\/users\/1"}],"replies":[{"embeddable":true,"href":"https:\/\/agora.xtec.cat\/institutraspall\/wp-json\/wp\/v2\/comments?post=3076"}],"version-history":[{"count":5,"href":"https:\/\/agora.xtec.cat\/institutraspall\/wp-json\/wp\/v2\/pages\/3076\/revisions"}],"predecessor-version":[{"id":3438,"href":"https:\/\/agora.xtec.cat\/institutraspall\/wp-json\/wp\/v2\/pages\/3076\/revisions\/3438"}],"up":[{"embeddable":true,"href":"https:\/\/agora.xtec.cat\/institutraspall\/wp-json\/wp\/v2\/pages\/2615"}],"wp:attachment":[{"href":"https:\/\/agora.xtec.cat\/institutraspall\/wp-json\/wp\/v2\/media?parent=3076"}],"curies":[{"name":"wp","href":"https:\/\/api.w.org\/{rel}","templated":true}]}}