{"id":3069,"date":"2024-07-12T14:30:51","date_gmt":"2024-07-12T12:30:51","guid":{"rendered":"https:\/\/agora.xtec.cat\/institutraspall\/?page_id=3069"},"modified":"2024-07-23T01:07:15","modified_gmt":"2024-07-22T23:07:15","slug":"afa","status":"publish","type":"page","link":"https:\/\/agora.xtec.cat\/institutraspall\/afa\/","title":{"rendered":"AFA"},"content":{"rendered":"<h1 style=\"text-align: center;\"><strong>Associaci\u00f3 de Fam\u00edlies i Alumnes<\/strong><\/h1>\n<div align=\"center\">\n<p><a href=\"https:\/\/agora.xtec.cat\/institutraspall\/ampa-6\/\"><img loading=\"lazy\" decoding=\"async\" class=\"wp-image-18389\" src=\"https:\/\/agora.xtec.cat\/institutraspall\/wp-content\/uploads\/usu277\/2017\/02\/ampa.jpg\" alt=\"\" width=\"135\" height=\"110\" srcset=\"https:\/\/agora.xtec.cat\/institutraspall\/wp-content\/uploads\/usu277\/2017\/02\/ampa.jpg 311w, https:\/\/agora.xtec.cat\/institutraspall\/wp-content\/uploads\/usu277\/2017\/02\/ampa-300x245.jpg 300w\" sizes=\"auto, (max-width: 135px) 100vw, 135px\" \/><\/a><\/p>\n<p style=\"text-align: center;\" align=\"center\">Correu de contacte: <a href=\"mailto:afaraspall@gmail.com\" target=\"_blank\" rel=\"noopener noreferrer\">afaraspall@gmail.com<\/a><\/p>\n<p style=\"text-align: center;\" align=\"center\"><a href=\"https:\/\/amparaspall.wordpress.com\/\" target=\"_blank\" rel=\"noopener noreferrer\">www.amparaspall.wordpress.com<\/a><\/p>\n<\/div>\n<div align=\"center\">\n<div align=\"center\"><\/div>\n<\/div>\n<div align=\"center\"><\/div>\n<div align=\"center\"><a href=\"https:\/\/amparaspall.wordpress.com\/\" rel=\"attachment wp-att-98376\"><img loading=\"lazy\" decoding=\"async\" class=\"wp-image-98376 alignleft\" src=\"https:\/\/agora.xtec.cat\/institutraspall\/wp-content\/uploads\/usu277\/2024\/07\/Captura-de-Pantalla-2024-07-22-a-las-0.25.22-1024x530.png\" alt=\"\" width=\"518\" height=\"268\" srcset=\"https:\/\/agora.xtec.cat\/institutraspall\/wp-content\/uploads\/usu277\/2024\/07\/Captura-de-Pantalla-2024-07-22-a-las-0.25.22-1024x530.png 1024w, https:\/\/agora.xtec.cat\/institutraspall\/wp-content\/uploads\/usu277\/2024\/07\/Captura-de-Pantalla-2024-07-22-a-las-0.25.22-300x155.png 300w, https:\/\/agora.xtec.cat\/institutraspall\/wp-content\/uploads\/usu277\/2024\/07\/Captura-de-Pantalla-2024-07-22-a-las-0.25.22-768x397.png 768w, https:\/\/agora.xtec.cat\/institutraspall\/wp-content\/uploads\/usu277\/2024\/07\/Captura-de-Pantalla-2024-07-22-a-las-0.25.22.png 1166w\" sizes=\"auto, (max-width: 518px) 100vw, 518px\" \/><\/a><\/div>\n<div align=\"center\"><\/div>\n<div align=\"center\">\n<p>&nbsp;<\/p>\n<p style=\"text-align: left;\"><strong>JUNTA DIRECTIVA ACTUAL<\/strong><br \/>\nLa Junta Directiva est\u00e0 composada per:<\/p>\n<p style=\"text-align: left;\">Presidenta: Maite Leiva<br \/>\nSecretaria: Nataliia Savchuck<br \/>\nTresorera: Laetitia Georges<\/p>\n<p>&nbsp;<\/p>\n<p style=\"text-align: left;\">HI VOLS PARTICIPAR?<\/p>\n<p style=\"text-align: left;\">Totes les mares i pares que vulguin poden ser part d\u2019aquesta Junta.<\/p>\n<p style=\"text-align: left;\">\u00c9s important la participaci\u00f3 activa ja sigui peri\u00f2dicament en les reunions, com de forma espor\u00e0dica en l\u2019organitzaci\u00f3 o execuci\u00f3 dels diferents actes i accions.<\/p>\n<p style=\"text-align: left;\">Comptem amb tothom!<\/p>\n<\/div>\n<p><a href=\"https:\/\/agora.xtec.cat\/institutraspall\/wp-content\/uploads\/usu277\/2024\/03\/AFA-Triptic-Informatiu_web.pdf\"><img loading=\"lazy\" decoding=\"async\" class=\"wp-image-98402 aligncenter\" src=\"https:\/\/agora.xtec.cat\/institutraspall\/wp-content\/uploads\/usu277\/2024\/07\/AFA-Triptic-Informatiu_web-pdf.jpg\" alt=\"\" width=\"656\" height=\"478\" srcset=\"https:\/\/agora.xtec.cat\/institutraspall\/wp-content\/uploads\/usu277\/2024\/07\/AFA-Triptic-Informatiu_web-pdf.jpg 1614w, https:\/\/agora.xtec.cat\/institutraspall\/wp-content\/uploads\/usu277\/2024\/07\/AFA-Triptic-Informatiu_web-pdf-300x219.jpg 300w, https:\/\/agora.xtec.cat\/institutraspall\/wp-content\/uploads\/usu277\/2024\/07\/AFA-Triptic-Informatiu_web-pdf-1024x746.jpg 1024w, https:\/\/agora.xtec.cat\/institutraspall\/wp-content\/uploads\/usu277\/2024\/07\/AFA-Triptic-Informatiu_web-pdf-768x560.jpg 768w, https:\/\/agora.xtec.cat\/institutraspall\/wp-content\/uploads\/usu277\/2024\/07\/AFA-Triptic-Informatiu_web-pdf-1536x1119.jpg 1536w\" sizes=\"auto, (max-width: 656px) 100vw, 656px\" \/><\/a><\/p>\n","protected":false},"excerpt":{"rendered":"<p>Associaci\u00f3 de Fam\u00edlies i Alumnes Correu de contacte: afaraspall@gmail.com www.amparaspall.wordpress.com &nbsp; JUNTA DIRECTIVA ACTUAL La Junta Directiva est\u00e0 composada per: Presidenta: Maite Leiva Secretaria: Nataliia Savchuck Tresorera: Laetitia Georges &nbsp; HI VOLS PARTICIPAR? Totes les mares i pares que vulguin poden ser part d\u2019aquesta Junta. \u00c9s important la participaci\u00f3 activa ja sigui peri\u00f2dicament en les [&hellip;]<\/p>\n","protected":false},"author":1,"featured_media":0,"parent":0,"menu_order":70,"comment_status":"closed","ping_status":"closed","template":"","meta":{"_bbp_topic_count":0,"_bbp_reply_count":0,"_bbp_total_topic_count":0,"_bbp_total_reply_count":0,"_bbp_voice_count":0,"_bbp_anonymous_reply_count":0,"_bbp_topic_count_hidden":0,"_bbp_reply_count_hidden":0,"_bbp_forum_subforum_count":0,"site-sidebar-layout":"default","site-content-layout":"","ast-site-content-layout":"","site-content-style":"default","site-sidebar-style":"default","ast-global-header-display":"","ast-banner-title-visibility":"","ast-main-header-display":"","ast-hfb-above-header-display":"","ast-hfb-below-header-display":"","ast-hfb-mobile-header-display":"","site-post-title":"","ast-breadcrumbs-content":"","ast-featured-img":"","footer-sml-layout":"","theme-transparent-header-meta":"","adv-header-id-meta":"","stick-header-meta":"","header-above-stick-meta":"","header-main-stick-meta":"","header-below-stick-meta":"","astra-migrate-meta-layouts":"default","ast-page-background-enabled":"default","ast-page-background-meta":{"desktop":{"background-color":"var(--ast-global-color-4)","background-image":"","background-repeat":"repeat","background-position":"center center","background-size":"auto","background-attachment":"scroll","background-type":"","background-media":"","overlay-type":"","overlay-color":"","overlay-opacity":"","overlay-gradient":""},"tablet":{"background-color":"","background-image":"","background-repeat":"repeat","background-position":"center center","background-size":"auto","background-attachment":"scroll","background-type":"","background-media":"","overlay-type":"","overlay-color":"","overlay-opacity":"","overlay-gradient":""},"mobile":{"background-color":"","background-image":"","background-repeat":"repeat","background-position":"center center","background-size":"auto","background-attachment":"scroll","background-type":"","background-media":"","overlay-type":"","overlay-color":"","overlay-opacity":"","overlay-gradient":""}},"ast-content-background-meta":{"desktop":{"background-color":"var(--ast-global-color-5)","background-image":"","background-repeat":"repeat","background-position":"center center","background-size":"auto","background-attachment":"scroll","background-type":"","background-media":"","overlay-type":"","overlay-color":"","overlay-opacity":"","overlay-gradient":""},"tablet":{"background-color":"var(--ast-global-color-5)","background-image":"","background-repeat":"repeat","background-position":"center center","background-size":"auto","background-attachment":"scroll","background-type":"","background-media":"","overlay-type":"","overlay-color":"","overlay-opacity":"","overlay-gradient":""},"mobile":{"background-color":"var(--ast-global-color-5)","background-image":"","background-repeat":"repeat","background-position":"center center","background-size":"auto","background-attachment":"scroll","background-type":"","background-media":"","overlay-type":"","overlay-color":"","overlay-opacity":"","overlay-gradient":""}},"footnotes":""},"class_list":["post-3069","page","type-page","status-publish","hentry"],"post_mailing_queue_ids":[],"_links":{"self":[{"href":"https:\/\/agora.xtec.cat\/institutraspall\/wp-json\/wp\/v2\/pages\/3069","targetHints":{"allow":["GET"]}}],"collection":[{"href":"https:\/\/agora.xtec.cat\/institutraspall\/wp-json\/wp\/v2\/pages"}],"about":[{"href":"https:\/\/agora.xtec.cat\/institutraspall\/wp-json\/wp\/v2\/types\/page"}],"author":[{"embeddable":true,"href":"https:\/\/agora.xtec.cat\/institutraspall\/wp-json\/wp\/v2\/users\/1"}],"replies":[{"embeddable":true,"href":"https:\/\/agora.xtec.cat\/institutraspall\/wp-json\/wp\/v2\/comments?post=3069"}],"version-history":[{"count":7,"href":"https:\/\/agora.xtec.cat\/institutraspall\/wp-json\/wp\/v2\/pages\/3069\/revisions"}],"predecessor-version":[{"id":98407,"href":"https:\/\/agora.xtec.cat\/institutraspall\/wp-json\/wp\/v2\/pages\/3069\/revisions\/98407"}],"wp:attachment":[{"href":"https:\/\/agora.xtec.cat\/institutraspall\/wp-json\/wp\/v2\/media?parent=3069"}],"curies":[{"name":"wp","href":"https:\/\/api.w.org\/{rel}","templated":true}]}}