{"id":2615,"date":"2024-07-09T12:57:43","date_gmt":"2024-07-09T10:57:43","guid":{"rendered":"https:\/\/agora.xtec.cat\/institutraspall\/?page_id=2615"},"modified":"2025-07-29T16:59:35","modified_gmt":"2025-07-29T14:59:35","slug":"linstitut-2","status":"publish","type":"page","link":"https:\/\/agora.xtec.cat\/institutraspall\/linstitut-2\/","title":{"rendered":"L&#8217;institut"},"content":{"rendered":"\n<p>L\u2019INS Arquitecte Manuel Raspall \u00e9s un centre p\u00fablic caracteritzat per una manera de ser i fer \u00a0que combina \u201ctradici\u00f3 i innovaci\u00f3\u201d.<\/p>\n\n\n\n<div class=\"wp-block-getwid-accordion has-icon-left\" data-active-element=\"none\">\n<div class=\"wp-block-getwid-accordion__header-wrapper\"><span class=\"wp-block-getwid-accordion__header\"><a href=\"#\"><span class=\"wp-block-getwid-accordion__header-title\">La nostra oferta educativa<\/span><span class=\"wp-block-getwid-accordion__icon is-active\"><i class=\"fas fa-plus\"><\/i><\/span><span class=\"wp-block-getwid-accordion__icon is-passive\"><i class=\"fas fa-minus\"><\/i><\/span><\/a><\/span><\/div><div class=\"wp-block-getwid-accordion__content-wrapper\"><div class=\"wp-block-getwid-accordion__content\">\n<p>Educaci\u00f3 Secund\u00e0ria Obligat\u00f2ria (ESO)<\/p>\n\n\n\n<p>Batxillerat &#8211; modalitats:<\/p>\n\n\n\n<ul class=\"wp-block-list\">\n<li>Ci\u00e8ncies i tecnologia<\/li>\n\n\n\n<li>Humanitats i ci\u00e8ncies socials<\/li>\n\n\n\n<li>Batxibac<\/li>\n<\/ul>\n\n\n\n<p>Dins del curr\u00edculum de batxillerat oferim la possibilitat de fer el cr\u00e8dit d\u2019Estada a l\u2019empresa amb pr\u00e0ctiques a empreses de la comarca.<\/p>\n\n\n\n<p>Hi ha la possibilitat d\u2019ampliar l\u2019oferta formativa del batxillerat cursant alguna mat\u00e8ria on-line l&#8217;Institut Obert de Catalunya (IOC).<\/p>\n<\/div><\/div>\n\n\n\n<div class=\"wp-block-getwid-accordion__header-wrapper\"><span class=\"wp-block-getwid-accordion__header\"><a href=\"#\"><span class=\"wp-block-getwid-accordion__header-title\">Els objectius b\u00e0sics del nostre centre<\/span><span class=\"wp-block-getwid-accordion__icon is-active\"><i class=\"fas fa-plus\"><\/i><\/span><span class=\"wp-block-getwid-accordion__icon is-passive\"><i class=\"fas fa-minus\"><\/i><\/span><\/a><\/span><\/div><div class=\"wp-block-getwid-accordion__content-wrapper\"><div class=\"wp-block-getwid-accordion__content\">\n<p><\/p>\n\n\n\n<ul class=\"wp-block-list\">\n<li>La formaci\u00f3 integral de l\u2019alumne\/a amb uns valors, actituds i normes que s\u00f3n caracter\u00edstiques d\u2019una societat plural i democr\u00e0tica: el respecte als altres, a l\u2019entorn, als b\u00e9ns, la toler\u00e0ncia, la llibertat, la responsabilitat i el di\u00e0leg potenciant la reflexi\u00f3, corresponsabilitat i el comprom\u00eds amb l\u2019entorn i el m\u00f3n.<\/li>\n\n\n\n<li>Educaci\u00f3 emocional per afavorir l\u2019autoconeixement.<\/li>\n\n\n\n<li>Foment de l\u2019\u00fas de les noves tecnologies.<\/li>\n\n\n\n<li>Foment de les lleng\u00fces estrangeres com a instrument d\u2019aprenentatge.<\/li>\n\n\n\n<li>L\u2019establiment de relacions amb altres centres europeus a trav\u00e9s d\u2019intercanvis ling\u00fc\u00edstics i culturals i la participaci\u00f3 en el Erasmus +<\/li>\n\n\n\n<li>Utilitzaci\u00f3 de la mediaci\u00f3 i el di\u00e0leg com a m\u00e8tode en la resoluci\u00f3 de conflictes.<\/li>\n\n\n\n<li>L\u2019orientaci\u00f3 gradual cap als estudis superiors i el m\u00f3n del treball.<\/li>\n\n\n\n<li>La participaci\u00f3 i implicaci\u00f3 en el pla d\u2019entorn i en la vida local i comarcal.<\/li>\n\n\n\n<li>L\u2019atenci\u00f3 a les necessitats espec\u00edfiques de cadascun dels nostre alumnes.<\/li>\n\n\n\n<li>La promoci\u00f3 de la intervenci\u00f3 de fam\u00edlies i alumnes en el funcionament del centre.<\/li>\n\n\n\n<li>Potenciaci\u00f3 de la lectura a trav\u00e9s del pla lector.<\/li>\n<\/ul>\n<\/div><\/div>\n\n\n\n<div class=\"wp-block-getwid-accordion__header-wrapper\"><span class=\"wp-block-getwid-accordion__header\"><a href=\"#\"><span class=\"wp-block-getwid-accordion__header-title\">Projectes i programes que enriqueixen la formaci\u00f3 i la conviv\u00e8ncia al centre<\/span><span class=\"wp-block-getwid-accordion__icon is-active\"><i class=\"fas fa-plus\"><\/i><\/span><span class=\"wp-block-getwid-accordion__icon is-passive\"><i class=\"fas fa-minus\"><\/i><\/span><\/a><\/span><\/div><div class=\"wp-block-getwid-accordion__content-wrapper\"><div class=\"wp-block-getwid-accordion__content\">\n<ul class=\"wp-block-list\">\n<li><strong>Pla d\u2019acollida<\/strong>, pensat per facilitar la integraci\u00f3 de l\u2019alumnat nouvingut i el professorat.<\/li>\n\n\n\n<li><strong>Pla d\u2019acci\u00f3 tutorial<\/strong>, que permet abordar a l\u2019aula temes com la conviv\u00e8ncia, el respecte i altres q\u00fcestions que preocupen els joves.<\/li>\n\n\n\n<li><strong>Projecte cultura lectora del centre: <\/strong> foment de la lectura (Pla lector, el club de lectura, dinamitzaci\u00f3 de la biblioteca del centre, formaci\u00f3 per al professorat i participaci\u00f3 en la Xarxa de la Compresi\u00f3 Lectora).<\/li>\n\n\n\n<li><strong>Pla de potenciaci\u00f3 de les matem\u00e0tiques<\/strong>, amb la participaci\u00f3 consolidada del centre en concursos com <em>Proves Cangur<\/em>, <em>Fem Mates<\/em> i <em>Matem\u00e0tiques a l\u2019Esprint<\/em>.<\/li>\n\n\n\n<li><strong>Programa d\u2019estades i intercanvis ling\u00fc\u00edstics<\/strong> amb diversos pa\u00efsos com Alemanya, Fran\u00e7a, Holanda i el Canad\u00e0. <\/li>\n\n\n\n<li>Projecte Erasmus +<\/li>\n\n\n\n<li><strong>Programa d\u2019activitats culturals i sortides Raspall-Obert<\/strong>, que promou l\u2019aprenentatge m\u00e9s enll\u00e0 de l\u2019aula.<\/li>\n\n\n\n<li><strong>Participaci\u00f3 activa en el Pla d\u2019Entorn de Cardedeu<\/strong>, col\u00b7laborant amb la xarxa educativa i social del municipi.<\/li>\n<\/ul>\n<\/div><\/div>\n\n\n\n<div class=\"wp-block-getwid-accordion__header-wrapper\"><span class=\"wp-block-getwid-accordion__header\"><a href=\"#\"><span class=\"wp-block-getwid-accordion__header-title\">Sortides i col\u00f2nies<\/span><span class=\"wp-block-getwid-accordion__icon is-active\"><i class=\"fas fa-plus\"><\/i><\/span><span class=\"wp-block-getwid-accordion__icon is-passive\"><i class=\"fas fa-minus\"><\/i><\/span><\/a><\/span><\/div><div class=\"wp-block-getwid-accordion__content-wrapper\"><div class=\"wp-block-getwid-accordion__content\">\n<p>L\u2019INS arquitecte Manuel Raspall organitza sortides i col\u00f2nies anuals integrades en la programaci\u00f3 dels diferents \u00e0mbits, d\u2019altres organitzades des de les tutories i d\u2019altres \u00a0l\u00fadiques. Aquestes sortides poden ser d\u2019un mat\u00ed, d\u2019un dia o de m\u00e9s d\u2019un dia, com l&#8217;acampada, les col\u00f2nies (a l&#8217;Estartit, al Pallars, l&#8217;esquiada, viatges de final d&#8217;etapa).<\/p>\n<\/div><\/div>\n<\/div>\n","protected":false},"excerpt":{"rendered":"<p>L\u2019INS Arquitecte Manuel Raspall \u00e9s un centre p\u00fablic caracteritzat per una manera de ser i fer \u00a0que combina \u201ctradici\u00f3 i innovaci\u00f3\u201d.<\/p>\n","protected":false},"author":1,"featured_media":0,"parent":0,"menu_order":10,"comment_status":"closed","ping_status":"closed","template":"","meta":{"_bbp_topic_count":0,"_bbp_reply_count":0,"_bbp_total_topic_count":0,"_bbp_total_reply_count":0,"_bbp_voice_count":0,"_bbp_anonymous_reply_count":0,"_bbp_topic_count_hidden":0,"_bbp_reply_count_hidden":0,"_bbp_forum_subforum_count":0,"site-sidebar-layout":"default","site-content-layout":"","ast-site-content-layout":"default","site-content-style":"default","site-sidebar-style":"default","ast-global-header-display":"","ast-banner-title-visibility":"","ast-main-header-display":"","ast-hfb-above-header-display":"","ast-hfb-below-header-display":"","ast-hfb-mobile-header-display":"","site-post-title":"","ast-breadcrumbs-content":"","ast-featured-img":"","footer-sml-layout":"","theme-transparent-header-meta":"","adv-header-id-meta":"","stick-header-meta":"","header-above-stick-meta":"","header-main-stick-meta":"","header-below-stick-meta":"","astra-migrate-meta-layouts":"set","ast-page-background-enabled":"default","ast-page-background-meta":{"desktop":{"background-color":"var(--ast-global-color-4)","background-image":"","background-repeat":"repeat","background-position":"center center","background-size":"auto","background-attachment":"scroll","background-type":"","background-media":"","overlay-type":"","overlay-color":"","overlay-opacity":"","overlay-gradient":""},"tablet":{"background-color":"","background-image":"","background-repeat":"repeat","background-position":"center center","background-size":"auto","background-attachment":"scroll","background-type":"","background-media":"","overlay-type":"","overlay-color":"","overlay-opacity":"","overlay-gradient":""},"mobile":{"background-color":"","background-image":"","background-repeat":"repeat","background-position":"center center","background-size":"auto","background-attachment":"scroll","background-type":"","background-media":"","overlay-type":"","overlay-color":"","overlay-opacity":"","overlay-gradient":""}},"ast-content-background-meta":{"desktop":{"background-color":"var(--ast-global-color-5)","background-image":"","background-repeat":"repeat","background-position":"center center","background-size":"auto","background-attachment":"scroll","background-type":"","background-media":"","overlay-type":"","overlay-color":"","overlay-opacity":"","overlay-gradient":""},"tablet":{"background-color":"var(--ast-global-color-5)","background-image":"","background-repeat":"repeat","background-position":"center center","background-size":"auto","background-attachment":"scroll","background-type":"","background-media":"","overlay-type":"","overlay-color":"","overlay-opacity":"","overlay-gradient":""},"mobile":{"background-color":"var(--ast-global-color-5)","background-image":"","background-repeat":"repeat","background-position":"center center","background-size":"auto","background-attachment":"scroll","background-type":"","background-media":"","overlay-type":"","overlay-color":"","overlay-opacity":"","overlay-gradient":""}},"footnotes":""},"class_list":["post-2615","page","type-page","status-publish","hentry"],"post_mailing_queue_ids":[],"_links":{"self":[{"href":"https:\/\/agora.xtec.cat\/institutraspall\/wp-json\/wp\/v2\/pages\/2615","targetHints":{"allow":["GET"]}}],"collection":[{"href":"https:\/\/agora.xtec.cat\/institutraspall\/wp-json\/wp\/v2\/pages"}],"about":[{"href":"https:\/\/agora.xtec.cat\/institutraspall\/wp-json\/wp\/v2\/types\/page"}],"author":[{"embeddable":true,"href":"https:\/\/agora.xtec.cat\/institutraspall\/wp-json\/wp\/v2\/users\/1"}],"replies":[{"embeddable":true,"href":"https:\/\/agora.xtec.cat\/institutraspall\/wp-json\/wp\/v2\/comments?post=2615"}],"version-history":[{"count":5,"href":"https:\/\/agora.xtec.cat\/institutraspall\/wp-json\/wp\/v2\/pages\/2615\/revisions"}],"predecessor-version":[{"id":99366,"href":"https:\/\/agora.xtec.cat\/institutraspall\/wp-json\/wp\/v2\/pages\/2615\/revisions\/99366"}],"wp:attachment":[{"href":"https:\/\/agora.xtec.cat\/institutraspall\/wp-json\/wp\/v2\/media?parent=2615"}],"curies":[{"name":"wp","href":"https:\/\/api.w.org\/{rel}","templated":true}]}}