{"id":2595,"date":"2024-07-09T12:43:43","date_gmt":"2024-07-09T10:43:43","guid":{"rendered":"https:\/\/agora.xtec.cat\/institutraspall\/?page_id=2595"},"modified":"2024-07-18T09:15:18","modified_gmt":"2024-07-18T07:15:18","slug":"on-som","status":"publish","type":"page","link":"https:\/\/agora.xtec.cat\/institutraspall\/linstitut-2\/on-som\/","title":{"rendered":"On som"},"content":{"rendered":"<div class=\"wpb_text_column wpb_content_element \">\n<div class=\"wpb_wrapper\">\n<h4 style=\"text-align: center;\">INS Arquitecte Manuel Raspall<\/h4>\n<p style=\"text-align: center;\">Av. Verge de Montserrat s.n. 08440 Cardedeu<br \/>\n(Acc\u00e9s per Av. Jaume Morat\u00f3, 18)<\/p>\n<p style=\"text-align: center;\">Tel\u00e8fon 93 844 47 40<br \/>\nCorreu electr\u00f2nic:\u00a0<a href=\"mailto:institutrasapall@raspall.cat\" target=\"_blank\" rel=\"noopener\">institutraspall@xtec.cat<\/a><\/p>\n<\/div>\n<\/div>\n<p style=\"text-align: center;\"><iframe loading=\"lazy\" style=\"border: 0;\" src=\"https:\/\/www.google.com\/maps\/embed?pb=!1m18!1m12!1m3!1d2981.3313944432566!2d2.3630725!3d41.6485814!2m3!1f0!2f0!3f0!3m2!1i1024!2i768!4f13.1!3m3!1m2!1s0x12a4c937905f8561%3A0x6ffadaa1ea34468a!2sInstitut%20Arquitecte%20Manuel%20Raspall!5e0!3m2!1sca!2ses!4v1721133760725!5m2!1sca!2ses\" width=\"400\" height=\"250\" allowfullscreen=\"allowfullscreen\"><\/iframe><\/p>\n","protected":false},"excerpt":{"rendered":"<p>INS Arquitecte Manuel Raspall Av. Verge de Montserrat s.n. 08440 Cardedeu (Acc\u00e9s per Av. Jaume Morat\u00f3, 18) Tel\u00e8fon 93 844 47 40 Correu electr\u00f2nic:\u00a0institutraspall@xtec.cat<\/p>\n","protected":false},"author":1,"featured_media":0,"parent":2615,"menu_order":10,"comment_status":"closed","ping_status":"closed","template":"page-templates\/side-menu.php","meta":{"_bbp_topic_count":0,"_bbp_reply_count":0,"_bbp_total_topic_count":0,"_bbp_total_reply_count":0,"_bbp_voice_count":0,"_bbp_anonymous_reply_count":0,"_bbp_topic_count_hidden":0,"_bbp_reply_count_hidden":0,"_bbp_forum_subforum_count":0,"site-sidebar-layout":"default","site-content-layout":"","ast-site-content-layout":"","site-content-style":"default","site-sidebar-style":"default","ast-global-header-display":"","ast-banner-title-visibility":"","ast-main-header-display":"","ast-hfb-above-header-display":"","ast-hfb-below-header-display":"","ast-hfb-mobile-header-display":"","site-post-title":"","ast-breadcrumbs-content":"","ast-featured-img":"","footer-sml-layout":"","theme-transparent-header-meta":"","adv-header-id-meta":"","stick-header-meta":"","header-above-stick-meta":"","header-main-stick-meta":"","header-below-stick-meta":"","astra-migrate-meta-layouts":"default","ast-page-background-enabled":"default","ast-page-background-meta":{"desktop":{"background-color":"var(--ast-global-color-4)","background-image":"","background-repeat":"repeat","background-position":"center center","background-size":"auto","background-attachment":"scroll","background-type":"","background-media":"","overlay-type":"","overlay-color":"","overlay-opacity":"","overlay-gradient":""},"tablet":{"background-color":"","background-image":"","background-repeat":"repeat","background-position":"center center","background-size":"auto","background-attachment":"scroll","background-type":"","background-media":"","overlay-type":"","overlay-color":"","overlay-opacity":"","overlay-gradient":""},"mobile":{"background-color":"","background-image":"","background-repeat":"repeat","background-position":"center center","background-size":"auto","background-attachment":"scroll","background-type":"","background-media":"","overlay-type":"","overlay-color":"","overlay-opacity":"","overlay-gradient":""}},"ast-content-background-meta":{"desktop":{"background-color":"var(--ast-global-color-5)","background-image":"","background-repeat":"repeat","background-position":"center center","background-size":"auto","background-attachment":"scroll","background-type":"","background-media":"","overlay-type":"","overlay-color":"","overlay-opacity":"","overlay-gradient":""},"tablet":{"background-color":"var(--ast-global-color-5)","background-image":"","background-repeat":"repeat","background-position":"center center","background-size":"auto","background-attachment":"scroll","background-type":"","background-media":"","overlay-type":"","overlay-color":"","overlay-opacity":"","overlay-gradient":""},"mobile":{"background-color":"var(--ast-global-color-5)","background-image":"","background-repeat":"repeat","background-position":"center center","background-size":"auto","background-attachment":"scroll","background-type":"","background-media":"","overlay-type":"","overlay-color":"","overlay-opacity":"","overlay-gradient":""}},"footnotes":""},"class_list":["post-2595","page","type-page","status-publish","hentry"],"post_mailing_queue_ids":[],"_links":{"self":[{"href":"https:\/\/agora.xtec.cat\/institutraspall\/wp-json\/wp\/v2\/pages\/2595","targetHints":{"allow":["GET"]}}],"collection":[{"href":"https:\/\/agora.xtec.cat\/institutraspall\/wp-json\/wp\/v2\/pages"}],"about":[{"href":"https:\/\/agora.xtec.cat\/institutraspall\/wp-json\/wp\/v2\/types\/page"}],"author":[{"embeddable":true,"href":"https:\/\/agora.xtec.cat\/institutraspall\/wp-json\/wp\/v2\/users\/1"}],"replies":[{"embeddable":true,"href":"https:\/\/agora.xtec.cat\/institutraspall\/wp-json\/wp\/v2\/comments?post=2595"}],"version-history":[{"count":6,"href":"https:\/\/agora.xtec.cat\/institutraspall\/wp-json\/wp\/v2\/pages\/2595\/revisions"}],"predecessor-version":[{"id":3370,"href":"https:\/\/agora.xtec.cat\/institutraspall\/wp-json\/wp\/v2\/pages\/2595\/revisions\/3370"}],"up":[{"embeddable":true,"href":"https:\/\/agora.xtec.cat\/institutraspall\/wp-json\/wp\/v2\/pages\/2615"}],"wp:attachment":[{"href":"https:\/\/agora.xtec.cat\/institutraspall\/wp-json\/wp\/v2\/media?parent=2595"}],"curies":[{"name":"wp","href":"https:\/\/api.w.org\/{rel}","templated":true}]}}