{"id":971,"date":"2015-11-12T23:33:41","date_gmt":"2015-11-12T22:33:41","guid":{"rendered":"http:\/\/agora.xtec.cat\/institutmontserratroig\/?page_id=971"},"modified":"2016-10-17T15:53:09","modified_gmt":"2016-10-17T13:53:09","slug":"treballs-de-recerca","status":"publish","type":"page","link":"https:\/\/agora.xtec.cat\/institutmontserratroig\/departaments\/tecnologia\/treballs-de-recerca\/","title":{"rendered":"Treballs de recerca"},"content":{"rendered":"<table style=\"width: 100%;\">\n<tbody>\n<tr>\n<td style=\"background-color: #b3206e; text-align: center;\"><span style=\"color: #ffffff;\">Treballs de recerca promoci\u00f3 14-16<\/span><\/td>\n<\/tr>\n<tr>\n<td>Construcci\u00f3 d\u2019una caseta en un arbre.<\/td>\n<\/tr>\n<tr>\n<td>L\u2019evoluci\u00f3 de l\u2019escriptura xinesa i la seva adaptaci\u00f3 a les noves tecnologies.<\/td>\n<\/tr>\n<tr>\n<td>Reparaci\u00f3 i transformaci\u00f3 d\u2019una nova motocicleta en un tricicle.<\/td>\n<\/tr>\n<tr>\n<td>Programaci\u00f3 amb arduino. D&#8217;altres ofertes.<\/td>\n<\/tr>\n<tr>\n<td>Aportaci\u00f3 de la tecnologia en l\u2019evoluci\u00f3 dels materials per a la pr\u00e0ctica de l\u2019esport: per exemple l\u2019esqu\u00ed.<\/td>\n<\/tr>\n<tr>\n<td>Els biomaterials: aplicacions i l\u00ednies de futur.<\/td>\n<\/tr>\n<tr>\n<td>S\u00f3n una soluci\u00f3 els edificis bioclim\u00e0tics?<\/td>\n<\/tr>\n<tr>\n<td style=\"background-color: #b3206e; text-align: center;\"><span style=\"color: #ffffff;\">Treballs de recerca d&#8217;altres cursos<\/span><\/td>\n<\/tr>\n<tr>\n<td>\u00a0L\u00b4evoluci\u00f3 de la motocicleta i la ind\u00fastria catalana del motociclisme.<\/td>\n<\/tr>\n<tr>\n<td>\u00a0La televisi\u00f3. Del plat\u00f3 a la pantalla.<\/td>\n<\/tr>\n<tr>\n<td>\u00a0Les energies renovables i el seu impacte.<\/td>\n<\/tr>\n<tr>\n<td>\u00a0Rob\u00f2tica.<\/td>\n<\/tr>\n<tr>\n<td>\u00a0Producci\u00f3 musical. El Home studio.<\/td>\n<\/tr>\n<tr>\n<td>\u00a0Comer\u00e7 electr\u00f2nic i seguretat a la xarxa.<\/td>\n<\/tr>\n<tr>\n<td>\u00a0Cuina tradicional o cient\u00edfica?<\/td>\n<\/tr>\n<tr>\n<td>\u00a0Els videojocs i el seu impacte.<\/td>\n<\/tr>\n<tr>\n<td>\u00a0Biomim\u00e8tica.<\/td>\n<\/tr>\n<tr>\n<td>\u00a0Els efectes especials.<\/td>\n<\/tr>\n<tr>\n<td>\u00a0La guitarra el\u00e8ctrica.<\/td>\n<\/tr>\n<tr>\n<td>\u00a0Es pot suplir l\u00b4energia nuclear per energia e\u00f2lica?<\/td>\n<\/tr>\n<tr>\n<td>\u00a0El veler de l\u00b4America\u00b4s Cup.<\/td>\n<\/tr>\n<tr>\n<td>\u00a0\u00c9s la fusteria un ofici en extinci\u00f3?<\/td>\n<\/tr>\n<tr>\n<td>\u00a0L\u00b4ecodisseny. Cap a un m\u00f3n sostenible.<\/td>\n<\/tr>\n<tr>\n<td>\u00a0Televisi\u00f3 en 3 D.<\/td>\n<\/tr>\n<tr>\n<td>\u00a0El motor Otto.<\/td>\n<\/tr>\n<tr>\n<td>\u00a0Un m\u00f3n animat.<\/td>\n<\/tr>\n<tr>\n<td>\u00a0El tractament de la imatge en la posproducci\u00f3.<\/td>\n<\/tr>\n<tr>\n<td>\u00a0El color de la ciutat.<\/td>\n<\/tr>\n<tr>\n<td>\u00a0La recuperaci\u00f3 de les aig\u00fces pluvials.<\/td>\n<\/tr>\n<tr>\n<td>\u00a0Estereosc\u00f2pia. Una nova manera de representar el m\u00f3n.<\/td>\n<\/tr>\n<tr>\n<td>\u00a0La vida sostenible en un poble.<\/td>\n<\/tr>\n<\/tbody>\n<\/table>\n","protected":false},"excerpt":{"rendered":"<p>Treballs de recerca promoci\u00f3 14-16<\/p>\n<p>Construcci\u00f3 d\u2019una caseta en un arbre.<\/p>\n<p>L\u2019evoluci\u00f3 de l\u2019escriptura xinesa i la seva adaptaci\u00f3 a les noves tecnologies.<\/p>\n<p>Reparaci\u00f3 i transformaci\u00f3 d\u2019una nova motocicleta en un tricicle.<\/p>\n<p>Programaci\u00f3 amb arduino. D&#8217;altres ofertes.<\/p>\n<p>Aportaci\u00f3 de la tecnologia en l\u2019evoluci\u00f3 dels materials per a la pr\u00e0ctica de&hellip;  <a href=\"https:\/\/agora.xtec.cat\/institutmontserratroig\/departaments\/tecnologia\/treballs-de-recerca\/\" title=\"Read Treballs de recerca\">Llegeix m\u00e9s\u00bb<\/a><\/p>\n","protected":false},"author":1,"featured_media":0,"parent":303,"menu_order":3,"comment_status":"closed","ping_status":"closed","template":"page-templates\/side-menu.php","meta":{"_bbp_topic_count":0,"_bbp_reply_count":0,"_bbp_total_topic_count":0,"_bbp_total_reply_count":0,"_bbp_voice_count":0,"_bbp_anonymous_reply_count":0,"_bbp_topic_count_hidden":0,"_bbp_reply_count_hidden":0,"_bbp_forum_subforum_count":0,"footnotes":""},"class_list":["post-971","page","type-page","status-publish","hentry"],"post_mailing_queue_ids":[],"_links":{"self":[{"href":"https:\/\/agora.xtec.cat\/institutmontserratroig\/wp-json\/wp\/v2\/pages\/971","targetHints":{"allow":["GET"]}}],"collection":[{"href":"https:\/\/agora.xtec.cat\/institutmontserratroig\/wp-json\/wp\/v2\/pages"}],"about":[{"href":"https:\/\/agora.xtec.cat\/institutmontserratroig\/wp-json\/wp\/v2\/types\/page"}],"author":[{"embeddable":true,"href":"https:\/\/agora.xtec.cat\/institutmontserratroig\/wp-json\/wp\/v2\/users\/1"}],"replies":[{"embeddable":true,"href":"https:\/\/agora.xtec.cat\/institutmontserratroig\/wp-json\/wp\/v2\/comments?post=971"}],"version-history":[{"count":3,"href":"https:\/\/agora.xtec.cat\/institutmontserratroig\/wp-json\/wp\/v2\/pages\/971\/revisions"}],"predecessor-version":[{"id":1226,"href":"https:\/\/agora.xtec.cat\/institutmontserratroig\/wp-json\/wp\/v2\/pages\/971\/revisions\/1226"}],"up":[{"embeddable":true,"href":"https:\/\/agora.xtec.cat\/institutmontserratroig\/wp-json\/wp\/v2\/pages\/303"}],"wp:attachment":[{"href":"https:\/\/agora.xtec.cat\/institutmontserratroig\/wp-json\/wp\/v2\/media?parent=971"}],"curies":[{"name":"wp","href":"https:\/\/api.w.org\/{rel}","templated":true}]}}