{"id":952,"date":"2015-11-12T22:11:25","date_gmt":"2015-11-12T21:11:25","guid":{"rendered":"http:\/\/agora.xtec.cat\/institutmontserratroig\/?page_id=952"},"modified":"2016-12-07T09:01:08","modified_gmt":"2016-12-07T08:01:08","slug":"activitats-i-sortides","status":"publish","type":"page","link":"https:\/\/agora.xtec.cat\/institutmontserratroig\/departaments\/musica\/activitats-i-sortides\/","title":{"rendered":"Activitats i sortides"},"content":{"rendered":"<p style=\"text-align: justify;\">Durant el primer trimestre, a 1r d\u2019ESO, hem treballat el ritme des de diferent punts de vista, un d\u2019ells ha estat els estils actuals, com, per exemple, el rap.<\/p>\n<p style=\"text-align: justify;\">L\u2019\u00c0lex Noguero, de 1r B, ha dirigit, protagonitzat i produ\u00eft aquest videoclip cantant un rap de la seva pr\u00f2pia creaci\u00f3.<\/p>\n<p style=\"text-align: justify;\">BRAVO \u00c0LEX!!!!!!<\/p>\n<p style=\"text-align: center;\"><iframe loading=\"lazy\" src=\"https:\/\/www.youtube.com\/embed\/ABFprbptwb4\" width=\"800\" height=\"450\" frameborder=\"0\" allowfullscreen=\"allowfullscreen\"><\/iframe><\/p>\n<table style=\"width: 100%; border: none; background-color: #b3206e;\">\n<tbody>\n<tr>\n<td style=\"text-align: center; border: none;\"><a href=\"http:\/\/agora.xtec.cat\/institutmontserratroig\/categoria\/departaments\/musica\/\"><span style=\"color: #ffffff;\">ACC\u00c9S A LES NOT\u00cdCIES<\/span><\/a><\/td>\n<\/tr>\n<\/tbody>\n<\/table>\n","protected":false},"excerpt":{"rendered":"<p>Durant el primer trimestre, a 1r d\u2019ESO, hem treballat el ritme des de diferent punts de vista, un d\u2019ells ha estat els estils actuals, com, per exemple, el rap.<br \/>\nL\u2019\u00c0lex Noguero, de 1r B, ha dirigit, protagonitzat i produ\u00eft aquest videoclip cantant un rap de la&hellip;  <a href=\"https:\/\/agora.xtec.cat\/institutmontserratroig\/departaments\/musica\/activitats-i-sortides\/\" title=\"Read Activitats i sortides\">Llegeix m\u00e9s\u00bb<\/a><\/p>\n","protected":false},"author":1,"featured_media":0,"parent":301,"menu_order":2,"comment_status":"closed","ping_status":"closed","template":"page-templates\/side-menu.php","meta":{"_bbp_topic_count":0,"_bbp_reply_count":0,"_bbp_total_topic_count":0,"_bbp_total_reply_count":0,"_bbp_voice_count":0,"_bbp_anonymous_reply_count":0,"_bbp_topic_count_hidden":0,"_bbp_reply_count_hidden":0,"_bbp_forum_subforum_count":0,"footnotes":""},"class_list":["post-952","page","type-page","status-publish","hentry"],"post_mailing_queue_ids":[],"_links":{"self":[{"href":"https:\/\/agora.xtec.cat\/institutmontserratroig\/wp-json\/wp\/v2\/pages\/952","targetHints":{"allow":["GET"]}}],"collection":[{"href":"https:\/\/agora.xtec.cat\/institutmontserratroig\/wp-json\/wp\/v2\/pages"}],"about":[{"href":"https:\/\/agora.xtec.cat\/institutmontserratroig\/wp-json\/wp\/v2\/types\/page"}],"author":[{"embeddable":true,"href":"https:\/\/agora.xtec.cat\/institutmontserratroig\/wp-json\/wp\/v2\/users\/1"}],"replies":[{"embeddable":true,"href":"https:\/\/agora.xtec.cat\/institutmontserratroig\/wp-json\/wp\/v2\/comments?post=952"}],"version-history":[{"count":4,"href":"https:\/\/agora.xtec.cat\/institutmontserratroig\/wp-json\/wp\/v2\/pages\/952\/revisions"}],"predecessor-version":[{"id":5292,"href":"https:\/\/agora.xtec.cat\/institutmontserratroig\/wp-json\/wp\/v2\/pages\/952\/revisions\/5292"}],"up":[{"embeddable":true,"href":"https:\/\/agora.xtec.cat\/institutmontserratroig\/wp-json\/wp\/v2\/pages\/301"}],"wp:attachment":[{"href":"https:\/\/agora.xtec.cat\/institutmontserratroig\/wp-json\/wp\/v2\/media?parent=952"}],"curies":[{"name":"wp","href":"https:\/\/api.w.org\/{rel}","templated":true}]}}