{"id":938,"date":"2015-11-12T22:05:22","date_gmt":"2015-11-12T21:05:22","guid":{"rendered":"http:\/\/agora.xtec.cat\/institutmontserratroig\/?page_id=938"},"modified":"2016-03-17T09:59:02","modified_gmt":"2016-03-17T08:59:02","slug":"recursos-online","status":"publish","type":"page","link":"https:\/\/agora.xtec.cat\/institutmontserratroig\/departaments\/matematiques\/recursos-online\/","title":{"rendered":"Recursos online"},"content":{"rendered":"<p>&nbsp;<\/p>\n<p class=\"titol11\"><strong>Eines i aplicacions<\/strong><\/p>\n<ul>\n<li class=\"text\"><a href=\"http:\/\/www.xtec.cat\/%7Evoliu\/fraccions3\/\" target=\"_blank\">Les fraccions i els nombres racionals (Vict\u00f2ria Oliu)<\/a><\/li>\n<li class=\"text\"><a href=\"http:\/\/www.xtec.cat\/%7Ejbujosa\/GeoGebra\/FunPoli\/FuncionsPoli.htm\" target=\"_blank\">Funcions polin\u00f2miques (GeoGebra)<\/a><\/li>\n<li class=\"text\"><span class=\"textblau\">Moviments i homot\u00e8cies al pla (GeoGebra) <\/span>\n<ul>\n<li><a href=\"http:\/\/www.xtec.cat\/%7Ejbujosa\/GeoGebra\/moviments\/Translacions.html\" target=\"_blank\">Translacions<\/a><\/li>\n<li><a href=\"http:\/\/www.xtec.cat\/%7Ejbujosa\/GeoGebra\/moviments\/Simetries.html\" target=\"_blank\">Simetries<\/a><\/li>\n<li><a href=\"http:\/\/www.xtec.cat\/%7Ejbujosa\/GeoGebra\/moviments\/Homotecies.html\" target=\"_blank\">Homot\u00e8cies<\/a><\/li>\n<li><a href=\"http:\/\/www.xtec.cat\/%7Ejbujosa\/GeoGebra\/moviments\/Rotacions.html\" target=\"_blank\">Rotacions<\/a><\/li>\n<\/ul>\n<\/li>\n<li class=\"text\"><a href=\"http:\/\/agora.xtec.cat\/institutmontserratroig\/intranet\/file.php?file=public\/departaments\/mat\/TalesExercicis.html\" target=\"_blank\">Exercicis sobre el Teorema de Tales (GeoGebra)<\/a><\/li>\n<li class=\"text\"><a href=\"http:\/\/www.xtec.cat\/%7Ejbujosa\/GeoGebra\/FunTrigono\/FuncionsTrigono.htm\" target=\"_blank\">Funcions trigonom\u00e8triques i transformacions gr\u00e0fiques (GeoGebra)<\/a><\/li>\n<li class=\"text\"><a href=\"http:\/\/www.xtec.cat\/%7Ejbujosa\/GeoGebra\/estadistica\/CorrelaRegre.htm\" target=\"_blank\">Correlaci\u00f3 i regressi\u00f3 (eina feta amb GeoGebra)<\/a><\/li>\n<li class=\"text\"><a href=\"http:\/\/phobos.xtec.cat\/iessecretaricoloma\/intranet\/documents\/web\/departaments\/correg.pdf\" target=\"_blank\">Correlaci\u00f3 i regressi\u00f3 (document de treball per a l&#8217;alumnat)<\/a><\/li>\n<li class=\"text\"><span class=\"Estilo3\"><a class=\"text\" href=\"http:\/\/www.xtec.cat\/centres\/a8047421\/construccions\/\" target=\"_blank\">Construccions geom\u00e8triques amb regle i comp\u00e0s amb suport inform\u00e0tic (Artur Martinez)<\/a><\/span><\/li>\n<li class=\"text\"><a href=\"http:\/\/www.xtec.cat\/centres\/a8047421\/triangle\/portada.html\" target=\"_blank\">Geometria del triangle (Salvi Sol\u00e0)<\/a><\/li>\n<li><span class=\"text\"><a href=\"http:\/\/www.xtec.cat\/%7Ejbujosa\/probabilitat\/Probabilitat2.xls\" target=\"_blank\">C\u00e0lcul de probabilitats<\/a> (<span class=\"pregunta\">activeu les macros<\/span>)<\/span><\/li>\n<li><span class=\"text\"><a class=\"Estilo3\" href=\"http:\/\/www.geogebra.org\" target=\"_blank\">GeoGebra (web) <\/a><\/span><\/li>\n<li><a href=\"http:\/\/www.xtec.cat\/%7Ejbujosa\/GeoGebra\/PracGeoGebra.htm\" target=\"_blank\">Matem\u00e0tiques amb GeoGebra (Pep Bujosa)<\/a><\/li>\n<li><span class=\"text\"><a href=\"http:\/\/recursos.pnte.cfnavarra.es\/%7Emsadaall\/geogebra\/index.htm\" target=\"_blank\">Matem\u00e0tiques amb GeoGebra (Manuel Sada)<\/a> <\/span><\/li>\n<li><span class=\"text\"><a href=\"http:\/\/www.edu365.cat\/eso\/muds\/matematiques\/index.htm\" target=\"_blank\">Matem\u00e0tiques a l&#8217;Edu365 (ESO)<\/a><\/span><\/li>\n<li><a class=\"text\" href=\"http:\/\/clic.xtec.net\/db\/act_ca.jsp?id=1308\" target=\"_top\">Geoclic<\/a><\/li>\n<li><a class=\"text\" href=\"http:\/\/www.xtec.cat\/%7Ejbujosa\/GeoGebra\/programaciolineal\/ProgramLin.htm\" target=\"_blank\">Programaci\u00f3 lineal (GeoGebra) <\/a><\/li>\n<\/ul>\n<p class=\"titol11\"><strong>Hist\u00f2ria<\/strong><\/p>\n<ul>\n<li><span class=\"text\"><a href=\"http:\/\/www-history.mcs.st-andrews.ac.uk\/history\/\" target=\"_blank\">Hist\u00f2ria de les matem\u00e0tiques<\/a><\/span><\/li>\n<li><a href=\"http:\/\/www.xtec.net\/%7Efgonzal2\/cmujeres_mat.html\" target=\"_blank\">Dones matem\u00e0tiques <\/a><\/li>\n<\/ul>\n<p class=\"titol11\"><strong>Diversos<\/strong><\/p>\n<ul>\n<li><span class=\"text\"><a href=\"http:\/\/www.uv.es\/%7Ebuso\/escher\/escher.html\" target=\"_blank\">La p\u00e0gina d&#8217;Escher<\/a><\/span><\/li>\n<li><span class=\"text\"><a href=\"http:\/\/www.xtec.cat\/%7Eiocon\/projecte\/portada\/el_mon_dels_fractals.htm\" target=\"_blank\">El m\u00f3n dels fractals<\/a><\/span><\/li>\n<li><span class=\"text\"><a href=\"http:\/\/perso.orange.fr\/therese.eveilleau\/pages\/paradoxe\/indexF.htm\" target=\"_blank\">Paradoxes matem\u00e0tiques<\/a><\/span><\/li>\n<li><span class=\"text\"><a href=\"http:\/\/www.xtec.cat\/%7Ejcanadil\/\" target=\"_blank\">Matem\u00e0tiques al punt<\/a><\/span><\/li>\n<li><span class=\"text\"><a class=\"Estilo3\" href=\"http:\/\/www.xtec.cat\/%7Ejbujosa\/\" target=\"_blank\">Web de Pep Bujosa<\/a><\/span><\/li>\n<li><span class=\"textblau\"><a href=\"http:\/\/recursos.pnte.cfnavarra.es\/%7Emsadaall\/geogebra\/conicas.htm\" target=\"_blank\">Les c\u00f2niques<\/a><\/span><a href=\"http:\/\/recursos.pnte.cfnavarra.es\/%7Emsadaall\/geogebra\/conicas.htm\" target=\"_blank\">. Activitats fetes amb GeoGebra.<\/a><\/li>\n<li><span class=\"text\">Superf\u00edcies generades per c\u00f2niques:<\/span>\n<ul>\n<li><a href=\"http:\/\/www.math.umn.edu\/%7Eroberts\/java.dir\/JGV\/paraboloid1.html\" target=\"_blank\">Paraboloide hiperb\u00f2lic 1<\/a><\/li>\n<li><a href=\"https:\/\/www.geogebra.org\/material\/simple\/id\/1136279\" target=\"_blank\">Hiperboloide 1<\/a><\/li>\n<li><a href=\"https:\/\/www.geogebra.org\/material\/simple\/id\/1136291\" target=\"_blank\">Hiperboloide 2<\/a><\/li>\n<li><a href=\"http:\/\/www.mat.puc-rio.br\/%7Ehjbortol\/cdfvv\/livro\/javaview\/applets\/tomography\/exem.03.01.00.html\" target=\"_blank\">Paraboloide 1<\/a><\/li>\n<li><a href=\"http:\/\/www.mat.puc-rio.br\/%7Ehjbortol\/cdfvv\/livro\/javaview\/applets\/tomography\/exem.03.02.00.html\" target=\"_blank\">Paraboloide hiperb\u00f2lic 2<\/a><\/li>\n<\/ul>\n<\/li>\n<li><span class=\"text\">Gaud\u00ed i el modernisme:<\/span>\n<ul>\n<li><a href=\"http:\/\/www.tinet.org\/%7Evne\/Gaudi_04.htm\" target=\"_blank\">Gaud\u00ed<\/a><\/li>\n<li><a href=\"http:\/\/www.gaudiallgaudi.com\/C0000.htm\" target=\"_blank\">Gaud\u00ed i el modernisme a Catalunya<\/a><\/li>\n<\/ul>\n<\/li>\n<\/ul>\n","protected":false},"excerpt":{"rendered":"<p>&nbsp;<br \/>\nEines i aplicacions<\/p>\n<ul>\n<li class=\"text\"><a href=\"http:\/\/www.xtec.cat\/%7Evoliu\/fraccions3\/\" target=\"_blank\">Les fraccions i els nombres racionals (Vict\u00f2ria Oliu)<\/a><\/li>\n<li class=\"text\"><a href=\"http:\/\/www.xtec.cat\/%7Ejbujosa\/GeoGebra\/FunPoli\/FuncionsPoli.htm\" target=\"_blank\">Funcions polin\u00f2miques (GeoGebra)<\/a><\/li>\n<li class=\"text\">Moviments i homot\u00e8cies al pla (GeoGebra)\n<ul>\n<li><a href=\"http:\/\/www.xtec.cat\/%7Ejbujosa\/GeoGebra\/moviments\/Translacions.html\" target=\"_blank\">Translacions<\/a><\/li>\n<li><a href=\"http:\/\/www.xtec.cat\/%7Ejbujosa\/GeoGebra\/moviments\/Simetries.html\" target=\"_blank\">Simetries<\/a><\/li>\n<li><a href=\"http:\/\/www.xtec.cat\/%7Ejbujosa\/GeoGebra\/moviments\/Homotecies.html\" target=\"_blank\">Homot\u00e8cies<\/a><\/li>\n<li><a href=\"http:\/\/www.xtec.cat\/%7Ejbujosa\/GeoGebra\/moviments\/Rotacions.html\" target=\"_blank\">Rotacions<\/a><\/li>\n<\/ul>\n<\/li>\n<li class=\"text\"><a href=\"http:\/\/agora.xtec.cat\/institutmontserratroig\/intranet\/file.php?file=public\/departaments\/mat\/TalesExercicis.html\" target=\"_blank\">Exercicis sobre el Teorema de Tales (GeoGebra)<\/a><\/li>\n<li class=\"text\"><a href=\"http:\/\/www.xtec.cat\/%7Ejbujosa\/GeoGebra\/FunTrigono\/FuncionsTrigono.htm\" target=\"_blank\">Funcions&hellip;  <a href=\"https:\/\/agora.xtec.cat\/institutmontserratroig\/departaments\/matematiques\/recursos-online\/\" title=\"Read Recursos online\">Llegeix m\u00e9s\u00bb<\/a><br \/>\n","protected":false},"author":1,"featured_media":0,"parent":299,"menu_order":4,"comment_status":"closed","ping_status":"closed","template":"page-templates\/side-menu.php","meta":{"_bbp_topic_count":0,"_bbp_reply_count":0,"_bbp_total_topic_count":0,"_bbp_total_reply_count":0,"_bbp_voice_count":0,"_bbp_anonymous_reply_count":0,"_bbp_topic_count_hidden":0,"_bbp_reply_count_hidden":0,"_bbp_forum_subforum_count":0,"footnotes":""},"class_list":["post-938","page","type-page","status-publish","hentry"],"post_mailing_queue_ids":[],"_links":{"self":[{"href":"https:\/\/agora.xtec.cat\/institutmontserratroig\/wp-json\/wp\/v2\/pages\/938","targetHints":{"allow":["GET"]}}],"collection":[{"href":"https:\/\/agora.xtec.cat\/institutmontserratroig\/wp-json\/wp\/v2\/pages"}],"about":[{"href":"https:\/\/agora.xtec.cat\/institutmontserratroig\/wp-json\/wp\/v2\/types\/page"}],"author":[{"embeddable":true,"href":"https:\/\/agora.xtec.cat\/institutmontserratroig\/wp-json\/wp\/v2\/users\/1"}],"replies":[{"embeddable":true,"href":"https:\/\/agora.xtec.cat\/institutmontserratroig\/wp-json\/wp\/v2\/comments?post=938"}],"version-history":[{"count":3,"href":"https:\/\/agora.xtec.cat\/institutmontserratroig\/wp-json\/wp\/v2\/pages\/938\/revisions"}],"predecessor-version":[{"id":2205,"href":"https:\/\/agora.xtec.cat\/institutmontserratroig\/wp-json\/wp\/v2\/pages\/938\/revisions\/2205"}],"up":[{"embeddable":true,"href":"https:\/\/agora.xtec.cat\/institutmontserratroig\/wp-json\/wp\/v2\/pages\/299"}],"wp:attachment":[{"href":"https:\/\/agora.xtec.cat\/institutmontserratroig\/wp-json\/wp\/v2\/media?parent=938"}],"curies":[{"name":"wp","href":"https:\/\/api.w.org\/{rel}","templated":true}]}}