{"id":936,"date":"2015-11-12T22:04:07","date_gmt":"2015-11-12T21:04:07","guid":{"rendered":"http:\/\/agora.xtec.cat\/institutmontserratroig\/?page_id=936"},"modified":"2016-10-17T15:41:33","modified_gmt":"2016-10-17T13:41:33","slug":"treballs-de-recerca","status":"publish","type":"page","link":"https:\/\/agora.xtec.cat\/institutmontserratroig\/departaments\/matematiques\/treballs-de-recerca\/","title":{"rendered":"Treballs de recerca"},"content":{"rendered":"<table style=\"width: 100%;\">\n<tbody>\n<tr>\n<td style=\"text-align: center;\"><a class=\"text\" href=\"http:\/\/www.xtec.cat\/centres\/a8047421\/construccions\/\" target=\"_blank\">Construccions geom\u00e8triques amb regle i comp\u00e0s amb suport inform\u00e0tic (Artur Martinez)<\/a><\/td>\n<\/tr>\n<tr>\n<td style=\"text-align: center;\"><a href=\"http:\/\/www.xtec.cat\/centres\/a8047421\/triangle\/portada.html\" target=\"_blank\">Geometria del triangle (Salvi Sol\u00e0)<\/a><\/td>\n<\/tr>\n<tr>\n<td style=\"text-align: center;\"><a href=\"http:\/\/goo.gl\/CqxtVq\" target=\"_blank\">Algunes corbes (Anna Moncl\u00fas)<\/a><\/td>\n<\/tr>\n<\/tbody>\n<\/table>\n","protected":false},"excerpt":{"rendered":"<p><a class=\"text\" href=\"http:\/\/www.xtec.cat\/centres\/a8047421\/construccions\/\" target=\"_blank\">Construccions geom\u00e8triques amb regle i comp\u00e0s amb suport inform\u00e0tic (Artur Martinez)<\/a><\/p>\n<p><a href=\"http:\/\/www.xtec.cat\/centres\/a8047421\/triangle\/portada.html\" target=\"_blank\">Geometria del triangle (Salvi Sol\u00e0)<\/a><\/p>\n<p><a href=\"http:\/\/goo.gl\/CqxtVq\" target=\"_blank\">Algunes corbes (Anna Moncl\u00fas)<\/a><\/p>\n","protected":false},"author":1,"featured_media":0,"parent":299,"menu_order":3,"comment_status":"closed","ping_status":"closed","template":"page-templates\/side-menu.php","meta":{"_bbp_topic_count":0,"_bbp_reply_count":0,"_bbp_total_topic_count":0,"_bbp_total_reply_count":0,"_bbp_voice_count":0,"_bbp_anonymous_reply_count":0,"_bbp_topic_count_hidden":0,"_bbp_reply_count_hidden":0,"_bbp_forum_subforum_count":0,"footnotes":""},"class_list":["post-936","page","type-page","status-publish","hentry"],"post_mailing_queue_ids":[],"_links":{"self":[{"href":"https:\/\/agora.xtec.cat\/institutmontserratroig\/wp-json\/wp\/v2\/pages\/936","targetHints":{"allow":["GET"]}}],"collection":[{"href":"https:\/\/agora.xtec.cat\/institutmontserratroig\/wp-json\/wp\/v2\/pages"}],"about":[{"href":"https:\/\/agora.xtec.cat\/institutmontserratroig\/wp-json\/wp\/v2\/types\/page"}],"author":[{"embeddable":true,"href":"https:\/\/agora.xtec.cat\/institutmontserratroig\/wp-json\/wp\/v2\/users\/1"}],"replies":[{"embeddable":true,"href":"https:\/\/agora.xtec.cat\/institutmontserratroig\/wp-json\/wp\/v2\/comments?post=936"}],"version-history":[{"count":4,"href":"https:\/\/agora.xtec.cat\/institutmontserratroig\/wp-json\/wp\/v2\/pages\/936\/revisions"}],"predecessor-version":[{"id":4553,"href":"https:\/\/agora.xtec.cat\/institutmontserratroig\/wp-json\/wp\/v2\/pages\/936\/revisions\/4553"}],"up":[{"embeddable":true,"href":"https:\/\/agora.xtec.cat\/institutmontserratroig\/wp-json\/wp\/v2\/pages\/299"}],"wp:attachment":[{"href":"https:\/\/agora.xtec.cat\/institutmontserratroig\/wp-json\/wp\/v2\/media?parent=936"}],"curies":[{"name":"wp","href":"https:\/\/api.w.org\/{rel}","templated":true}]}}