{"id":904,"date":"2015-11-12T21:40:56","date_gmt":"2015-11-12T20:40:56","guid":{"rendered":"http:\/\/agora.xtec.cat\/institutmontserratroig\/?page_id=904"},"modified":"2020-02-19T23:37:00","modified_gmt":"2020-02-19T22:37:00","slug":"recursos-online","status":"publish","type":"page","link":"https:\/\/agora.xtec.cat\/institutmontserratroig\/departaments\/llengua-catalana\/recursos-online\/","title":{"rendered":"Recursos en l\u00ednia"},"content":{"rendered":"<p style=\"text-align: center;\">Trobareu la informaci\u00f3 en el PDF<\/p>\n<h4 style=\"text-align: center;\"><a href=\"https:\/\/drive.google.com\/open?id=1xJNWBOVevtz4vWGxAFPTLq7u0O2Xz4bD\" target=\"_blank\" rel=\"noopener noreferrer\">Recursos ling\u00fc\u00edstics en l\u00ednia (adreces breus)<\/a><\/h4>\n<p style=\"text-align: center;\"><a href=\"https:\/\/drive.google.com\/open?id=1xJNWBOVevtz4vWGxAFPTLq7u0O2Xz4bD\" target=\"_blank\" rel=\"noopener noreferrer\"><img loading=\"lazy\" decoding=\"async\" class=\"aligncenter wp-image-2154\" src=\"http:\/\/agora.xtec.cat\/institutmontserratroig\/wp-content\/uploads\/usu342\/2016\/03\/PDF-Icon-150x150.png\" alt=\"PDF-Icon-150x150\" width=\"75\" height=\"75\" \/><\/a><\/p>\n","protected":false},"excerpt":{"rendered":"<p>Trobareu la informaci\u00f3 en el PDF<br \/>\n<a href=\"https:\/\/drive.google.com\/open?id=1xJNWBOVevtz4vWGxAFPTLq7u0O2Xz4bD\" target=\"_blank\" rel=\"noopener noreferrer\">Recursos ling\u00fc\u00edstics en l\u00ednia (adreces breus)<\/a><br \/>\n<a href=\"https:\/\/drive.google.com\/open?id=1xJNWBOVevtz4vWGxAFPTLq7u0O2Xz4bD\" target=\"_blank\" rel=\"noopener noreferrer\"><\/a><\/p>\n","protected":false},"author":1,"featured_media":0,"parent":295,"menu_order":4,"comment_status":"closed","ping_status":"closed","template":"page-templates\/side-menu.php","meta":{"_bbp_topic_count":0,"_bbp_reply_count":0,"_bbp_total_topic_count":0,"_bbp_total_reply_count":0,"_bbp_voice_count":0,"_bbp_anonymous_reply_count":0,"_bbp_topic_count_hidden":0,"_bbp_reply_count_hidden":0,"_bbp_forum_subforum_count":0,"footnotes":""},"class_list":["post-904","page","type-page","status-publish","hentry"],"post_mailing_queue_ids":[],"_links":{"self":[{"href":"https:\/\/agora.xtec.cat\/institutmontserratroig\/wp-json\/wp\/v2\/pages\/904","targetHints":{"allow":["GET"]}}],"collection":[{"href":"https:\/\/agora.xtec.cat\/institutmontserratroig\/wp-json\/wp\/v2\/pages"}],"about":[{"href":"https:\/\/agora.xtec.cat\/institutmontserratroig\/wp-json\/wp\/v2\/types\/page"}],"author":[{"embeddable":true,"href":"https:\/\/agora.xtec.cat\/institutmontserratroig\/wp-json\/wp\/v2\/users\/1"}],"replies":[{"embeddable":true,"href":"https:\/\/agora.xtec.cat\/institutmontserratroig\/wp-json\/wp\/v2\/comments?post=904"}],"version-history":[{"count":3,"href":"https:\/\/agora.xtec.cat\/institutmontserratroig\/wp-json\/wp\/v2\/pages\/904\/revisions"}],"predecessor-version":[{"id":17545,"href":"https:\/\/agora.xtec.cat\/institutmontserratroig\/wp-json\/wp\/v2\/pages\/904\/revisions\/17545"}],"up":[{"embeddable":true,"href":"https:\/\/agora.xtec.cat\/institutmontserratroig\/wp-json\/wp\/v2\/pages\/295"}],"wp:attachment":[{"href":"https:\/\/agora.xtec.cat\/institutmontserratroig\/wp-json\/wp\/v2\/media?parent=904"}],"curies":[{"name":"wp","href":"https:\/\/api.w.org\/{rel}","templated":true}]}}