{"id":863,"date":"2015-11-12T20:58:23","date_gmt":"2015-11-12T19:58:23","guid":{"rendered":"http:\/\/agora.xtec.cat\/institutmontserratroig\/?page_id=863"},"modified":"2016-02-22T11:49:26","modified_gmt":"2016-02-22T10:49:26","slug":"recursos-online","status":"publish","type":"page","link":"https:\/\/agora.xtec.cat\/institutmontserratroig\/departaments\/educacio-visual-i-plastica\/recursos-online\/","title":{"rendered":"Recursos online"},"content":{"rendered":"<p>&nbsp;<\/p>\n<table style=\"width: 100%;\">\n<tbody>\n<tr>\n<td style=\"width: 45%; text-align: left;\"><a class=\"text Estilo4\" href=\"http:\/\/contenidos.cnice.mec.es\/plastica\/\" target=\"_blank\">\u00c0rea d\u2019Educaci\u00f3 Pl\u00e0stica i Visual de CNICE<\/a><\/td>\n<td style=\"width: 45%; text-align: left;\"><a class=\"text\" href=\"http:\/\/www.xardesvives.com\/plastica\/2004\/\" target=\"_blank\">Taller de Pl\u00e0stica<\/a><\/td>\n<\/tr>\n<tr>\n<td style=\"width: 45%; text-align: left;\"><a class=\"text\" href=\"http:\/\/concurso.cnice.mec.es\/cnice2005\/96_ritmo_simetria\/curso\/index.html\" target=\"_blank\">Ritme i simetr\u00eda en la composici\u00f3 pl\u00e0stica<\/a><\/td>\n<td style=\"width: 45%; text-align: left;\"><a href=\"http:\/\/personal.telefonica.terra.es\/web\/intercul\/index.htm\" target=\"_blank\">La composici\u00f3 pl\u00e0stica<\/a><\/td>\n<\/tr>\n<tr>\n<td style=\"width: 45%; text-align: left;\">\u00a0<a href=\"http:\/\/web.madritel.es\/personales3\/compo\/index.html\" target=\"_blank\">A trav\u00e9s d\u2019un quadre<\/a><\/td>\n<td style=\"width: 45%; text-align: left;\"><a class=\"text\" href=\"http:\/\/webplastica.es\/\" target=\"_blank\">Web Pl\u00e0stica<\/a><\/td>\n<\/tr>\n<tr>\n<td style=\"width: 45%; text-align: left;\"><a class=\"text\" href=\"http:\/\/www.xtec.cat\/%7Ejbertra1\/\" target=\"_blank\">Indicadors de profunditat en una imatge<\/a><\/td>\n<td style=\"width: 45%; text-align: left;\"><a class=\"text\" href=\"http:\/\/www.xtec.cat\/%7Emjuvant2\/dibuixtecnic\/dibuixtecnic.htm\" target=\"_blank\">Dibuix t\u00e8cnic al Batxillerat<\/a><\/td>\n<\/tr>\n<tr>\n<td style=\"width: 45%; text-align: left;\">\u00a0<a class=\"text\" href=\"http:\/\/w3.cnice.mec.es\/eos\/MaterialesEducativos\/mem2001\/dibujotecnico\/index.html\" target=\"_blank\">Construccions de Dibuix T\u00e8cnic<\/a><\/td>\n<td style=\"width: 45%; text-align: left;\"><a class=\"text\" href=\"http:\/\/blog.educastur.es\/publi\/\" target=\"_blank\">La publicitat des de l\u2019Educaci\u00f3 Visual i Pl\u00e0stica<\/a><\/td>\n<\/tr>\n<tr>\n<td style=\"width: 45%; text-align: left;\"><a class=\"text\" href=\"http:\/\/noesunamanzana.blogspot.com\/\" target=\"_blank\">Comunicaci\u00f3 Audiovisual<\/a><\/td>\n<td style=\"width: 45%; text-align: left;\"><a class=\"moz-txt-link-abbreviated\" href=\"http:\/\/www.educacionplastica.net\/\" target=\"_blank\">www.educacionplastica.net<\/a><\/td>\n<\/tr>\n<tr>\n<td style=\"width: 45%; text-align: left;\"><a class=\"moz-txt-link-abbreviated\" href=\"http:\/\/www.dibujotecnico.com\/\" target=\"_blank\">www.dibujotecnico.com<\/a><\/td>\n<td style=\"width: 45%; text-align: left;\"><a class=\"moz-txt-link-abbreviated\" href=\"http:\/\/www.geogebra.org\/\" target=\"_blank\">GeoGebra<\/a><\/td>\n<\/tr>\n<\/tbody>\n<\/table>\n","protected":false},"excerpt":{"rendered":"<p>&nbsp;<\/p>\n<p><a class=\"text Estilo4\" href=\"http:\/\/contenidos.cnice.mec.es\/plastica\/\" target=\"_blank\">\u00c0rea d\u2019Educaci\u00f3 Pl\u00e0stica i Visual de CNICE<\/a><br \/>\n<a class=\"text\" href=\"http:\/\/www.xardesvives.com\/plastica\/2004\/\" target=\"_blank\">Taller de Pl\u00e0stica<\/a><\/p>\n<p><a class=\"text\" href=\"http:\/\/concurso.cnice.mec.es\/cnice2005\/96_ritmo_simetria\/curso\/index.html\" target=\"_blank\">Ritme i simetr\u00eda en la composici\u00f3 pl\u00e0stica<\/a><br \/>\n<a href=\"http:\/\/personal.telefonica.terra.es\/web\/intercul\/index.htm\" target=\"_blank\">La composici\u00f3 pl\u00e0stica<\/a><\/p>\n<p>\u00a0<a href=\"http:\/\/web.madritel.es\/personales3\/compo\/index.html\" target=\"_blank\">A trav\u00e9s d\u2019un quadre<\/a><br \/>\n<a class=\"text\" href=\"http:\/\/webplastica.es\/\" target=\"_blank\">Web Pl\u00e0stica<\/a><\/p>\n<p><a class=\"text\" href=\"http:\/\/www.xtec.cat\/%7Ejbertra1\/\" target=\"_blank\">Indicadors de profunditat en una&hellip;  <a href=\"https:\/\/agora.xtec.cat\/institutmontserratroig\/departaments\/educacio-visual-i-plastica\/recursos-online\/\" title=\"Read Recursos online\">Llegeix m\u00e9s\u00bb<\/a><\/p>\n","protected":false},"author":1,"featured_media":0,"parent":291,"menu_order":4,"comment_status":"closed","ping_status":"closed","template":"page-templates\/side-menu.php","meta":{"_bbp_topic_count":0,"_bbp_reply_count":0,"_bbp_total_topic_count":0,"_bbp_total_reply_count":0,"_bbp_voice_count":0,"_bbp_anonymous_reply_count":0,"_bbp_topic_count_hidden":0,"_bbp_reply_count_hidden":0,"_bbp_forum_subforum_count":0,"footnotes":""},"class_list":["post-863","page","type-page","status-publish","hentry"],"post_mailing_queue_ids":[],"_links":{"self":[{"href":"https:\/\/agora.xtec.cat\/institutmontserratroig\/wp-json\/wp\/v2\/pages\/863","targetHints":{"allow":["GET"]}}],"collection":[{"href":"https:\/\/agora.xtec.cat\/institutmontserratroig\/wp-json\/wp\/v2\/pages"}],"about":[{"href":"https:\/\/agora.xtec.cat\/institutmontserratroig\/wp-json\/wp\/v2\/types\/page"}],"author":[{"embeddable":true,"href":"https:\/\/agora.xtec.cat\/institutmontserratroig\/wp-json\/wp\/v2\/users\/1"}],"replies":[{"embeddable":true,"href":"https:\/\/agora.xtec.cat\/institutmontserratroig\/wp-json\/wp\/v2\/comments?post=863"}],"version-history":[{"count":3,"href":"https:\/\/agora.xtec.cat\/institutmontserratroig\/wp-json\/wp\/v2\/pages\/863\/revisions"}],"predecessor-version":[{"id":1735,"href":"https:\/\/agora.xtec.cat\/institutmontserratroig\/wp-json\/wp\/v2\/pages\/863\/revisions\/1735"}],"up":[{"embeddable":true,"href":"https:\/\/agora.xtec.cat\/institutmontserratroig\/wp-json\/wp\/v2\/pages\/291"}],"wp:attachment":[{"href":"https:\/\/agora.xtec.cat\/institutmontserratroig\/wp-json\/wp\/v2\/media?parent=863"}],"curies":[{"name":"wp","href":"https:\/\/api.w.org\/{rel}","templated":true}]}}