{"id":839,"date":"2015-11-12T19:52:27","date_gmt":"2015-11-12T18:52:27","guid":{"rendered":"http:\/\/agora.xtec.cat\/institutmontserratroig\/?page_id=839"},"modified":"2025-09-07T14:25:11","modified_gmt":"2025-09-07T12:25:11","slug":"professors-del-departament","status":"publish","type":"page","link":"https:\/\/agora.xtec.cat\/institutmontserratroig\/departaments\/educacio-fisica\/professors-del-departament\/","title":{"rendered":"Professorat del seminari"},"content":{"rendered":"<table style=\"border-collapse: collapse; width: 89.5582%; height: 176px;\">\n<tbody>\n<tr style=\"height: 32px;\">\n<td style=\"width: 27.0365%; text-align: center; background-color: #b3206e; height: 32px;\"><span style=\"color: #ffffff;\">Professorat<\/span><\/td>\n<td style=\"width: 17.0167%; background-color: #b3206e; text-align: center; height: 32px;\"><span style=\"color: #ffffff;\">Seminari<\/span><\/td>\n<td style=\"width: 16.3325%; background-color: #b3206e; height: 32px; text-align: center;\"><span style=\"color: #ffffff;\">Coordinacions i\/o tutories<\/span><\/td>\n<td style=\"width: 12.0074%; text-align: center; background-color: #b3206e; height: 32px;\"><span style=\"color: #ffffff;\">Email corporatiu<\/span><\/td>\n<\/tr>\n<tr style=\"height: 48px;\">\n<td style=\"height: 48px; width: 27.0365%; text-align: left;\">Cristina Mart\u00ednez<\/td>\n<td style=\"width: 17.0167%; text-align: left; height: 48px;\">Educaci\u00f3 f\u00edsica [Dept. d&#8217;Expressi\u00f3]<\/td>\n<td style=\"height: 48px; width: 16.3325%; text-align: left;\">Tutoria [1r Batx.-A]<\/td>\n<td style=\"height: 48px; width: 12.0074%; text-align: left;\"><a href=\"mailto:cristinamartinez@mroig.cat\" target=\"_blank\" rel=\"noopener\">cristinamartinez@mroig.cat<\/a><\/td>\n<\/tr>\n<tr style=\"height: 48px;\">\n<td style=\"width: 27.0365%; text-align: left; height: 48px;\">B\u00e0rbara Velasco<\/td>\n<td style=\"width: 17.0167%; text-align: left; height: 48px;\">Educaci\u00f3 f\u00edsica [Dept. d&#8217;Expressi\u00f3]<\/td>\n<td style=\"width: 16.3325%; text-align: left; height: 48px;\"><\/td>\n<td style=\"width: 12.0074%; text-align: left; height: 48px;\"><a href=\"mailto:barbaravelasco@mroig.cat\" target=\"_blank\" rel=\"noopener\">barbaravelasco@mroig.cat<\/a><\/td>\n<\/tr>\n<\/tbody>\n<\/table>\n","protected":false},"excerpt":{"rendered":"<p>Professorat<br \/>\nSeminari<br \/>\nCoordinacions i\/o tutories<br \/>\nEmail corporatiu<\/p>\n<p>Cristina Mart\u00ednez<br \/>\nEducaci\u00f3 f\u00edsica [Dept. d&#8217;Expressi\u00f3]<br \/>\nTutoria [1r Batx.-A]<br \/>\n<a href=\"mailto:cristinamartinez@mroig.cat\" target=\"_blank\" rel=\"noopener\">cristinamartinez@mroig.cat<\/a><\/p>\n<p>B\u00e0rbara Velasco<br \/>\nEducaci\u00f3 f\u00edsica [Dept. d&#8217;Expressi\u00f3]<\/p>\n<p><a href=\"mailto:barbaravelasco@mroig.cat\" target=\"_blank\" rel=\"noopener\">barbaravelasco@mroig.cat<\/a><\/p>\n","protected":false},"author":1,"featured_media":0,"parent":289,"menu_order":0,"comment_status":"closed","ping_status":"closed","template":"page-templates\/side-menu.php","meta":{"_bbp_topic_count":0,"_bbp_reply_count":0,"_bbp_total_topic_count":0,"_bbp_total_reply_count":0,"_bbp_voice_count":0,"_bbp_anonymous_reply_count":0,"_bbp_topic_count_hidden":0,"_bbp_reply_count_hidden":0,"_bbp_forum_subforum_count":0,"footnotes":""},"class_list":["post-839","page","type-page","status-publish","hentry"],"post_mailing_queue_ids":[],"_links":{"self":[{"href":"https:\/\/agora.xtec.cat\/institutmontserratroig\/wp-json\/wp\/v2\/pages\/839","targetHints":{"allow":["GET"]}}],"collection":[{"href":"https:\/\/agora.xtec.cat\/institutmontserratroig\/wp-json\/wp\/v2\/pages"}],"about":[{"href":"https:\/\/agora.xtec.cat\/institutmontserratroig\/wp-json\/wp\/v2\/types\/page"}],"author":[{"embeddable":true,"href":"https:\/\/agora.xtec.cat\/institutmontserratroig\/wp-json\/wp\/v2\/users\/1"}],"replies":[{"embeddable":true,"href":"https:\/\/agora.xtec.cat\/institutmontserratroig\/wp-json\/wp\/v2\/comments?post=839"}],"version-history":[{"count":6,"href":"https:\/\/agora.xtec.cat\/institutmontserratroig\/wp-json\/wp\/v2\/pages\/839\/revisions"}],"predecessor-version":[{"id":32298,"href":"https:\/\/agora.xtec.cat\/institutmontserratroig\/wp-json\/wp\/v2\/pages\/839\/revisions\/32298"}],"up":[{"embeddable":true,"href":"https:\/\/agora.xtec.cat\/institutmontserratroig\/wp-json\/wp\/v2\/pages\/289"}],"wp:attachment":[{"href":"https:\/\/agora.xtec.cat\/institutmontserratroig\/wp-json\/wp\/v2\/media?parent=839"}],"curies":[{"name":"wp","href":"https:\/\/api.w.org\/{rel}","templated":true}]}}