{"id":675,"date":"2015-11-06T20:28:25","date_gmt":"2015-11-06T19:28:25","guid":{"rendered":"http:\/\/agora.xtec.cat\/institutmontserratroig\/?page_id=675"},"modified":"2020-02-20T21:23:10","modified_gmt":"2020-02-20T20:23:10","slug":"recursos-online","status":"publish","type":"page","link":"https:\/\/agora.xtec.cat\/institutmontserratroig\/departaments\/ciencies-socials\/recursos-online\/","title":{"rendered":"Recursos online"},"content":{"rendered":"<p style=\"text-align: justify;\">Totes les assignatures que imparteix el departament de ci\u00e8ncies socials fan servir la xarxa telem\u00e0tica del centre com a extensi\u00f3, refor\u00e7 i ampliaci\u00f3 del treball presencial que els professors i professores realitzen a les classes. Aix\u00ed, els alumnes poden connectar-se a la plataforma Moodle, on troben informaci\u00f3, apunts i textos , exercicis i enc\u00e0rrecs de treball de les diverses mat\u00e8ries. Tamb\u00e9 utilitzem activament l\u2019entorn Google (Drive) per a comunicar-nos, treballar en equips,&#8230;<\/p>\n<p style=\"text-align: justify;\">A la mat\u00e8ria de socials durant tota l\u2019etapa de l\u2019ESO, el llibres de text que es fan servir compten amb una extensi\u00f3 digital amb diversos recursos audiovisuals pel treball d\u2019aquestes mat\u00e8ries. Els alumnes poden connectar-se des de casa amb el seu propi ordinador.<\/p>\n","protected":false},"excerpt":{"rendered":"<p>Totes les assignatures que imparteix el departament de ci\u00e8ncies socials fan servir la xarxa telem\u00e0tica del centre com a extensi\u00f3, refor\u00e7 i ampliaci\u00f3 del treball presencial que els professors i professores realitzen a les classes. Aix\u00ed, els alumnes poden connectar-se a la plataforma Moodle, on&hellip;  <a href=\"https:\/\/agora.xtec.cat\/institutmontserratroig\/departaments\/ciencies-socials\/recursos-online\/\" title=\"Read Recursos online\">Llegeix m\u00e9s\u00bb<\/a><\/p>\n","protected":false},"author":1,"featured_media":0,"parent":285,"menu_order":4,"comment_status":"closed","ping_status":"closed","template":"page-templates\/side-menu.php","meta":{"_bbp_topic_count":0,"_bbp_reply_count":0,"_bbp_total_topic_count":0,"_bbp_total_reply_count":0,"_bbp_voice_count":0,"_bbp_anonymous_reply_count":0,"_bbp_topic_count_hidden":0,"_bbp_reply_count_hidden":0,"_bbp_forum_subforum_count":0,"footnotes":""},"class_list":["post-675","page","type-page","status-publish","hentry"],"post_mailing_queue_ids":[],"_links":{"self":[{"href":"https:\/\/agora.xtec.cat\/institutmontserratroig\/wp-json\/wp\/v2\/pages\/675","targetHints":{"allow":["GET"]}}],"collection":[{"href":"https:\/\/agora.xtec.cat\/institutmontserratroig\/wp-json\/wp\/v2\/pages"}],"about":[{"href":"https:\/\/agora.xtec.cat\/institutmontserratroig\/wp-json\/wp\/v2\/types\/page"}],"author":[{"embeddable":true,"href":"https:\/\/agora.xtec.cat\/institutmontserratroig\/wp-json\/wp\/v2\/users\/1"}],"replies":[{"embeddable":true,"href":"https:\/\/agora.xtec.cat\/institutmontserratroig\/wp-json\/wp\/v2\/comments?post=675"}],"version-history":[{"count":3,"href":"https:\/\/agora.xtec.cat\/institutmontserratroig\/wp-json\/wp\/v2\/pages\/675\/revisions"}],"predecessor-version":[{"id":17566,"href":"https:\/\/agora.xtec.cat\/institutmontserratroig\/wp-json\/wp\/v2\/pages\/675\/revisions\/17566"}],"up":[{"embeddable":true,"href":"https:\/\/agora.xtec.cat\/institutmontserratroig\/wp-json\/wp\/v2\/pages\/285"}],"wp:attachment":[{"href":"https:\/\/agora.xtec.cat\/institutmontserratroig\/wp-json\/wp\/v2\/media?parent=675"}],"curies":[{"name":"wp","href":"https:\/\/api.w.org\/{rel}","templated":true}]}}