{"id":647,"date":"2015-11-05T19:00:59","date_gmt":"2015-11-05T18:00:59","guid":{"rendered":"http:\/\/agora.xtec.cat\/institutmontserratroig\/?page_id=647"},"modified":"2016-11-10T00:36:50","modified_gmt":"2016-11-09T23:36:50","slug":"recursos-didactics","status":"publish","type":"page","link":"https:\/\/agora.xtec.cat\/institutmontserratroig\/departaments\/ciencies-de-la-naturalesa\/recursos-didactics\/","title":{"rendered":"Projectes i tasques espec\u00edfiques"},"content":{"rendered":"<p><a href=\"http:\/\/www.fundaciorecerca.cat\/ca\/index.asp\">http:\/\/www.fundaciorecerca.cat\/ca\/index.asp<\/a><\/p>\n<p style=\"text-align: justify;\">Projecte AMGEN \u00e9s un projecte pilot que t\u00e9 com objectiu fomentar l\u2019excel\u00b7l\u00e8ncia cient\u00edfica a les aules de secund\u00e0ria a trav\u00e9s de la col\u00b7laboraci\u00f3 de cient\u00edfics em\u00e8rits professionals . En el nostre centre col\u00b7laborar\u00e0 la Dra N\u00faria de Vera doctora en Medicina i Cirugia per UB. Investigadora al CSIC. Recerca en el dany cerebral en models animals d\u2019epil\u00e8psia, Parkinson i isqu\u00e8mia cerebral.<\/p>\n<div id=\"link64_adl_tabid\" style=\"display: none;\" data-url=\"https:\/\/agora.xtec.cat\/institutmontserratroig\/wp-admin\/post.php?post=647&amp;action=edit\">220<\/div>\n","protected":false},"excerpt":{"rendered":"<p><a href=\"http:\/\/www.fundaciorecerca.cat\/ca\/index.asp\">http:\/\/www.fundaciorecerca.cat\/ca\/index.asp<\/a><br \/>\nProjecte AMGEN \u00e9s un projecte pilot que t\u00e9 com objectiu fomentar l\u2019excel\u00b7l\u00e8ncia cient\u00edfica a les aules de secund\u00e0ria a trav\u00e9s de la col\u00b7laboraci\u00f3 de cient\u00edfics em\u00e8rits professionals . En el nostre centre col\u00b7laborar\u00e0 la Dra N\u00faria de Vera doctora en Medicina i Cirugia per&hellip;  <a href=\"https:\/\/agora.xtec.cat\/institutmontserratroig\/departaments\/ciencies-de-la-naturalesa\/recursos-didactics\/\" title=\"Read Projectes i tasques espec\u00edfiques\">Llegeix m\u00e9s\u00bb<\/a><\/p>\n","protected":false},"author":1,"featured_media":0,"parent":283,"menu_order":5,"comment_status":"closed","ping_status":"closed","template":"page-templates\/side-menu.php","meta":{"_bbp_topic_count":0,"_bbp_reply_count":0,"_bbp_total_topic_count":0,"_bbp_total_reply_count":0,"_bbp_voice_count":0,"_bbp_anonymous_reply_count":0,"_bbp_topic_count_hidden":0,"_bbp_reply_count_hidden":0,"_bbp_forum_subforum_count":0,"footnotes":""},"class_list":["post-647","page","type-page","status-publish","hentry"],"post_mailing_queue_ids":[],"_links":{"self":[{"href":"https:\/\/agora.xtec.cat\/institutmontserratroig\/wp-json\/wp\/v2\/pages\/647","targetHints":{"allow":["GET"]}}],"collection":[{"href":"https:\/\/agora.xtec.cat\/institutmontserratroig\/wp-json\/wp\/v2\/pages"}],"about":[{"href":"https:\/\/agora.xtec.cat\/institutmontserratroig\/wp-json\/wp\/v2\/types\/page"}],"author":[{"embeddable":true,"href":"https:\/\/agora.xtec.cat\/institutmontserratroig\/wp-json\/wp\/v2\/users\/1"}],"replies":[{"embeddable":true,"href":"https:\/\/agora.xtec.cat\/institutmontserratroig\/wp-json\/wp\/v2\/comments?post=647"}],"version-history":[{"count":3,"href":"https:\/\/agora.xtec.cat\/institutmontserratroig\/wp-json\/wp\/v2\/pages\/647\/revisions"}],"predecessor-version":[{"id":4872,"href":"https:\/\/agora.xtec.cat\/institutmontserratroig\/wp-json\/wp\/v2\/pages\/647\/revisions\/4872"}],"up":[{"embeddable":true,"href":"https:\/\/agora.xtec.cat\/institutmontserratroig\/wp-json\/wp\/v2\/pages\/283"}],"wp:attachment":[{"href":"https:\/\/agora.xtec.cat\/institutmontserratroig\/wp-json\/wp\/v2\/media?parent=647"}],"curies":[{"name":"wp","href":"https:\/\/api.w.org\/{rel}","templated":true}]}}