{"id":323,"date":"2015-10-26T18:59:19","date_gmt":"2015-10-26T17:59:19","guid":{"rendered":"http:\/\/agora.xtec.cat\/institutmontserratroig\/?page_id=323"},"modified":"2021-01-26T23:09:14","modified_gmt":"2021-01-26T22:09:14","slug":"ampa","status":"publish","type":"page","link":"https:\/\/agora.xtec.cat\/institutmontserratroig\/ampa\/","title":{"rendered":"AFA"},"content":{"rendered":"\t\t\t\t\t\t<style>\r\n\t\t\t\t\r\n\t\t\t\t\t#tab_container_20127 {\r\n\toverflow:hidden;\r\n\tdisplay:block;\r\n\twidth:100%;\r\n\tborder:0px solid #ddd;\r\n\tmargin-bottom:30px;\r\n\t}\r\n\r\n#tab_container_20127 .tab-content{\r\n\tpadding:20px;\r\n\tborder: 1px solid #e6e6e6 !important;\r\n\tmargin-top: 0px;\r\n\tbackground-color:#ffffff !important;\r\n\tcolor: #000000 !important;\r\n\tfont-size:16px !important;\r\n\tfont-family: Verdana !important;\r\n\t\r\n\t\t\tborder: 0px solid #e6e6e6 !important;\r\n\t\t\r\n\t}\r\n#tab_container_20127 .wpsm_nav-tabs {\r\n    border-bottom: 0px solid #ddd;\r\n}\r\n#tab_container_20127 .wpsm_nav-tabs > li.active > a, #tab_container_20127 .wpsm_nav-tabs > li.active > a:hover, #tab_container_20127 .wpsm_nav-tabs > li.active > a:focus {\r\n\tcolor: #ffffff !important;\r\n\tcursor: default;\r\n\tbackground-color: #b3206e !important;\r\n\tborder: 1px solid #9a0755 !important;\r\n}\r\n\r\n#tab_container_20127 .wpsm_nav-tabs > li > a {\r\n    margin-right: 0px !important; \r\n    line-height: 1.42857143 !important;\r\n    border: 1px solid #d5d5d5 !important;\r\n    border-radius: 0px 0px 0 0 !important; \r\n\tbackground-color: #e8e8e8 !important;\r\n\tcolor: #000000 !important;\r\n\tpadding: 15px 18px 15px 18px !important;\r\n\ttext-decoration: none !important;\r\n\tfont-size: 16px !important;\r\n\ttext-align:center !important;\r\n\tfont-family: Verdana !important;\r\n}\r\n#tab_container_20127 .wpsm_nav-tabs > li > a:focus {\r\noutline: 0px !important;\r\n}\r\n\r\n#tab_container_20127 .wpsm_nav-tabs > li > a:before {\r\n\tdisplay:none !important;\r\n}\r\n#tab_container_20127 .wpsm_nav-tabs > li > a:after {\r\n\tdisplay:none !important ;\r\n}\r\n#tab_container_20127 .wpsm_nav-tabs > li{\r\npadding:0px !important ;\r\nmargin:0px;\r\n}\r\n\r\n#tab_container_20127 .wpsm_nav-tabs > li > a:hover , #tab_container_20127 .wpsm_nav-tabs > li > a:focus {\r\n    color: #000000 !important;\r\n    background-color: #e8e8e8 !important;\r\n\tborder: 1px solid #d5d5d5 !important;\r\n\t\r\n}\r\n#tab_container_20127 .wpsm_nav-tabs > li > a .fa{\r\n\r\nmargin-right:5px !important;\r\n\r\nmargin-left:5px !important;\r\n\r\n\r\n}\r\n\r\n\t\t#tab_container_20127 .wpsm_nav-tabs a{\r\n\t\t\tbackground-image: url(https:\/\/agora.xtec.cat\/institutmontserratroig\/wp-content\/plugins\/tabs-responsive\/assets\/images\/style-soft.png);\r\n\t\t\tbackground-position: 0 0;\r\n\t\t\tbackground-repeat: repeat-x;\r\n\t\t}\r\n\t\t\t\r\n\r\n\r\n#tab_container_20127 .wpsm_nav-tabs > li {\r\n    float: left;\r\n    margin-bottom: -1px !important;\r\n\tmargin-right:0px !important; \r\n}\r\n\r\n\r\n#tab_container_20127 .tab-content{\r\noverflow:hidden !important;\r\n}\r\n\r\n\r\n@media (min-width: 769px) {\r\n\r\n\t#tab_container_20127 .wpsm_nav-tabs > li{\r\n\t\tfloat:left !important ;\r\n\t\t\t\tmargin-right:-1px !important;\r\n\t\t\t\t\t}\r\n\t#tab_container_20127 .wpsm_nav-tabs{\r\n\t\tfloat:none !important;\r\n\t\tmargin:0px !important;\r\n\t}\r\n\r\n\t#tab_container_20127 .wpsm_nav-tabs > li {\r\n\t\t\t\t\t\t\t\t\tmargin-right: 8px !important;\r\n\t\t\t\t\r\n\t\t\t\t\r\n\t\t\t\t\r\n\t}\r\n\t#tab_container_20127 .wpsm_nav{\r\n\t\t\t\tmargin-bottom: 8px !important;\r\n\t\t\t}\r\n\r\n}\r\n\r\n\r\n\r\n@media (max-width: 768px) {\r\n\t#tab_container_20127 .wpsm_nav-tabs > li {\r\n\t\t\t\tmargin-bottom: 8px !important;\r\n\t\tmargin-right:0px !important;\r\n\t\tmargin-left:0px !important;\r\n\t\t\t\t\r\n\t}\r\n\t#tab_container_20127 .wpsm_nav{\r\n\t\t\t\tmargin-bottom: 8px !important;\r\n\t\tmargin-right:0px !important;\r\n\t\tmargin-left:0px !important;\r\n\t\t\t}\r\n}\r\n\r\n\r\n\t.wpsm_nav-tabs li:before{\r\n\t\tdisplay:none !important;\r\n\t}\r\n\r\n\t@media (max-width: 768px) {\r\n\t\t\t\t\r\n\t\t\t\t.wpsm_nav-tabs{\r\n\t\t\tmargin-left:0px !important;\r\n\t\t\tmargin-right:0px !important; \r\n\t\t\t\r\n\t\t}\r\n\t\t\t\t#tab_container_20127 .wpsm_nav-tabs > li{\r\n\t\t\tfloat:none !important;\r\n\t\t}\r\n\t\t\t\r\n\t}\t\t\t\t<\/style>\r\n\t\t\t\t<div id=\"tab_container_20127\" >\r\n\t \r\n\t\t\t\t\t<ul class=\"wpsm_nav wpsm_nav-tabs\" role=\"tablist\" id=\"myTab_20127\">\r\n\t\t\t\t\t\t\t\r\n\t\t\t\t\t\t\t<li role=\"presentation\"  class=\"active\"  onclick=\"do_resize()\">\r\n\r\n\t\t\t\t\t\t\t\t<!-- XTEC ************ MODIFICAT - Disable scrolling on tab change. Fixes error in option \"Tabs Description Animation\" -->\r\n\t\t\t\t\t\t\t\t<!-- 2021.12.01 @aginard -->\r\n\t\t\t\t\t\t\t\t<a href=\"javascript:void(0);\" aria-controls=\"tabs_desc_20127_1\" role=\"tab\" data-toggle=\"tab\" data-target=\"#tabs_desc_20127_1\">\r\n\t\t\t\t\t\t\t\t<!-- ORIGINAL\r\n\t\t\t\t\t\t\t\t<a href=\"#tabs_desc_20127_1\" aria-controls=\"tabs_desc_20127_1\" role=\"tab\" data-toggle=\"tab\">\r\n\t\t\t\t\t\t\t\t-->\r\n\t\t\t\t\t\t\t\t<!-- ************ FI -->\r\n\t\t\t\t\t\t\t\t\t\r\n\t\t\t\t\t\t\t\t\t\t\t\t\t\t\t\t\t\t\t\t\t\t\t\t\t\t\t\t\r\n\t\t\t\t\t\t\t\t\t\t\t\t\t\t\t\t\t\t\r\n\t\t\t\t\t\t\t\t\t<span>AFA<\/span>\r\n\t\t\t\t\t\t\t\t\t\r\n\t\t\t\t\t\t\t\t\t\t\t\t\t\t\t\t\t\t\r\n\t\t\t\t\t\t\t\t\t\t\t\t\t\t\t\t\t\t\t\t\r\n\t\t\t\t\t\t\t\t\t\r\n\t\t\t\t\t\t\t\t<\/a>\r\n\t\t\t\t\t\t\t<\/li>\r\n\t\t\t\t\t\t\t\r\n\t\t\t\t\t\t\t<li role=\"presentation\"  onclick=\"do_resize()\">\r\n\r\n\t\t\t\t\t\t\t\t<!-- XTEC ************ MODIFICAT - Disable scrolling on tab change. Fixes error in option \"Tabs Description Animation\" -->\r\n\t\t\t\t\t\t\t\t<!-- 2021.12.01 @aginard -->\r\n\t\t\t\t\t\t\t\t<a href=\"javascript:void(0);\" aria-controls=\"tabs_desc_20127_2\" role=\"tab\" data-toggle=\"tab\" data-target=\"#tabs_desc_20127_2\">\r\n\t\t\t\t\t\t\t\t<!-- ORIGINAL\r\n\t\t\t\t\t\t\t\t<a href=\"#tabs_desc_20127_2\" aria-controls=\"tabs_desc_20127_2\" role=\"tab\" data-toggle=\"tab\">\r\n\t\t\t\t\t\t\t\t-->\r\n\t\t\t\t\t\t\t\t<!-- ************ FI -->\r\n\t\t\t\t\t\t\t\t\t\r\n\t\t\t\t\t\t\t\t\t\t\t\t\t\t\t\t\t\t\t\t\t\t\t\t\t\t\t\t\r\n\t\t\t\t\t\t\t\t\t\t\t\t\t\t\t\t\t\t\r\n\t\t\t\t\t\t\t\t\t<span>Qui som?<\/span>\r\n\t\t\t\t\t\t\t\t\t\r\n\t\t\t\t\t\t\t\t\t\t\t\t\t\t\t\t\t\t\r\n\t\t\t\t\t\t\t\t\t\t\t\t\t\t\t\t\t\t\t\t\r\n\t\t\t\t\t\t\t\t\t\r\n\t\t\t\t\t\t\t\t<\/a>\r\n\t\t\t\t\t\t\t<\/li>\r\n\t\t\t\t\t\t\t\r\n\t\t\t\t\t\t\t<li role=\"presentation\"  onclick=\"do_resize()\">\r\n\r\n\t\t\t\t\t\t\t\t<!-- XTEC ************ MODIFICAT - Disable scrolling on tab change. Fixes error in option \"Tabs Description Animation\" -->\r\n\t\t\t\t\t\t\t\t<!-- 2021.12.01 @aginard -->\r\n\t\t\t\t\t\t\t\t<a href=\"javascript:void(0);\" aria-controls=\"tabs_desc_20127_3\" role=\"tab\" data-toggle=\"tab\" data-target=\"#tabs_desc_20127_3\">\r\n\t\t\t\t\t\t\t\t<!-- ORIGINAL\r\n\t\t\t\t\t\t\t\t<a href=\"#tabs_desc_20127_3\" aria-controls=\"tabs_desc_20127_3\" role=\"tab\" data-toggle=\"tab\">\r\n\t\t\t\t\t\t\t\t-->\r\n\t\t\t\t\t\t\t\t<!-- ************ FI -->\r\n\t\t\t\t\t\t\t\t\t\r\n\t\t\t\t\t\t\t\t\t\t\t\t\t\t\t\t\t\t\t\t\t\t\t\t\t\t\t\t\r\n\t\t\t\t\t\t\t\t\t\t\t\t\t\t\t\t\t\t\r\n\t\t\t\t\t\t\t\t\t<span>Qu\u00e8 fem?<\/span>\r\n\t\t\t\t\t\t\t\t\t\r\n\t\t\t\t\t\t\t\t\t\t\t\t\t\t\t\t\t\t\r\n\t\t\t\t\t\t\t\t\t\t\t\t\t\t\t\t\t\t\t\t\r\n\t\t\t\t\t\t\t\t\t\r\n\t\t\t\t\t\t\t\t<\/a>\r\n\t\t\t\t\t\t\t<\/li>\r\n\t\t\t\t\t\t\t\r\n\t\t\t\t\t\t\t<li role=\"presentation\"  onclick=\"do_resize()\">\r\n\r\n\t\t\t\t\t\t\t\t<!-- XTEC ************ MODIFICAT - Disable scrolling on tab change. Fixes error in option \"Tabs Description Animation\" -->\r\n\t\t\t\t\t\t\t\t<!-- 2021.12.01 @aginard -->\r\n\t\t\t\t\t\t\t\t<a href=\"javascript:void(0);\" aria-controls=\"tabs_desc_20127_4\" role=\"tab\" data-toggle=\"tab\" data-target=\"#tabs_desc_20127_4\">\r\n\t\t\t\t\t\t\t\t<!-- ORIGINAL\r\n\t\t\t\t\t\t\t\t<a href=\"#tabs_desc_20127_4\" aria-controls=\"tabs_desc_20127_4\" role=\"tab\" data-toggle=\"tab\">\r\n\t\t\t\t\t\t\t\t-->\r\n\t\t\t\t\t\t\t\t<!-- ************ FI -->\r\n\t\t\t\t\t\t\t\t\t\r\n\t\t\t\t\t\t\t\t\t\t\t\t\t\t\t\t\t\t\t\t\t\t\t\t\t\t\t\t\r\n\t\t\t\t\t\t\t\t\t\t\t\t\t\t\t\t\t\t\r\n\t\t\t\t\t\t\t\t\t<span>Com funcionem?<\/span>\r\n\t\t\t\t\t\t\t\t\t\r\n\t\t\t\t\t\t\t\t\t\t\t\t\t\t\t\t\t\t\r\n\t\t\t\t\t\t\t\t\t\t\t\t\t\t\t\t\t\t\t\t\r\n\t\t\t\t\t\t\t\t\t\r\n\t\t\t\t\t\t\t\t<\/a>\r\n\t\t\t\t\t\t\t<\/li>\r\n\t\t\t\t\t\t\t\r\n\t\t\t\t\t\t\t<li role=\"presentation\"  onclick=\"do_resize()\">\r\n\r\n\t\t\t\t\t\t\t\t<!-- XTEC ************ MODIFICAT - Disable scrolling on tab change. Fixes error in option \"Tabs Description Animation\" -->\r\n\t\t\t\t\t\t\t\t<!-- 2021.12.01 @aginard -->\r\n\t\t\t\t\t\t\t\t<a href=\"javascript:void(0);\" aria-controls=\"tabs_desc_20127_5\" role=\"tab\" data-toggle=\"tab\" data-target=\"#tabs_desc_20127_5\">\r\n\t\t\t\t\t\t\t\t<!-- ORIGINAL\r\n\t\t\t\t\t\t\t\t<a href=\"#tabs_desc_20127_5\" aria-controls=\"tabs_desc_20127_5\" role=\"tab\" data-toggle=\"tab\">\r\n\t\t\t\t\t\t\t\t-->\r\n\t\t\t\t\t\t\t\t<!-- ************ FI -->\r\n\t\t\t\t\t\t\t\t\t\r\n\t\t\t\t\t\t\t\t\t\t\t\t\t\t\t\t\t\t\t\t\t\t\t\t\t\t\t\t\r\n\t\t\t\t\t\t\t\t\t\t\t\t\t\t\t\t\t\t\r\n\t\t\t\t\t\t\t\t\t<span>Col\u00b7laboraci\u00f3 amb l&#039;AFA<\/span>\r\n\t\t\t\t\t\t\t\t\t\r\n\t\t\t\t\t\t\t\t\t\t\t\t\t\t\t\t\t\t\r\n\t\t\t\t\t\t\t\t\t\t\t\t\t\t\t\t\t\t\t\t\r\n\t\t\t\t\t\t\t\t\t\r\n\t\t\t\t\t\t\t\t<\/a>\r\n\t\t\t\t\t\t\t<\/li>\r\n\t\t\t\t\t\t\t\t\t\t\t <\/ul>\r\n\r\n\t\t\t\t\t  <!-- Tab panes -->\r\n\t\t\t\t\t  <div class=\"tab-content\" id=\"tab-content_20127\">\r\n\t\t\t\t\t\t\t\t\t\t\t\t <div role=\"tabpanel\" class=\"tab-pane  in active \" id=\"tabs_desc_20127_1\">\r\n\t\t\t\t\t\t\t\t<h1 style=\"text-align: center;\"><a href=\"https:\/\/afamontserratroig.cat\" target=\"_blank\" rel=\"noopener\"><span style=\"color: #ff0000;\">Espai web de l'AFA<\/span><\/a><\/h1>\n<p><a href=\"https:\/\/afamontserratroig.cat\" target=\"_blank\" rel=\"noopener\"><img loading=\"lazy\" decoding=\"async\" class=\"size-full wp-image-20125 aligncenter\" src=\"https:\/\/agora.xtec.cat\/iessecretaricoloma\/wp-content\/uploads\/usu342\/2021\/01\/capc\u0327alera-montserrat-roig-afa-transparent.png\" alt=\"\" width=\"1000\" height=\"220\" srcset=\"https:\/\/agora.xtec.cat\/institutmontserratroig\/wp-content\/uploads\/usu342\/2021\/01\/capc\u0327alera-montserrat-roig-afa-transparent.png 1000w, https:\/\/agora.xtec.cat\/institutmontserratroig\/wp-content\/uploads\/usu342\/2021\/01\/capc\u0327alera-montserrat-roig-afa-transparent-300x66.png 300w, https:\/\/agora.xtec.cat\/institutmontserratroig\/wp-content\/uploads\/usu342\/2021\/01\/capc\u0327alera-montserrat-roig-afa-transparent-768x169.png 768w\" sizes=\"auto, (max-width: 1000px) 100vw, 1000px\" \/><\/a><\/p>\n<h1 style=\"text-align: center;\"><span style=\"color: #ff0000;\">Participa-hi!!! T\u2019hi esperem!!!<\/span><\/h1>\n\t\t\t\t\t\t <\/div>\r\n\t\t\t\t\t\t\t\t\t\t\t\t <div role=\"tabpanel\" class=\"tab-pane \" id=\"tabs_desc_20127_2\">\r\n\t\t\t\t\t\t\t\t<table style=\"width: 100%; border: none;\">\n<tbody>\n<tr>\n<td style=\"text-align: center; border: none; background-color: #e0f8f7;\">\n<h1 style=\"text-align: center;\">Qui som?<\/h1>\n<\/td>\n<\/tr>\n<tr>\n<td style=\"text-align: center; border: none; background-color: #e0f8f7;\">\n<p style=\"text-align: justify;\">Som una entitat sense afany de lucre que agrupa a les fam\u00edlies de l\u2019escola amb l\u2019objectiu fonamental de contribuir en la millora de la qualitat de l\u2019ensenyament que l\u2019Institut imparteix als nostres fills i filles.<\/p>\n<p style=\"text-align: justify;\">L\u2019AFA no nom\u00e9s recolza a l\u2019Institut, sin\u00f3 que ajuda a millorar-lo i actualitzar-lo amb les seves aportacions.<\/p>\n<p style=\"text-align: justify;\">Els estatuts de l\u2019associaci\u00f3 i m\u00e9s informacions de l\u2019AFA es poden trobar a la mateixa web, a l\u2019apartat de <a href=\"http:\/\/agora.xtec.cat\/iessecretaricoloma\/ampa\/documents-afa\/\">documents<\/a>.<\/p>\n<p style=\"text-align: justify;\">L\u2019AFA no som una empresa de serveis, tot i que organitzem\/oferim serveis a la Comunitat Educativa, per aix\u00f2, associats i usuaris no els considerem clients i si en canvi participants i organitzadors dels serveis i activitats, perqu\u00e8 sense la participaci\u00f3 i la implicaci\u00f3 personal de les fam\u00edlies, no hi haurien serveis ni l\u2019educaci\u00f3 de qualitat que volem.<\/p>\n<\/td>\n<\/tr>\n<\/tbody>\n<\/table>\n\t\t\t\t\t\t <\/div>\r\n\t\t\t\t\t\t\t\t\t\t\t\t <div role=\"tabpanel\" class=\"tab-pane \" id=\"tabs_desc_20127_3\">\r\n\t\t\t\t\t\t\t\t<table style=\"width: 100%; border: none;\">\n<tbody>\n<tr>\n<td style=\"text-align: center; border: none; background-color: #faf8d6;\">\n<h1>Qu\u00e8 fem?<\/h1>\n<\/td>\n<\/tr>\n<tr>\n<td style=\"text-align: center; border: none; background-color: #faf8d6;\">\n<p style=\"text-align: justify;\">Alhora que vetllem i treballem pel bon funcionament de l\u2019escola, oferim serveis complementaris on les mares i els pares d\u2019alumnes som el voluntariat que forma l\u2019AFA, doncs cap tasca \u00e9s remunerada, i treballem pel conjunt de la Comunitat Educativa, construint relacions entre les fam\u00edlies, informant del que pugui ser d\u2019inter\u00e8s, col\u00b7laborant en el seu funcionament, organitzant serveis essencials per a les fam\u00edlies, i participant en la pressa de decisions.<\/p>\n<p style=\"text-align: justify;\">Organitzem i supervisem el menjador escolar i temps del migdia conjuntament amb l\u2019escola i les extraescolars pels alumnes, la gesti\u00f3 del servei de reutilitzaci\u00f3 de llibres de text i les activitats pels pares i mares (gestionats per empreses diverses).<\/p>\n<p style=\"text-align: justify;\">Millorem i mantenim al dia la p\u00e0gina web i la informaci\u00f3 a les fam\u00edlies.<\/p>\n<p style=\"text-align: justify;\">Participem i ajudem a tirar endavant el Consell Escolar del centre i la dinamitzaci\u00f3 de la biblioteca escolar, que \u00e9s un referent en el barri de Gr\u00e0cia.<\/p>\n<p style=\"text-align: justify;\">Destinem els diners de les quotes d\u2019associaci\u00f3 a comprar materials i estris per la biblioteca i el menjador, i mirem de crear una bossa per ajudes solidaries a fam\u00edlies amb menys recursos.<\/p>\n<\/td>\n<\/tr>\n<\/tbody>\n<\/table>\n\t\t\t\t\t\t <\/div>\r\n\t\t\t\t\t\t\t\t\t\t\t\t <div role=\"tabpanel\" class=\"tab-pane \" id=\"tabs_desc_20127_4\">\r\n\t\t\t\t\t\t\t\t<table style=\"width: 100%; border: none;\">\n<tbody>\n<tr>\n<td style=\"text-align: center; border: none; background-color: #fadef7;\">\n<h1>Com funcionem?<\/h1>\n<\/td>\n<\/tr>\n<tr>\n<td style=\"text-align: center; border: none; background-color: #fadef7;\">\n<p style=\"text-align: justify;\">Ens organitzem en diferents comissions de treball dividides per tem\u00e0tiques; cada una s\u2019autorganitza, programa la seva forma de funcionar i el seu calendari d\u2019acci\u00f3, es reparteix les tasques segons la disponibilitat dels seus membres, i, a trav\u00e9s de les reunions de Junta \u2013 que se celebren un cop al mes, \u2013 informa a la comunitat i es coordina amb les altres comissions i amb els equips de la Junta de l\u2019AFA (Presid\u00e8ncia, Vice Presid\u00e8ncia, Secretaria i Tresoreria) aix\u00ed com amb els\/les representants de l\u2019AFA al Consell Escolar del Centre.<\/p>\n<\/td>\n<\/tr>\n<\/tbody>\n<\/table>\n\t\t\t\t\t\t <\/div>\r\n\t\t\t\t\t\t\t\t\t\t\t\t <div role=\"tabpanel\" class=\"tab-pane \" id=\"tabs_desc_20127_5\">\r\n\t\t\t\t\t\t\t\t<table style=\"width: 100%; border: none;\">\n<tbody>\n<tr>\n<td style=\"text-align: center; border: none; background-color: #ebf8eb;\">\n<h1>Col\u00b7laboraci\u00f3 amb l\u2019AFA<\/h1>\n<\/td>\n<\/tr>\n<tr>\n<td style=\"text-align: center; border: none; background-color: #ebf8eb;\">\n<p style=\"text-align: justify;\">Associar-se \u00e9s una manera m\u00e9s de formar part de la comunitat de l\u2019Institut, una forma de recon\u00e8ixer la import\u00e0ncia de fer tothom coses per a tothom. L\u2019AFA necessita la implicaci\u00f3 de les fam\u00edlies per tal de donar continu\u00eftat a la tasca que realitza. La col\u00b7laboraci\u00f3 dels pares i mares \u2013una col\u00b7laboraci\u00f3 que en definitiva reverteix en benefici dels nostres filles i fills- \u00e9s imprescindible.<\/p>\n<p style=\"text-align: justify;\">D\u2019altra banda, participar \u00e9s una manera d\u2019estar vinculats a l\u2019 Institut, con\u00e8ixer una part de la realitat que viuen les nostres filles i fills i mantenir contacte amb d\u2019altres fam\u00edlies. No suposa una gran inversi\u00f3 de temps i retorna un gran benefici a tota la comunitat i a nosaltres mateixos.<\/p>\n<p style=\"text-align: justify;\">Si vols fer feina pels teus fills i filles i per la resta (sovint \u00e9s m\u00e9s una q\u00fcesti\u00f3 de ganes i imaginaci\u00f3, que de temps) apunta\u2019t a alguna comissi\u00f3, sempre cal ampliar i renovar-se!<\/p>\n<p style=\"text-align: justify;\">Per contactar-hi nom\u00e9s cal que parlis amb un pare o mare que estigui en alguna comissi\u00f3, o b\u00e9 envi\u00efs un correu electr\u00f2nic a l\u2019adre\u00e7a de la Comissi\u00f3 corresponent, que trobar\u00e0s a la web de l\u2019escola.<\/p>\n<\/td>\n<\/tr>\n<\/tbody>\n<\/table>\n\t\t\t\t\t\t <\/div>\r\n\t\t\t\t\t\t\t\r\n\t\t\t\t\t <\/div>\r\n\t\t\t\t\t \r\n\t\t\t\t <\/div>\r\n <script>\r\n\t\tjQuery(function () {\r\n\t\t\tjQuery('#myTab_20127 a:first').tab('show')\r\n\t\t});\r\n\t\t\r\n\t\t\t\tjQuery(function(){\r\n\t\t\tvar b=\"fadeIn\";\r\n\t\t\tvar c;\r\n\t\t\tvar a;\r\n\t\t\td(jQuery(\"#myTab_20127 a\"),jQuery(\"#tab-content_20127\"));function d(e,f,g){\r\n\t\t\t\te.click(function(i){\r\n\t\t\t\t\ti.preventDefault();\r\n\t\t\t\t\tjQuery(this).tab(\"show\");\r\n\t\t\t\t\tvar h=jQuery(this).data(\"easein\");\r\n\t\t\t\t\tif(c){c.removeClass(a);}\r\n\t\t\t\t\tif(h){f.find(\"div.active\").addClass(\"animated \"+h);a=h;}\r\n\t\t\t\t\telse{if(g){f.find(\"div.active\").addClass(\"animated \"+g);a=g;}else{f.find(\"div.active\").addClass(\"animated \"+b);a=b;}}c=f.find(\"div.active\");\r\n\t\t\t\t});\r\n\t\t\t}\r\n\t\t});\r\n\t\t\r\n\r\n\t\tfunction do_resize(){\r\n\r\n\t\t\tvar width=jQuery( '.tab-content .tab-pane iframe' ).width();\r\n\t\t\tvar height=jQuery( '.tab-content .tab-pane iframe' ).height();\r\n\r\n\t\t\tvar toggleSize = true;\r\n\t\t\tjQuery('iframe').animate({\r\n\t\t\t    width: toggleSize ? width : 640,\r\n\t\t\t    height: toggleSize ? height : 360\r\n\t\t\t  }, 250);\r\n\r\n\t\t\t  toggleSize = !toggleSize;\r\n\t\t}\r\n\r\n\r\n\t<\/script>\r\n\t\t\t\t\r\n\t\t\t\n","protected":false},"excerpt":{"rendered":"","protected":false},"author":1,"featured_media":0,"parent":0,"menu_order":4,"comment_status":"closed","ping_status":"closed","template":"","meta":{"_bbp_topic_count":0,"_bbp_reply_count":0,"_bbp_total_topic_count":0,"_bbp_total_reply_count":0,"_bbp_voice_count":0,"_bbp_anonymous_reply_count":0,"_bbp_topic_count_hidden":0,"_bbp_reply_count_hidden":0,"_bbp_forum_subforum_count":0,"footnotes":""},"class_list":["post-323","page","type-page","status-publish","hentry"],"post_mailing_queue_ids":[],"_links":{"self":[{"href":"https:\/\/agora.xtec.cat\/institutmontserratroig\/wp-json\/wp\/v2\/pages\/323","targetHints":{"allow":["GET"]}}],"collection":[{"href":"https:\/\/agora.xtec.cat\/institutmontserratroig\/wp-json\/wp\/v2\/pages"}],"about":[{"href":"https:\/\/agora.xtec.cat\/institutmontserratroig\/wp-json\/wp\/v2\/types\/page"}],"author":[{"embeddable":true,"href":"https:\/\/agora.xtec.cat\/institutmontserratroig\/wp-json\/wp\/v2\/users\/1"}],"replies":[{"embeddable":true,"href":"https:\/\/agora.xtec.cat\/institutmontserratroig\/wp-json\/wp\/v2\/comments?post=323"}],"version-history":[{"count":3,"href":"https:\/\/agora.xtec.cat\/institutmontserratroig\/wp-json\/wp\/v2\/pages\/323\/revisions"}],"predecessor-version":[{"id":20129,"href":"https:\/\/agora.xtec.cat\/institutmontserratroig\/wp-json\/wp\/v2\/pages\/323\/revisions\/20129"}],"wp:attachment":[{"href":"https:\/\/agora.xtec.cat\/institutmontserratroig\/wp-json\/wp\/v2\/media?parent=323"}],"curies":[{"name":"wp","href":"https:\/\/api.w.org\/{rel}","templated":true}]}}