{"id":608,"date":"2018-06-22T12:47:49","date_gmt":"2018-06-22T10:47:49","guid":{"rendered":"http:\/\/agora.xtec.cat\/institutmiami\/?page_id=608"},"modified":"2023-09-27T16:13:58","modified_gmt":"2023-09-27T14:13:58","slug":"ampa","status":"publish","type":"page","link":"https:\/\/agora.xtec.cat\/institutmiami\/ampa\/","title":{"rendered":"AFA."},"content":{"rendered":"<h1>Associaci\u00f3 de Fam\u00edlies d&#8217;Alumnes de l&#8217;Institut Miami<\/h1>\n<p>Estimades fam\u00edlies!<\/p>\n<p>En aquest p\u00e0gina podeu trobar tota la informaci\u00f3 referent a l&#8217;AFA del nostre centre.<\/p>\n<p>Podeu contactar amb nosaltres al correu afainstitutmiami@gmail.com i us atendrem el m\u00e9s aviat possible.<\/p>\n<p>&nbsp;<\/p>\n<p>Per contactar amb l&#8217;AFA:<\/p>\n<p><strong>Correu electr\u00f2nic:<\/strong><br \/>\n<a href=\"mailto:afainstitutmiami@gmail.com\" target=\"_blank\" rel=\"noopener noreferrer\">afainstitutmiami@gmail.com<\/a><\/p>\n","protected":false},"excerpt":{"rendered":"<p>Associaci\u00f3 de Fam\u00edlies d&#8217;Alumnes de l&#8217;Institut Miami Estimades fam\u00edlies! En aquest p\u00e0gina podeu trobar tota la informaci\u00f3 referent a l&#8217;AFA del nostre centre. Podeu contactar amb nosaltres al correu afainstitutmiami@gmail.com i us atendrem el m\u00e9s aviat possible. &nbsp; Per contactar amb l&#8217;AFA: Correu electr\u00f2nic: afainstitutmiami@gmail.com<\/p>\n","protected":false},"author":1,"featured_media":0,"parent":0,"menu_order":6,"comment_status":"closed","ping_status":"closed","template":"page-templates\/side-menu.php","meta":{"_bbp_topic_count":0,"_bbp_reply_count":0,"_bbp_total_topic_count":0,"_bbp_total_reply_count":0,"_bbp_voice_count":0,"_bbp_anonymous_reply_count":0,"_bbp_topic_count_hidden":0,"_bbp_reply_count_hidden":0,"_bbp_forum_subforum_count":0,"site-sidebar-layout":"default","site-content-layout":"","ast-site-content-layout":"","site-content-style":"default","site-sidebar-style":"default","ast-global-header-display":"","ast-banner-title-visibility":"","ast-main-header-display":"","ast-hfb-above-header-display":"","ast-hfb-below-header-display":"","ast-hfb-mobile-header-display":"","site-post-title":"","ast-breadcrumbs-content":"","ast-featured-img":"","footer-sml-layout":"","theme-transparent-header-meta":"","adv-header-id-meta":"","stick-header-meta":"","header-above-stick-meta":"","header-main-stick-meta":"","header-below-stick-meta":"","astra-migrate-meta-layouts":"default","ast-page-background-enabled":"default","ast-page-background-meta":{"desktop":{"background-color":"var(--ast-global-color-4)","background-image":"","background-repeat":"repeat","background-position":"center center","background-size":"auto","background-attachment":"scroll","background-type":"","background-media":"","overlay-type":"","overlay-color":"","overlay-opacity":"","overlay-gradient":""},"tablet":{"background-color":"","background-image":"","background-repeat":"repeat","background-position":"center center","background-size":"auto","background-attachment":"scroll","background-type":"","background-media":"","overlay-type":"","overlay-color":"","overlay-opacity":"","overlay-gradient":""},"mobile":{"background-color":"","background-image":"","background-repeat":"repeat","background-position":"center center","background-size":"auto","background-attachment":"scroll","background-type":"","background-media":"","overlay-type":"","overlay-color":"","overlay-opacity":"","overlay-gradient":""}},"ast-content-background-meta":{"desktop":{"background-color":"var(--ast-global-color-5)","background-image":"","background-repeat":"repeat","background-position":"center center","background-size":"auto","background-attachment":"scroll","background-type":"","background-media":"","overlay-type":"","overlay-color":"","overlay-opacity":"","overlay-gradient":""},"tablet":{"background-color":"var(--ast-global-color-5)","background-image":"","background-repeat":"repeat","background-position":"center center","background-size":"auto","background-attachment":"scroll","background-type":"","background-media":"","overlay-type":"","overlay-color":"","overlay-opacity":"","overlay-gradient":""},"mobile":{"background-color":"var(--ast-global-color-5)","background-image":"","background-repeat":"repeat","background-position":"center center","background-size":"auto","background-attachment":"scroll","background-type":"","background-media":"","overlay-type":"","overlay-color":"","overlay-opacity":"","overlay-gradient":""}},"footnotes":""},"class_list":["post-608","page","type-page","status-publish","hentry"],"post_mailing_queue_ids":[],"_links":{"self":[{"href":"https:\/\/agora.xtec.cat\/institutmiami\/wp-json\/wp\/v2\/pages\/608","targetHints":{"allow":["GET"]}}],"collection":[{"href":"https:\/\/agora.xtec.cat\/institutmiami\/wp-json\/wp\/v2\/pages"}],"about":[{"href":"https:\/\/agora.xtec.cat\/institutmiami\/wp-json\/wp\/v2\/types\/page"}],"author":[{"embeddable":true,"href":"https:\/\/agora.xtec.cat\/institutmiami\/wp-json\/wp\/v2\/users\/1"}],"replies":[{"embeddable":true,"href":"https:\/\/agora.xtec.cat\/institutmiami\/wp-json\/wp\/v2\/comments?post=608"}],"version-history":[{"count":4,"href":"https:\/\/agora.xtec.cat\/institutmiami\/wp-json\/wp\/v2\/pages\/608\/revisions"}],"predecessor-version":[{"id":2211,"href":"https:\/\/agora.xtec.cat\/institutmiami\/wp-json\/wp\/v2\/pages\/608\/revisions\/2211"}],"wp:attachment":[{"href":"https:\/\/agora.xtec.cat\/institutmiami\/wp-json\/wp\/v2\/media?parent=608"}],"curies":[{"name":"wp","href":"https:\/\/api.w.org\/{rel}","templated":true}]}}