{"id":49,"date":"2014-09-17T16:55:55","date_gmt":"2014-09-17T14:55:55","guid":{"rendered":"http:\/\/agora.xtec.cat\/institutmiami\/?page_id=49"},"modified":"2023-10-24T10:16:06","modified_gmt":"2023-10-24T08:16:06","slug":"normes-dorganitzacio-i-funcionament","status":"publish","type":"page","link":"https:\/\/agora.xtec.cat\/institutmiami\/linstitut\/normes-dorganitzacio-i-funcionament\/","title":{"rendered":"Normes i funcionament."},"content":{"rendered":"<p>El Reglament de r\u00e8gim interior s\u00b4ha d\u00b4entendre com una pauta de conducta i actuaci\u00f3 i com una eina de millora i bon funcionament, per la qual cosa ser\u00e0 dif\u00f3s peri\u00f2dicament entre els membres de la comunitat educativa.<\/p>\n<p>L\u00b4aplicaci\u00f3 del present Reglament afecta l\u00b4actuaci\u00f3 dels \u00f2rgans col.legiats i unipersonals, aix\u00ed com tots els elements individuals i col.lectius de la comunitat educativa: professors, alumnes, personal d\u00b4administraci\u00f3 i serveis i representants legals dels alumnes.<\/p>\n<p>El present Reglament \u00e9s d\u00b4aplicaci\u00f3 \u00fanica i exclusiva a l\u00b4activitat desenvolupada dins del Centre i a aquelles activitats que encara que es realitzin fora han estat promogudes pel Claustre. Aix\u00ed mateix, tota persona que desenvolupi alguna activitat professional de tipus acad\u00e8mic o l\u00fadic o b\u00e9 que circumstancialment estigui a l\u2019Institut haur\u00e0 de respectar les normes de conviv\u00e8ncia i d\u2019utilitzaci\u00f3 de les instal\u00b7lacions establertes pel Centre.<\/p>\n<p>La vig\u00e8ncia inicial del present Reglament \u00e9s de 2 cursos complets a partir de la data d\u2019aprovaci\u00f3. Passat aquest per\u00edode la direcci\u00f3 iniciar\u00e0 el proc\u00e9s de revisi\u00f3 i actualitzaci\u00f3 que s\u2019haur\u00e0 de tancar dins del mateix curs acad\u00e8mic<\/p>\n<p>Podeu consultar el projecte educatiu complet en aquest\u00a0<a href=\"https:\/\/agora.xtec.cat\/institutmiami\/wp-content\/uploads\/usu1714\/2023\/09\/NOFC-INS-MIAMI-21-22.pdf\"><strong>enlla\u00e7 (en revisi\u00f3).<\/strong><\/a><\/p>\n<div class=\"addtoany_share_save_container addtoany_content addtoany_content_bottom\">\n<div class=\"a2a_kit a2a_kit_size_25 addtoany_list\" data-a2a-url=\"https:\/\/agora.xtec.cat\/institutmiami\/projecte-educatiu\/nofc\/\" data-a2a-title=\"NOFC.\"><\/div>\n<\/div>\n","protected":false},"excerpt":{"rendered":"<p>El Reglament de r\u00e8gim interior s\u00b4ha d\u00b4entendre com una pauta de conducta i actuaci\u00f3 i com una eina de millora i bon funcionament, per la qual cosa ser\u00e0 dif\u00f3s peri\u00f2dicament entre els membres de la comunitat educativa. L\u00b4aplicaci\u00f3 del present Reglament afecta l\u00b4actuaci\u00f3 dels \u00f2rgans col.legiats i unipersonals, aix\u00ed com tots els elements individuals i [&hellip;]<\/p>\n","protected":false},"author":1,"featured_media":0,"parent":19,"menu_order":2,"comment_status":"closed","ping_status":"closed","template":"page-templates\/side-menu.php","meta":{"_bbp_topic_count":0,"_bbp_reply_count":0,"_bbp_total_topic_count":0,"_bbp_total_reply_count":0,"_bbp_voice_count":0,"_bbp_anonymous_reply_count":0,"_bbp_topic_count_hidden":0,"_bbp_reply_count_hidden":0,"_bbp_forum_subforum_count":0,"site-sidebar-layout":"default","site-content-layout":"","ast-site-content-layout":"","site-content-style":"default","site-sidebar-style":"default","ast-global-header-display":"","ast-banner-title-visibility":"","ast-main-header-display":"","ast-hfb-above-header-display":"","ast-hfb-below-header-display":"","ast-hfb-mobile-header-display":"","site-post-title":"","ast-breadcrumbs-content":"","ast-featured-img":"","footer-sml-layout":"","theme-transparent-header-meta":"","adv-header-id-meta":"","stick-header-meta":"","header-above-stick-meta":"","header-main-stick-meta":"","header-below-stick-meta":"","astra-migrate-meta-layouts":"default","ast-page-background-enabled":"default","ast-page-background-meta":{"desktop":{"background-color":"var(--ast-global-color-4)","background-image":"","background-repeat":"repeat","background-position":"center center","background-size":"auto","background-attachment":"scroll","background-type":"","background-media":"","overlay-type":"","overlay-color":"","overlay-opacity":"","overlay-gradient":""},"tablet":{"background-color":"","background-image":"","background-repeat":"repeat","background-position":"center center","background-size":"auto","background-attachment":"scroll","background-type":"","background-media":"","overlay-type":"","overlay-color":"","overlay-opacity":"","overlay-gradient":""},"mobile":{"background-color":"","background-image":"","background-repeat":"repeat","background-position":"center center","background-size":"auto","background-attachment":"scroll","background-type":"","background-media":"","overlay-type":"","overlay-color":"","overlay-opacity":"","overlay-gradient":""}},"ast-content-background-meta":{"desktop":{"background-color":"var(--ast-global-color-5)","background-image":"","background-repeat":"repeat","background-position":"center center","background-size":"auto","background-attachment":"scroll","background-type":"","background-media":"","overlay-type":"","overlay-color":"","overlay-opacity":"","overlay-gradient":""},"tablet":{"background-color":"var(--ast-global-color-5)","background-image":"","background-repeat":"repeat","background-position":"center center","background-size":"auto","background-attachment":"scroll","background-type":"","background-media":"","overlay-type":"","overlay-color":"","overlay-opacity":"","overlay-gradient":""},"mobile":{"background-color":"var(--ast-global-color-5)","background-image":"","background-repeat":"repeat","background-position":"center center","background-size":"auto","background-attachment":"scroll","background-type":"","background-media":"","overlay-type":"","overlay-color":"","overlay-opacity":"","overlay-gradient":""}},"footnotes":""},"class_list":["post-49","page","type-page","status-publish","hentry"],"post_mailing_queue_ids":[],"_links":{"self":[{"href":"https:\/\/agora.xtec.cat\/institutmiami\/wp-json\/wp\/v2\/pages\/49","targetHints":{"allow":["GET"]}}],"collection":[{"href":"https:\/\/agora.xtec.cat\/institutmiami\/wp-json\/wp\/v2\/pages"}],"about":[{"href":"https:\/\/agora.xtec.cat\/institutmiami\/wp-json\/wp\/v2\/types\/page"}],"author":[{"embeddable":true,"href":"https:\/\/agora.xtec.cat\/institutmiami\/wp-json\/wp\/v2\/users\/1"}],"replies":[{"embeddable":true,"href":"https:\/\/agora.xtec.cat\/institutmiami\/wp-json\/wp\/v2\/comments?post=49"}],"version-history":[{"count":4,"href":"https:\/\/agora.xtec.cat\/institutmiami\/wp-json\/wp\/v2\/pages\/49\/revisions"}],"predecessor-version":[{"id":2237,"href":"https:\/\/agora.xtec.cat\/institutmiami\/wp-json\/wp\/v2\/pages\/49\/revisions\/2237"}],"up":[{"embeddable":true,"href":"https:\/\/agora.xtec.cat\/institutmiami\/wp-json\/wp\/v2\/pages\/19"}],"wp:attachment":[{"href":"https:\/\/agora.xtec.cat\/institutmiami\/wp-json\/wp\/v2\/media?parent=49"}],"curies":[{"name":"wp","href":"https:\/\/api.w.org\/{rel}","templated":true}]}}