{"id":43,"date":"2014-09-17T16:45:07","date_gmt":"2014-09-17T14:45:07","guid":{"rendered":"http:\/\/agora.xtec.cat\/institutmiami\/?page_id=43"},"modified":"2024-02-13T11:50:30","modified_gmt":"2024-02-13T10:50:30","slug":"consell-escolar","status":"publish","type":"page","link":"https:\/\/agora.xtec.cat\/institutmiami\/linstitut\/consell-escolar\/","title":{"rendered":"Consell escolar."},"content":{"rendered":"<p>Aquest curs 23-24 es preveu la renovaci\u00f3 del 50% dels membres electes del Consell Escolar<\/p>\n<p><strong>PRESIDENT<\/strong><\/p>\n<ul>\n<li>MONTSERRAT LLEBARIA CORT\u00c9S<\/li>\n<\/ul>\n<p><strong>CAP D&#8217;ESTUDIS<\/strong><\/p>\n<ul>\n<li>AMPARO GARC\u00cdA NADAL<\/li>\n<\/ul>\n<p><strong>SECRETARI<\/strong><\/p>\n<ul>\n<li>NATALIA S\u00cdLVIA \u00c1LVAREZ PUJOL<\/li>\n<\/ul>\n<p><strong> PROFESSORAT (5 representants)<\/strong><\/p>\n<ul>\n<li>MIRIAM DEL BARCO MORENO<\/li>\n<li>SHEILA TOLEDANO CARMELO<\/li>\n<li>JORDI JOVER GARCIA<\/li>\n<li>IRENE MORENO RODRIGUEZ<\/li>\n<li>CRISTINA CASTELLNOU ESPELTA<\/li>\n<\/ul>\n<p><strong> PAS (1 representant)<\/strong><\/p>\n<ul>\n<li>JOSEP PEDROLA VIDAL<\/li>\n<\/ul>\n<p><strong>ALUMNAT (3 representants)<\/strong><\/p>\n<ul>\n<li>JORDI CARD\u00d3 ESCUD\u00c9<\/li>\n<li>LUCAS HIDALGO ALONSO<\/li>\n<\/ul>\n<p><strong>PARES i MARES d&#8217;alumnes (2 representants)<\/strong><\/p>\n<ul>\n<li>MONTSERRAT MARTINEZ V\u00c1ZQUEZ<\/li>\n<li>CRISTINA BALAB\u00c1N<\/li>\n<\/ul>\n<p><strong>AJUNTAMENT (1 representant)<\/strong><\/p>\n<ul>\n<li>ELVIRA MONTAGUT PEREZ<\/li>\n<\/ul>\n<p><strong>AFA (1 representant)<\/strong><\/p>\n<ul>\n<li>SARA DIAZ ESCOTE<\/li>\n<\/ul>\n<p><strong>PAE (1 representant)<\/strong><\/p>\n<ul>\n<li>OSCAR CRUZ SAURA<\/li>\n<\/ul>\n","protected":false},"excerpt":{"rendered":"<p>Aquest curs 23-24 es preveu la renovaci\u00f3 del 50% dels membres electes del Consell Escolar PRESIDENT MONTSERRAT LLEBARIA CORT\u00c9S CAP D&#8217;ESTUDIS AMPARO GARC\u00cdA NADAL SECRETARI NATALIA S\u00cdLVIA \u00c1LVAREZ PUJOL PROFESSORAT (5 representants) MIRIAM DEL BARCO MORENO SHEILA TOLEDANO CARMELO JORDI JOVER GARCIA IRENE MORENO RODRIGUEZ CRISTINA CASTELLNOU ESPELTA PAS (1 representant) JOSEP PEDROLA VIDAL ALUMNAT [&hellip;]<\/p>\n","protected":false},"author":1,"featured_media":0,"parent":19,"menu_order":40,"comment_status":"closed","ping_status":"closed","template":"page-templates\/side-menu.php","meta":{"_bbp_topic_count":0,"_bbp_reply_count":0,"_bbp_total_topic_count":0,"_bbp_total_reply_count":0,"_bbp_voice_count":0,"_bbp_anonymous_reply_count":0,"_bbp_topic_count_hidden":0,"_bbp_reply_count_hidden":0,"_bbp_forum_subforum_count":0,"site-sidebar-layout":"default","site-content-layout":"","ast-site-content-layout":"","site-content-style":"default","site-sidebar-style":"default","ast-global-header-display":"","ast-banner-title-visibility":"","ast-main-header-display":"","ast-hfb-above-header-display":"","ast-hfb-below-header-display":"","ast-hfb-mobile-header-display":"","site-post-title":"","ast-breadcrumbs-content":"","ast-featured-img":"","footer-sml-layout":"","theme-transparent-header-meta":"","adv-header-id-meta":"","stick-header-meta":"","header-above-stick-meta":"","header-main-stick-meta":"","header-below-stick-meta":"","astra-migrate-meta-layouts":"default","ast-page-background-enabled":"default","ast-page-background-meta":{"desktop":{"background-color":"var(--ast-global-color-4)","background-image":"","background-repeat":"repeat","background-position":"center center","background-size":"auto","background-attachment":"scroll","background-type":"","background-media":"","overlay-type":"","overlay-color":"","overlay-opacity":"","overlay-gradient":""},"tablet":{"background-color":"","background-image":"","background-repeat":"repeat","background-position":"center center","background-size":"auto","background-attachment":"scroll","background-type":"","background-media":"","overlay-type":"","overlay-color":"","overlay-opacity":"","overlay-gradient":""},"mobile":{"background-color":"","background-image":"","background-repeat":"repeat","background-position":"center center","background-size":"auto","background-attachment":"scroll","background-type":"","background-media":"","overlay-type":"","overlay-color":"","overlay-opacity":"","overlay-gradient":""}},"ast-content-background-meta":{"desktop":{"background-color":"var(--ast-global-color-5)","background-image":"","background-repeat":"repeat","background-position":"center center","background-size":"auto","background-attachment":"scroll","background-type":"","background-media":"","overlay-type":"","overlay-color":"","overlay-opacity":"","overlay-gradient":""},"tablet":{"background-color":"var(--ast-global-color-5)","background-image":"","background-repeat":"repeat","background-position":"center center","background-size":"auto","background-attachment":"scroll","background-type":"","background-media":"","overlay-type":"","overlay-color":"","overlay-opacity":"","overlay-gradient":""},"mobile":{"background-color":"var(--ast-global-color-5)","background-image":"","background-repeat":"repeat","background-position":"center center","background-size":"auto","background-attachment":"scroll","background-type":"","background-media":"","overlay-type":"","overlay-color":"","overlay-opacity":"","overlay-gradient":""}},"footnotes":""},"class_list":["post-43","page","type-page","status-publish","hentry"],"post_mailing_queue_ids":[],"_links":{"self":[{"href":"https:\/\/agora.xtec.cat\/institutmiami\/wp-json\/wp\/v2\/pages\/43","targetHints":{"allow":["GET"]}}],"collection":[{"href":"https:\/\/agora.xtec.cat\/institutmiami\/wp-json\/wp\/v2\/pages"}],"about":[{"href":"https:\/\/agora.xtec.cat\/institutmiami\/wp-json\/wp\/v2\/types\/page"}],"author":[{"embeddable":true,"href":"https:\/\/agora.xtec.cat\/institutmiami\/wp-json\/wp\/v2\/users\/1"}],"replies":[{"embeddable":true,"href":"https:\/\/agora.xtec.cat\/institutmiami\/wp-json\/wp\/v2\/comments?post=43"}],"version-history":[{"count":7,"href":"https:\/\/agora.xtec.cat\/institutmiami\/wp-json\/wp\/v2\/pages\/43\/revisions"}],"predecessor-version":[{"id":2295,"href":"https:\/\/agora.xtec.cat\/institutmiami\/wp-json\/wp\/v2\/pages\/43\/revisions\/2295"}],"up":[{"embeddable":true,"href":"https:\/\/agora.xtec.cat\/institutmiami\/wp-json\/wp\/v2\/pages\/19"}],"wp:attachment":[{"href":"https:\/\/agora.xtec.cat\/institutmiami\/wp-json\/wp\/v2\/media?parent=43"}],"curies":[{"name":"wp","href":"https:\/\/api.w.org\/{rel}","templated":true}]}}