{"id":2746,"date":"2026-01-22T12:20:46","date_gmt":"2026-01-22T11:20:46","guid":{"rendered":"https:\/\/agora.xtec.cat\/institutmiami\/?page_id=2746"},"modified":"2026-01-22T12:20:47","modified_gmt":"2026-01-22T11:20:47","slug":"linguistic","status":"publish","type":"page","link":"https:\/\/agora.xtec.cat\/institutmiami\/inici\/qui-som\/departaments-didactics\/linguistic\/","title":{"rendered":"Ling\u00fc\u00edstic"},"content":{"rendered":"\n<figure class=\"wp-block-table\"><table class=\"has-fixed-layout\"><thead><tr><th>\u00c0REA<\/th><th>MEMBRES<\/th><\/tr><\/thead><tbody><tr><td>CATAL\u00c0<\/td><td>MARIA EIXARCH<br>S\u00cdLVIA S\u00c0NCHEZ<br>\u00c0NGELS SENDRA<\/td><\/tr><tr><td>CASTELL\u00c0<\/td><td>M\u00cdRIAM DEL BARCO<br>MAICA TRILLO<br>ANA ESPINOSA<\/td><\/tr><tr><td>ANGL\u00c8S<\/td><td>MARTA MOLINER<br>ALMENDRA SANTIAGO<br>ANDREA M\u00c0RQUEZ<\/td><\/tr><tr><td>FRANC\u00c8S<\/td><td>ESTHER SORONELLAS<\/td><\/tr><\/tbody><\/table><\/figure>\n","protected":false},"excerpt":{"rendered":"<p>\u00c0REA MEMBRES CATAL\u00c0 MARIA EIXARCHS\u00cdLVIA S\u00c0NCHEZ\u00c0NGELS SENDRA CASTELL\u00c0 M\u00cdRIAM DEL BARCOMAICA TRILLOANA ESPINOSA ANGL\u00c8S MARTA MOLINERALMENDRA SANTIAGOANDREA M\u00c0RQUEZ FRANC\u00c8S ESTHER SORONELLAS<\/p>\n","protected":false},"author":3,"featured_media":0,"parent":2738,"menu_order":0,"comment_status":"closed","ping_status":"close","template":"","meta":{"_bbp_topic_count":0,"_bbp_reply_count":0,"_bbp_total_topic_count":0,"_bbp_total_reply_count":0,"_bbp_voice_count":0,"_bbp_anonymous_reply_count":0,"_bbp_topic_count_hidden":0,"_bbp_reply_count_hidden":0,"_bbp_forum_subforum_count":0,"site-sidebar-layout":"default","site-content-layout":"","ast-site-content-layout":"default","site-content-style":"default","site-sidebar-style":"default","ast-global-header-display":"","ast-banner-title-visibility":"","ast-main-header-display":"","ast-hfb-above-header-display":"","ast-hfb-below-header-display":"","ast-hfb-mobile-header-display":"","site-post-title":"","ast-breadcrumbs-content":"","ast-featured-img":"","footer-sml-layout":"","theme-transparent-header-meta":"","adv-header-id-meta":"","stick-header-meta":"","header-above-stick-meta":"","header-main-stick-meta":"","header-below-stick-meta":"","astra-migrate-meta-layouts":"set","ast-page-background-enabled":"default","ast-page-background-meta":{"desktop":{"background-color":"var(--ast-global-color-4)","background-image":"","background-repeat":"repeat","background-position":"center center","background-size":"auto","background-attachment":"scroll","background-type":"","background-media":"","overlay-type":"","overlay-color":"","overlay-opacity":"","overlay-gradient":""},"tablet":{"background-color":"","background-image":"","background-repeat":"repeat","background-position":"center center","background-size":"auto","background-attachment":"scroll","background-type":"","background-media":"","overlay-type":"","overlay-color":"","overlay-opacity":"","overlay-gradient":""},"mobile":{"background-color":"","background-image":"","background-repeat":"repeat","background-position":"center center","background-size":"auto","background-attachment":"scroll","background-type":"","background-media":"","overlay-type":"","overlay-color":"","overlay-opacity":"","overlay-gradient":""}},"ast-content-background-meta":{"desktop":{"background-color":"var(--ast-global-color-5)","background-image":"","background-repeat":"repeat","background-position":"center center","background-size":"auto","background-attachment":"scroll","background-type":"","background-media":"","overlay-type":"","overlay-color":"","overlay-opacity":"","overlay-gradient":""},"tablet":{"background-color":"var(--ast-global-color-5)","background-image":"","background-repeat":"repeat","background-position":"center center","background-size":"auto","background-attachment":"scroll","background-type":"","background-media":"","overlay-type":"","overlay-color":"","overlay-opacity":"","overlay-gradient":""},"mobile":{"background-color":"var(--ast-global-color-5)","background-image":"","background-repeat":"repeat","background-position":"center center","background-size":"auto","background-attachment":"scroll","background-type":"","background-media":"","overlay-type":"","overlay-color":"","overlay-opacity":"","overlay-gradient":""}},"footnotes":""},"class_list":["post-2746","page","type-page","status-publish","hentry"],"post_mailing_queue_ids":[],"_links":{"self":[{"href":"https:\/\/agora.xtec.cat\/institutmiami\/wp-json\/wp\/v2\/pages\/2746","targetHints":{"allow":["GET"]}}],"collection":[{"href":"https:\/\/agora.xtec.cat\/institutmiami\/wp-json\/wp\/v2\/pages"}],"about":[{"href":"https:\/\/agora.xtec.cat\/institutmiami\/wp-json\/wp\/v2\/types\/page"}],"author":[{"embeddable":true,"href":"https:\/\/agora.xtec.cat\/institutmiami\/wp-json\/wp\/v2\/users\/3"}],"replies":[{"embeddable":true,"href":"https:\/\/agora.xtec.cat\/institutmiami\/wp-json\/wp\/v2\/comments?post=2746"}],"version-history":[{"count":1,"href":"https:\/\/agora.xtec.cat\/institutmiami\/wp-json\/wp\/v2\/pages\/2746\/revisions"}],"predecessor-version":[{"id":2747,"href":"https:\/\/agora.xtec.cat\/institutmiami\/wp-json\/wp\/v2\/pages\/2746\/revisions\/2747"}],"up":[{"embeddable":true,"href":"https:\/\/agora.xtec.cat\/institutmiami\/wp-json\/wp\/v2\/pages\/2738"}],"wp:attachment":[{"href":"https:\/\/agora.xtec.cat\/institutmiami\/wp-json\/wp\/v2\/media?parent=2746"}],"curies":[{"name":"wp","href":"https:\/\/api.w.org\/{rel}","templated":true}]}}